{"id":79355,"date":"2020-03-30T16:13:37","date_gmt":"2020-03-30T14:13:37","guid":{"rendered":"https:\/\/www.cukrowki.pl\/produkt\/reklamna-krovka-vas-projekt-5-kg\/"},"modified":"2023-09-07T10:40:46","modified_gmt":"2023-09-07T08:40:46","slug":"reklamne-krovky-vas-projekt-5-kg","status":"publish","type":"product","link":"https:\/\/cukrowka.dev10.pro\/sk\/produkt\/reklamne-krovky-vas-projekt-5-kg\/","title":{"rendered":"Reklamn\u00e9 krovky &#8211; V\u00e1\u0161 projekt! &#8211;  5 KG"},"content":[],"excerpt":{"rendered":"<p>Reklamn\u00e9 krovky od Cukr\u00f3wki &#8211; 5 kg<\/p>\n","protected":false},"featured_media":42486,"comment_status":"open","ping_status":"closed","template":"","meta":{"_acf_changed":false,"inline_featured_image":false},"prod_collection":[988],"number":[990],"minimal-order":[],"expiration-date":[],"storage":[995],"composition":[998],"taste":[1000],"note":[],"weight":[],"nutritional":[1001],"label-size":[],"product-size":[],"package-size":[],"product_cat":[701],"product_tag":[],"class_list":{"0":"post-79355","1":"product","2":"type-product","3":"status-publish","4":"has-post-thumbnail","6":"prod_collection-twoj-projekt-sk","7":"number-65-70-pyszne-cukrowki-sk","8":"storage-suche-a-zatienene-miesto","9":"composition-obycajny","10":"taste-mliecna","11":"nutritional-klasicke-sk","12":"product_cat-reklamne-krovky","14":"first","15":"instock","16":"taxable","17":"shipping-taxable","18":"purchasable","19":"product-type-variable"},"acf":[],"yoast_head":"<!-- This site is optimized with the Yoast SEO plugin v26.2 - https:\/\/yoast.com\/wordpress\/plugins\/seo\/ -->\n<title>Reklamn\u00e9 krovky ako sladk\u00e1 poch\u00fa\u0165ka s logom va\u0161ej firmy - 5 kg<\/title>\n<meta name=\"description\" content=\"Reklamn\u00e9 krovky (5 kg) s personaliz\u00e1ciou, sladkou formou reklamy, s ktorou bud\u00fa va\u0161i z\u00e1kazn\u00edci spokojn\u00ed. Zl\u00e1kajte ich chu\u0165ou kroviek s va\u0161\u00edm logom.\" \/>\n<meta name=\"robots\" content=\"index, follow, max-snippet:-1, max-image-preview:large, max-video-preview:-1\" \/>\n<link rel=\"canonical\" href=\"https:\/\/cukrowka.dev10.pro\/sk\/produkt\/reklamne-krovky-vas-projekt-5-kg\/\" \/>\n<meta property=\"og:locale\" content=\"sk_SK\" \/>\n<meta property=\"og:type\" content=\"article\" \/>\n<meta property=\"og:title\" content=\"Reklamn\u00e9 krovky ako sladk\u00e1 poch\u00fa\u0165ka s logom va\u0161ej firmy - 5 kg\" \/>\n<meta property=\"og:description\" content=\"Reklamn\u00e9 krovky (5 kg) s personaliz\u00e1ciou, sladkou formou reklamy, s ktorou bud\u00fa va\u0161i z\u00e1kazn\u00edci spokojn\u00ed. Zl\u00e1kajte ich chu\u0165ou kroviek s va\u0161\u00edm logom.\" \/>\n<meta property=\"og:url\" content=\"https:\/\/cukrowka.dev10.pro\/sk\/produkt\/reklamne-krovky-vas-projekt-5-kg\/\" \/>\n<meta property=\"og:site_name\" content=\"Wyj\u0105tkowe kr\u00f3wki z nadrukiem\" \/>\n<meta property=\"article:modified_time\" content=\"2023-09-07T08:40:46+00:00\" \/>\n<meta property=\"og:image\" content=\"https:\/\/cukrowka.dev10.pro\/wp-content\/uploads\/2020\/03\/krowka_firmowa_5kg_v3-1.jpg\" \/>\n\t<meta property=\"og:image:width\" content=\"1000\" \/>\n\t<meta property=\"og:image:height\" content=\"1000\" \/>\n\t<meta property=\"og:image:type\" content=\"image\/jpeg\" \/>\n<meta name=\"twitter:card\" content=\"summary_large_image\" \/>\n<meta name=\"twitter:label1\" content=\"Predpokladan\u00fd \u010das \u010d\u00edtania\" \/>\n\t<meta name=\"twitter:data1\" content=\"1 min\u00fata\" \/>\n<script type=\"application\/ld+json\" class=\"yoast-schema-graph\">{\"@context\":\"https:\/\/schema.org\",\"@graph\":[{\"@type\":\"WebPage\",\"@id\":\"https:\/\/cukrowka.dev10.pro\/sk\/produkt\/reklamne-krovky-vas-projekt-5-kg\/\",\"url\":\"https:\/\/cukrowka.dev10.pro\/sk\/produkt\/reklamne-krovky-vas-projekt-5-kg\/\",\"name\":\"Reklamn\u00e9 krovky ako sladk\u00e1 poch\u00fa\u0165ka s logom va\u0161ej firmy - 5 kg\",\"isPartOf\":{\"@id\":\"https:\/\/cukrowka.dev10.pro\/sk\/#website\"},\"primaryImageOfPage\":{\"@id\":\"https:\/\/cukrowka.dev10.pro\/sk\/produkt\/reklamne-krovky-vas-projekt-5-kg\/#primaryimage\"},\"image\":{\"@id\":\"https:\/\/cukrowka.dev10.pro\/sk\/produkt\/reklamne-krovky-vas-projekt-5-kg\/#primaryimage\"},\"thumbnailUrl\":\"https:\/\/cukrowka.dev10.pro\/wp-content\/uploads\/2020\/03\/krowka_firmowa_5kg_v3-1.jpg\",\"datePublished\":\"2020-03-30T14:13:37+00:00\",\"dateModified\":\"2023-09-07T08:40:46+00:00\",\"description\":\"Reklamn\u00e9 krovky (5 kg) s personaliz\u00e1ciou, sladkou formou reklamy, s ktorou bud\u00fa va\u0161i z\u00e1kazn\u00edci spokojn\u00ed. Zl\u00e1kajte ich chu\u0165ou kroviek s va\u0161\u00edm logom.\",\"breadcrumb\":{\"@id\":\"https:\/\/cukrowka.dev10.pro\/sk\/produkt\/reklamne-krovky-vas-projekt-5-kg\/#breadcrumb\"},\"inLanguage\":\"sk-SK\",\"potentialAction\":[{\"@type\":\"ReadAction\",\"target\":[\"https:\/\/cukrowka.dev10.pro\/sk\/produkt\/reklamne-krovky-vas-projekt-5-kg\/\"]}]},{\"@type\":\"ImageObject\",\"inLanguage\":\"sk-SK\",\"@id\":\"https:\/\/cukrowka.dev10.pro\/sk\/produkt\/reklamne-krovky-vas-projekt-5-kg\/#primaryimage\",\"url\":\"https:\/\/cukrowka.dev10.pro\/wp-content\/uploads\/2020\/03\/krowka_firmowa_5kg_v3-1.jpg\",\"contentUrl\":\"https:\/\/cukrowka.dev10.pro\/wp-content\/uploads\/2020\/03\/krowka_firmowa_5kg_v3-1.jpg\",\"width\":1000,\"height\":1000,\"caption\":\"reklamn\u00e9 krovky 5 kg\"},{\"@type\":\"BreadcrumbList\",\"@id\":\"https:\/\/cukrowka.dev10.pro\/sk\/produkt\/reklamne-krovky-vas-projekt-5-kg\/#breadcrumb\",\"itemListElement\":[{\"@type\":\"ListItem\",\"position\":1,\"name\":\"Strona g\u0142\u00f3wna\",\"item\":\"https:\/\/cukrowka.dev10.pro\/sk\/\"},{\"@type\":\"ListItem\",\"position\":2,\"name\":\"Shop\",\"item\":\"https:\/\/cukrowka.dev10.pro\/sk\/shop\/\"},{\"@type\":\"ListItem\",\"position\":3,\"name\":\"Reklamn\u00e9 krovky &#8211; V\u00e1\u0161 projekt! &#8211; 5 KG\"}]},{\"@type\":\"WebSite\",\"@id\":\"https:\/\/cukrowka.dev10.pro\/sk\/#website\",\"url\":\"https:\/\/cukrowka.dev10.pro\/sk\/\",\"name\":\"Wyj\u0105tkowe kr\u00f3wki z nadrukiem\",\"description\":\"reklamowe oraz \u015blubne\",\"publisher\":{\"@id\":\"https:\/\/cukrowka.dev10.pro\/sk\/#organization\"},\"potentialAction\":[{\"@type\":\"SearchAction\",\"target\":{\"@type\":\"EntryPoint\",\"urlTemplate\":\"https:\/\/cukrowka.dev10.pro\/sk\/?s={search_term_string}\"},\"query-input\":{\"@type\":\"PropertyValueSpecification\",\"valueRequired\":true,\"valueName\":\"search_term_string\"}}],\"inLanguage\":\"sk-SK\"},{\"@type\":\"Organization\",\"@id\":\"https:\/\/cukrowka.dev10.pro\/sk\/#organization\",\"name\":\"Wyj\u0105tkowe kr\u00f3wki z nadrukiem\",\"url\":\"https:\/\/cukrowka.dev10.pro\/sk\/\",\"logo\":{\"@type\":\"ImageObject\",\"inLanguage\":\"sk-SK\",\"@id\":\"https:\/\/cukrowka.dev10.pro\/sk\/#\/schema\/logo\/image\/\",\"url\":\"https:\/\/www.cukrowki.pl\/wp-content\/uploads\/2020\/02\/logo.png\",\"contentUrl\":\"https:\/\/www.cukrowki.pl\/wp-content\/uploads\/2020\/02\/logo.png\",\"width\":220,\"height\":169,\"caption\":\"Wyj\u0105tkowe kr\u00f3wki z nadrukiem\"},\"image\":{\"@id\":\"https:\/\/cukrowka.dev10.pro\/sk\/#\/schema\/logo\/image\/\"}}]}<\/script>\n<!-- \/ Yoast SEO plugin. -->","yoast_head_json":{"title":"Reklamn\u00e9 krovky ako sladk\u00e1 poch\u00fa\u0165ka s logom va\u0161ej firmy - 5 kg","description":"Reklamn\u00e9 krovky (5 kg) s personaliz\u00e1ciou, sladkou formou reklamy, s ktorou bud\u00fa va\u0161i z\u00e1kazn\u00edci spokojn\u00ed. Zl\u00e1kajte ich chu\u0165ou kroviek s va\u0161\u00edm logom.","robots":{"index":"index","follow":"follow","max-snippet":"max-snippet:-1","max-image-preview":"max-image-preview:large","max-video-preview":"max-video-preview:-1"},"canonical":"https:\/\/cukrowka.dev10.pro\/sk\/produkt\/reklamne-krovky-vas-projekt-5-kg\/","og_locale":"sk_SK","og_type":"article","og_title":"Reklamn\u00e9 krovky ako sladk\u00e1 poch\u00fa\u0165ka s logom va\u0161ej firmy - 5 kg","og_description":"Reklamn\u00e9 krovky (5 kg) s personaliz\u00e1ciou, sladkou formou reklamy, s ktorou bud\u00fa va\u0161i z\u00e1kazn\u00edci spokojn\u00ed. Zl\u00e1kajte ich chu\u0165ou kroviek s va\u0161\u00edm logom.","og_url":"https:\/\/cukrowka.dev10.pro\/sk\/produkt\/reklamne-krovky-vas-projekt-5-kg\/","og_site_name":"Wyj\u0105tkowe kr\u00f3wki z nadrukiem","article_modified_time":"2023-09-07T08:40:46+00:00","og_image":[{"width":1000,"height":1000,"url":"https:\/\/cukrowka.dev10.pro\/wp-content\/uploads\/2020\/03\/krowka_firmowa_5kg_v3-1.jpg","type":"image\/jpeg"}],"twitter_card":"summary_large_image","twitter_misc":{"Predpokladan\u00fd \u010das \u010d\u00edtania":"1 min\u00fata"},"schema":{"@context":"https:\/\/schema.org","@graph":[{"@type":"WebPage","@id":"https:\/\/cukrowka.dev10.pro\/sk\/produkt\/reklamne-krovky-vas-projekt-5-kg\/","url":"https:\/\/cukrowka.dev10.pro\/sk\/produkt\/reklamne-krovky-vas-projekt-5-kg\/","name":"Reklamn\u00e9 krovky ako sladk\u00e1 poch\u00fa\u0165ka s logom va\u0161ej firmy - 5 kg","isPartOf":{"@id":"https:\/\/cukrowka.dev10.pro\/sk\/#website"},"primaryImageOfPage":{"@id":"https:\/\/cukrowka.dev10.pro\/sk\/produkt\/reklamne-krovky-vas-projekt-5-kg\/#primaryimage"},"image":{"@id":"https:\/\/cukrowka.dev10.pro\/sk\/produkt\/reklamne-krovky-vas-projekt-5-kg\/#primaryimage"},"thumbnailUrl":"https:\/\/cukrowka.dev10.pro\/wp-content\/uploads\/2020\/03\/krowka_firmowa_5kg_v3-1.jpg","datePublished":"2020-03-30T14:13:37+00:00","dateModified":"2023-09-07T08:40:46+00:00","description":"Reklamn\u00e9 krovky (5 kg) s personaliz\u00e1ciou, sladkou formou reklamy, s ktorou bud\u00fa va\u0161i z\u00e1kazn\u00edci spokojn\u00ed. Zl\u00e1kajte ich chu\u0165ou kroviek s va\u0161\u00edm logom.","breadcrumb":{"@id":"https:\/\/cukrowka.dev10.pro\/sk\/produkt\/reklamne-krovky-vas-projekt-5-kg\/#breadcrumb"},"inLanguage":"sk-SK","potentialAction":[{"@type":"ReadAction","target":["https:\/\/cukrowka.dev10.pro\/sk\/produkt\/reklamne-krovky-vas-projekt-5-kg\/"]}]},{"@type":"ImageObject","inLanguage":"sk-SK","@id":"https:\/\/cukrowka.dev10.pro\/sk\/produkt\/reklamne-krovky-vas-projekt-5-kg\/#primaryimage","url":"https:\/\/cukrowka.dev10.pro\/wp-content\/uploads\/2020\/03\/krowka_firmowa_5kg_v3-1.jpg","contentUrl":"https:\/\/cukrowka.dev10.pro\/wp-content\/uploads\/2020\/03\/krowka_firmowa_5kg_v3-1.jpg","width":1000,"height":1000,"caption":"reklamn\u00e9 krovky 5 kg"},{"@type":"BreadcrumbList","@id":"https:\/\/cukrowka.dev10.pro\/sk\/produkt\/reklamne-krovky-vas-projekt-5-kg\/#breadcrumb","itemListElement":[{"@type":"ListItem","position":1,"name":"Strona g\u0142\u00f3wna","item":"https:\/\/cukrowka.dev10.pro\/sk\/"},{"@type":"ListItem","position":2,"name":"Shop","item":"https:\/\/cukrowka.dev10.pro\/sk\/shop\/"},{"@type":"ListItem","position":3,"name":"Reklamn\u00e9 krovky &#8211; V\u00e1\u0161 projekt! &#8211; 5 KG"}]},{"@type":"WebSite","@id":"https:\/\/cukrowka.dev10.pro\/sk\/#website","url":"https:\/\/cukrowka.dev10.pro\/sk\/","name":"Wyj\u0105tkowe kr\u00f3wki z nadrukiem","description":"reklamowe oraz \u015blubne","publisher":{"@id":"https:\/\/cukrowka.dev10.pro\/sk\/#organization"},"potentialAction":[{"@type":"SearchAction","target":{"@type":"EntryPoint","urlTemplate":"https:\/\/cukrowka.dev10.pro\/sk\/?s={search_term_string}"},"query-input":{"@type":"PropertyValueSpecification","valueRequired":true,"valueName":"search_term_string"}}],"inLanguage":"sk-SK"},{"@type":"Organization","@id":"https:\/\/cukrowka.dev10.pro\/sk\/#organization","name":"Wyj\u0105tkowe kr\u00f3wki z nadrukiem","url":"https:\/\/cukrowka.dev10.pro\/sk\/","logo":{"@type":"ImageObject","inLanguage":"sk-SK","@id":"https:\/\/cukrowka.dev10.pro\/sk\/#\/schema\/logo\/image\/","url":"https:\/\/www.cukrowki.pl\/wp-content\/uploads\/2020\/02\/logo.png","contentUrl":"https:\/\/www.cukrowki.pl\/wp-content\/uploads\/2020\/02\/logo.png","width":220,"height":169,"caption":"Wyj\u0105tkowe kr\u00f3wki z nadrukiem"},"image":{"@id":"https:\/\/cukrowka.dev10.pro\/sk\/#\/schema\/logo\/image\/"}}]}},"_links":{"self":[{"href":"https:\/\/cukrowka.dev10.pro\/sk\/wp-json\/wp\/v2\/product\/79355","targetHints":{"allow":["GET"]}}],"collection":[{"href":"https:\/\/cukrowka.dev10.pro\/sk\/wp-json\/wp\/v2\/product"}],"about":[{"href":"https:\/\/cukrowka.dev10.pro\/sk\/wp-json\/wp\/v2\/types\/product"}],"replies":[{"embeddable":true,"href":"https:\/\/cukrowka.dev10.pro\/sk\/wp-json\/wp\/v2\/comments?post=79355"}],"wp:featuredmedia":[{"embeddable":true,"href":"https:\/\/cukrowka.dev10.pro\/sk\/wp-json\/wp\/v2\/media\/42486"}],"wp:attachment":[{"href":"https:\/\/cukrowka.dev10.pro\/sk\/wp-json\/wp\/v2\/media?parent=79355"}],"wp:term":[{"taxonomy":"prod_collection","embeddable":true,"href":"https:\/\/cukrowka.dev10.pro\/sk\/wp-json\/wp\/v2\/prod_collection?post=79355"},{"taxonomy":"number","embeddable":true,"href":"https:\/\/cukrowka.dev10.pro\/sk\/wp-json\/wp\/v2\/number?post=79355"},{"taxonomy":"minimal-order","embeddable":true,"href":"https:\/\/cukrowka.dev10.pro\/sk\/wp-json\/wp\/v2\/minimal-order?post=79355"},{"taxonomy":"expiration-date","embeddable":true,"href":"https:\/\/cukrowka.dev10.pro\/sk\/wp-json\/wp\/v2\/expiration-date?post=79355"},{"taxonomy":"storage","embeddable":true,"href":"https:\/\/cukrowka.dev10.pro\/sk\/wp-json\/wp\/v2\/storage?post=79355"},{"taxonomy":"composition","embeddable":true,"href":"https:\/\/cukrowka.dev10.pro\/sk\/wp-json\/wp\/v2\/composition?post=79355"},{"taxonomy":"taste","embeddable":true,"href":"https:\/\/cukrowka.dev10.pro\/sk\/wp-json\/wp\/v2\/taste?post=79355"},{"taxonomy":"note","embeddable":true,"href":"https:\/\/cukrowka.dev10.pro\/sk\/wp-json\/wp\/v2\/note?post=79355"},{"taxonomy":"weight","embeddable":true,"href":"https:\/\/cukrowka.dev10.pro\/sk\/wp-json\/wp\/v2\/weight?post=79355"},{"taxonomy":"nutritional","embeddable":true,"href":"https:\/\/cukrowka.dev10.pro\/sk\/wp-json\/wp\/v2\/nutritional?post=79355"},{"taxonomy":"label-size","embeddable":true,"href":"https:\/\/cukrowka.dev10.pro\/sk\/wp-json\/wp\/v2\/label-size?post=79355"},{"taxonomy":"product-size","embeddable":true,"href":"https:\/\/cukrowka.dev10.pro\/sk\/wp-json\/wp\/v2\/product-size?post=79355"},{"taxonomy":"package-size","embeddable":true,"href":"https:\/\/cukrowka.dev10.pro\/sk\/wp-json\/wp\/v2\/package-size?post=79355"},{"taxonomy":"content","embeddable":true,"href":"https:\/\/cukrowka.dev10.pro\/sk\/wp-json\/wp\/v2\/content?post=79355"},{"taxonomy":"product_cat","embeddable":true,"href":"https:\/\/cukrowka.dev10.pro\/sk\/wp-json\/wp\/v2\/product_cat?post=79355"},{"taxonomy":"product_tag","embeddable":true,"href":"https:\/\/cukrowka.dev10.pro\/sk\/wp-json\/wp\/v2\/product_tag?post=79355"}],"curies":[{"name":"wp","href":"https:\/\/api.w.org\/{rel}","templated":true}]}}