{"id":153616,"date":"2023-07-04T11:21:50","date_gmt":"2023-07-04T09:21:50","guid":{"rendered":"https:\/\/www.cukrowki.pl\/produkt\/mala-sladka-pozornost-vyhotovena-expresne\/"},"modified":"2024-03-05T11:49:16","modified_gmt":"2024-03-05T10:49:16","slug":"mala-sladka-pozornost-vyhotovena-expresne-2","status":"publish","type":"product","link":"https:\/\/cukrowka.dev10.pro\/sk\/produkt\/mala-sladka-pozornost-vyhotovena-expresne-2\/","title":{"rendered":"Krovky na krst &#8211; vzor 31 Expres 48h"},"content":[],"excerpt":{"rendered":"<p>Krovky na Krst EXPRES 48h &#8211; mal\u00e1 sladk\u00e1 pozornos\u0165 pre Va\u0161ich host\u00ed<\/p>\n","protected":false},"featured_media":126515,"comment_status":"open","ping_status":"closed","template":"","meta":{"_acf_changed":false,"inline_featured_image":false},"prod_collection":[],"number":[990],"minimal-order":[],"expiration-date":[994],"storage":[995],"composition":[998],"taste":[1000],"note":[],"weight":[],"nutritional":[1001],"label-size":[],"product-size":[],"package-size":[],"product_cat":[1212],"product_tag":[],"class_list":{"0":"post-153616","1":"product","2":"type-product","3":"status-publish","4":"has-post-thumbnail","6":"number-65-70-pyszne-cukrowki-sk","7":"expiration-date-6-miesiecy-sk","8":"storage-suche-a-zatienene-miesto","9":"composition-obycajny","10":"taste-mliecna","11":"nutritional-klasicke-sk","12":"product_cat-karamelky-na-krst","14":"first","15":"instock","16":"taxable","17":"shipping-taxable","18":"purchasable","19":"product-type-simple"},"acf":[],"yoast_head":"<!-- This site is optimized with the Yoast SEO plugin v26.2 - https:\/\/yoast.com\/wordpress\/plugins\/seo\/ -->\n<title>Krovky na Krstiny EXPRES - doru\u010denie do 48 h!<\/title>\n<meta name=\"description\" content=\"Krovky na Krstiny EXPRES skvele posl\u00fa\u017eia ako mal\u00e1 pozornos\u0165 pre host\u00ed. M\u00f4\u017eete si ich objedna\u0165 v nieko\u013ek\u00fdch jednoduch\u00fdch krokoch. Dostan\u00fa sa k v\u00e1m do 48 hod\u00edn\" \/>\n<meta name=\"robots\" content=\"index, follow, max-snippet:-1, max-image-preview:large, max-video-preview:-1\" \/>\n<link rel=\"canonical\" href=\"https:\/\/cukrowka.dev10.pro\/sk\/produkt\/mala-sladka-pozornost-vyhotovena-expresne-2\/\" \/>\n<meta property=\"og:locale\" content=\"sk_SK\" \/>\n<meta property=\"og:type\" content=\"article\" \/>\n<meta property=\"og:title\" content=\"Krovky na Krstiny EXPRES - doru\u010denie do 48 h!\" \/>\n<meta property=\"og:description\" content=\"Krovky na Krstiny EXPRES skvele posl\u00fa\u017eia ako mal\u00e1 pozornos\u0165 pre host\u00ed. M\u00f4\u017eete si ich objedna\u0165 v nieko\u013ek\u00fdch jednoduch\u00fdch krokoch. Dostan\u00fa sa k v\u00e1m do 48 hod\u00edn\" \/>\n<meta property=\"og:url\" content=\"https:\/\/cukrowka.dev10.pro\/sk\/produkt\/mala-sladka-pozornost-vyhotovena-expresne-2\/\" \/>\n<meta property=\"og:site_name\" content=\"Wyj\u0105tkowe kr\u00f3wki z nadrukiem\" \/>\n<meta property=\"article:modified_time\" content=\"2024-03-05T10:49:16+00:00\" \/>\n<meta property=\"og:image\" content=\"https:\/\/cukrowka.dev10.pro\/wp-content\/uploads\/2023\/07\/chrzest_1_wiz_48.jpg\" \/>\n\t<meta property=\"og:image:width\" content=\"1000\" \/>\n\t<meta property=\"og:image:height\" content=\"1000\" \/>\n\t<meta property=\"og:image:type\" content=\"image\/jpeg\" \/>\n<meta name=\"twitter:card\" content=\"summary_large_image\" \/>\n<meta name=\"twitter:label1\" content=\"Predpokladan\u00fd \u010das \u010d\u00edtania\" \/>\n\t<meta name=\"twitter:data1\" content=\"1 min\u00fata\" \/>\n<script type=\"application\/ld+json\" class=\"yoast-schema-graph\">{\"@context\":\"https:\/\/schema.org\",\"@graph\":[{\"@type\":\"WebPage\",\"@id\":\"https:\/\/cukrowka.dev10.pro\/sk\/produkt\/mala-sladka-pozornost-vyhotovena-expresne-2\/\",\"url\":\"https:\/\/cukrowka.dev10.pro\/sk\/produkt\/mala-sladka-pozornost-vyhotovena-expresne-2\/\",\"name\":\"Krovky na Krstiny EXPRES - doru\u010denie do 48 h!\",\"isPartOf\":{\"@id\":\"https:\/\/cukrowka.dev10.pro\/sk\/#website\"},\"primaryImageOfPage\":{\"@id\":\"https:\/\/cukrowka.dev10.pro\/sk\/produkt\/mala-sladka-pozornost-vyhotovena-expresne-2\/#primaryimage\"},\"image\":{\"@id\":\"https:\/\/cukrowka.dev10.pro\/sk\/produkt\/mala-sladka-pozornost-vyhotovena-expresne-2\/#primaryimage\"},\"thumbnailUrl\":\"https:\/\/cukrowka.dev10.pro\/wp-content\/uploads\/2023\/07\/chrzest_1_wiz_48.jpg\",\"datePublished\":\"2023-07-04T09:21:50+00:00\",\"dateModified\":\"2024-03-05T10:49:16+00:00\",\"description\":\"Krovky na Krstiny EXPRES skvele posl\u00fa\u017eia ako mal\u00e1 pozornos\u0165 pre host\u00ed. M\u00f4\u017eete si ich objedna\u0165 v nieko\u013ek\u00fdch jednoduch\u00fdch krokoch. Dostan\u00fa sa k v\u00e1m do 48 hod\u00edn\",\"breadcrumb\":{\"@id\":\"https:\/\/cukrowka.dev10.pro\/sk\/produkt\/mala-sladka-pozornost-vyhotovena-expresne-2\/#breadcrumb\"},\"inLanguage\":\"sk-SK\",\"potentialAction\":[{\"@type\":\"ReadAction\",\"target\":[\"https:\/\/cukrowka.dev10.pro\/sk\/produkt\/mala-sladka-pozornost-vyhotovena-expresne-2\/\"]}]},{\"@type\":\"ImageObject\",\"inLanguage\":\"sk-SK\",\"@id\":\"https:\/\/cukrowka.dev10.pro\/sk\/produkt\/mala-sladka-pozornost-vyhotovena-expresne-2\/#primaryimage\",\"url\":\"https:\/\/cukrowka.dev10.pro\/wp-content\/uploads\/2023\/07\/chrzest_1_wiz_48.jpg\",\"contentUrl\":\"https:\/\/cukrowka.dev10.pro\/wp-content\/uploads\/2023\/07\/chrzest_1_wiz_48.jpg\",\"width\":1000,\"height\":1000,\"caption\":\"Krovky na Krst expres\"},{\"@type\":\"BreadcrumbList\",\"@id\":\"https:\/\/cukrowka.dev10.pro\/sk\/produkt\/mala-sladka-pozornost-vyhotovena-expresne-2\/#breadcrumb\",\"itemListElement\":[{\"@type\":\"ListItem\",\"position\":1,\"name\":\"Strona g\u0142\u00f3wna\",\"item\":\"https:\/\/cukrowka.dev10.pro\/sk\/\"},{\"@type\":\"ListItem\",\"position\":2,\"name\":\"Shop\",\"item\":\"https:\/\/cukrowka.dev10.pro\/sk\/shop\/\"},{\"@type\":\"ListItem\",\"position\":3,\"name\":\"Krovky na krst &#8211; vzor 31 Expres 48h\"}]},{\"@type\":\"WebSite\",\"@id\":\"https:\/\/cukrowka.dev10.pro\/sk\/#website\",\"url\":\"https:\/\/cukrowka.dev10.pro\/sk\/\",\"name\":\"Wyj\u0105tkowe kr\u00f3wki z nadrukiem\",\"description\":\"reklamowe oraz \u015blubne\",\"publisher\":{\"@id\":\"https:\/\/cukrowka.dev10.pro\/sk\/#organization\"},\"potentialAction\":[{\"@type\":\"SearchAction\",\"target\":{\"@type\":\"EntryPoint\",\"urlTemplate\":\"https:\/\/cukrowka.dev10.pro\/sk\/?s={search_term_string}\"},\"query-input\":{\"@type\":\"PropertyValueSpecification\",\"valueRequired\":true,\"valueName\":\"search_term_string\"}}],\"inLanguage\":\"sk-SK\"},{\"@type\":\"Organization\",\"@id\":\"https:\/\/cukrowka.dev10.pro\/sk\/#organization\",\"name\":\"Wyj\u0105tkowe kr\u00f3wki z nadrukiem\",\"url\":\"https:\/\/cukrowka.dev10.pro\/sk\/\",\"logo\":{\"@type\":\"ImageObject\",\"inLanguage\":\"sk-SK\",\"@id\":\"https:\/\/cukrowka.dev10.pro\/sk\/#\/schema\/logo\/image\/\",\"url\":\"https:\/\/www.cukrowki.pl\/wp-content\/uploads\/2020\/02\/logo.png\",\"contentUrl\":\"https:\/\/www.cukrowki.pl\/wp-content\/uploads\/2020\/02\/logo.png\",\"width\":220,\"height\":169,\"caption\":\"Wyj\u0105tkowe kr\u00f3wki z nadrukiem\"},\"image\":{\"@id\":\"https:\/\/cukrowka.dev10.pro\/sk\/#\/schema\/logo\/image\/\"}}]}<\/script>\n<!-- \/ Yoast SEO plugin. -->","yoast_head_json":{"title":"Krovky na Krstiny EXPRES - doru\u010denie do 48 h!","description":"Krovky na Krstiny EXPRES skvele posl\u00fa\u017eia ako mal\u00e1 pozornos\u0165 pre host\u00ed. M\u00f4\u017eete si ich objedna\u0165 v nieko\u013ek\u00fdch jednoduch\u00fdch krokoch. Dostan\u00fa sa k v\u00e1m do 48 hod\u00edn","robots":{"index":"index","follow":"follow","max-snippet":"max-snippet:-1","max-image-preview":"max-image-preview:large","max-video-preview":"max-video-preview:-1"},"canonical":"https:\/\/cukrowka.dev10.pro\/sk\/produkt\/mala-sladka-pozornost-vyhotovena-expresne-2\/","og_locale":"sk_SK","og_type":"article","og_title":"Krovky na Krstiny EXPRES - doru\u010denie do 48 h!","og_description":"Krovky na Krstiny EXPRES skvele posl\u00fa\u017eia ako mal\u00e1 pozornos\u0165 pre host\u00ed. M\u00f4\u017eete si ich objedna\u0165 v nieko\u013ek\u00fdch jednoduch\u00fdch krokoch. Dostan\u00fa sa k v\u00e1m do 48 hod\u00edn","og_url":"https:\/\/cukrowka.dev10.pro\/sk\/produkt\/mala-sladka-pozornost-vyhotovena-expresne-2\/","og_site_name":"Wyj\u0105tkowe kr\u00f3wki z nadrukiem","article_modified_time":"2024-03-05T10:49:16+00:00","og_image":[{"width":1000,"height":1000,"url":"https:\/\/cukrowka.dev10.pro\/wp-content\/uploads\/2023\/07\/chrzest_1_wiz_48.jpg","type":"image\/jpeg"}],"twitter_card":"summary_large_image","twitter_misc":{"Predpokladan\u00fd \u010das \u010d\u00edtania":"1 min\u00fata"},"schema":{"@context":"https:\/\/schema.org","@graph":[{"@type":"WebPage","@id":"https:\/\/cukrowka.dev10.pro\/sk\/produkt\/mala-sladka-pozornost-vyhotovena-expresne-2\/","url":"https:\/\/cukrowka.dev10.pro\/sk\/produkt\/mala-sladka-pozornost-vyhotovena-expresne-2\/","name":"Krovky na Krstiny EXPRES - doru\u010denie do 48 h!","isPartOf":{"@id":"https:\/\/cukrowka.dev10.pro\/sk\/#website"},"primaryImageOfPage":{"@id":"https:\/\/cukrowka.dev10.pro\/sk\/produkt\/mala-sladka-pozornost-vyhotovena-expresne-2\/#primaryimage"},"image":{"@id":"https:\/\/cukrowka.dev10.pro\/sk\/produkt\/mala-sladka-pozornost-vyhotovena-expresne-2\/#primaryimage"},"thumbnailUrl":"https:\/\/cukrowka.dev10.pro\/wp-content\/uploads\/2023\/07\/chrzest_1_wiz_48.jpg","datePublished":"2023-07-04T09:21:50+00:00","dateModified":"2024-03-05T10:49:16+00:00","description":"Krovky na Krstiny EXPRES skvele posl\u00fa\u017eia ako mal\u00e1 pozornos\u0165 pre host\u00ed. M\u00f4\u017eete si ich objedna\u0165 v nieko\u013ek\u00fdch jednoduch\u00fdch krokoch. Dostan\u00fa sa k v\u00e1m do 48 hod\u00edn","breadcrumb":{"@id":"https:\/\/cukrowka.dev10.pro\/sk\/produkt\/mala-sladka-pozornost-vyhotovena-expresne-2\/#breadcrumb"},"inLanguage":"sk-SK","potentialAction":[{"@type":"ReadAction","target":["https:\/\/cukrowka.dev10.pro\/sk\/produkt\/mala-sladka-pozornost-vyhotovena-expresne-2\/"]}]},{"@type":"ImageObject","inLanguage":"sk-SK","@id":"https:\/\/cukrowka.dev10.pro\/sk\/produkt\/mala-sladka-pozornost-vyhotovena-expresne-2\/#primaryimage","url":"https:\/\/cukrowka.dev10.pro\/wp-content\/uploads\/2023\/07\/chrzest_1_wiz_48.jpg","contentUrl":"https:\/\/cukrowka.dev10.pro\/wp-content\/uploads\/2023\/07\/chrzest_1_wiz_48.jpg","width":1000,"height":1000,"caption":"Krovky na Krst expres"},{"@type":"BreadcrumbList","@id":"https:\/\/cukrowka.dev10.pro\/sk\/produkt\/mala-sladka-pozornost-vyhotovena-expresne-2\/#breadcrumb","itemListElement":[{"@type":"ListItem","position":1,"name":"Strona g\u0142\u00f3wna","item":"https:\/\/cukrowka.dev10.pro\/sk\/"},{"@type":"ListItem","position":2,"name":"Shop","item":"https:\/\/cukrowka.dev10.pro\/sk\/shop\/"},{"@type":"ListItem","position":3,"name":"Krovky na krst &#8211; vzor 31 Expres 48h"}]},{"@type":"WebSite","@id":"https:\/\/cukrowka.dev10.pro\/sk\/#website","url":"https:\/\/cukrowka.dev10.pro\/sk\/","name":"Wyj\u0105tkowe kr\u00f3wki z nadrukiem","description":"reklamowe oraz \u015blubne","publisher":{"@id":"https:\/\/cukrowka.dev10.pro\/sk\/#organization"},"potentialAction":[{"@type":"SearchAction","target":{"@type":"EntryPoint","urlTemplate":"https:\/\/cukrowka.dev10.pro\/sk\/?s={search_term_string}"},"query-input":{"@type":"PropertyValueSpecification","valueRequired":true,"valueName":"search_term_string"}}],"inLanguage":"sk-SK"},{"@type":"Organization","@id":"https:\/\/cukrowka.dev10.pro\/sk\/#organization","name":"Wyj\u0105tkowe kr\u00f3wki z nadrukiem","url":"https:\/\/cukrowka.dev10.pro\/sk\/","logo":{"@type":"ImageObject","inLanguage":"sk-SK","@id":"https:\/\/cukrowka.dev10.pro\/sk\/#\/schema\/logo\/image\/","url":"https:\/\/www.cukrowki.pl\/wp-content\/uploads\/2020\/02\/logo.png","contentUrl":"https:\/\/www.cukrowki.pl\/wp-content\/uploads\/2020\/02\/logo.png","width":220,"height":169,"caption":"Wyj\u0105tkowe kr\u00f3wki z nadrukiem"},"image":{"@id":"https:\/\/cukrowka.dev10.pro\/sk\/#\/schema\/logo\/image\/"}}]}},"_links":{"self":[{"href":"https:\/\/cukrowka.dev10.pro\/sk\/wp-json\/wp\/v2\/product\/153616","targetHints":{"allow":["GET"]}}],"collection":[{"href":"https:\/\/cukrowka.dev10.pro\/sk\/wp-json\/wp\/v2\/product"}],"about":[{"href":"https:\/\/cukrowka.dev10.pro\/sk\/wp-json\/wp\/v2\/types\/product"}],"replies":[{"embeddable":true,"href":"https:\/\/cukrowka.dev10.pro\/sk\/wp-json\/wp\/v2\/comments?post=153616"}],"wp:featuredmedia":[{"embeddable":true,"href":"https:\/\/cukrowka.dev10.pro\/sk\/wp-json\/wp\/v2\/media\/126515"}],"wp:attachment":[{"href":"https:\/\/cukrowka.dev10.pro\/sk\/wp-json\/wp\/v2\/media?parent=153616"}],"wp:term":[{"taxonomy":"prod_collection","embeddable":true,"href":"https:\/\/cukrowka.dev10.pro\/sk\/wp-json\/wp\/v2\/prod_collection?post=153616"},{"taxonomy":"number","embeddable":true,"href":"https:\/\/cukrowka.dev10.pro\/sk\/wp-json\/wp\/v2\/number?post=153616"},{"taxonomy":"minimal-order","embeddable":true,"href":"https:\/\/cukrowka.dev10.pro\/sk\/wp-json\/wp\/v2\/minimal-order?post=153616"},{"taxonomy":"expiration-date","embeddable":true,"href":"https:\/\/cukrowka.dev10.pro\/sk\/wp-json\/wp\/v2\/expiration-date?post=153616"},{"taxonomy":"storage","embeddable":true,"href":"https:\/\/cukrowka.dev10.pro\/sk\/wp-json\/wp\/v2\/storage?post=153616"},{"taxonomy":"composition","embeddable":true,"href":"https:\/\/cukrowka.dev10.pro\/sk\/wp-json\/wp\/v2\/composition?post=153616"},{"taxonomy":"taste","embeddable":true,"href":"https:\/\/cukrowka.dev10.pro\/sk\/wp-json\/wp\/v2\/taste?post=153616"},{"taxonomy":"note","embeddable":true,"href":"https:\/\/cukrowka.dev10.pro\/sk\/wp-json\/wp\/v2\/note?post=153616"},{"taxonomy":"weight","embeddable":true,"href":"https:\/\/cukrowka.dev10.pro\/sk\/wp-json\/wp\/v2\/weight?post=153616"},{"taxonomy":"nutritional","embeddable":true,"href":"https:\/\/cukrowka.dev10.pro\/sk\/wp-json\/wp\/v2\/nutritional?post=153616"},{"taxonomy":"label-size","embeddable":true,"href":"https:\/\/cukrowka.dev10.pro\/sk\/wp-json\/wp\/v2\/label-size?post=153616"},{"taxonomy":"product-size","embeddable":true,"href":"https:\/\/cukrowka.dev10.pro\/sk\/wp-json\/wp\/v2\/product-size?post=153616"},{"taxonomy":"package-size","embeddable":true,"href":"https:\/\/cukrowka.dev10.pro\/sk\/wp-json\/wp\/v2\/package-size?post=153616"},{"taxonomy":"content","embeddable":true,"href":"https:\/\/cukrowka.dev10.pro\/sk\/wp-json\/wp\/v2\/content?post=153616"},{"taxonomy":"product_cat","embeddable":true,"href":"https:\/\/cukrowka.dev10.pro\/sk\/wp-json\/wp\/v2\/product_cat?post=153616"},{"taxonomy":"product_tag","embeddable":true,"href":"https:\/\/cukrowka.dev10.pro\/sk\/wp-json\/wp\/v2\/product_tag?post=153616"}],"curies":[{"name":"wp","href":"https:\/\/api.w.org\/{rel}","templated":true}]}}