{"id":153543,"date":"2023-04-30T19:11:17","date_gmt":"2023-04-30T17:11:17","guid":{"rendered":"https:\/\/www.cukrowki.pl\/produkt\/personalizovana-bonboniera-na-krstiny-vzor-27\/"},"modified":"2024-03-05T11:45:10","modified_gmt":"2024-03-05T10:45:10","slug":"elegantna-pozornost-pre-vasich-hosti-3","status":"publish","type":"product","link":"https:\/\/cukrowka.dev10.pro\/sk\/produkt\/elegantna-pozornost-pre-vasich-hosti-3\/","title":{"rendered":"Personalizovan\u00e1 bonboni\u00e9ra na Krst &#8211; vzor 27"},"content":[],"excerpt":{"rendered":"<p>Podarujte sladk\u00fa pozornos\u0165 vo forme personalizovanej bonboni\u00e9ry s lahodn\u00fdmi karamelkami.<\/p>\n","protected":false},"featured_media":153544,"comment_status":"open","ping_status":"closed","template":"","meta":{"_acf_changed":false,"inline_featured_image":false},"prod_collection":[],"number":[],"minimal-order":[],"expiration-date":[994],"storage":[995],"composition":[998],"taste":[1000],"note":[],"weight":[],"nutritional":[1001],"label-size":[],"product-size":[],"package-size":[],"product_cat":[1212],"product_tag":[],"class_list":{"0":"post-153543","1":"product","2":"type-product","3":"status-publish","4":"has-post-thumbnail","6":"expiration-date-6-miesiecy-sk","7":"storage-suche-a-zatienene-miesto","8":"composition-obycajny","9":"taste-mliecna","10":"nutritional-klasicke-sk","11":"product_cat-karamelky-na-krst","13":"first","14":"instock","15":"taxable","16":"shipping-taxable","17":"purchasable","18":"product-type-variable","19":"has-default-attributes"},"acf":[],"yoast_head":"<!-- This site is optimized with the Yoast SEO plugin v26.2 - https:\/\/yoast.com\/wordpress\/plugins\/seo\/ -->\n<title>Bonboni\u00e9ra s lahodn\u00fdmi karamelkami na Krstiny s personaliz\u00e1ciou!<\/title>\n<meta name=\"description\" content=\"Bonboni\u00e9ra s lahodn\u00fdmi karamelkami na Krstiny s personaliz\u00e1ciou! Objednajte si tento jedine\u010dn\u00fd dar\u010dek pre tak v\u00fdnimo\u010dn\u00fd de\u0148 ka\u017ed\u00e9ho die\u0165a\u0165a!\" \/>\n<meta name=\"robots\" content=\"index, follow, max-snippet:-1, max-image-preview:large, max-video-preview:-1\" \/>\n<link rel=\"canonical\" href=\"https:\/\/cukrowka.dev10.pro\/sk\/produkt\/elegantna-pozornost-pre-vasich-hosti-3\/\" \/>\n<meta property=\"og:locale\" content=\"sk_SK\" \/>\n<meta property=\"og:type\" content=\"article\" \/>\n<meta property=\"og:title\" content=\"Bonboni\u00e9ra s lahodn\u00fdmi karamelkami na Krstiny s personaliz\u00e1ciou!\" \/>\n<meta property=\"og:description\" content=\"Bonboni\u00e9ra s lahodn\u00fdmi karamelkami na Krstiny s personaliz\u00e1ciou! Objednajte si tento jedine\u010dn\u00fd dar\u010dek pre tak v\u00fdnimo\u010dn\u00fd de\u0148 ka\u017ed\u00e9ho die\u0165a\u0165a!\" \/>\n<meta property=\"og:url\" content=\"https:\/\/cukrowka.dev10.pro\/sk\/produkt\/elegantna-pozornost-pre-vasich-hosti-3\/\" \/>\n<meta property=\"og:site_name\" content=\"Wyj\u0105tkowe kr\u00f3wki z nadrukiem\" \/>\n<meta property=\"article:modified_time\" content=\"2024-03-05T10:45:10+00:00\" \/>\n<meta property=\"og:image\" content=\"https:\/\/cukrowka.dev10.pro\/wp-content\/uploads\/2023\/04\/chrzest01blue-bombonierka-wiz-scaled.jpg\" \/>\n\t<meta property=\"og:image:width\" content=\"2560\" \/>\n\t<meta property=\"og:image:height\" content=\"2560\" \/>\n\t<meta property=\"og:image:type\" content=\"image\/jpeg\" \/>\n<meta name=\"twitter:card\" content=\"summary_large_image\" \/>\n<script type=\"application\/ld+json\" class=\"yoast-schema-graph\">{\"@context\":\"https:\/\/schema.org\",\"@graph\":[{\"@type\":\"WebPage\",\"@id\":\"https:\/\/cukrowka.dev10.pro\/sk\/produkt\/elegantna-pozornost-pre-vasich-hosti-3\/\",\"url\":\"https:\/\/cukrowka.dev10.pro\/sk\/produkt\/elegantna-pozornost-pre-vasich-hosti-3\/\",\"name\":\"Bonboni\u00e9ra s lahodn\u00fdmi karamelkami na Krstiny s personaliz\u00e1ciou!\",\"isPartOf\":{\"@id\":\"https:\/\/cukrowka.dev10.pro\/sk\/#website\"},\"primaryImageOfPage\":{\"@id\":\"https:\/\/cukrowka.dev10.pro\/sk\/produkt\/elegantna-pozornost-pre-vasich-hosti-3\/#primaryimage\"},\"image\":{\"@id\":\"https:\/\/cukrowka.dev10.pro\/sk\/produkt\/elegantna-pozornost-pre-vasich-hosti-3\/#primaryimage\"},\"thumbnailUrl\":\"https:\/\/cukrowka.dev10.pro\/wp-content\/uploads\/2023\/04\/chrzest01blue-bombonierka-wiz-scaled.jpg\",\"datePublished\":\"2023-04-30T17:11:17+00:00\",\"dateModified\":\"2024-03-05T10:45:10+00:00\",\"description\":\"Bonboni\u00e9ra s lahodn\u00fdmi karamelkami na Krstiny s personaliz\u00e1ciou! Objednajte si tento jedine\u010dn\u00fd dar\u010dek pre tak v\u00fdnimo\u010dn\u00fd de\u0148 ka\u017ed\u00e9ho die\u0165a\u0165a!\",\"breadcrumb\":{\"@id\":\"https:\/\/cukrowka.dev10.pro\/sk\/produkt\/elegantna-pozornost-pre-vasich-hosti-3\/#breadcrumb\"},\"inLanguage\":\"sk-SK\",\"potentialAction\":[{\"@type\":\"ReadAction\",\"target\":[\"https:\/\/cukrowka.dev10.pro\/sk\/produkt\/elegantna-pozornost-pre-vasich-hosti-3\/\"]}]},{\"@type\":\"ImageObject\",\"inLanguage\":\"sk-SK\",\"@id\":\"https:\/\/cukrowka.dev10.pro\/sk\/produkt\/elegantna-pozornost-pre-vasich-hosti-3\/#primaryimage\",\"url\":\"https:\/\/cukrowka.dev10.pro\/wp-content\/uploads\/2023\/04\/chrzest01blue-bombonierka-wiz-scaled.jpg\",\"contentUrl\":\"https:\/\/cukrowka.dev10.pro\/wp-content\/uploads\/2023\/04\/chrzest01blue-bombonierka-wiz-scaled.jpg\",\"width\":2560,\"height\":2560,\"caption\":\"krovky na krstiny\"},{\"@type\":\"BreadcrumbList\",\"@id\":\"https:\/\/cukrowka.dev10.pro\/sk\/produkt\/elegantna-pozornost-pre-vasich-hosti-3\/#breadcrumb\",\"itemListElement\":[{\"@type\":\"ListItem\",\"position\":1,\"name\":\"Strona g\u0142\u00f3wna\",\"item\":\"https:\/\/cukrowka.dev10.pro\/sk\/\"},{\"@type\":\"ListItem\",\"position\":2,\"name\":\"Shop\",\"item\":\"https:\/\/cukrowka.dev10.pro\/sk\/shop\/\"},{\"@type\":\"ListItem\",\"position\":3,\"name\":\"Personalizovan\u00e1 bonboni\u00e9ra na Krst &#8211; vzor 27\"}]},{\"@type\":\"WebSite\",\"@id\":\"https:\/\/cukrowka.dev10.pro\/sk\/#website\",\"url\":\"https:\/\/cukrowka.dev10.pro\/sk\/\",\"name\":\"Wyj\u0105tkowe kr\u00f3wki z nadrukiem\",\"description\":\"reklamowe oraz \u015blubne\",\"publisher\":{\"@id\":\"https:\/\/cukrowka.dev10.pro\/sk\/#organization\"},\"potentialAction\":[{\"@type\":\"SearchAction\",\"target\":{\"@type\":\"EntryPoint\",\"urlTemplate\":\"https:\/\/cukrowka.dev10.pro\/sk\/?s={search_term_string}\"},\"query-input\":{\"@type\":\"PropertyValueSpecification\",\"valueRequired\":true,\"valueName\":\"search_term_string\"}}],\"inLanguage\":\"sk-SK\"},{\"@type\":\"Organization\",\"@id\":\"https:\/\/cukrowka.dev10.pro\/sk\/#organization\",\"name\":\"Wyj\u0105tkowe kr\u00f3wki z nadrukiem\",\"url\":\"https:\/\/cukrowka.dev10.pro\/sk\/\",\"logo\":{\"@type\":\"ImageObject\",\"inLanguage\":\"sk-SK\",\"@id\":\"https:\/\/cukrowka.dev10.pro\/sk\/#\/schema\/logo\/image\/\",\"url\":\"https:\/\/www.cukrowki.pl\/wp-content\/uploads\/2020\/02\/logo.png\",\"contentUrl\":\"https:\/\/www.cukrowki.pl\/wp-content\/uploads\/2020\/02\/logo.png\",\"width\":220,\"height\":169,\"caption\":\"Wyj\u0105tkowe kr\u00f3wki z nadrukiem\"},\"image\":{\"@id\":\"https:\/\/cukrowka.dev10.pro\/sk\/#\/schema\/logo\/image\/\"}}]}<\/script>\n<!-- \/ Yoast SEO plugin. -->","yoast_head_json":{"title":"Bonboni\u00e9ra s lahodn\u00fdmi karamelkami na Krstiny s personaliz\u00e1ciou!","description":"Bonboni\u00e9ra s lahodn\u00fdmi karamelkami na Krstiny s personaliz\u00e1ciou! Objednajte si tento jedine\u010dn\u00fd dar\u010dek pre tak v\u00fdnimo\u010dn\u00fd de\u0148 ka\u017ed\u00e9ho die\u0165a\u0165a!","robots":{"index":"index","follow":"follow","max-snippet":"max-snippet:-1","max-image-preview":"max-image-preview:large","max-video-preview":"max-video-preview:-1"},"canonical":"https:\/\/cukrowka.dev10.pro\/sk\/produkt\/elegantna-pozornost-pre-vasich-hosti-3\/","og_locale":"sk_SK","og_type":"article","og_title":"Bonboni\u00e9ra s lahodn\u00fdmi karamelkami na Krstiny s personaliz\u00e1ciou!","og_description":"Bonboni\u00e9ra s lahodn\u00fdmi karamelkami na Krstiny s personaliz\u00e1ciou! Objednajte si tento jedine\u010dn\u00fd dar\u010dek pre tak v\u00fdnimo\u010dn\u00fd de\u0148 ka\u017ed\u00e9ho die\u0165a\u0165a!","og_url":"https:\/\/cukrowka.dev10.pro\/sk\/produkt\/elegantna-pozornost-pre-vasich-hosti-3\/","og_site_name":"Wyj\u0105tkowe kr\u00f3wki z nadrukiem","article_modified_time":"2024-03-05T10:45:10+00:00","og_image":[{"width":2560,"height":2560,"url":"https:\/\/cukrowka.dev10.pro\/wp-content\/uploads\/2023\/04\/chrzest01blue-bombonierka-wiz-scaled.jpg","type":"image\/jpeg"}],"twitter_card":"summary_large_image","schema":{"@context":"https:\/\/schema.org","@graph":[{"@type":"WebPage","@id":"https:\/\/cukrowka.dev10.pro\/sk\/produkt\/elegantna-pozornost-pre-vasich-hosti-3\/","url":"https:\/\/cukrowka.dev10.pro\/sk\/produkt\/elegantna-pozornost-pre-vasich-hosti-3\/","name":"Bonboni\u00e9ra s lahodn\u00fdmi karamelkami na Krstiny s personaliz\u00e1ciou!","isPartOf":{"@id":"https:\/\/cukrowka.dev10.pro\/sk\/#website"},"primaryImageOfPage":{"@id":"https:\/\/cukrowka.dev10.pro\/sk\/produkt\/elegantna-pozornost-pre-vasich-hosti-3\/#primaryimage"},"image":{"@id":"https:\/\/cukrowka.dev10.pro\/sk\/produkt\/elegantna-pozornost-pre-vasich-hosti-3\/#primaryimage"},"thumbnailUrl":"https:\/\/cukrowka.dev10.pro\/wp-content\/uploads\/2023\/04\/chrzest01blue-bombonierka-wiz-scaled.jpg","datePublished":"2023-04-30T17:11:17+00:00","dateModified":"2024-03-05T10:45:10+00:00","description":"Bonboni\u00e9ra s lahodn\u00fdmi karamelkami na Krstiny s personaliz\u00e1ciou! Objednajte si tento jedine\u010dn\u00fd dar\u010dek pre tak v\u00fdnimo\u010dn\u00fd de\u0148 ka\u017ed\u00e9ho die\u0165a\u0165a!","breadcrumb":{"@id":"https:\/\/cukrowka.dev10.pro\/sk\/produkt\/elegantna-pozornost-pre-vasich-hosti-3\/#breadcrumb"},"inLanguage":"sk-SK","potentialAction":[{"@type":"ReadAction","target":["https:\/\/cukrowka.dev10.pro\/sk\/produkt\/elegantna-pozornost-pre-vasich-hosti-3\/"]}]},{"@type":"ImageObject","inLanguage":"sk-SK","@id":"https:\/\/cukrowka.dev10.pro\/sk\/produkt\/elegantna-pozornost-pre-vasich-hosti-3\/#primaryimage","url":"https:\/\/cukrowka.dev10.pro\/wp-content\/uploads\/2023\/04\/chrzest01blue-bombonierka-wiz-scaled.jpg","contentUrl":"https:\/\/cukrowka.dev10.pro\/wp-content\/uploads\/2023\/04\/chrzest01blue-bombonierka-wiz-scaled.jpg","width":2560,"height":2560,"caption":"krovky na krstiny"},{"@type":"BreadcrumbList","@id":"https:\/\/cukrowka.dev10.pro\/sk\/produkt\/elegantna-pozornost-pre-vasich-hosti-3\/#breadcrumb","itemListElement":[{"@type":"ListItem","position":1,"name":"Strona g\u0142\u00f3wna","item":"https:\/\/cukrowka.dev10.pro\/sk\/"},{"@type":"ListItem","position":2,"name":"Shop","item":"https:\/\/cukrowka.dev10.pro\/sk\/shop\/"},{"@type":"ListItem","position":3,"name":"Personalizovan\u00e1 bonboni\u00e9ra na Krst &#8211; vzor 27"}]},{"@type":"WebSite","@id":"https:\/\/cukrowka.dev10.pro\/sk\/#website","url":"https:\/\/cukrowka.dev10.pro\/sk\/","name":"Wyj\u0105tkowe kr\u00f3wki z nadrukiem","description":"reklamowe oraz \u015blubne","publisher":{"@id":"https:\/\/cukrowka.dev10.pro\/sk\/#organization"},"potentialAction":[{"@type":"SearchAction","target":{"@type":"EntryPoint","urlTemplate":"https:\/\/cukrowka.dev10.pro\/sk\/?s={search_term_string}"},"query-input":{"@type":"PropertyValueSpecification","valueRequired":true,"valueName":"search_term_string"}}],"inLanguage":"sk-SK"},{"@type":"Organization","@id":"https:\/\/cukrowka.dev10.pro\/sk\/#organization","name":"Wyj\u0105tkowe kr\u00f3wki z nadrukiem","url":"https:\/\/cukrowka.dev10.pro\/sk\/","logo":{"@type":"ImageObject","inLanguage":"sk-SK","@id":"https:\/\/cukrowka.dev10.pro\/sk\/#\/schema\/logo\/image\/","url":"https:\/\/www.cukrowki.pl\/wp-content\/uploads\/2020\/02\/logo.png","contentUrl":"https:\/\/www.cukrowki.pl\/wp-content\/uploads\/2020\/02\/logo.png","width":220,"height":169,"caption":"Wyj\u0105tkowe kr\u00f3wki z nadrukiem"},"image":{"@id":"https:\/\/cukrowka.dev10.pro\/sk\/#\/schema\/logo\/image\/"}}]}},"_links":{"self":[{"href":"https:\/\/cukrowka.dev10.pro\/sk\/wp-json\/wp\/v2\/product\/153543","targetHints":{"allow":["GET"]}}],"collection":[{"href":"https:\/\/cukrowka.dev10.pro\/sk\/wp-json\/wp\/v2\/product"}],"about":[{"href":"https:\/\/cukrowka.dev10.pro\/sk\/wp-json\/wp\/v2\/types\/product"}],"replies":[{"embeddable":true,"href":"https:\/\/cukrowka.dev10.pro\/sk\/wp-json\/wp\/v2\/comments?post=153543"}],"wp:featuredmedia":[{"embeddable":true,"href":"https:\/\/cukrowka.dev10.pro\/sk\/wp-json\/wp\/v2\/media\/153544"}],"wp:attachment":[{"href":"https:\/\/cukrowka.dev10.pro\/sk\/wp-json\/wp\/v2\/media?parent=153543"}],"wp:term":[{"taxonomy":"prod_collection","embeddable":true,"href":"https:\/\/cukrowka.dev10.pro\/sk\/wp-json\/wp\/v2\/prod_collection?post=153543"},{"taxonomy":"number","embeddable":true,"href":"https:\/\/cukrowka.dev10.pro\/sk\/wp-json\/wp\/v2\/number?post=153543"},{"taxonomy":"minimal-order","embeddable":true,"href":"https:\/\/cukrowka.dev10.pro\/sk\/wp-json\/wp\/v2\/minimal-order?post=153543"},{"taxonomy":"expiration-date","embeddable":true,"href":"https:\/\/cukrowka.dev10.pro\/sk\/wp-json\/wp\/v2\/expiration-date?post=153543"},{"taxonomy":"storage","embeddable":true,"href":"https:\/\/cukrowka.dev10.pro\/sk\/wp-json\/wp\/v2\/storage?post=153543"},{"taxonomy":"composition","embeddable":true,"href":"https:\/\/cukrowka.dev10.pro\/sk\/wp-json\/wp\/v2\/composition?post=153543"},{"taxonomy":"taste","embeddable":true,"href":"https:\/\/cukrowka.dev10.pro\/sk\/wp-json\/wp\/v2\/taste?post=153543"},{"taxonomy":"note","embeddable":true,"href":"https:\/\/cukrowka.dev10.pro\/sk\/wp-json\/wp\/v2\/note?post=153543"},{"taxonomy":"weight","embeddable":true,"href":"https:\/\/cukrowka.dev10.pro\/sk\/wp-json\/wp\/v2\/weight?post=153543"},{"taxonomy":"nutritional","embeddable":true,"href":"https:\/\/cukrowka.dev10.pro\/sk\/wp-json\/wp\/v2\/nutritional?post=153543"},{"taxonomy":"label-size","embeddable":true,"href":"https:\/\/cukrowka.dev10.pro\/sk\/wp-json\/wp\/v2\/label-size?post=153543"},{"taxonomy":"product-size","embeddable":true,"href":"https:\/\/cukrowka.dev10.pro\/sk\/wp-json\/wp\/v2\/product-size?post=153543"},{"taxonomy":"package-size","embeddable":true,"href":"https:\/\/cukrowka.dev10.pro\/sk\/wp-json\/wp\/v2\/package-size?post=153543"},{"taxonomy":"content","embeddable":true,"href":"https:\/\/cukrowka.dev10.pro\/sk\/wp-json\/wp\/v2\/content?post=153543"},{"taxonomy":"product_cat","embeddable":true,"href":"https:\/\/cukrowka.dev10.pro\/sk\/wp-json\/wp\/v2\/product_cat?post=153543"},{"taxonomy":"product_tag","embeddable":true,"href":"https:\/\/cukrowka.dev10.pro\/sk\/wp-json\/wp\/v2\/product_tag?post=153543"}],"curies":[{"name":"wp","href":"https:\/\/api.w.org\/{rel}","templated":true}]}}