{"id":152483,"date":"2023-04-17T15:14:15","date_gmt":"2023-04-17T13:14:15","guid":{"rendered":"https:\/\/www.cukrowki.pl\/produkt\/krabicka-na-prve-svate-prijimanie\/"},"modified":"2024-02-26T23:49:32","modified_gmt":"2024-02-26T22:49:32","slug":"elegantna-pozornost-pre-vasich-hosti","status":"publish","type":"product","link":"https:\/\/cukrowka.dev10.pro\/sk\/produkt\/elegantna-pozornost-pre-vasich-hosti\/","title":{"rendered":"Krabi\u010dka na prv\u00e9 sv\u00e4t\u00e9 prij\u00edmanie &#8211; vzor 33"},"content":[],"excerpt":{"rendered":"<p>Krabi\u010dka na prv\u00e9 sv\u00e4t\u00e9 prij\u00edmanie<\/p>\n","protected":false},"featured_media":117300,"comment_status":"open","ping_status":"closed","template":"","meta":{"_acf_changed":false,"inline_featured_image":false},"prod_collection":[1021],"number":[],"minimal-order":[],"expiration-date":[994],"storage":[995],"composition":[998],"taste":[1000],"note":[],"weight":[],"nutritional":[1001],"label-size":[],"product-size":[],"package-size":[],"product_cat":[976],"product_tag":[],"class_list":{"0":"post-152483","1":"product","2":"type-product","3":"status-publish","4":"has-post-thumbnail","6":"prod_collection-pudelka-komunijne-sk","7":"expiration-date-6-miesiecy-sk","8":"storage-suche-a-zatienene-miesto","9":"composition-obycajny","10":"taste-mliecna","11":"nutritional-klasicke-sk","12":"product_cat-krovky-na-prve-sv-prijimanie","14":"first","15":"instock","16":"taxable","17":"shipping-taxable","18":"purchasable","19":"product-type-simple"},"acf":[],"yoast_head":"<!-- This site is optimized with the Yoast SEO plugin v26.2 - https:\/\/yoast.com\/wordpress\/plugins\/seo\/ -->\n<title>Krabi\u010dka na prv\u00e9 sv\u00e4t\u00e9 prij\u00edmanie s personaliz\u00e1ciou. Sladk\u00e9 po\u010fakovanie<\/title>\n<meta name=\"description\" content=\"Krabi\u010dka na prv\u00e9 sv\u00e4t\u00e9 prij\u00edmanie s personaliz\u00e1ciou. Objednajte si sladk\u00e9 po\u010fakovanie pre svojich host\u00ed v jedine\u010dnom, elegantnom obale.\" \/>\n<meta name=\"robots\" content=\"index, follow, max-snippet:-1, max-image-preview:large, max-video-preview:-1\" \/>\n<link rel=\"canonical\" href=\"https:\/\/cukrowka.dev10.pro\/sk\/produkt\/elegantna-pozornost-pre-vasich-hosti\/\" \/>\n<meta property=\"og:locale\" content=\"sk_SK\" \/>\n<meta property=\"og:type\" content=\"article\" \/>\n<meta property=\"og:title\" content=\"Krabi\u010dka na prv\u00e9 sv\u00e4t\u00e9 prij\u00edmanie s personaliz\u00e1ciou. Sladk\u00e9 po\u010fakovanie\" \/>\n<meta property=\"og:description\" content=\"Krabi\u010dka na prv\u00e9 sv\u00e4t\u00e9 prij\u00edmanie s personaliz\u00e1ciou. Objednajte si sladk\u00e9 po\u010fakovanie pre svojich host\u00ed v jedine\u010dnom, elegantnom obale.\" \/>\n<meta property=\"og:url\" content=\"https:\/\/cukrowka.dev10.pro\/sk\/produkt\/elegantna-pozornost-pre-vasich-hosti\/\" \/>\n<meta property=\"og:site_name\" content=\"Wyj\u0105tkowe kr\u00f3wki z nadrukiem\" \/>\n<meta property=\"article:modified_time\" content=\"2024-02-26T22:49:32+00:00\" \/>\n<meta property=\"og:image\" content=\"https:\/\/cukrowka.dev10.pro\/wp-content\/uploads\/2024\/04\/33_naklejka_pudelko-z-okienkiem-wiz-sk.jpg\" \/>\n\t<meta property=\"og:image:width\" content=\"1000\" \/>\n\t<meta property=\"og:image:height\" content=\"1000\" \/>\n\t<meta property=\"og:image:type\" content=\"image\/jpeg\" \/>\n<meta name=\"twitter:card\" content=\"summary_large_image\" \/>\n<script type=\"application\/ld+json\" class=\"yoast-schema-graph\">{\"@context\":\"https:\/\/schema.org\",\"@graph\":[{\"@type\":\"WebPage\",\"@id\":\"https:\/\/cukrowka.dev10.pro\/sk\/produkt\/elegantna-pozornost-pre-vasich-hosti\/\",\"url\":\"https:\/\/cukrowka.dev10.pro\/sk\/produkt\/elegantna-pozornost-pre-vasich-hosti\/\",\"name\":\"Krabi\u010dka na prv\u00e9 sv\u00e4t\u00e9 prij\u00edmanie s personaliz\u00e1ciou. Sladk\u00e9 po\u010fakovanie\",\"isPartOf\":{\"@id\":\"https:\/\/cukrowka.dev10.pro\/sk\/#website\"},\"primaryImageOfPage\":{\"@id\":\"https:\/\/cukrowka.dev10.pro\/sk\/produkt\/elegantna-pozornost-pre-vasich-hosti\/#primaryimage\"},\"image\":{\"@id\":\"https:\/\/cukrowka.dev10.pro\/sk\/produkt\/elegantna-pozornost-pre-vasich-hosti\/#primaryimage\"},\"thumbnailUrl\":\"https:\/\/cukrowka.dev10.pro\/wp-content\/uploads\/2024\/04\/33_naklejka_pudelko-z-okienkiem-wiz-sk.jpg\",\"datePublished\":\"2023-04-17T13:14:15+00:00\",\"dateModified\":\"2024-02-26T22:49:32+00:00\",\"description\":\"Krabi\u010dka na prv\u00e9 sv\u00e4t\u00e9 prij\u00edmanie s personaliz\u00e1ciou. Objednajte si sladk\u00e9 po\u010fakovanie pre svojich host\u00ed v jedine\u010dnom, elegantnom obale.\",\"breadcrumb\":{\"@id\":\"https:\/\/cukrowka.dev10.pro\/sk\/produkt\/elegantna-pozornost-pre-vasich-hosti\/#breadcrumb\"},\"inLanguage\":\"sk-SK\",\"potentialAction\":[{\"@type\":\"ReadAction\",\"target\":[\"https:\/\/cukrowka.dev10.pro\/sk\/produkt\/elegantna-pozornost-pre-vasich-hosti\/\"]}]},{\"@type\":\"ImageObject\",\"inLanguage\":\"sk-SK\",\"@id\":\"https:\/\/cukrowka.dev10.pro\/sk\/produkt\/elegantna-pozornost-pre-vasich-hosti\/#primaryimage\",\"url\":\"https:\/\/cukrowka.dev10.pro\/wp-content\/uploads\/2024\/04\/33_naklejka_pudelko-z-okienkiem-wiz-sk.jpg\",\"contentUrl\":\"https:\/\/cukrowka.dev10.pro\/wp-content\/uploads\/2024\/04\/33_naklejka_pudelko-z-okienkiem-wiz-sk.jpg\",\"width\":1000,\"height\":1000,\"caption\":\"Krabi\u010dka na prv\u00e9 sv\u00e4t\u00e9 prij\u00edmanie\"},{\"@type\":\"BreadcrumbList\",\"@id\":\"https:\/\/cukrowka.dev10.pro\/sk\/produkt\/elegantna-pozornost-pre-vasich-hosti\/#breadcrumb\",\"itemListElement\":[{\"@type\":\"ListItem\",\"position\":1,\"name\":\"Strona g\u0142\u00f3wna\",\"item\":\"https:\/\/cukrowka.dev10.pro\/sk\/\"},{\"@type\":\"ListItem\",\"position\":2,\"name\":\"Shop\",\"item\":\"https:\/\/cukrowka.dev10.pro\/sk\/shop\/\"},{\"@type\":\"ListItem\",\"position\":3,\"name\":\"Krabi\u010dka na prv\u00e9 sv\u00e4t\u00e9 prij\u00edmanie &#8211; vzor 33\"}]},{\"@type\":\"WebSite\",\"@id\":\"https:\/\/cukrowka.dev10.pro\/sk\/#website\",\"url\":\"https:\/\/cukrowka.dev10.pro\/sk\/\",\"name\":\"Wyj\u0105tkowe kr\u00f3wki z nadrukiem\",\"description\":\"reklamowe oraz \u015blubne\",\"publisher\":{\"@id\":\"https:\/\/cukrowka.dev10.pro\/sk\/#organization\"},\"potentialAction\":[{\"@type\":\"SearchAction\",\"target\":{\"@type\":\"EntryPoint\",\"urlTemplate\":\"https:\/\/cukrowka.dev10.pro\/sk\/?s={search_term_string}\"},\"query-input\":{\"@type\":\"PropertyValueSpecification\",\"valueRequired\":true,\"valueName\":\"search_term_string\"}}],\"inLanguage\":\"sk-SK\"},{\"@type\":\"Organization\",\"@id\":\"https:\/\/cukrowka.dev10.pro\/sk\/#organization\",\"name\":\"Wyj\u0105tkowe kr\u00f3wki z nadrukiem\",\"url\":\"https:\/\/cukrowka.dev10.pro\/sk\/\",\"logo\":{\"@type\":\"ImageObject\",\"inLanguage\":\"sk-SK\",\"@id\":\"https:\/\/cukrowka.dev10.pro\/sk\/#\/schema\/logo\/image\/\",\"url\":\"https:\/\/www.cukrowki.pl\/wp-content\/uploads\/2020\/02\/logo.png\",\"contentUrl\":\"https:\/\/www.cukrowki.pl\/wp-content\/uploads\/2020\/02\/logo.png\",\"width\":220,\"height\":169,\"caption\":\"Wyj\u0105tkowe kr\u00f3wki z nadrukiem\"},\"image\":{\"@id\":\"https:\/\/cukrowka.dev10.pro\/sk\/#\/schema\/logo\/image\/\"}}]}<\/script>\n<!-- \/ Yoast SEO plugin. -->","yoast_head_json":{"title":"Krabi\u010dka na prv\u00e9 sv\u00e4t\u00e9 prij\u00edmanie s personaliz\u00e1ciou. Sladk\u00e9 po\u010fakovanie","description":"Krabi\u010dka na prv\u00e9 sv\u00e4t\u00e9 prij\u00edmanie s personaliz\u00e1ciou. Objednajte si sladk\u00e9 po\u010fakovanie pre svojich host\u00ed v jedine\u010dnom, elegantnom obale.","robots":{"index":"index","follow":"follow","max-snippet":"max-snippet:-1","max-image-preview":"max-image-preview:large","max-video-preview":"max-video-preview:-1"},"canonical":"https:\/\/cukrowka.dev10.pro\/sk\/produkt\/elegantna-pozornost-pre-vasich-hosti\/","og_locale":"sk_SK","og_type":"article","og_title":"Krabi\u010dka na prv\u00e9 sv\u00e4t\u00e9 prij\u00edmanie s personaliz\u00e1ciou. Sladk\u00e9 po\u010fakovanie","og_description":"Krabi\u010dka na prv\u00e9 sv\u00e4t\u00e9 prij\u00edmanie s personaliz\u00e1ciou. Objednajte si sladk\u00e9 po\u010fakovanie pre svojich host\u00ed v jedine\u010dnom, elegantnom obale.","og_url":"https:\/\/cukrowka.dev10.pro\/sk\/produkt\/elegantna-pozornost-pre-vasich-hosti\/","og_site_name":"Wyj\u0105tkowe kr\u00f3wki z nadrukiem","article_modified_time":"2024-02-26T22:49:32+00:00","og_image":[{"width":1000,"height":1000,"url":"https:\/\/cukrowka.dev10.pro\/wp-content\/uploads\/2024\/04\/33_naklejka_pudelko-z-okienkiem-wiz-sk.jpg","type":"image\/jpeg"}],"twitter_card":"summary_large_image","schema":{"@context":"https:\/\/schema.org","@graph":[{"@type":"WebPage","@id":"https:\/\/cukrowka.dev10.pro\/sk\/produkt\/elegantna-pozornost-pre-vasich-hosti\/","url":"https:\/\/cukrowka.dev10.pro\/sk\/produkt\/elegantna-pozornost-pre-vasich-hosti\/","name":"Krabi\u010dka na prv\u00e9 sv\u00e4t\u00e9 prij\u00edmanie s personaliz\u00e1ciou. Sladk\u00e9 po\u010fakovanie","isPartOf":{"@id":"https:\/\/cukrowka.dev10.pro\/sk\/#website"},"primaryImageOfPage":{"@id":"https:\/\/cukrowka.dev10.pro\/sk\/produkt\/elegantna-pozornost-pre-vasich-hosti\/#primaryimage"},"image":{"@id":"https:\/\/cukrowka.dev10.pro\/sk\/produkt\/elegantna-pozornost-pre-vasich-hosti\/#primaryimage"},"thumbnailUrl":"https:\/\/cukrowka.dev10.pro\/wp-content\/uploads\/2024\/04\/33_naklejka_pudelko-z-okienkiem-wiz-sk.jpg","datePublished":"2023-04-17T13:14:15+00:00","dateModified":"2024-02-26T22:49:32+00:00","description":"Krabi\u010dka na prv\u00e9 sv\u00e4t\u00e9 prij\u00edmanie s personaliz\u00e1ciou. Objednajte si sladk\u00e9 po\u010fakovanie pre svojich host\u00ed v jedine\u010dnom, elegantnom obale.","breadcrumb":{"@id":"https:\/\/cukrowka.dev10.pro\/sk\/produkt\/elegantna-pozornost-pre-vasich-hosti\/#breadcrumb"},"inLanguage":"sk-SK","potentialAction":[{"@type":"ReadAction","target":["https:\/\/cukrowka.dev10.pro\/sk\/produkt\/elegantna-pozornost-pre-vasich-hosti\/"]}]},{"@type":"ImageObject","inLanguage":"sk-SK","@id":"https:\/\/cukrowka.dev10.pro\/sk\/produkt\/elegantna-pozornost-pre-vasich-hosti\/#primaryimage","url":"https:\/\/cukrowka.dev10.pro\/wp-content\/uploads\/2024\/04\/33_naklejka_pudelko-z-okienkiem-wiz-sk.jpg","contentUrl":"https:\/\/cukrowka.dev10.pro\/wp-content\/uploads\/2024\/04\/33_naklejka_pudelko-z-okienkiem-wiz-sk.jpg","width":1000,"height":1000,"caption":"Krabi\u010dka na prv\u00e9 sv\u00e4t\u00e9 prij\u00edmanie"},{"@type":"BreadcrumbList","@id":"https:\/\/cukrowka.dev10.pro\/sk\/produkt\/elegantna-pozornost-pre-vasich-hosti\/#breadcrumb","itemListElement":[{"@type":"ListItem","position":1,"name":"Strona g\u0142\u00f3wna","item":"https:\/\/cukrowka.dev10.pro\/sk\/"},{"@type":"ListItem","position":2,"name":"Shop","item":"https:\/\/cukrowka.dev10.pro\/sk\/shop\/"},{"@type":"ListItem","position":3,"name":"Krabi\u010dka na prv\u00e9 sv\u00e4t\u00e9 prij\u00edmanie &#8211; vzor 33"}]},{"@type":"WebSite","@id":"https:\/\/cukrowka.dev10.pro\/sk\/#website","url":"https:\/\/cukrowka.dev10.pro\/sk\/","name":"Wyj\u0105tkowe kr\u00f3wki z nadrukiem","description":"reklamowe oraz \u015blubne","publisher":{"@id":"https:\/\/cukrowka.dev10.pro\/sk\/#organization"},"potentialAction":[{"@type":"SearchAction","target":{"@type":"EntryPoint","urlTemplate":"https:\/\/cukrowka.dev10.pro\/sk\/?s={search_term_string}"},"query-input":{"@type":"PropertyValueSpecification","valueRequired":true,"valueName":"search_term_string"}}],"inLanguage":"sk-SK"},{"@type":"Organization","@id":"https:\/\/cukrowka.dev10.pro\/sk\/#organization","name":"Wyj\u0105tkowe kr\u00f3wki z nadrukiem","url":"https:\/\/cukrowka.dev10.pro\/sk\/","logo":{"@type":"ImageObject","inLanguage":"sk-SK","@id":"https:\/\/cukrowka.dev10.pro\/sk\/#\/schema\/logo\/image\/","url":"https:\/\/www.cukrowki.pl\/wp-content\/uploads\/2020\/02\/logo.png","contentUrl":"https:\/\/www.cukrowki.pl\/wp-content\/uploads\/2020\/02\/logo.png","width":220,"height":169,"caption":"Wyj\u0105tkowe kr\u00f3wki z nadrukiem"},"image":{"@id":"https:\/\/cukrowka.dev10.pro\/sk\/#\/schema\/logo\/image\/"}}]}},"_links":{"self":[{"href":"https:\/\/cukrowka.dev10.pro\/sk\/wp-json\/wp\/v2\/product\/152483","targetHints":{"allow":["GET"]}}],"collection":[{"href":"https:\/\/cukrowka.dev10.pro\/sk\/wp-json\/wp\/v2\/product"}],"about":[{"href":"https:\/\/cukrowka.dev10.pro\/sk\/wp-json\/wp\/v2\/types\/product"}],"replies":[{"embeddable":true,"href":"https:\/\/cukrowka.dev10.pro\/sk\/wp-json\/wp\/v2\/comments?post=152483"}],"wp:featuredmedia":[{"embeddable":true,"href":"https:\/\/cukrowka.dev10.pro\/sk\/wp-json\/wp\/v2\/media\/117300"}],"wp:attachment":[{"href":"https:\/\/cukrowka.dev10.pro\/sk\/wp-json\/wp\/v2\/media?parent=152483"}],"wp:term":[{"taxonomy":"prod_collection","embeddable":true,"href":"https:\/\/cukrowka.dev10.pro\/sk\/wp-json\/wp\/v2\/prod_collection?post=152483"},{"taxonomy":"number","embeddable":true,"href":"https:\/\/cukrowka.dev10.pro\/sk\/wp-json\/wp\/v2\/number?post=152483"},{"taxonomy":"minimal-order","embeddable":true,"href":"https:\/\/cukrowka.dev10.pro\/sk\/wp-json\/wp\/v2\/minimal-order?post=152483"},{"taxonomy":"expiration-date","embeddable":true,"href":"https:\/\/cukrowka.dev10.pro\/sk\/wp-json\/wp\/v2\/expiration-date?post=152483"},{"taxonomy":"storage","embeddable":true,"href":"https:\/\/cukrowka.dev10.pro\/sk\/wp-json\/wp\/v2\/storage?post=152483"},{"taxonomy":"composition","embeddable":true,"href":"https:\/\/cukrowka.dev10.pro\/sk\/wp-json\/wp\/v2\/composition?post=152483"},{"taxonomy":"taste","embeddable":true,"href":"https:\/\/cukrowka.dev10.pro\/sk\/wp-json\/wp\/v2\/taste?post=152483"},{"taxonomy":"note","embeddable":true,"href":"https:\/\/cukrowka.dev10.pro\/sk\/wp-json\/wp\/v2\/note?post=152483"},{"taxonomy":"weight","embeddable":true,"href":"https:\/\/cukrowka.dev10.pro\/sk\/wp-json\/wp\/v2\/weight?post=152483"},{"taxonomy":"nutritional","embeddable":true,"href":"https:\/\/cukrowka.dev10.pro\/sk\/wp-json\/wp\/v2\/nutritional?post=152483"},{"taxonomy":"label-size","embeddable":true,"href":"https:\/\/cukrowka.dev10.pro\/sk\/wp-json\/wp\/v2\/label-size?post=152483"},{"taxonomy":"product-size","embeddable":true,"href":"https:\/\/cukrowka.dev10.pro\/sk\/wp-json\/wp\/v2\/product-size?post=152483"},{"taxonomy":"package-size","embeddable":true,"href":"https:\/\/cukrowka.dev10.pro\/sk\/wp-json\/wp\/v2\/package-size?post=152483"},{"taxonomy":"content","embeddable":true,"href":"https:\/\/cukrowka.dev10.pro\/sk\/wp-json\/wp\/v2\/content?post=152483"},{"taxonomy":"product_cat","embeddable":true,"href":"https:\/\/cukrowka.dev10.pro\/sk\/wp-json\/wp\/v2\/product_cat?post=152483"},{"taxonomy":"product_tag","embeddable":true,"href":"https:\/\/cukrowka.dev10.pro\/sk\/wp-json\/wp\/v2\/product_tag?post=152483"}],"curies":[{"name":"wp","href":"https:\/\/api.w.org\/{rel}","templated":true}]}}