{"id":152451,"date":"2022-03-28T13:05:37","date_gmt":"2022-03-28T11:05:37","guid":{"rendered":"https:\/\/www.cukrowki.pl\/produkt\/dokonala-mala-pozornost-pre-vasu-vynimocnu-udalost\/"},"modified":"2024-02-27T00:29:46","modified_gmt":"2024-02-26T23:29:46","slug":"dokonala-mala-pozornost-pre-vasu-vynimocnu-udalost","status":"publish","type":"product","link":"https:\/\/cukrowka.dev10.pro\/sk\/produkt\/dokonala-mala-pozornost-pre-vasu-vynimocnu-udalost\/","title":{"rendered":"Krovky na prv\u00e9 sv\u00e4t\u00e9 prij\u00edmanie s personaliz\u00e1ciou &#8211; vzor 29"},"content":[],"excerpt":{"rendered":"<p>Krovky na prv\u00e9 sv\u00e4t\u00e9 prij\u00edmanie s personaliz\u00e1ciou<\/p>\n","protected":false},"featured_media":115397,"comment_status":"open","ping_status":"closed","template":"","meta":{"_acf_changed":false,"inline_featured_image":false},"prod_collection":[],"number":[990],"minimal-order":[],"expiration-date":[994],"storage":[995],"composition":[998],"taste":[1000],"note":[],"weight":[],"nutritional":[1001],"label-size":[],"product-size":[],"package-size":[],"product_cat":[976],"product_tag":[],"class_list":{"0":"post-152451","1":"product","2":"type-product","3":"status-publish","4":"has-post-thumbnail","6":"number-65-70-pyszne-cukrowki-sk","7":"expiration-date-6-miesiecy-sk","8":"storage-suche-a-zatienene-miesto","9":"composition-obycajny","10":"taste-mliecna","11":"nutritional-klasicke-sk","12":"product_cat-krovky-na-prve-sv-prijimanie","14":"first","15":"instock","16":"taxable","17":"shipping-taxable","18":"purchasable","19":"product-type-variable"},"acf":[],"yoast_head":"<!-- This site is optimized with the Yoast SEO plugin v26.2 - https:\/\/yoast.com\/wordpress\/plugins\/seo\/ -->\n<title>Personalizovan\u00e9 krovky na prv\u00e9 sv\u00e4t\u00e9 prij\u00edmanie s jemn\u00fdm dizajnom<\/title>\n<meta name=\"description\" content=\"Personalizovan\u00e9 krovky na prv\u00e9 sv\u00e4t\u00e9 prij\u00edmanie s jemn\u00fdm dizajnom, dokonal\u00e1 mal\u00e1 pozornos\u0165 na oslavu k prv\u00e9mu sv\u00e4t\u00e9mu prij\u00edmaniu. Objednajte krovky u\u017e dnes!\" \/>\n<meta name=\"robots\" content=\"index, follow, max-snippet:-1, max-image-preview:large, max-video-preview:-1\" \/>\n<link rel=\"canonical\" href=\"https:\/\/cukrowka.dev10.pro\/sk\/produkt\/dokonala-mala-pozornost-pre-vasu-vynimocnu-udalost\/\" \/>\n<meta property=\"og:locale\" content=\"sk_SK\" \/>\n<meta property=\"og:type\" content=\"article\" \/>\n<meta property=\"og:title\" content=\"Personalizovan\u00e9 krovky na prv\u00e9 sv\u00e4t\u00e9 prij\u00edmanie s jemn\u00fdm dizajnom\" \/>\n<meta property=\"og:description\" content=\"Personalizovan\u00e9 krovky na prv\u00e9 sv\u00e4t\u00e9 prij\u00edmanie s jemn\u00fdm dizajnom, dokonal\u00e1 mal\u00e1 pozornos\u0165 na oslavu k prv\u00e9mu sv\u00e4t\u00e9mu prij\u00edmaniu. Objednajte krovky u\u017e dnes!\" \/>\n<meta property=\"og:url\" content=\"https:\/\/cukrowka.dev10.pro\/sk\/produkt\/dokonala-mala-pozornost-pre-vasu-vynimocnu-udalost\/\" \/>\n<meta property=\"og:site_name\" content=\"Wyj\u0105tkowe kr\u00f3wki z nadrukiem\" \/>\n<meta property=\"article:modified_time\" content=\"2024-02-26T23:29:46+00:00\" \/>\n<meta property=\"og:image\" content=\"https:\/\/cukrowka.dev10.pro\/wp-content\/uploads\/2024\/04\/29-sk-wiz.jpg\" \/>\n\t<meta property=\"og:image:width\" content=\"1000\" \/>\n\t<meta property=\"og:image:height\" content=\"1000\" \/>\n\t<meta property=\"og:image:type\" content=\"image\/jpeg\" \/>\n<meta name=\"twitter:card\" content=\"summary_large_image\" \/>\n<script type=\"application\/ld+json\" class=\"yoast-schema-graph\">{\"@context\":\"https:\/\/schema.org\",\"@graph\":[{\"@type\":\"WebPage\",\"@id\":\"https:\/\/cukrowka.dev10.pro\/sk\/produkt\/dokonala-mala-pozornost-pre-vasu-vynimocnu-udalost\/\",\"url\":\"https:\/\/cukrowka.dev10.pro\/sk\/produkt\/dokonala-mala-pozornost-pre-vasu-vynimocnu-udalost\/\",\"name\":\"Personalizovan\u00e9 krovky na prv\u00e9 sv\u00e4t\u00e9 prij\u00edmanie s jemn\u00fdm dizajnom\",\"isPartOf\":{\"@id\":\"https:\/\/cukrowka.dev10.pro\/sk\/#website\"},\"primaryImageOfPage\":{\"@id\":\"https:\/\/cukrowka.dev10.pro\/sk\/produkt\/dokonala-mala-pozornost-pre-vasu-vynimocnu-udalost\/#primaryimage\"},\"image\":{\"@id\":\"https:\/\/cukrowka.dev10.pro\/sk\/produkt\/dokonala-mala-pozornost-pre-vasu-vynimocnu-udalost\/#primaryimage\"},\"thumbnailUrl\":\"https:\/\/cukrowka.dev10.pro\/wp-content\/uploads\/2024\/04\/29-sk-wiz.jpg\",\"datePublished\":\"2022-03-28T11:05:37+00:00\",\"dateModified\":\"2024-02-26T23:29:46+00:00\",\"description\":\"Personalizovan\u00e9 krovky na prv\u00e9 sv\u00e4t\u00e9 prij\u00edmanie s jemn\u00fdm dizajnom, dokonal\u00e1 mal\u00e1 pozornos\u0165 na oslavu k prv\u00e9mu sv\u00e4t\u00e9mu prij\u00edmaniu. Objednajte krovky u\u017e dnes!\",\"breadcrumb\":{\"@id\":\"https:\/\/cukrowka.dev10.pro\/sk\/produkt\/dokonala-mala-pozornost-pre-vasu-vynimocnu-udalost\/#breadcrumb\"},\"inLanguage\":\"sk-SK\",\"potentialAction\":[{\"@type\":\"ReadAction\",\"target\":[\"https:\/\/cukrowka.dev10.pro\/sk\/produkt\/dokonala-mala-pozornost-pre-vasu-vynimocnu-udalost\/\"]}]},{\"@type\":\"ImageObject\",\"inLanguage\":\"sk-SK\",\"@id\":\"https:\/\/cukrowka.dev10.pro\/sk\/produkt\/dokonala-mala-pozornost-pre-vasu-vynimocnu-udalost\/#primaryimage\",\"url\":\"https:\/\/cukrowka.dev10.pro\/wp-content\/uploads\/2024\/04\/29-sk-wiz.jpg\",\"contentUrl\":\"https:\/\/cukrowka.dev10.pro\/wp-content\/uploads\/2024\/04\/29-sk-wiz.jpg\",\"width\":1000,\"height\":1000,\"caption\":\"Krovky na prv\u00e9 sv\u00e4t\u00e9 prij\u00edmanie s personaliz\u00e1ciou\"},{\"@type\":\"BreadcrumbList\",\"@id\":\"https:\/\/cukrowka.dev10.pro\/sk\/produkt\/dokonala-mala-pozornost-pre-vasu-vynimocnu-udalost\/#breadcrumb\",\"itemListElement\":[{\"@type\":\"ListItem\",\"position\":1,\"name\":\"Strona g\u0142\u00f3wna\",\"item\":\"https:\/\/cukrowka.dev10.pro\/sk\/\"},{\"@type\":\"ListItem\",\"position\":2,\"name\":\"Shop\",\"item\":\"https:\/\/cukrowka.dev10.pro\/sk\/shop\/\"},{\"@type\":\"ListItem\",\"position\":3,\"name\":\"Krovky na prv\u00e9 sv\u00e4t\u00e9 prij\u00edmanie s personaliz\u00e1ciou &#8211; vzor 29\"}]},{\"@type\":\"WebSite\",\"@id\":\"https:\/\/cukrowka.dev10.pro\/sk\/#website\",\"url\":\"https:\/\/cukrowka.dev10.pro\/sk\/\",\"name\":\"Wyj\u0105tkowe kr\u00f3wki z nadrukiem\",\"description\":\"reklamowe oraz \u015blubne\",\"publisher\":{\"@id\":\"https:\/\/cukrowka.dev10.pro\/sk\/#organization\"},\"potentialAction\":[{\"@type\":\"SearchAction\",\"target\":{\"@type\":\"EntryPoint\",\"urlTemplate\":\"https:\/\/cukrowka.dev10.pro\/sk\/?s={search_term_string}\"},\"query-input\":{\"@type\":\"PropertyValueSpecification\",\"valueRequired\":true,\"valueName\":\"search_term_string\"}}],\"inLanguage\":\"sk-SK\"},{\"@type\":\"Organization\",\"@id\":\"https:\/\/cukrowka.dev10.pro\/sk\/#organization\",\"name\":\"Wyj\u0105tkowe kr\u00f3wki z nadrukiem\",\"url\":\"https:\/\/cukrowka.dev10.pro\/sk\/\",\"logo\":{\"@type\":\"ImageObject\",\"inLanguage\":\"sk-SK\",\"@id\":\"https:\/\/cukrowka.dev10.pro\/sk\/#\/schema\/logo\/image\/\",\"url\":\"https:\/\/www.cukrowki.pl\/wp-content\/uploads\/2020\/02\/logo.png\",\"contentUrl\":\"https:\/\/www.cukrowki.pl\/wp-content\/uploads\/2020\/02\/logo.png\",\"width\":220,\"height\":169,\"caption\":\"Wyj\u0105tkowe kr\u00f3wki z nadrukiem\"},\"image\":{\"@id\":\"https:\/\/cukrowka.dev10.pro\/sk\/#\/schema\/logo\/image\/\"}}]}<\/script>\n<!-- \/ Yoast SEO plugin. -->","yoast_head_json":{"title":"Personalizovan\u00e9 krovky na prv\u00e9 sv\u00e4t\u00e9 prij\u00edmanie s jemn\u00fdm dizajnom","description":"Personalizovan\u00e9 krovky na prv\u00e9 sv\u00e4t\u00e9 prij\u00edmanie s jemn\u00fdm dizajnom, dokonal\u00e1 mal\u00e1 pozornos\u0165 na oslavu k prv\u00e9mu sv\u00e4t\u00e9mu prij\u00edmaniu. Objednajte krovky u\u017e dnes!","robots":{"index":"index","follow":"follow","max-snippet":"max-snippet:-1","max-image-preview":"max-image-preview:large","max-video-preview":"max-video-preview:-1"},"canonical":"https:\/\/cukrowka.dev10.pro\/sk\/produkt\/dokonala-mala-pozornost-pre-vasu-vynimocnu-udalost\/","og_locale":"sk_SK","og_type":"article","og_title":"Personalizovan\u00e9 krovky na prv\u00e9 sv\u00e4t\u00e9 prij\u00edmanie s jemn\u00fdm dizajnom","og_description":"Personalizovan\u00e9 krovky na prv\u00e9 sv\u00e4t\u00e9 prij\u00edmanie s jemn\u00fdm dizajnom, dokonal\u00e1 mal\u00e1 pozornos\u0165 na oslavu k prv\u00e9mu sv\u00e4t\u00e9mu prij\u00edmaniu. Objednajte krovky u\u017e dnes!","og_url":"https:\/\/cukrowka.dev10.pro\/sk\/produkt\/dokonala-mala-pozornost-pre-vasu-vynimocnu-udalost\/","og_site_name":"Wyj\u0105tkowe kr\u00f3wki z nadrukiem","article_modified_time":"2024-02-26T23:29:46+00:00","og_image":[{"width":1000,"height":1000,"url":"https:\/\/cukrowka.dev10.pro\/wp-content\/uploads\/2024\/04\/29-sk-wiz.jpg","type":"image\/jpeg"}],"twitter_card":"summary_large_image","schema":{"@context":"https:\/\/schema.org","@graph":[{"@type":"WebPage","@id":"https:\/\/cukrowka.dev10.pro\/sk\/produkt\/dokonala-mala-pozornost-pre-vasu-vynimocnu-udalost\/","url":"https:\/\/cukrowka.dev10.pro\/sk\/produkt\/dokonala-mala-pozornost-pre-vasu-vynimocnu-udalost\/","name":"Personalizovan\u00e9 krovky na prv\u00e9 sv\u00e4t\u00e9 prij\u00edmanie s jemn\u00fdm dizajnom","isPartOf":{"@id":"https:\/\/cukrowka.dev10.pro\/sk\/#website"},"primaryImageOfPage":{"@id":"https:\/\/cukrowka.dev10.pro\/sk\/produkt\/dokonala-mala-pozornost-pre-vasu-vynimocnu-udalost\/#primaryimage"},"image":{"@id":"https:\/\/cukrowka.dev10.pro\/sk\/produkt\/dokonala-mala-pozornost-pre-vasu-vynimocnu-udalost\/#primaryimage"},"thumbnailUrl":"https:\/\/cukrowka.dev10.pro\/wp-content\/uploads\/2024\/04\/29-sk-wiz.jpg","datePublished":"2022-03-28T11:05:37+00:00","dateModified":"2024-02-26T23:29:46+00:00","description":"Personalizovan\u00e9 krovky na prv\u00e9 sv\u00e4t\u00e9 prij\u00edmanie s jemn\u00fdm dizajnom, dokonal\u00e1 mal\u00e1 pozornos\u0165 na oslavu k prv\u00e9mu sv\u00e4t\u00e9mu prij\u00edmaniu. Objednajte krovky u\u017e dnes!","breadcrumb":{"@id":"https:\/\/cukrowka.dev10.pro\/sk\/produkt\/dokonala-mala-pozornost-pre-vasu-vynimocnu-udalost\/#breadcrumb"},"inLanguage":"sk-SK","potentialAction":[{"@type":"ReadAction","target":["https:\/\/cukrowka.dev10.pro\/sk\/produkt\/dokonala-mala-pozornost-pre-vasu-vynimocnu-udalost\/"]}]},{"@type":"ImageObject","inLanguage":"sk-SK","@id":"https:\/\/cukrowka.dev10.pro\/sk\/produkt\/dokonala-mala-pozornost-pre-vasu-vynimocnu-udalost\/#primaryimage","url":"https:\/\/cukrowka.dev10.pro\/wp-content\/uploads\/2024\/04\/29-sk-wiz.jpg","contentUrl":"https:\/\/cukrowka.dev10.pro\/wp-content\/uploads\/2024\/04\/29-sk-wiz.jpg","width":1000,"height":1000,"caption":"Krovky na prv\u00e9 sv\u00e4t\u00e9 prij\u00edmanie s personaliz\u00e1ciou"},{"@type":"BreadcrumbList","@id":"https:\/\/cukrowka.dev10.pro\/sk\/produkt\/dokonala-mala-pozornost-pre-vasu-vynimocnu-udalost\/#breadcrumb","itemListElement":[{"@type":"ListItem","position":1,"name":"Strona g\u0142\u00f3wna","item":"https:\/\/cukrowka.dev10.pro\/sk\/"},{"@type":"ListItem","position":2,"name":"Shop","item":"https:\/\/cukrowka.dev10.pro\/sk\/shop\/"},{"@type":"ListItem","position":3,"name":"Krovky na prv\u00e9 sv\u00e4t\u00e9 prij\u00edmanie s personaliz\u00e1ciou &#8211; vzor 29"}]},{"@type":"WebSite","@id":"https:\/\/cukrowka.dev10.pro\/sk\/#website","url":"https:\/\/cukrowka.dev10.pro\/sk\/","name":"Wyj\u0105tkowe kr\u00f3wki z nadrukiem","description":"reklamowe oraz \u015blubne","publisher":{"@id":"https:\/\/cukrowka.dev10.pro\/sk\/#organization"},"potentialAction":[{"@type":"SearchAction","target":{"@type":"EntryPoint","urlTemplate":"https:\/\/cukrowka.dev10.pro\/sk\/?s={search_term_string}"},"query-input":{"@type":"PropertyValueSpecification","valueRequired":true,"valueName":"search_term_string"}}],"inLanguage":"sk-SK"},{"@type":"Organization","@id":"https:\/\/cukrowka.dev10.pro\/sk\/#organization","name":"Wyj\u0105tkowe kr\u00f3wki z nadrukiem","url":"https:\/\/cukrowka.dev10.pro\/sk\/","logo":{"@type":"ImageObject","inLanguage":"sk-SK","@id":"https:\/\/cukrowka.dev10.pro\/sk\/#\/schema\/logo\/image\/","url":"https:\/\/www.cukrowki.pl\/wp-content\/uploads\/2020\/02\/logo.png","contentUrl":"https:\/\/www.cukrowki.pl\/wp-content\/uploads\/2020\/02\/logo.png","width":220,"height":169,"caption":"Wyj\u0105tkowe kr\u00f3wki z nadrukiem"},"image":{"@id":"https:\/\/cukrowka.dev10.pro\/sk\/#\/schema\/logo\/image\/"}}]}},"_links":{"self":[{"href":"https:\/\/cukrowka.dev10.pro\/sk\/wp-json\/wp\/v2\/product\/152451","targetHints":{"allow":["GET"]}}],"collection":[{"href":"https:\/\/cukrowka.dev10.pro\/sk\/wp-json\/wp\/v2\/product"}],"about":[{"href":"https:\/\/cukrowka.dev10.pro\/sk\/wp-json\/wp\/v2\/types\/product"}],"replies":[{"embeddable":true,"href":"https:\/\/cukrowka.dev10.pro\/sk\/wp-json\/wp\/v2\/comments?post=152451"}],"wp:featuredmedia":[{"embeddable":true,"href":"https:\/\/cukrowka.dev10.pro\/sk\/wp-json\/wp\/v2\/media\/115397"}],"wp:attachment":[{"href":"https:\/\/cukrowka.dev10.pro\/sk\/wp-json\/wp\/v2\/media?parent=152451"}],"wp:term":[{"taxonomy":"prod_collection","embeddable":true,"href":"https:\/\/cukrowka.dev10.pro\/sk\/wp-json\/wp\/v2\/prod_collection?post=152451"},{"taxonomy":"number","embeddable":true,"href":"https:\/\/cukrowka.dev10.pro\/sk\/wp-json\/wp\/v2\/number?post=152451"},{"taxonomy":"minimal-order","embeddable":true,"href":"https:\/\/cukrowka.dev10.pro\/sk\/wp-json\/wp\/v2\/minimal-order?post=152451"},{"taxonomy":"expiration-date","embeddable":true,"href":"https:\/\/cukrowka.dev10.pro\/sk\/wp-json\/wp\/v2\/expiration-date?post=152451"},{"taxonomy":"storage","embeddable":true,"href":"https:\/\/cukrowka.dev10.pro\/sk\/wp-json\/wp\/v2\/storage?post=152451"},{"taxonomy":"composition","embeddable":true,"href":"https:\/\/cukrowka.dev10.pro\/sk\/wp-json\/wp\/v2\/composition?post=152451"},{"taxonomy":"taste","embeddable":true,"href":"https:\/\/cukrowka.dev10.pro\/sk\/wp-json\/wp\/v2\/taste?post=152451"},{"taxonomy":"note","embeddable":true,"href":"https:\/\/cukrowka.dev10.pro\/sk\/wp-json\/wp\/v2\/note?post=152451"},{"taxonomy":"weight","embeddable":true,"href":"https:\/\/cukrowka.dev10.pro\/sk\/wp-json\/wp\/v2\/weight?post=152451"},{"taxonomy":"nutritional","embeddable":true,"href":"https:\/\/cukrowka.dev10.pro\/sk\/wp-json\/wp\/v2\/nutritional?post=152451"},{"taxonomy":"label-size","embeddable":true,"href":"https:\/\/cukrowka.dev10.pro\/sk\/wp-json\/wp\/v2\/label-size?post=152451"},{"taxonomy":"product-size","embeddable":true,"href":"https:\/\/cukrowka.dev10.pro\/sk\/wp-json\/wp\/v2\/product-size?post=152451"},{"taxonomy":"package-size","embeddable":true,"href":"https:\/\/cukrowka.dev10.pro\/sk\/wp-json\/wp\/v2\/package-size?post=152451"},{"taxonomy":"content","embeddable":true,"href":"https:\/\/cukrowka.dev10.pro\/sk\/wp-json\/wp\/v2\/content?post=152451"},{"taxonomy":"product_cat","embeddable":true,"href":"https:\/\/cukrowka.dev10.pro\/sk\/wp-json\/wp\/v2\/product_cat?post=152451"},{"taxonomy":"product_tag","embeddable":true,"href":"https:\/\/cukrowka.dev10.pro\/sk\/wp-json\/wp\/v2\/product_tag?post=152451"}],"curies":[{"name":"wp","href":"https:\/\/api.w.org\/{rel}","templated":true}]}}