{"id":152334,"date":"2022-04-12T15:48:27","date_gmt":"2022-04-12T13:48:27","guid":{"rendered":"https:\/\/www.cukrowki.pl\/produkt\/perfektny-sposob-vyjadrenia-vdaky-krstnej-mame\/"},"modified":"2024-02-26T11:12:12","modified_gmt":"2024-02-26T10:12:12","slug":"perfektny-sposob-vyjadrenia-vdaky-krstnej-mame","status":"publish","type":"product","link":"https:\/\/cukrowka.dev10.pro\/sk\/produkt\/perfektny-sposob-vyjadrenia-vdaky-krstnej-mame\/","title":{"rendered":"Personalizovan\u00e1 bonboni\u00e9ra pre Krstn\u00fa mamu &#8211; vzor 33"},"content":[],"excerpt":{"rendered":"<p>Personalizovan\u00e1 bonboni\u00e9ra pre Krstn\u00fa mamu<\/p>\n","protected":false},"featured_media":60284,"comment_status":"open","ping_status":"closed","template":"","meta":{"_acf_changed":false,"inline_featured_image":false},"prod_collection":[1019],"number":[],"minimal-order":[],"expiration-date":[994],"storage":[995],"composition":[998],"taste":[1000],"note":[],"weight":[],"nutritional":[1001],"label-size":[],"product-size":[],"package-size":[],"product_cat":[976],"product_tag":[],"class_list":{"0":"post-152334","1":"product","2":"type-product","3":"status-publish","4":"has-post-thumbnail","6":"prod_collection-bombonierki-komunijne-sk","7":"expiration-date-6-miesiecy-sk","8":"storage-suche-a-zatienene-miesto","9":"composition-obycajny","10":"taste-mliecna","11":"nutritional-klasicke-sk","12":"product_cat-krovky-na-prve-sv-prijimanie","14":"first","15":"instock","16":"taxable","17":"shipping-taxable","18":"purchasable","19":"product-type-variable","20":"has-default-attributes"},"acf":[],"yoast_head":"<!-- This site is optimized with the Yoast SEO plugin v26.2 - https:\/\/yoast.com\/wordpress\/plugins\/seo\/ -->\n<title>Personalizovan\u00e1 bonboni\u00e9ra pre Krstn\u00fa mamu<\/title>\n<meta name=\"description\" content=\"Personalizovan\u00e1 bonboni\u00e9ra pre Krstn\u00fa mamu. Objednajte jedine\u010dn\u00fd dar\u010dek pre milovan\u00fa osobu v \u017eivote v\u00e1\u0161ho die\u0165a\u0165a!\" \/>\n<meta name=\"robots\" content=\"index, follow, max-snippet:-1, max-image-preview:large, max-video-preview:-1\" \/>\n<link rel=\"canonical\" href=\"https:\/\/cukrowka.dev10.pro\/sk\/produkt\/perfektny-sposob-vyjadrenia-vdaky-krstnej-mame\/\" \/>\n<meta property=\"og:locale\" content=\"sk_SK\" \/>\n<meta property=\"og:type\" content=\"article\" \/>\n<meta property=\"og:title\" content=\"Personalizovan\u00e1 bonboni\u00e9ra pre Krstn\u00fa mamu\" \/>\n<meta property=\"og:description\" content=\"Personalizovan\u00e1 bonboni\u00e9ra pre Krstn\u00fa mamu. Objednajte jedine\u010dn\u00fd dar\u010dek pre milovan\u00fa osobu v \u017eivote v\u00e1\u0161ho die\u0165a\u0165a!\" \/>\n<meta property=\"og:url\" content=\"https:\/\/cukrowka.dev10.pro\/sk\/produkt\/perfektny-sposob-vyjadrenia-vdaky-krstnej-mame\/\" \/>\n<meta property=\"og:site_name\" content=\"Wyj\u0105tkowe kr\u00f3wki z nadrukiem\" \/>\n<meta property=\"article:modified_time\" content=\"2024-02-26T10:12:12+00:00\" \/>\n<meta property=\"og:image\" content=\"https:\/\/cukrowka.dev10.pro\/wp-content\/uploads\/2022\/04\/bombonierka_komunia_7_mama_wiz-1-scaled.jpg\" \/>\n\t<meta property=\"og:image:width\" content=\"2560\" \/>\n\t<meta property=\"og:image:height\" content=\"2560\" \/>\n\t<meta property=\"og:image:type\" content=\"image\/jpeg\" \/>\n<meta name=\"twitter:card\" content=\"summary_large_image\" \/>\n<script type=\"application\/ld+json\" class=\"yoast-schema-graph\">{\"@context\":\"https:\/\/schema.org\",\"@graph\":[{\"@type\":\"WebPage\",\"@id\":\"https:\/\/cukrowka.dev10.pro\/sk\/produkt\/perfektny-sposob-vyjadrenia-vdaky-krstnej-mame\/\",\"url\":\"https:\/\/cukrowka.dev10.pro\/sk\/produkt\/perfektny-sposob-vyjadrenia-vdaky-krstnej-mame\/\",\"name\":\"Personalizovan\u00e1 bonboni\u00e9ra pre Krstn\u00fa mamu\",\"isPartOf\":{\"@id\":\"https:\/\/cukrowka.dev10.pro\/sk\/#website\"},\"primaryImageOfPage\":{\"@id\":\"https:\/\/cukrowka.dev10.pro\/sk\/produkt\/perfektny-sposob-vyjadrenia-vdaky-krstnej-mame\/#primaryimage\"},\"image\":{\"@id\":\"https:\/\/cukrowka.dev10.pro\/sk\/produkt\/perfektny-sposob-vyjadrenia-vdaky-krstnej-mame\/#primaryimage\"},\"thumbnailUrl\":\"https:\/\/cukrowka.dev10.pro\/wp-content\/uploads\/2022\/04\/bombonierka_komunia_7_mama_wiz-1-scaled.jpg\",\"datePublished\":\"2022-04-12T13:48:27+00:00\",\"dateModified\":\"2024-02-26T10:12:12+00:00\",\"description\":\"Personalizovan\u00e1 bonboni\u00e9ra pre Krstn\u00fa mamu. Objednajte jedine\u010dn\u00fd dar\u010dek pre milovan\u00fa osobu v \u017eivote v\u00e1\u0161ho die\u0165a\u0165a!\",\"breadcrumb\":{\"@id\":\"https:\/\/cukrowka.dev10.pro\/sk\/produkt\/perfektny-sposob-vyjadrenia-vdaky-krstnej-mame\/#breadcrumb\"},\"inLanguage\":\"sk-SK\",\"potentialAction\":[{\"@type\":\"ReadAction\",\"target\":[\"https:\/\/cukrowka.dev10.pro\/sk\/produkt\/perfektny-sposob-vyjadrenia-vdaky-krstnej-mame\/\"]}]},{\"@type\":\"ImageObject\",\"inLanguage\":\"sk-SK\",\"@id\":\"https:\/\/cukrowka.dev10.pro\/sk\/produkt\/perfektny-sposob-vyjadrenia-vdaky-krstnej-mame\/#primaryimage\",\"url\":\"https:\/\/cukrowka.dev10.pro\/wp-content\/uploads\/2022\/04\/bombonierka_komunia_7_mama_wiz-1-scaled.jpg\",\"contentUrl\":\"https:\/\/cukrowka.dev10.pro\/wp-content\/uploads\/2022\/04\/bombonierka_komunia_7_mama_wiz-1-scaled.jpg\",\"width\":2560,\"height\":2560,\"caption\":\"Personalizovan\u00e1 bonboni\u00e9ra pre Krstn\u00fa mamu\"},{\"@type\":\"BreadcrumbList\",\"@id\":\"https:\/\/cukrowka.dev10.pro\/sk\/produkt\/perfektny-sposob-vyjadrenia-vdaky-krstnej-mame\/#breadcrumb\",\"itemListElement\":[{\"@type\":\"ListItem\",\"position\":1,\"name\":\"Strona g\u0142\u00f3wna\",\"item\":\"https:\/\/cukrowka.dev10.pro\/sk\/\"},{\"@type\":\"ListItem\",\"position\":2,\"name\":\"Shop\",\"item\":\"https:\/\/cukrowka.dev10.pro\/sk\/shop\/\"},{\"@type\":\"ListItem\",\"position\":3,\"name\":\"Personalizovan\u00e1 bonboni\u00e9ra pre Krstn\u00fa mamu &#8211; vzor 33\"}]},{\"@type\":\"WebSite\",\"@id\":\"https:\/\/cukrowka.dev10.pro\/sk\/#website\",\"url\":\"https:\/\/cukrowka.dev10.pro\/sk\/\",\"name\":\"Wyj\u0105tkowe kr\u00f3wki z nadrukiem\",\"description\":\"reklamowe oraz \u015blubne\",\"publisher\":{\"@id\":\"https:\/\/cukrowka.dev10.pro\/sk\/#organization\"},\"potentialAction\":[{\"@type\":\"SearchAction\",\"target\":{\"@type\":\"EntryPoint\",\"urlTemplate\":\"https:\/\/cukrowka.dev10.pro\/sk\/?s={search_term_string}\"},\"query-input\":{\"@type\":\"PropertyValueSpecification\",\"valueRequired\":true,\"valueName\":\"search_term_string\"}}],\"inLanguage\":\"sk-SK\"},{\"@type\":\"Organization\",\"@id\":\"https:\/\/cukrowka.dev10.pro\/sk\/#organization\",\"name\":\"Wyj\u0105tkowe kr\u00f3wki z nadrukiem\",\"url\":\"https:\/\/cukrowka.dev10.pro\/sk\/\",\"logo\":{\"@type\":\"ImageObject\",\"inLanguage\":\"sk-SK\",\"@id\":\"https:\/\/cukrowka.dev10.pro\/sk\/#\/schema\/logo\/image\/\",\"url\":\"https:\/\/www.cukrowki.pl\/wp-content\/uploads\/2020\/02\/logo.png\",\"contentUrl\":\"https:\/\/www.cukrowki.pl\/wp-content\/uploads\/2020\/02\/logo.png\",\"width\":220,\"height\":169,\"caption\":\"Wyj\u0105tkowe kr\u00f3wki z nadrukiem\"},\"image\":{\"@id\":\"https:\/\/cukrowka.dev10.pro\/sk\/#\/schema\/logo\/image\/\"}}]}<\/script>\n<!-- \/ Yoast SEO plugin. -->","yoast_head_json":{"title":"Personalizovan\u00e1 bonboni\u00e9ra pre Krstn\u00fa mamu","description":"Personalizovan\u00e1 bonboni\u00e9ra pre Krstn\u00fa mamu. Objednajte jedine\u010dn\u00fd dar\u010dek pre milovan\u00fa osobu v \u017eivote v\u00e1\u0161ho die\u0165a\u0165a!","robots":{"index":"index","follow":"follow","max-snippet":"max-snippet:-1","max-image-preview":"max-image-preview:large","max-video-preview":"max-video-preview:-1"},"canonical":"https:\/\/cukrowka.dev10.pro\/sk\/produkt\/perfektny-sposob-vyjadrenia-vdaky-krstnej-mame\/","og_locale":"sk_SK","og_type":"article","og_title":"Personalizovan\u00e1 bonboni\u00e9ra pre Krstn\u00fa mamu","og_description":"Personalizovan\u00e1 bonboni\u00e9ra pre Krstn\u00fa mamu. Objednajte jedine\u010dn\u00fd dar\u010dek pre milovan\u00fa osobu v \u017eivote v\u00e1\u0161ho die\u0165a\u0165a!","og_url":"https:\/\/cukrowka.dev10.pro\/sk\/produkt\/perfektny-sposob-vyjadrenia-vdaky-krstnej-mame\/","og_site_name":"Wyj\u0105tkowe kr\u00f3wki z nadrukiem","article_modified_time":"2024-02-26T10:12:12+00:00","og_image":[{"width":2560,"height":2560,"url":"https:\/\/cukrowka.dev10.pro\/wp-content\/uploads\/2022\/04\/bombonierka_komunia_7_mama_wiz-1-scaled.jpg","type":"image\/jpeg"}],"twitter_card":"summary_large_image","schema":{"@context":"https:\/\/schema.org","@graph":[{"@type":"WebPage","@id":"https:\/\/cukrowka.dev10.pro\/sk\/produkt\/perfektny-sposob-vyjadrenia-vdaky-krstnej-mame\/","url":"https:\/\/cukrowka.dev10.pro\/sk\/produkt\/perfektny-sposob-vyjadrenia-vdaky-krstnej-mame\/","name":"Personalizovan\u00e1 bonboni\u00e9ra pre Krstn\u00fa mamu","isPartOf":{"@id":"https:\/\/cukrowka.dev10.pro\/sk\/#website"},"primaryImageOfPage":{"@id":"https:\/\/cukrowka.dev10.pro\/sk\/produkt\/perfektny-sposob-vyjadrenia-vdaky-krstnej-mame\/#primaryimage"},"image":{"@id":"https:\/\/cukrowka.dev10.pro\/sk\/produkt\/perfektny-sposob-vyjadrenia-vdaky-krstnej-mame\/#primaryimage"},"thumbnailUrl":"https:\/\/cukrowka.dev10.pro\/wp-content\/uploads\/2022\/04\/bombonierka_komunia_7_mama_wiz-1-scaled.jpg","datePublished":"2022-04-12T13:48:27+00:00","dateModified":"2024-02-26T10:12:12+00:00","description":"Personalizovan\u00e1 bonboni\u00e9ra pre Krstn\u00fa mamu. Objednajte jedine\u010dn\u00fd dar\u010dek pre milovan\u00fa osobu v \u017eivote v\u00e1\u0161ho die\u0165a\u0165a!","breadcrumb":{"@id":"https:\/\/cukrowka.dev10.pro\/sk\/produkt\/perfektny-sposob-vyjadrenia-vdaky-krstnej-mame\/#breadcrumb"},"inLanguage":"sk-SK","potentialAction":[{"@type":"ReadAction","target":["https:\/\/cukrowka.dev10.pro\/sk\/produkt\/perfektny-sposob-vyjadrenia-vdaky-krstnej-mame\/"]}]},{"@type":"ImageObject","inLanguage":"sk-SK","@id":"https:\/\/cukrowka.dev10.pro\/sk\/produkt\/perfektny-sposob-vyjadrenia-vdaky-krstnej-mame\/#primaryimage","url":"https:\/\/cukrowka.dev10.pro\/wp-content\/uploads\/2022\/04\/bombonierka_komunia_7_mama_wiz-1-scaled.jpg","contentUrl":"https:\/\/cukrowka.dev10.pro\/wp-content\/uploads\/2022\/04\/bombonierka_komunia_7_mama_wiz-1-scaled.jpg","width":2560,"height":2560,"caption":"Personalizovan\u00e1 bonboni\u00e9ra pre Krstn\u00fa mamu"},{"@type":"BreadcrumbList","@id":"https:\/\/cukrowka.dev10.pro\/sk\/produkt\/perfektny-sposob-vyjadrenia-vdaky-krstnej-mame\/#breadcrumb","itemListElement":[{"@type":"ListItem","position":1,"name":"Strona g\u0142\u00f3wna","item":"https:\/\/cukrowka.dev10.pro\/sk\/"},{"@type":"ListItem","position":2,"name":"Shop","item":"https:\/\/cukrowka.dev10.pro\/sk\/shop\/"},{"@type":"ListItem","position":3,"name":"Personalizovan\u00e1 bonboni\u00e9ra pre Krstn\u00fa mamu &#8211; vzor 33"}]},{"@type":"WebSite","@id":"https:\/\/cukrowka.dev10.pro\/sk\/#website","url":"https:\/\/cukrowka.dev10.pro\/sk\/","name":"Wyj\u0105tkowe kr\u00f3wki z nadrukiem","description":"reklamowe oraz \u015blubne","publisher":{"@id":"https:\/\/cukrowka.dev10.pro\/sk\/#organization"},"potentialAction":[{"@type":"SearchAction","target":{"@type":"EntryPoint","urlTemplate":"https:\/\/cukrowka.dev10.pro\/sk\/?s={search_term_string}"},"query-input":{"@type":"PropertyValueSpecification","valueRequired":true,"valueName":"search_term_string"}}],"inLanguage":"sk-SK"},{"@type":"Organization","@id":"https:\/\/cukrowka.dev10.pro\/sk\/#organization","name":"Wyj\u0105tkowe kr\u00f3wki z nadrukiem","url":"https:\/\/cukrowka.dev10.pro\/sk\/","logo":{"@type":"ImageObject","inLanguage":"sk-SK","@id":"https:\/\/cukrowka.dev10.pro\/sk\/#\/schema\/logo\/image\/","url":"https:\/\/www.cukrowki.pl\/wp-content\/uploads\/2020\/02\/logo.png","contentUrl":"https:\/\/www.cukrowki.pl\/wp-content\/uploads\/2020\/02\/logo.png","width":220,"height":169,"caption":"Wyj\u0105tkowe kr\u00f3wki z nadrukiem"},"image":{"@id":"https:\/\/cukrowka.dev10.pro\/sk\/#\/schema\/logo\/image\/"}}]}},"_links":{"self":[{"href":"https:\/\/cukrowka.dev10.pro\/sk\/wp-json\/wp\/v2\/product\/152334","targetHints":{"allow":["GET"]}}],"collection":[{"href":"https:\/\/cukrowka.dev10.pro\/sk\/wp-json\/wp\/v2\/product"}],"about":[{"href":"https:\/\/cukrowka.dev10.pro\/sk\/wp-json\/wp\/v2\/types\/product"}],"replies":[{"embeddable":true,"href":"https:\/\/cukrowka.dev10.pro\/sk\/wp-json\/wp\/v2\/comments?post=152334"}],"wp:featuredmedia":[{"embeddable":true,"href":"https:\/\/cukrowka.dev10.pro\/sk\/wp-json\/wp\/v2\/media\/60284"}],"wp:attachment":[{"href":"https:\/\/cukrowka.dev10.pro\/sk\/wp-json\/wp\/v2\/media?parent=152334"}],"wp:term":[{"taxonomy":"prod_collection","embeddable":true,"href":"https:\/\/cukrowka.dev10.pro\/sk\/wp-json\/wp\/v2\/prod_collection?post=152334"},{"taxonomy":"number","embeddable":true,"href":"https:\/\/cukrowka.dev10.pro\/sk\/wp-json\/wp\/v2\/number?post=152334"},{"taxonomy":"minimal-order","embeddable":true,"href":"https:\/\/cukrowka.dev10.pro\/sk\/wp-json\/wp\/v2\/minimal-order?post=152334"},{"taxonomy":"expiration-date","embeddable":true,"href":"https:\/\/cukrowka.dev10.pro\/sk\/wp-json\/wp\/v2\/expiration-date?post=152334"},{"taxonomy":"storage","embeddable":true,"href":"https:\/\/cukrowka.dev10.pro\/sk\/wp-json\/wp\/v2\/storage?post=152334"},{"taxonomy":"composition","embeddable":true,"href":"https:\/\/cukrowka.dev10.pro\/sk\/wp-json\/wp\/v2\/composition?post=152334"},{"taxonomy":"taste","embeddable":true,"href":"https:\/\/cukrowka.dev10.pro\/sk\/wp-json\/wp\/v2\/taste?post=152334"},{"taxonomy":"note","embeddable":true,"href":"https:\/\/cukrowka.dev10.pro\/sk\/wp-json\/wp\/v2\/note?post=152334"},{"taxonomy":"weight","embeddable":true,"href":"https:\/\/cukrowka.dev10.pro\/sk\/wp-json\/wp\/v2\/weight?post=152334"},{"taxonomy":"nutritional","embeddable":true,"href":"https:\/\/cukrowka.dev10.pro\/sk\/wp-json\/wp\/v2\/nutritional?post=152334"},{"taxonomy":"label-size","embeddable":true,"href":"https:\/\/cukrowka.dev10.pro\/sk\/wp-json\/wp\/v2\/label-size?post=152334"},{"taxonomy":"product-size","embeddable":true,"href":"https:\/\/cukrowka.dev10.pro\/sk\/wp-json\/wp\/v2\/product-size?post=152334"},{"taxonomy":"package-size","embeddable":true,"href":"https:\/\/cukrowka.dev10.pro\/sk\/wp-json\/wp\/v2\/package-size?post=152334"},{"taxonomy":"content","embeddable":true,"href":"https:\/\/cukrowka.dev10.pro\/sk\/wp-json\/wp\/v2\/content?post=152334"},{"taxonomy":"product_cat","embeddable":true,"href":"https:\/\/cukrowka.dev10.pro\/sk\/wp-json\/wp\/v2\/product_cat?post=152334"},{"taxonomy":"product_tag","embeddable":true,"href":"https:\/\/cukrowka.dev10.pro\/sk\/wp-json\/wp\/v2\/product_tag?post=152334"}],"curies":[{"name":"wp","href":"https:\/\/api.w.org\/{rel}","templated":true}]}}