{"id":150454,"date":"2023-01-25T10:59:26","date_gmt":"2023-01-25T09:59:26","guid":{"rendered":"https:\/\/www.cukrowki.pl\/produkt\/tvoj-jedinecny-dizajn-pre-narodeninovy-darcek\/"},"modified":"2024-02-08T20:59:02","modified_gmt":"2024-02-08T19:59:02","slug":"tvoj-jedinecny-dizajn-pre-narodeninovy-darcek","status":"publish","type":"product","link":"https:\/\/cukrowka.dev10.pro\/sk\/produkt\/tvoj-jedinecny-dizajn-pre-narodeninovy-darcek\/","title":{"rendered":"Narodeninov\u00e1 bonboni\u00e9ra &#8211; Tvoj dizajn!"},"content":[],"excerpt":{"rendered":"<p>Narodeninov\u00e1 bonboni\u00e9ra s Tvoj\u00edm dizajnom &#8211; <span class=\"HwtZe\" lang=\"sk\"><span class=\"jCAhz ChMk0b\"><span class=\"ryNqvb\">osved\u010den\u00fd tip na dar\u010dek<\/span><\/span><\/span><\/p>\n","protected":false},"featured_media":108450,"comment_status":"open","ping_status":"closed","template":"","meta":{"_acf_changed":false,"inline_featured_image":false},"prod_collection":[1023,1022],"number":[],"minimal-order":[],"expiration-date":[],"storage":[],"composition":[],"taste":[],"note":[],"weight":[],"nutritional":[],"label-size":[],"product-size":[],"package-size":[],"product_cat":[977],"product_tag":[],"class_list":{"0":"post-150454","1":"product","2":"type-product","3":"status-publish","4":"has-post-thumbnail","6":"prod_collection-bombonierki-sk","7":"prod_collection-bombonierki-urodzinowe-sk","8":"product_cat-narodeninove-krovky","10":"first","11":"instock","12":"taxable","13":"shipping-taxable","14":"purchasable","15":"product-type-simple"},"acf":[],"yoast_head":"<!-- This site is optimized with the Yoast SEO plugin v26.2 - https:\/\/yoast.com\/wordpress\/plugins\/seo\/ -->\n<title>Narodeninov\u00e1 bonboni\u00e9ra - n\u00e1pad \/ tip na personalizovan\u00fd dar\u010dek<\/title>\n<meta name=\"description\" content=\"Narodeninov\u00e1 bonboni\u00e9ra s Tvoj\u00edm vlastn\u00fdm dizajnom. Prekvapte obdarovan\u00e9ho. Objednajte sladk\u00fd dar\u010dek s Tvoj\u00edm dizajnom.\" \/>\n<meta name=\"robots\" content=\"index, follow, max-snippet:-1, max-image-preview:large, max-video-preview:-1\" \/>\n<link rel=\"canonical\" href=\"https:\/\/cukrowka.dev10.pro\/sk\/produkt\/tvoj-jedinecny-dizajn-pre-narodeninovy-darcek\/\" \/>\n<meta property=\"og:locale\" content=\"sk_SK\" \/>\n<meta property=\"og:type\" content=\"article\" \/>\n<meta property=\"og:title\" content=\"Narodeninov\u00e1 bonboni\u00e9ra - n\u00e1pad \/ tip na personalizovan\u00fd dar\u010dek\" \/>\n<meta property=\"og:description\" content=\"Narodeninov\u00e1 bonboni\u00e9ra s Tvoj\u00edm vlastn\u00fdm dizajnom. Prekvapte obdarovan\u00e9ho. Objednajte sladk\u00fd dar\u010dek s Tvoj\u00edm dizajnom.\" \/>\n<meta property=\"og:url\" content=\"https:\/\/cukrowka.dev10.pro\/sk\/produkt\/tvoj-jedinecny-dizajn-pre-narodeninovy-darcek\/\" \/>\n<meta property=\"og:site_name\" content=\"Wyj\u0105tkowe kr\u00f3wki z nadrukiem\" \/>\n<meta property=\"article:modified_time\" content=\"2024-02-08T19:59:02+00:00\" \/>\n<meta property=\"og:image\" content=\"https:\/\/cukrowka.dev10.pro\/wp-content\/uploads\/2024\/04\/bombonierka_twoj-projekt-wiz-1-scaled.jpg\" \/>\n\t<meta property=\"og:image:width\" content=\"2560\" \/>\n\t<meta property=\"og:image:height\" content=\"2560\" \/>\n\t<meta property=\"og:image:type\" content=\"image\/jpeg\" \/>\n<meta name=\"twitter:card\" content=\"summary_large_image\" \/>\n<meta name=\"twitter:label1\" content=\"Predpokladan\u00fd \u010das \u010d\u00edtania\" \/>\n\t<meta name=\"twitter:data1\" content=\"1 min\u00fata\" \/>\n<script type=\"application\/ld+json\" class=\"yoast-schema-graph\">{\"@context\":\"https:\/\/schema.org\",\"@graph\":[{\"@type\":\"WebPage\",\"@id\":\"https:\/\/cukrowka.dev10.pro\/sk\/produkt\/tvoj-jedinecny-dizajn-pre-narodeninovy-darcek\/\",\"url\":\"https:\/\/cukrowka.dev10.pro\/sk\/produkt\/tvoj-jedinecny-dizajn-pre-narodeninovy-darcek\/\",\"name\":\"Narodeninov\u00e1 bonboni\u00e9ra - n\u00e1pad \/ tip na personalizovan\u00fd dar\u010dek\",\"isPartOf\":{\"@id\":\"https:\/\/cukrowka.dev10.pro\/sk\/#website\"},\"primaryImageOfPage\":{\"@id\":\"https:\/\/cukrowka.dev10.pro\/sk\/produkt\/tvoj-jedinecny-dizajn-pre-narodeninovy-darcek\/#primaryimage\"},\"image\":{\"@id\":\"https:\/\/cukrowka.dev10.pro\/sk\/produkt\/tvoj-jedinecny-dizajn-pre-narodeninovy-darcek\/#primaryimage\"},\"thumbnailUrl\":\"https:\/\/cukrowka.dev10.pro\/wp-content\/uploads\/2024\/04\/bombonierka_twoj-projekt-wiz-1-scaled.jpg\",\"datePublished\":\"2023-01-25T09:59:26+00:00\",\"dateModified\":\"2024-02-08T19:59:02+00:00\",\"description\":\"Narodeninov\u00e1 bonboni\u00e9ra s Tvoj\u00edm vlastn\u00fdm dizajnom. Prekvapte obdarovan\u00e9ho. Objednajte sladk\u00fd dar\u010dek s Tvoj\u00edm dizajnom.\",\"breadcrumb\":{\"@id\":\"https:\/\/cukrowka.dev10.pro\/sk\/produkt\/tvoj-jedinecny-dizajn-pre-narodeninovy-darcek\/#breadcrumb\"},\"inLanguage\":\"sk-SK\",\"potentialAction\":[{\"@type\":\"ReadAction\",\"target\":[\"https:\/\/cukrowka.dev10.pro\/sk\/produkt\/tvoj-jedinecny-dizajn-pre-narodeninovy-darcek\/\"]}]},{\"@type\":\"ImageObject\",\"inLanguage\":\"sk-SK\",\"@id\":\"https:\/\/cukrowka.dev10.pro\/sk\/produkt\/tvoj-jedinecny-dizajn-pre-narodeninovy-darcek\/#primaryimage\",\"url\":\"https:\/\/cukrowka.dev10.pro\/wp-content\/uploads\/2024\/04\/bombonierka_twoj-projekt-wiz-1-scaled.jpg\",\"contentUrl\":\"https:\/\/cukrowka.dev10.pro\/wp-content\/uploads\/2024\/04\/bombonierka_twoj-projekt-wiz-1-scaled.jpg\",\"width\":2560,\"height\":2560,\"caption\":\"Bonboni\u00e9ra Tvoj dizajn\"},{\"@type\":\"BreadcrumbList\",\"@id\":\"https:\/\/cukrowka.dev10.pro\/sk\/produkt\/tvoj-jedinecny-dizajn-pre-narodeninovy-darcek\/#breadcrumb\",\"itemListElement\":[{\"@type\":\"ListItem\",\"position\":1,\"name\":\"Strona g\u0142\u00f3wna\",\"item\":\"https:\/\/cukrowka.dev10.pro\/sk\/\"},{\"@type\":\"ListItem\",\"position\":2,\"name\":\"Shop\",\"item\":\"https:\/\/cukrowka.dev10.pro\/sk\/shop\/\"},{\"@type\":\"ListItem\",\"position\":3,\"name\":\"Narodeninov\u00e1 bonboni\u00e9ra &#8211; Tvoj dizajn!\"}]},{\"@type\":\"WebSite\",\"@id\":\"https:\/\/cukrowka.dev10.pro\/sk\/#website\",\"url\":\"https:\/\/cukrowka.dev10.pro\/sk\/\",\"name\":\"Wyj\u0105tkowe kr\u00f3wki z nadrukiem\",\"description\":\"reklamowe oraz \u015blubne\",\"publisher\":{\"@id\":\"https:\/\/cukrowka.dev10.pro\/sk\/#organization\"},\"potentialAction\":[{\"@type\":\"SearchAction\",\"target\":{\"@type\":\"EntryPoint\",\"urlTemplate\":\"https:\/\/cukrowka.dev10.pro\/sk\/?s={search_term_string}\"},\"query-input\":{\"@type\":\"PropertyValueSpecification\",\"valueRequired\":true,\"valueName\":\"search_term_string\"}}],\"inLanguage\":\"sk-SK\"},{\"@type\":\"Organization\",\"@id\":\"https:\/\/cukrowka.dev10.pro\/sk\/#organization\",\"name\":\"Wyj\u0105tkowe kr\u00f3wki z nadrukiem\",\"url\":\"https:\/\/cukrowka.dev10.pro\/sk\/\",\"logo\":{\"@type\":\"ImageObject\",\"inLanguage\":\"sk-SK\",\"@id\":\"https:\/\/cukrowka.dev10.pro\/sk\/#\/schema\/logo\/image\/\",\"url\":\"https:\/\/www.cukrowki.pl\/wp-content\/uploads\/2020\/02\/logo.png\",\"contentUrl\":\"https:\/\/www.cukrowki.pl\/wp-content\/uploads\/2020\/02\/logo.png\",\"width\":220,\"height\":169,\"caption\":\"Wyj\u0105tkowe kr\u00f3wki z nadrukiem\"},\"image\":{\"@id\":\"https:\/\/cukrowka.dev10.pro\/sk\/#\/schema\/logo\/image\/\"}}]}<\/script>\n<!-- \/ Yoast SEO plugin. -->","yoast_head_json":{"title":"Narodeninov\u00e1 bonboni\u00e9ra - n\u00e1pad \/ tip na personalizovan\u00fd dar\u010dek","description":"Narodeninov\u00e1 bonboni\u00e9ra s Tvoj\u00edm vlastn\u00fdm dizajnom. Prekvapte obdarovan\u00e9ho. Objednajte sladk\u00fd dar\u010dek s Tvoj\u00edm dizajnom.","robots":{"index":"index","follow":"follow","max-snippet":"max-snippet:-1","max-image-preview":"max-image-preview:large","max-video-preview":"max-video-preview:-1"},"canonical":"https:\/\/cukrowka.dev10.pro\/sk\/produkt\/tvoj-jedinecny-dizajn-pre-narodeninovy-darcek\/","og_locale":"sk_SK","og_type":"article","og_title":"Narodeninov\u00e1 bonboni\u00e9ra - n\u00e1pad \/ tip na personalizovan\u00fd dar\u010dek","og_description":"Narodeninov\u00e1 bonboni\u00e9ra s Tvoj\u00edm vlastn\u00fdm dizajnom. Prekvapte obdarovan\u00e9ho. Objednajte sladk\u00fd dar\u010dek s Tvoj\u00edm dizajnom.","og_url":"https:\/\/cukrowka.dev10.pro\/sk\/produkt\/tvoj-jedinecny-dizajn-pre-narodeninovy-darcek\/","og_site_name":"Wyj\u0105tkowe kr\u00f3wki z nadrukiem","article_modified_time":"2024-02-08T19:59:02+00:00","og_image":[{"width":2560,"height":2560,"url":"https:\/\/cukrowka.dev10.pro\/wp-content\/uploads\/2024\/04\/bombonierka_twoj-projekt-wiz-1-scaled.jpg","type":"image\/jpeg"}],"twitter_card":"summary_large_image","twitter_misc":{"Predpokladan\u00fd \u010das \u010d\u00edtania":"1 min\u00fata"},"schema":{"@context":"https:\/\/schema.org","@graph":[{"@type":"WebPage","@id":"https:\/\/cukrowka.dev10.pro\/sk\/produkt\/tvoj-jedinecny-dizajn-pre-narodeninovy-darcek\/","url":"https:\/\/cukrowka.dev10.pro\/sk\/produkt\/tvoj-jedinecny-dizajn-pre-narodeninovy-darcek\/","name":"Narodeninov\u00e1 bonboni\u00e9ra - n\u00e1pad \/ tip na personalizovan\u00fd dar\u010dek","isPartOf":{"@id":"https:\/\/cukrowka.dev10.pro\/sk\/#website"},"primaryImageOfPage":{"@id":"https:\/\/cukrowka.dev10.pro\/sk\/produkt\/tvoj-jedinecny-dizajn-pre-narodeninovy-darcek\/#primaryimage"},"image":{"@id":"https:\/\/cukrowka.dev10.pro\/sk\/produkt\/tvoj-jedinecny-dizajn-pre-narodeninovy-darcek\/#primaryimage"},"thumbnailUrl":"https:\/\/cukrowka.dev10.pro\/wp-content\/uploads\/2024\/04\/bombonierka_twoj-projekt-wiz-1-scaled.jpg","datePublished":"2023-01-25T09:59:26+00:00","dateModified":"2024-02-08T19:59:02+00:00","description":"Narodeninov\u00e1 bonboni\u00e9ra s Tvoj\u00edm vlastn\u00fdm dizajnom. Prekvapte obdarovan\u00e9ho. Objednajte sladk\u00fd dar\u010dek s Tvoj\u00edm dizajnom.","breadcrumb":{"@id":"https:\/\/cukrowka.dev10.pro\/sk\/produkt\/tvoj-jedinecny-dizajn-pre-narodeninovy-darcek\/#breadcrumb"},"inLanguage":"sk-SK","potentialAction":[{"@type":"ReadAction","target":["https:\/\/cukrowka.dev10.pro\/sk\/produkt\/tvoj-jedinecny-dizajn-pre-narodeninovy-darcek\/"]}]},{"@type":"ImageObject","inLanguage":"sk-SK","@id":"https:\/\/cukrowka.dev10.pro\/sk\/produkt\/tvoj-jedinecny-dizajn-pre-narodeninovy-darcek\/#primaryimage","url":"https:\/\/cukrowka.dev10.pro\/wp-content\/uploads\/2024\/04\/bombonierka_twoj-projekt-wiz-1-scaled.jpg","contentUrl":"https:\/\/cukrowka.dev10.pro\/wp-content\/uploads\/2024\/04\/bombonierka_twoj-projekt-wiz-1-scaled.jpg","width":2560,"height":2560,"caption":"Bonboni\u00e9ra Tvoj dizajn"},{"@type":"BreadcrumbList","@id":"https:\/\/cukrowka.dev10.pro\/sk\/produkt\/tvoj-jedinecny-dizajn-pre-narodeninovy-darcek\/#breadcrumb","itemListElement":[{"@type":"ListItem","position":1,"name":"Strona g\u0142\u00f3wna","item":"https:\/\/cukrowka.dev10.pro\/sk\/"},{"@type":"ListItem","position":2,"name":"Shop","item":"https:\/\/cukrowka.dev10.pro\/sk\/shop\/"},{"@type":"ListItem","position":3,"name":"Narodeninov\u00e1 bonboni\u00e9ra &#8211; Tvoj dizajn!"}]},{"@type":"WebSite","@id":"https:\/\/cukrowka.dev10.pro\/sk\/#website","url":"https:\/\/cukrowka.dev10.pro\/sk\/","name":"Wyj\u0105tkowe kr\u00f3wki z nadrukiem","description":"reklamowe oraz \u015blubne","publisher":{"@id":"https:\/\/cukrowka.dev10.pro\/sk\/#organization"},"potentialAction":[{"@type":"SearchAction","target":{"@type":"EntryPoint","urlTemplate":"https:\/\/cukrowka.dev10.pro\/sk\/?s={search_term_string}"},"query-input":{"@type":"PropertyValueSpecification","valueRequired":true,"valueName":"search_term_string"}}],"inLanguage":"sk-SK"},{"@type":"Organization","@id":"https:\/\/cukrowka.dev10.pro\/sk\/#organization","name":"Wyj\u0105tkowe kr\u00f3wki z nadrukiem","url":"https:\/\/cukrowka.dev10.pro\/sk\/","logo":{"@type":"ImageObject","inLanguage":"sk-SK","@id":"https:\/\/cukrowka.dev10.pro\/sk\/#\/schema\/logo\/image\/","url":"https:\/\/www.cukrowki.pl\/wp-content\/uploads\/2020\/02\/logo.png","contentUrl":"https:\/\/www.cukrowki.pl\/wp-content\/uploads\/2020\/02\/logo.png","width":220,"height":169,"caption":"Wyj\u0105tkowe kr\u00f3wki z nadrukiem"},"image":{"@id":"https:\/\/cukrowka.dev10.pro\/sk\/#\/schema\/logo\/image\/"}}]}},"_links":{"self":[{"href":"https:\/\/cukrowka.dev10.pro\/sk\/wp-json\/wp\/v2\/product\/150454","targetHints":{"allow":["GET"]}}],"collection":[{"href":"https:\/\/cukrowka.dev10.pro\/sk\/wp-json\/wp\/v2\/product"}],"about":[{"href":"https:\/\/cukrowka.dev10.pro\/sk\/wp-json\/wp\/v2\/types\/product"}],"replies":[{"embeddable":true,"href":"https:\/\/cukrowka.dev10.pro\/sk\/wp-json\/wp\/v2\/comments?post=150454"}],"wp:featuredmedia":[{"embeddable":true,"href":"https:\/\/cukrowka.dev10.pro\/sk\/wp-json\/wp\/v2\/media\/108450"}],"wp:attachment":[{"href":"https:\/\/cukrowka.dev10.pro\/sk\/wp-json\/wp\/v2\/media?parent=150454"}],"wp:term":[{"taxonomy":"prod_collection","embeddable":true,"href":"https:\/\/cukrowka.dev10.pro\/sk\/wp-json\/wp\/v2\/prod_collection?post=150454"},{"taxonomy":"number","embeddable":true,"href":"https:\/\/cukrowka.dev10.pro\/sk\/wp-json\/wp\/v2\/number?post=150454"},{"taxonomy":"minimal-order","embeddable":true,"href":"https:\/\/cukrowka.dev10.pro\/sk\/wp-json\/wp\/v2\/minimal-order?post=150454"},{"taxonomy":"expiration-date","embeddable":true,"href":"https:\/\/cukrowka.dev10.pro\/sk\/wp-json\/wp\/v2\/expiration-date?post=150454"},{"taxonomy":"storage","embeddable":true,"href":"https:\/\/cukrowka.dev10.pro\/sk\/wp-json\/wp\/v2\/storage?post=150454"},{"taxonomy":"composition","embeddable":true,"href":"https:\/\/cukrowka.dev10.pro\/sk\/wp-json\/wp\/v2\/composition?post=150454"},{"taxonomy":"taste","embeddable":true,"href":"https:\/\/cukrowka.dev10.pro\/sk\/wp-json\/wp\/v2\/taste?post=150454"},{"taxonomy":"note","embeddable":true,"href":"https:\/\/cukrowka.dev10.pro\/sk\/wp-json\/wp\/v2\/note?post=150454"},{"taxonomy":"weight","embeddable":true,"href":"https:\/\/cukrowka.dev10.pro\/sk\/wp-json\/wp\/v2\/weight?post=150454"},{"taxonomy":"nutritional","embeddable":true,"href":"https:\/\/cukrowka.dev10.pro\/sk\/wp-json\/wp\/v2\/nutritional?post=150454"},{"taxonomy":"label-size","embeddable":true,"href":"https:\/\/cukrowka.dev10.pro\/sk\/wp-json\/wp\/v2\/label-size?post=150454"},{"taxonomy":"product-size","embeddable":true,"href":"https:\/\/cukrowka.dev10.pro\/sk\/wp-json\/wp\/v2\/product-size?post=150454"},{"taxonomy":"package-size","embeddable":true,"href":"https:\/\/cukrowka.dev10.pro\/sk\/wp-json\/wp\/v2\/package-size?post=150454"},{"taxonomy":"content","embeddable":true,"href":"https:\/\/cukrowka.dev10.pro\/sk\/wp-json\/wp\/v2\/content?post=150454"},{"taxonomy":"product_cat","embeddable":true,"href":"https:\/\/cukrowka.dev10.pro\/sk\/wp-json\/wp\/v2\/product_cat?post=150454"},{"taxonomy":"product_tag","embeddable":true,"href":"https:\/\/cukrowka.dev10.pro\/sk\/wp-json\/wp\/v2\/product_tag?post=150454"}],"curies":[{"name":"wp","href":"https:\/\/api.w.org\/{rel}","templated":true}]}}