{"id":150251,"date":"2023-01-12T13:33:22","date_gmt":"2023-01-12T12:33:22","guid":{"rendered":"https:\/\/www.cukrowki.pl\/produkt\/personalizovany-narodeninovy-darcek\/"},"modified":"2024-02-07T11:25:54","modified_gmt":"2024-02-07T10:25:54","slug":"personalizovany-narodeninovy-darcek","status":"publish","type":"product","link":"https:\/\/cukrowka.dev10.pro\/sk\/produkt\/personalizovany-narodeninovy-darcek\/","title":{"rendered":"Bonboni\u00e9ra s narodeninov\u00fdmi krovkami &#8211; vzor 26"},"content":[],"excerpt":{"rendered":"<p>Bonboni\u00e9ra s narodeninov\u00fdmi krovkami &#8211; sladk\u00fd dar\u010dek pre bl\u00edzku osobu!<\/p>\n","protected":false},"featured_media":107949,"comment_status":"open","ping_status":"closed","template":"","meta":{"_acf_changed":false,"inline_featured_image":false},"prod_collection":[1022],"number":[],"minimal-order":[],"expiration-date":[],"storage":[],"composition":[],"taste":[],"note":[],"weight":[],"nutritional":[],"label-size":[],"product-size":[],"package-size":[],"product_cat":[977],"product_tag":[],"class_list":{"0":"post-150251","1":"product","2":"type-product","3":"status-publish","4":"has-post-thumbnail","6":"prod_collection-bombonierki-urodzinowe-sk","7":"product_cat-narodeninove-krovky","9":"first","10":"instock","11":"taxable","12":"shipping-taxable","13":"purchasable","14":"product-type-variable","15":"has-default-attributes"},"acf":[],"yoast_head":"<!-- This site is optimized with the Yoast SEO plugin v26.2 - https:\/\/yoast.com\/wordpress\/plugins\/seo\/ -->\n<title>Bonboni\u00e9ra s narodeninov\u00fdmi krovkami. Vyberte si jedine\u010dn\u00fd dar\u010dek!<\/title>\n<meta name=\"description\" content=\"Bonboni\u00e9ra s narodeninov\u00fdmi krovkami - skvel\u00fd n\u00e1pad na dar\u010dek. Urobte rados\u0165 svojmu bl\u00edzkemu. Ne\u010dakajte! Objednajte si teraz!!\" \/>\n<meta name=\"robots\" content=\"index, follow, max-snippet:-1, max-image-preview:large, max-video-preview:-1\" \/>\n<link rel=\"canonical\" href=\"https:\/\/cukrowka.dev10.pro\/sk\/produkt\/personalizovany-narodeninovy-darcek\/\" \/>\n<meta property=\"og:locale\" content=\"sk_SK\" \/>\n<meta property=\"og:type\" content=\"article\" \/>\n<meta property=\"og:title\" content=\"Bonboni\u00e9ra s narodeninov\u00fdmi krovkami. Vyberte si jedine\u010dn\u00fd dar\u010dek!\" \/>\n<meta property=\"og:description\" content=\"Bonboni\u00e9ra s narodeninov\u00fdmi krovkami - skvel\u00fd n\u00e1pad na dar\u010dek. Urobte rados\u0165 svojmu bl\u00edzkemu. Ne\u010dakajte! Objednajte si teraz!!\" \/>\n<meta property=\"og:url\" content=\"https:\/\/cukrowka.dev10.pro\/sk\/produkt\/personalizovany-narodeninovy-darcek\/\" \/>\n<meta property=\"og:site_name\" content=\"Wyj\u0105tkowe kr\u00f3wki z nadrukiem\" \/>\n<meta property=\"article:modified_time\" content=\"2024-02-07T10:25:54+00:00\" \/>\n<meta property=\"og:image\" content=\"https:\/\/cukrowka.dev10.pro\/wp-content\/uploads\/2024\/04\/bombonierka_wiz-26-sk-scaled.jpg\" \/>\n\t<meta property=\"og:image:width\" content=\"2560\" \/>\n\t<meta property=\"og:image:height\" content=\"2560\" \/>\n\t<meta property=\"og:image:type\" content=\"image\/jpeg\" \/>\n<meta name=\"twitter:card\" content=\"summary_large_image\" \/>\n<meta name=\"twitter:label1\" content=\"Predpokladan\u00fd \u010das \u010d\u00edtania\" \/>\n\t<meta name=\"twitter:data1\" content=\"1 min\u00fata\" \/>\n<script type=\"application\/ld+json\" class=\"yoast-schema-graph\">{\"@context\":\"https:\/\/schema.org\",\"@graph\":[{\"@type\":\"WebPage\",\"@id\":\"https:\/\/cukrowka.dev10.pro\/sk\/produkt\/personalizovany-narodeninovy-darcek\/\",\"url\":\"https:\/\/cukrowka.dev10.pro\/sk\/produkt\/personalizovany-narodeninovy-darcek\/\",\"name\":\"Bonboni\u00e9ra s narodeninov\u00fdmi krovkami. Vyberte si jedine\u010dn\u00fd dar\u010dek!\",\"isPartOf\":{\"@id\":\"https:\/\/cukrowka.dev10.pro\/sk\/#website\"},\"primaryImageOfPage\":{\"@id\":\"https:\/\/cukrowka.dev10.pro\/sk\/produkt\/personalizovany-narodeninovy-darcek\/#primaryimage\"},\"image\":{\"@id\":\"https:\/\/cukrowka.dev10.pro\/sk\/produkt\/personalizovany-narodeninovy-darcek\/#primaryimage\"},\"thumbnailUrl\":\"https:\/\/cukrowka.dev10.pro\/wp-content\/uploads\/2024\/04\/bombonierka_wiz-26-sk-scaled.jpg\",\"datePublished\":\"2023-01-12T12:33:22+00:00\",\"dateModified\":\"2024-02-07T10:25:54+00:00\",\"description\":\"Bonboni\u00e9ra s narodeninov\u00fdmi krovkami - skvel\u00fd n\u00e1pad na dar\u010dek. Urobte rados\u0165 svojmu bl\u00edzkemu. Ne\u010dakajte! Objednajte si teraz!!\",\"breadcrumb\":{\"@id\":\"https:\/\/cukrowka.dev10.pro\/sk\/produkt\/personalizovany-narodeninovy-darcek\/#breadcrumb\"},\"inLanguage\":\"sk-SK\",\"potentialAction\":[{\"@type\":\"ReadAction\",\"target\":[\"https:\/\/cukrowka.dev10.pro\/sk\/produkt\/personalizovany-narodeninovy-darcek\/\"]}]},{\"@type\":\"ImageObject\",\"inLanguage\":\"sk-SK\",\"@id\":\"https:\/\/cukrowka.dev10.pro\/sk\/produkt\/personalizovany-narodeninovy-darcek\/#primaryimage\",\"url\":\"https:\/\/cukrowka.dev10.pro\/wp-content\/uploads\/2024\/04\/bombonierka_wiz-26-sk-scaled.jpg\",\"contentUrl\":\"https:\/\/cukrowka.dev10.pro\/wp-content\/uploads\/2024\/04\/bombonierka_wiz-26-sk-scaled.jpg\",\"width\":2560,\"height\":2560,\"caption\":\"Bonboni\u00e9ra s narodeninov\u00fdmi krovkami\"},{\"@type\":\"BreadcrumbList\",\"@id\":\"https:\/\/cukrowka.dev10.pro\/sk\/produkt\/personalizovany-narodeninovy-darcek\/#breadcrumb\",\"itemListElement\":[{\"@type\":\"ListItem\",\"position\":1,\"name\":\"Strona g\u0142\u00f3wna\",\"item\":\"https:\/\/cukrowka.dev10.pro\/sk\/\"},{\"@type\":\"ListItem\",\"position\":2,\"name\":\"Shop\",\"item\":\"https:\/\/cukrowka.dev10.pro\/sk\/shop\/\"},{\"@type\":\"ListItem\",\"position\":3,\"name\":\"Bonboni\u00e9ra s narodeninov\u00fdmi krovkami &#8211; vzor 26\"}]},{\"@type\":\"WebSite\",\"@id\":\"https:\/\/cukrowka.dev10.pro\/sk\/#website\",\"url\":\"https:\/\/cukrowka.dev10.pro\/sk\/\",\"name\":\"Wyj\u0105tkowe kr\u00f3wki z nadrukiem\",\"description\":\"reklamowe oraz \u015blubne\",\"publisher\":{\"@id\":\"https:\/\/cukrowka.dev10.pro\/sk\/#organization\"},\"potentialAction\":[{\"@type\":\"SearchAction\",\"target\":{\"@type\":\"EntryPoint\",\"urlTemplate\":\"https:\/\/cukrowka.dev10.pro\/sk\/?s={search_term_string}\"},\"query-input\":{\"@type\":\"PropertyValueSpecification\",\"valueRequired\":true,\"valueName\":\"search_term_string\"}}],\"inLanguage\":\"sk-SK\"},{\"@type\":\"Organization\",\"@id\":\"https:\/\/cukrowka.dev10.pro\/sk\/#organization\",\"name\":\"Wyj\u0105tkowe kr\u00f3wki z nadrukiem\",\"url\":\"https:\/\/cukrowka.dev10.pro\/sk\/\",\"logo\":{\"@type\":\"ImageObject\",\"inLanguage\":\"sk-SK\",\"@id\":\"https:\/\/cukrowka.dev10.pro\/sk\/#\/schema\/logo\/image\/\",\"url\":\"https:\/\/www.cukrowki.pl\/wp-content\/uploads\/2020\/02\/logo.png\",\"contentUrl\":\"https:\/\/www.cukrowki.pl\/wp-content\/uploads\/2020\/02\/logo.png\",\"width\":220,\"height\":169,\"caption\":\"Wyj\u0105tkowe kr\u00f3wki z nadrukiem\"},\"image\":{\"@id\":\"https:\/\/cukrowka.dev10.pro\/sk\/#\/schema\/logo\/image\/\"}}]}<\/script>\n<!-- \/ Yoast SEO plugin. -->","yoast_head_json":{"title":"Bonboni\u00e9ra s narodeninov\u00fdmi krovkami. Vyberte si jedine\u010dn\u00fd dar\u010dek!","description":"Bonboni\u00e9ra s narodeninov\u00fdmi krovkami - skvel\u00fd n\u00e1pad na dar\u010dek. Urobte rados\u0165 svojmu bl\u00edzkemu. Ne\u010dakajte! Objednajte si teraz!!","robots":{"index":"index","follow":"follow","max-snippet":"max-snippet:-1","max-image-preview":"max-image-preview:large","max-video-preview":"max-video-preview:-1"},"canonical":"https:\/\/cukrowka.dev10.pro\/sk\/produkt\/personalizovany-narodeninovy-darcek\/","og_locale":"sk_SK","og_type":"article","og_title":"Bonboni\u00e9ra s narodeninov\u00fdmi krovkami. Vyberte si jedine\u010dn\u00fd dar\u010dek!","og_description":"Bonboni\u00e9ra s narodeninov\u00fdmi krovkami - skvel\u00fd n\u00e1pad na dar\u010dek. Urobte rados\u0165 svojmu bl\u00edzkemu. Ne\u010dakajte! Objednajte si teraz!!","og_url":"https:\/\/cukrowka.dev10.pro\/sk\/produkt\/personalizovany-narodeninovy-darcek\/","og_site_name":"Wyj\u0105tkowe kr\u00f3wki z nadrukiem","article_modified_time":"2024-02-07T10:25:54+00:00","og_image":[{"width":2560,"height":2560,"url":"https:\/\/cukrowka.dev10.pro\/wp-content\/uploads\/2024\/04\/bombonierka_wiz-26-sk-scaled.jpg","type":"image\/jpeg"}],"twitter_card":"summary_large_image","twitter_misc":{"Predpokladan\u00fd \u010das \u010d\u00edtania":"1 min\u00fata"},"schema":{"@context":"https:\/\/schema.org","@graph":[{"@type":"WebPage","@id":"https:\/\/cukrowka.dev10.pro\/sk\/produkt\/personalizovany-narodeninovy-darcek\/","url":"https:\/\/cukrowka.dev10.pro\/sk\/produkt\/personalizovany-narodeninovy-darcek\/","name":"Bonboni\u00e9ra s narodeninov\u00fdmi krovkami. Vyberte si jedine\u010dn\u00fd dar\u010dek!","isPartOf":{"@id":"https:\/\/cukrowka.dev10.pro\/sk\/#website"},"primaryImageOfPage":{"@id":"https:\/\/cukrowka.dev10.pro\/sk\/produkt\/personalizovany-narodeninovy-darcek\/#primaryimage"},"image":{"@id":"https:\/\/cukrowka.dev10.pro\/sk\/produkt\/personalizovany-narodeninovy-darcek\/#primaryimage"},"thumbnailUrl":"https:\/\/cukrowka.dev10.pro\/wp-content\/uploads\/2024\/04\/bombonierka_wiz-26-sk-scaled.jpg","datePublished":"2023-01-12T12:33:22+00:00","dateModified":"2024-02-07T10:25:54+00:00","description":"Bonboni\u00e9ra s narodeninov\u00fdmi krovkami - skvel\u00fd n\u00e1pad na dar\u010dek. Urobte rados\u0165 svojmu bl\u00edzkemu. Ne\u010dakajte! Objednajte si teraz!!","breadcrumb":{"@id":"https:\/\/cukrowka.dev10.pro\/sk\/produkt\/personalizovany-narodeninovy-darcek\/#breadcrumb"},"inLanguage":"sk-SK","potentialAction":[{"@type":"ReadAction","target":["https:\/\/cukrowka.dev10.pro\/sk\/produkt\/personalizovany-narodeninovy-darcek\/"]}]},{"@type":"ImageObject","inLanguage":"sk-SK","@id":"https:\/\/cukrowka.dev10.pro\/sk\/produkt\/personalizovany-narodeninovy-darcek\/#primaryimage","url":"https:\/\/cukrowka.dev10.pro\/wp-content\/uploads\/2024\/04\/bombonierka_wiz-26-sk-scaled.jpg","contentUrl":"https:\/\/cukrowka.dev10.pro\/wp-content\/uploads\/2024\/04\/bombonierka_wiz-26-sk-scaled.jpg","width":2560,"height":2560,"caption":"Bonboni\u00e9ra s narodeninov\u00fdmi krovkami"},{"@type":"BreadcrumbList","@id":"https:\/\/cukrowka.dev10.pro\/sk\/produkt\/personalizovany-narodeninovy-darcek\/#breadcrumb","itemListElement":[{"@type":"ListItem","position":1,"name":"Strona g\u0142\u00f3wna","item":"https:\/\/cukrowka.dev10.pro\/sk\/"},{"@type":"ListItem","position":2,"name":"Shop","item":"https:\/\/cukrowka.dev10.pro\/sk\/shop\/"},{"@type":"ListItem","position":3,"name":"Bonboni\u00e9ra s narodeninov\u00fdmi krovkami &#8211; vzor 26"}]},{"@type":"WebSite","@id":"https:\/\/cukrowka.dev10.pro\/sk\/#website","url":"https:\/\/cukrowka.dev10.pro\/sk\/","name":"Wyj\u0105tkowe kr\u00f3wki z nadrukiem","description":"reklamowe oraz \u015blubne","publisher":{"@id":"https:\/\/cukrowka.dev10.pro\/sk\/#organization"},"potentialAction":[{"@type":"SearchAction","target":{"@type":"EntryPoint","urlTemplate":"https:\/\/cukrowka.dev10.pro\/sk\/?s={search_term_string}"},"query-input":{"@type":"PropertyValueSpecification","valueRequired":true,"valueName":"search_term_string"}}],"inLanguage":"sk-SK"},{"@type":"Organization","@id":"https:\/\/cukrowka.dev10.pro\/sk\/#organization","name":"Wyj\u0105tkowe kr\u00f3wki z nadrukiem","url":"https:\/\/cukrowka.dev10.pro\/sk\/","logo":{"@type":"ImageObject","inLanguage":"sk-SK","@id":"https:\/\/cukrowka.dev10.pro\/sk\/#\/schema\/logo\/image\/","url":"https:\/\/www.cukrowki.pl\/wp-content\/uploads\/2020\/02\/logo.png","contentUrl":"https:\/\/www.cukrowki.pl\/wp-content\/uploads\/2020\/02\/logo.png","width":220,"height":169,"caption":"Wyj\u0105tkowe kr\u00f3wki z nadrukiem"},"image":{"@id":"https:\/\/cukrowka.dev10.pro\/sk\/#\/schema\/logo\/image\/"}}]}},"_links":{"self":[{"href":"https:\/\/cukrowka.dev10.pro\/sk\/wp-json\/wp\/v2\/product\/150251","targetHints":{"allow":["GET"]}}],"collection":[{"href":"https:\/\/cukrowka.dev10.pro\/sk\/wp-json\/wp\/v2\/product"}],"about":[{"href":"https:\/\/cukrowka.dev10.pro\/sk\/wp-json\/wp\/v2\/types\/product"}],"replies":[{"embeddable":true,"href":"https:\/\/cukrowka.dev10.pro\/sk\/wp-json\/wp\/v2\/comments?post=150251"}],"wp:featuredmedia":[{"embeddable":true,"href":"https:\/\/cukrowka.dev10.pro\/sk\/wp-json\/wp\/v2\/media\/107949"}],"wp:attachment":[{"href":"https:\/\/cukrowka.dev10.pro\/sk\/wp-json\/wp\/v2\/media?parent=150251"}],"wp:term":[{"taxonomy":"prod_collection","embeddable":true,"href":"https:\/\/cukrowka.dev10.pro\/sk\/wp-json\/wp\/v2\/prod_collection?post=150251"},{"taxonomy":"number","embeddable":true,"href":"https:\/\/cukrowka.dev10.pro\/sk\/wp-json\/wp\/v2\/number?post=150251"},{"taxonomy":"minimal-order","embeddable":true,"href":"https:\/\/cukrowka.dev10.pro\/sk\/wp-json\/wp\/v2\/minimal-order?post=150251"},{"taxonomy":"expiration-date","embeddable":true,"href":"https:\/\/cukrowka.dev10.pro\/sk\/wp-json\/wp\/v2\/expiration-date?post=150251"},{"taxonomy":"storage","embeddable":true,"href":"https:\/\/cukrowka.dev10.pro\/sk\/wp-json\/wp\/v2\/storage?post=150251"},{"taxonomy":"composition","embeddable":true,"href":"https:\/\/cukrowka.dev10.pro\/sk\/wp-json\/wp\/v2\/composition?post=150251"},{"taxonomy":"taste","embeddable":true,"href":"https:\/\/cukrowka.dev10.pro\/sk\/wp-json\/wp\/v2\/taste?post=150251"},{"taxonomy":"note","embeddable":true,"href":"https:\/\/cukrowka.dev10.pro\/sk\/wp-json\/wp\/v2\/note?post=150251"},{"taxonomy":"weight","embeddable":true,"href":"https:\/\/cukrowka.dev10.pro\/sk\/wp-json\/wp\/v2\/weight?post=150251"},{"taxonomy":"nutritional","embeddable":true,"href":"https:\/\/cukrowka.dev10.pro\/sk\/wp-json\/wp\/v2\/nutritional?post=150251"},{"taxonomy":"label-size","embeddable":true,"href":"https:\/\/cukrowka.dev10.pro\/sk\/wp-json\/wp\/v2\/label-size?post=150251"},{"taxonomy":"product-size","embeddable":true,"href":"https:\/\/cukrowka.dev10.pro\/sk\/wp-json\/wp\/v2\/product-size?post=150251"},{"taxonomy":"package-size","embeddable":true,"href":"https:\/\/cukrowka.dev10.pro\/sk\/wp-json\/wp\/v2\/package-size?post=150251"},{"taxonomy":"content","embeddable":true,"href":"https:\/\/cukrowka.dev10.pro\/sk\/wp-json\/wp\/v2\/content?post=150251"},{"taxonomy":"product_cat","embeddable":true,"href":"https:\/\/cukrowka.dev10.pro\/sk\/wp-json\/wp\/v2\/product_cat?post=150251"},{"taxonomy":"product_tag","embeddable":true,"href":"https:\/\/cukrowka.dev10.pro\/sk\/wp-json\/wp\/v2\/product_tag?post=150251"}],"curies":[{"name":"wp","href":"https:\/\/api.w.org\/{rel}","templated":true}]}}