{"id":90894,"date":"2020-04-21T11:23:22","date_gmt":"2020-04-21T09:23:22","guid":{"rendered":"https:\/\/www.cukrowki.pl\/?page_id=90894"},"modified":"2024-04-19T17:05:21","modified_gmt":"2024-04-19T15:05:21","slug":"strona-glowna","status":"publish","type":"page","link":"https:\/\/cukrowka.dev10.pro\/sk\/","title":{"rendered":"Hlavn\u00e1 str\u00e1nka"},"content":{"rendered":"<p>[vc_row full_width=&#8220;stretch_row_content&#8220; gap=&#8220;40&#8243; css=&#8220;.vc_custom_1540802775024{padding-right: 40px !important;padding-left: 40px !important;}&#8220; el_class=&#8220;promotions-columns konte-row-container&#8220;][vc_column offset=&#8220;vc_col-lg-4 vc_col-md-12&#8243;][konte_button shape=&#8220;square&#8220; size=&#8220;medium&#8220; el_class=&#8220;full-width-one&#8220; link=&#8220;url:%2Fsledzenie-przesylki%2F|||&#8220;]DOdacia lehota[\/konte_button][\/vc_column][vc_column width=&#8220;1\/3&#8243; offset=&#8220;vc_col-lg-4 vc_col-md-12&#8243;][konte_button shape=&#8220;square&#8220; size=&#8220;medium&#8220; el_class=&#8220;full-width-two&#8220; link=&#8220;url:https%3A%2F%2Fwww.cukrowki.pl%2Fkategoria%2Fkrowki-na-probe%2F|||&#8220;]Bezplatn\u00e1 ochutn\u00e1vka[\/konte_button][\/vc_column][vc_column offset=&#8220;vc_col-lg-4 vc_col-md-12 vc_col-xs-12&#8243;][konte_button shape=&#8220;square&#8220; size=&#8220;medium&#8220; el_class=&#8220;full-width-three&#8220; link=&#8220;url:%2Fnajczesciej-zadawane-pytania%2F|||&#8220;]FAQ &#8211; ot\u00e1zky[\/konte_button][\/vc_column][\/vc_row][vc_row full_width=&#8220;stretch_row_content&#8220; gap=&#8220;20&#8243; css=&#8220;.vc_custom_1587995936318{margin-top: -10px !important;padding-right: 50px !important;padding-left: 50px !important;}&#8220; el_class=&#8220;konte-row-container-grid&#8220;][vc_column offset=&#8220;vc_col-lg-7&#8243;][konte_banner text_position=&#8220;top-left&#8220; font_container=&#8220;font_size:30&#8243; content_weight=&#8220;bold&#8220; scheme=&#8220;light&#8220; button_type=&#8220;normal&#8220; button_size=&#8220;medium&#8220; button_text=&#8220;Firemn\u00e9 karamelky&#8220; button_visibility=&#8220;hover&#8220; image=&#8220;158549&#8243; link=&#8220;url:https%3A%2F%2Fkaramelove.sk%2Fkategorie%2Freklamne-krovky%2F|title:Reklamn%C3%A9%20krovky|target:%20_blank|&#8220;][\/konte_banner][vc_row_inner equal_height=&#8220;yes&#8220; gap=&#8220;20&#8243; css=&#8220;.vc_custom_1579773395955{margin-top: 20px !important;}&#8220;][vc_column_inner offset=&#8220;vc_col-lg-6 vc_col-md-6&#8243;][konte_banner text_position=&#8220;center&#8220; font_container=&#8220;font_size:30px&#8220; scheme=&#8220;light&#8220; button_type=&#8220;normal&#8220; button_size=&#8220;medium&#8220; button_text=&#8220;Krovky na Krst&#8220; button_visibility=&#8220;hover&#8220; link=&#8220;url:https%3A%2F%2Fkaramelove.sk%2Fkategorie%2Fkaramelky-na-krst%2F|title:Karamelky%20na%20krst|target:%20_blank|&#8220; css=&#8220;.vc_custom_1713539106194{margin-bottom: 20px !important;background-color: #ffefe0 !important;}&#8220; image=&#8220;158546&#8243;][\/konte_banner][\/vc_column_inner][vc_column_inner offset=&#8220;vc_col-lg-6 vc_col-md-6&#8243;][konte_banner_countdown image_size=&#8220;504&#215;281&#8243; text=&#8220;DE\u0147 DET\u00cd&#8220; button_text=&#8220;&#8220; image=&#8220;87878&#8243; link=&#8220;url:https%3A%2F%2Fwww.cukrowki.pl%2Fkategoria%2Fkrowki-na-dzien-chlopaka%2F|title:Dzie%C5%84%20Ch%C5%82opaka|target:%20_blank|&#8220; date=&#8220;2022\/09\/30&#8243; tagline=&#8220;U\u017e \u010doskoro&#8220;][\/vc_column_inner][\/vc_row_inner][\/vc_column][vc_column offset=&#8220;vc_col-lg-5&#8243;][vc_row_inner gap=&#8220;20&#8243;][vc_column_inner el_class=&#8220;daily-standards-column&#8220; width=&#8220;1\/2&#8243; offset=&#8220;vc_col-lg-12 vc_col-md-7 vc_col-xs-12&#8243;][konte_banner text_position=&#8220;center&#8220; font_container=&#8220;font_size:30&#8243; scheme=&#8220;light&#8220; button_type=&#8220;normal&#8220; button_size=&#8220;normal&#8220; button_text=&#8220;Krovky na svadbu&#8220; button_visibility=&#8220;hover&#8220; image=&#8220;158543&#8243; link=&#8220;url:https%3A%2F%2Fkaramelove.sk%2Fkategorie%2Fsvadobne-krovky%2F|title:Svadobn%C3%A9%20krovky|target:%20_blank|&#8220; css=&#8220;.vc_custom_1713539113493{margin-bottom: 20px !important;}&#8220;][\/konte_banner][\/vc_column_inner][vc_column_inner el_class=&#8220;deal-of-week-column&#8220; width=&#8220;1\/2&#8243; offset=&#8220;vc_col-lg-12 vc_col-md-5 vc_col-xs-12&#8243;][konte_banner text_position=&#8220;center&#8220; font_container=&#8220;font_size:30&#8243; scheme=&#8220;light&#8220; button_type=&#8220;normal&#8220; button_size=&#8220;normal&#8220; button_text=&#8220;Krovky na narodeniny&#8220; button_visibility=&#8220;hover&#8220; el_class=&#8220;konte-button.button-outline, black&#8220; image=&#8220;158552&#8243; link=&#8220;url:https%3A%2F%2Fkaramelove.sk%2Fkategorie%2Fnarodeninove-krovky%2F|title:Narodeninov%C3%A9%20krovky|target:%20_blank|&#8220; css=&#8220;.vc_custom_1713539118739{margin-bottom: 20px !important;}&#8220;][\/konte_banner][\/vc_column_inner][\/vc_row_inner][\/vc_column][\/vc_row][vc_row][vc_column][vc_empty_space height=&#8220;20px&#8220;][\/vc_column][\/vc_row][vc_row full_width=&#8220;stretch_row_content&#8220;][vc_column offset=&#8220;vc_col-lg-offset-1 vc_col-lg-10&#8243;][konte_product_grid limit=&#8220;8&#8243; columns=&#8220;4&#8243; type=&#8220;menu_order&#8220; category=&#8220;svadobne-krovky&#8220;][\/konte_product_grid][\/vc_column][\/vc_row][vc_row full_width=&#8220;stretch_row_content&#8220;][vc_column offset=&#8220;vc_col-lg-offset-1 vc_col-lg-10&#8243;][vc_empty_space height=&#8220;50px&#8220;][vc_column_text]<\/p>\n<div style=\"color: #aaaaaa;\">\n<h1 style=\"font-size: 22px;\">Cukr\u00f3wki \u2013 V\u00fdninmo\u010dn\u00e9 reklamn\u00e9 krovky<\/h1>\n<p style=\"font-size: 12px; line-height: 14px;\">Vitajte, mil\u00fd n\u00e1v\u0161tevn\u00edk. Na\u0161i pastieri V\u00e1s srde\u010dne poz\u00fdvaj\u00fa do sladk\u00e9ho sveta kroviek. Je to miesto, kde si sl\u00e1vne, chutn\u00e9 a ob\u013e\u00faben\u00e9 krovky obliekaj\u00fa \u0161peci\u00e1lne svetre. To nie je vtip! Krovky, ktor\u00e9 si v\u00e4\u010d\u0161ina z V\u00e1s sp\u00e1ja s bla\u017een\u00fdm detstvom, sa u n\u00e1s menia na \u00faplne jedine\u010dn\u00fa a doteraz nepoznan\u00fa podobu. Vyzeralo to nasledovne &#8211; vzali sme na\u0161e ob\u013e\u00faben\u00e9 ikonick\u00e9, sladk\u00e9, \u0165ahav\u00e9 cukr\u00edky a pozvali sme ich do \u0161atne, kde sme ich obliekli. T\u00fdmto sp\u00f4sobom sa n\u00e1m podarilo vytvori\u0165 desiatky jedine\u010dn\u00fdch <strong>personalizovan\u00fdch kroviek<\/strong> na r\u00f4zne \u0161peci\u00e1lne pr\u00edle\u017eitosti!<\/p>\n<h2 style=\"font-size: 22px;\">Sladk\u00e9 cukr\u00edky Krovky na ka\u017ed\u00fa pr\u00edle\u017eitos\u0165<\/h2>\n<p style=\"font-size: 12px; line-height: 14px;\">Sta\u010d\u00ed sa pozrie\u0165 na na\u0161e projekty, aby ste sa presved\u010dili, ako skvele a \u00fa\u017easne m\u00f4\u017eu vyzera\u0165 aj Va\u0161e krovky. Na \u010dele s\u00fa jednozna\u010dne <a style=\"color: #aaaaaa;\" href=\"https:\/\/svk.cukrowki.pl\/kategoria\/reklamne-krovky\/\"><u><strong>krovky roben\u00e9 na mieru<\/strong><\/u><\/a>, ktor\u00e9 vynikaj\u00faco chutia pri ka\u017edej pr\u00edle\u017eitosti! Nez\u00e1le\u017e\u00ed na tom, \u010di je to <strong>svadba<\/strong>, <strong>prij\u00edmanie<\/strong>, <strong>narodeniny<\/strong>, firemn\u00fd ve\u010dierok alebo de\u0148 za\u013e\u00faben\u00fdch \u2013 ka\u017ed\u00e1 z t\u00fdchto pr\u00edle\u017eitost\u00ed si zasl\u00fa\u017ei hrs\u0165 \u0161peci\u00e1lne <strong>kroviek s potla\u010dou<\/strong>, ktor\u00e9 osladia pekn\u00e9 chv\u00edle. Dovol\u00edme si tie\u017e pripomen\u00fa\u0165, \u017ee rodinka na\u0161ich <strong>cukr\u00edkov kroviek<\/strong> sa neust\u00e1le rozrast\u00e1 a na svet prich\u00e1dzaj\u00fa nov\u00e9 sladkosti v \u010doraz pre\u0161pekulovanej\u0161\u00edch odevoch.<\/p>\n<h2 style=\"font-size: 22px;\">Cukr\u00edky na Baby Shower, na Krst a na Prv\u00e9 sv\u00e4t\u00e9 prij\u00edmanie<\/h2>\n<p style=\"font-size: 12px; line-height: 14px;\">Na\u0161e krovky evidentne miluj\u00fa deti. A je to vz\u00e1jomn\u00e9! Preto sme z pr\u00edle\u017eitosti tohto v\u00fdnimo\u010dn\u00e9ho sviatku na\u0161ich najmen\u0161\u00edch pripravili \u0161peci\u00e1lne krovky s potla\u010dou. Kto by u\u017e len chcel nudn\u00e9 cukr\u00edky, ke\u010f na dosah ruky s\u00fa na\u0161e krovky v jedine\u010dn\u00fdch svetr\u00edkoch? <a style=\"color: #aaaaaa;\" href=\"https:\/\/www.cukrowki.pl\/kategoria\/baby-shower-krowki\/\"><u><strong>Krovky na baby shower<\/strong><\/u><\/a> s\u00fa relat\u00edvne nov\u00fdm trendom, ktor\u00fd si r\u00fdchlo z\u00edskava na popularite. \u010coraz v\u00e4\u010d\u0161\u00ed z\u00e1ujem je aj o <a style=\"color: #aaaaaa;\" href=\"https:\/\/www.cukrowki.pl\/kategoria\/krowki-na-chrzest\/\"><u><strong>cukr\u00edky &#8211; krovky na krst<\/strong><\/u><\/a> a <a style=\"color: #aaaaaa;\" href=\"https:\/\/www.cukrowki.pl\/kategoria\/komunia-krowki\/\"><u><strong>krovky na prv\u00e9 sv\u00e4t\u00e9 prij\u00edmanie<\/strong><\/u><\/a>. Samozrejme, \u017ee v\u0161etky \u2013 zahalen\u00e9 do \u0161peci\u00e1lne odevu s primeranou potla\u010dou.<\/p>\n<h3 style=\"font-size: 22px;\">Objavte Krovky pre firmy \u2013 teda \u0161peci\u00e1lne firemn\u00e9 krovky s logom<\/h3>\n<p style=\"font-size: 12px; line-height: 14px;\">Krovky na \u0161peci\u00e1lne pr\u00edle\u017eitosti? Hl\u00e1sia sa! <a style=\"color: #aaaaaa;\" href=\"https:\/\/svk.cukrowki.pl\/kategoria\/reklamne-krovky\/\"><u><strong>Reklamn\u00e9 krovky<\/strong><\/u><\/a> s\u00fa mimoriadne ob\u013e\u00faben\u00fdmi \u010dlenmi n\u00e1\u0161ho st\u00e1da. \u010co dok\u00e1\u017ee uvo\u013eni\u0165 atmosf\u00e9ru na firemn\u00fdch stretnutiach alebo budova\u0165 vz\u0165ahy s klientmi lep\u0161ie ako lahodn\u00e9, krehk\u00e9 a z\u00e1rove\u0148 \u0165ahav\u00e9 <strong>firemn\u00e9 krovky?<\/strong>Na\u0161e Krovky ovl\u00e1dli toto umenie \u00faplne bezchybne. Radi nosia \u0161peci\u00e1lne svetr\u00edky papieriky s firemn\u00fdmi logami a personalizovan\u00fdmi obalmi, ktor\u00e9 s\u00fa prisp\u00f4soben\u00e9 individu\u00e1lnym potreb\u00e1m. Neskr\u00fdvajme, \u017ee na\u0161e <strong>reklamn\u00e9 krovky<\/strong> s\u00fa mimoriadne dobr\u00fdm a osved\u010den\u00fdm sp\u00f4sobom, ako z\u00edska\u0165 prv\u00e9ho z\u00e1kazn\u00edka. Preto\u017ee kto by odolal sladkej, mlie\u010dnej n\u00e1plni ukrytej pod vkusn\u00fdm svetr\u00edkom s nanesen\u00fdm logom spolo\u010dnosti?<\/p>\n<h3 style=\"font-size: 22px;\">Krovky s n\u00e1pisom &#8222;Love&#8220;, teda Man\u017eelsk\u00e9 krovky a Cukr\u00edky pre Zamilovan\u00fdch<\/h3>\n<p style=\"font-size: 12px; line-height: 14px;\">Sladk\u00e9 krovky s \u013e\u00fabostnou, <strong>personalizovanou potla\u010dou<\/strong> je jasn\u00fdm sp\u00f4sobom, ako vyjadri\u0165 svoje pocity. Ve\u013emi dobre to pozn\u00e1me. Preto sme pre zamilovan\u00fdch pripravili \u0161peci\u00e1lne krovky. \u013d\u00fabostn\u00e9 krovky s\u00fa ve\u013emi d\u00f4le\u017eit\u00fdmi \u010dlenmi n\u00e1\u0161ho st\u00e1da. Vynikaj\u00fa v\u00fdnimo\u010dne sladkou plnkou, ktor\u00e1 sa hod\u00ed k rovnako sladkej potla\u010di, kde kra\u013euj\u00fa srdie\u010dka \u010di men\u00e1 zamilovan\u00e9ho p\u00e1ru. Na\u0161e krovky sa ve\u013emi dobre c\u00edtia aj na svadb\u00e1ch. <u><strong><a style=\"color: #aaaaaa;\" href=\"https:\/\/www.cukrowki.pl\/kategoria\/krowka-weselna\/\">Svadobn\u00e9 krovky<\/a><\/strong><\/u> s\u00fa st\u00e1lym prvkom ve\u013ek\u00e9ho mno\u017estva ve\u010dierkov, kde nielen plnia funkciu sladkej vychyt\u00e1vky \u010di poch\u00fa\u0165ky, ale sl\u00fa\u017eia aj ako <u><strong><a style=\"color: #aaaaaa;\" href=\"https:\/\/www.cukrowki.pl\/kategoria\/krowka-weselna\/\">po\u010fakovanie pre host\u00ed<\/a><\/strong><\/u> alebo rodi\u010dov alebo ako <u><strong><a style=\"color: #aaaaaa;\" href=\"https:\/\/www.cukrowki.pl\/kategoria\/krowka-weselna\/\">dar\u010dek pre novoman\u017eelov<\/a><\/strong><\/u>.<\/p>\n<\/div>\n<p>[\/vc_column_text][\/vc_column][\/vc_row]<\/p>\n","protected":false},"excerpt":{"rendered":"<p>[vc_row full_width=&#8220;stretch_row_content&#8220; gap=&#8220;40&#8243; css=&#8220;.vc_custom_1540802775024{padding-right: 40px !important;padding-left: 40px !important;}&#8220; el_class=&#8220;promotions-columns konte-row-container&#8220;][vc_column offset=&#8220;vc_col-lg-4 vc_col-md-12&#8243;][konte_button shape=&#8220;square&#8220; size=&#8220;medium&#8220; el_class=&#8220;full-width-one&#8220; link=&#8220;url:%2Fsledzenie-przesylki%2F|||&#8220;]DOdacia lehota[\/konte_button][\/vc_column][vc_column width=&#8220;1\/3&#8243; offset=&#8220;vc_col-lg-4 vc_col-md-12&#8243;][konte_button shape=&#8220;square&#8220; size=&#8220;medium&#8220; el_class=&#8220;full-width-two&#8220; link=&#8220;url:https%3A%2F%2Fwww.cukrowki.pl%2Fkategoria%2Fkrowki-na-probe%2F|||&#8220;]Bezplatn\u00e1 ochutn\u00e1vka[\/konte_button][\/vc_column][vc_column offset=&#8220;vc_col-lg-4 vc_col-md-12 vc_col-xs-12&#8243;][konte_button shape=&#8220;square&#8220; size=&#8220;medium&#8220;&hellip;<\/p>\n","protected":false},"author":1,"featured_media":0,"parent":0,"menu_order":0,"comment_status":"closed","ping_status":"closed","template":"","meta":{"_acf_changed":false,"inline_featured_image":false,"footnotes":""},"class_list":["post-90894","page","type-page","status-publish","hentry"],"acf":[],"yoast_head":"<!-- This site is optimized with the Yoast SEO plugin v26.2 - https:\/\/yoast.com\/wordpress\/plugins\/seo\/ -->\n<title>Cukr\u00f3wki - V\u00fdnimo\u010dn\u00e9 krovky s potla\u010dou - firemn\u00e9 a svadobn\u00e9<\/title>\n<meta name=\"description\" content=\"Cukr\u00f3wki V\u00fdnimo\u010dn\u00e9 reklamn\u00e9 krovky, krovky so svadobnou potla\u010dou ako po\u010fakovanie pre Va\u0161ich host\u00ed a ako reklamn\u00e1 vychyt\u00e1vka pre Va\u0161ich z\u00e1kazn\u00edkov.\" \/>\n<meta name=\"robots\" content=\"index, follow, max-snippet:-1, max-image-preview:large, max-video-preview:-1\" \/>\n<link rel=\"canonical\" href=\"https:\/\/cukrowka.dev10.pro\/sk\/\" \/>\n<meta property=\"og:locale\" content=\"sk_SK\" \/>\n<meta property=\"og:type\" content=\"article\" \/>\n<meta property=\"og:title\" content=\"Cukr\u00f3wki - V\u00fdnimo\u010dn\u00e9 krovky s potla\u010dou - firemn\u00e9 a svadobn\u00e9\" \/>\n<meta property=\"og:description\" content=\"Cukr\u00f3wki V\u00fdnimo\u010dn\u00e9 reklamn\u00e9 krovky, krovky so svadobnou potla\u010dou ako po\u010fakovanie pre Va\u0161ich host\u00ed a ako reklamn\u00e1 vychyt\u00e1vka pre Va\u0161ich z\u00e1kazn\u00edkov.\" \/>\n<meta property=\"og:url\" content=\"https:\/\/cukrowka.dev10.pro\/sk\/\" \/>\n<meta property=\"og:site_name\" content=\"Wyj\u0105tkowe kr\u00f3wki z nadrukiem\" \/>\n<meta property=\"article:modified_time\" content=\"2024-04-19T15:05:21+00:00\" \/>\n<meta name=\"twitter:card\" content=\"summary_large_image\" \/>\n<meta name=\"twitter:label1\" content=\"Predpokladan\u00fd \u010das \u010d\u00edtania\" \/>\n\t<meta name=\"twitter:data1\" content=\"6 min\u00fat\" \/>\n<script type=\"application\/ld+json\" class=\"yoast-schema-graph\">{\"@context\":\"https:\/\/schema.org\",\"@graph\":[{\"@type\":\"WebPage\",\"@id\":\"https:\/\/cukrowka.dev10.pro\/sk\/\",\"url\":\"https:\/\/cukrowka.dev10.pro\/sk\/\",\"name\":\"Cukr\u00f3wki - V\u00fdnimo\u010dn\u00e9 krovky s potla\u010dou - firemn\u00e9 a svadobn\u00e9\",\"isPartOf\":{\"@id\":\"https:\/\/cukrowka.dev10.pro\/sk\/#website\"},\"datePublished\":\"2020-04-21T09:23:22+00:00\",\"dateModified\":\"2024-04-19T15:05:21+00:00\",\"description\":\"Cukr\u00f3wki V\u00fdnimo\u010dn\u00e9 reklamn\u00e9 krovky, krovky so svadobnou potla\u010dou ako po\u010fakovanie pre Va\u0161ich host\u00ed a ako reklamn\u00e1 vychyt\u00e1vka pre Va\u0161ich z\u00e1kazn\u00edkov.\",\"breadcrumb\":{\"@id\":\"https:\/\/cukrowka.dev10.pro\/sk\/#breadcrumb\"},\"inLanguage\":\"sk-SK\",\"potentialAction\":[{\"@type\":\"ReadAction\",\"target\":[\"https:\/\/cukrowka.dev10.pro\/sk\/\"]}]},{\"@type\":\"BreadcrumbList\",\"@id\":\"https:\/\/cukrowka.dev10.pro\/sk\/#breadcrumb\",\"itemListElement\":[{\"@type\":\"ListItem\",\"position\":1,\"name\":\"Strona g\u0142\u00f3wna\",\"item\":\"https:\/\/cukrowka.dev10.pro\/sk\/\"},{\"@type\":\"ListItem\",\"position\":2,\"name\":\"Hlavn\u00e1 str\u00e1nka\"}]},{\"@type\":\"WebSite\",\"@id\":\"https:\/\/cukrowka.dev10.pro\/sk\/#website\",\"url\":\"https:\/\/cukrowka.dev10.pro\/sk\/\",\"name\":\"Wyj\u0105tkowe kr\u00f3wki z nadrukiem\",\"description\":\"reklamowe oraz \u015blubne\",\"publisher\":{\"@id\":\"https:\/\/cukrowka.dev10.pro\/sk\/#organization\"},\"potentialAction\":[{\"@type\":\"SearchAction\",\"target\":{\"@type\":\"EntryPoint\",\"urlTemplate\":\"https:\/\/cukrowka.dev10.pro\/sk\/?s={search_term_string}\"},\"query-input\":{\"@type\":\"PropertyValueSpecification\",\"valueRequired\":true,\"valueName\":\"search_term_string\"}}],\"inLanguage\":\"sk-SK\"},{\"@type\":\"Organization\",\"@id\":\"https:\/\/cukrowka.dev10.pro\/sk\/#organization\",\"name\":\"Wyj\u0105tkowe kr\u00f3wki z nadrukiem\",\"url\":\"https:\/\/cukrowka.dev10.pro\/sk\/\",\"logo\":{\"@type\":\"ImageObject\",\"inLanguage\":\"sk-SK\",\"@id\":\"https:\/\/cukrowka.dev10.pro\/sk\/#\/schema\/logo\/image\/\",\"url\":\"https:\/\/www.cukrowki.pl\/wp-content\/uploads\/2020\/02\/logo.png\",\"contentUrl\":\"https:\/\/www.cukrowki.pl\/wp-content\/uploads\/2020\/02\/logo.png\",\"width\":220,\"height\":169,\"caption\":\"Wyj\u0105tkowe kr\u00f3wki z nadrukiem\"},\"image\":{\"@id\":\"https:\/\/cukrowka.dev10.pro\/sk\/#\/schema\/logo\/image\/\"}}]}<\/script>\n<!-- \/ Yoast SEO plugin. -->","yoast_head_json":{"title":"Cukr\u00f3wki - V\u00fdnimo\u010dn\u00e9 krovky s potla\u010dou - firemn\u00e9 a svadobn\u00e9","description":"Cukr\u00f3wki V\u00fdnimo\u010dn\u00e9 reklamn\u00e9 krovky, krovky so svadobnou potla\u010dou ako po\u010fakovanie pre Va\u0161ich host\u00ed a ako reklamn\u00e1 vychyt\u00e1vka pre Va\u0161ich z\u00e1kazn\u00edkov.","robots":{"index":"index","follow":"follow","max-snippet":"max-snippet:-1","max-image-preview":"max-image-preview:large","max-video-preview":"max-video-preview:-1"},"canonical":"https:\/\/cukrowka.dev10.pro\/sk\/","og_locale":"sk_SK","og_type":"article","og_title":"Cukr\u00f3wki - V\u00fdnimo\u010dn\u00e9 krovky s potla\u010dou - firemn\u00e9 a svadobn\u00e9","og_description":"Cukr\u00f3wki V\u00fdnimo\u010dn\u00e9 reklamn\u00e9 krovky, krovky so svadobnou potla\u010dou ako po\u010fakovanie pre Va\u0161ich host\u00ed a ako reklamn\u00e1 vychyt\u00e1vka pre Va\u0161ich z\u00e1kazn\u00edkov.","og_url":"https:\/\/cukrowka.dev10.pro\/sk\/","og_site_name":"Wyj\u0105tkowe kr\u00f3wki z nadrukiem","article_modified_time":"2024-04-19T15:05:21+00:00","twitter_card":"summary_large_image","twitter_misc":{"Predpokladan\u00fd \u010das \u010d\u00edtania":"6 min\u00fat"},"schema":{"@context":"https:\/\/schema.org","@graph":[{"@type":"WebPage","@id":"https:\/\/cukrowka.dev10.pro\/sk\/","url":"https:\/\/cukrowka.dev10.pro\/sk\/","name":"Cukr\u00f3wki - V\u00fdnimo\u010dn\u00e9 krovky s potla\u010dou - firemn\u00e9 a svadobn\u00e9","isPartOf":{"@id":"https:\/\/cukrowka.dev10.pro\/sk\/#website"},"datePublished":"2020-04-21T09:23:22+00:00","dateModified":"2024-04-19T15:05:21+00:00","description":"Cukr\u00f3wki V\u00fdnimo\u010dn\u00e9 reklamn\u00e9 krovky, krovky so svadobnou potla\u010dou ako po\u010fakovanie pre Va\u0161ich host\u00ed a ako reklamn\u00e1 vychyt\u00e1vka pre Va\u0161ich z\u00e1kazn\u00edkov.","breadcrumb":{"@id":"https:\/\/cukrowka.dev10.pro\/sk\/#breadcrumb"},"inLanguage":"sk-SK","potentialAction":[{"@type":"ReadAction","target":["https:\/\/cukrowka.dev10.pro\/sk\/"]}]},{"@type":"BreadcrumbList","@id":"https:\/\/cukrowka.dev10.pro\/sk\/#breadcrumb","itemListElement":[{"@type":"ListItem","position":1,"name":"Strona g\u0142\u00f3wna","item":"https:\/\/cukrowka.dev10.pro\/sk\/"},{"@type":"ListItem","position":2,"name":"Hlavn\u00e1 str\u00e1nka"}]},{"@type":"WebSite","@id":"https:\/\/cukrowka.dev10.pro\/sk\/#website","url":"https:\/\/cukrowka.dev10.pro\/sk\/","name":"Wyj\u0105tkowe kr\u00f3wki z nadrukiem","description":"reklamowe oraz \u015blubne","publisher":{"@id":"https:\/\/cukrowka.dev10.pro\/sk\/#organization"},"potentialAction":[{"@type":"SearchAction","target":{"@type":"EntryPoint","urlTemplate":"https:\/\/cukrowka.dev10.pro\/sk\/?s={search_term_string}"},"query-input":{"@type":"PropertyValueSpecification","valueRequired":true,"valueName":"search_term_string"}}],"inLanguage":"sk-SK"},{"@type":"Organization","@id":"https:\/\/cukrowka.dev10.pro\/sk\/#organization","name":"Wyj\u0105tkowe kr\u00f3wki z nadrukiem","url":"https:\/\/cukrowka.dev10.pro\/sk\/","logo":{"@type":"ImageObject","inLanguage":"sk-SK","@id":"https:\/\/cukrowka.dev10.pro\/sk\/#\/schema\/logo\/image\/","url":"https:\/\/www.cukrowki.pl\/wp-content\/uploads\/2020\/02\/logo.png","contentUrl":"https:\/\/www.cukrowki.pl\/wp-content\/uploads\/2020\/02\/logo.png","width":220,"height":169,"caption":"Wyj\u0105tkowe kr\u00f3wki z nadrukiem"},"image":{"@id":"https:\/\/cukrowka.dev10.pro\/sk\/#\/schema\/logo\/image\/"}}]}},"_links":{"self":[{"href":"https:\/\/cukrowka.dev10.pro\/sk\/wp-json\/wp\/v2\/pages\/90894","targetHints":{"allow":["GET"]}}],"collection":[{"href":"https:\/\/cukrowka.dev10.pro\/sk\/wp-json\/wp\/v2\/pages"}],"about":[{"href":"https:\/\/cukrowka.dev10.pro\/sk\/wp-json\/wp\/v2\/types\/page"}],"author":[{"embeddable":true,"href":"https:\/\/cukrowka.dev10.pro\/sk\/wp-json\/wp\/v2\/users\/1"}],"replies":[{"embeddable":true,"href":"https:\/\/cukrowka.dev10.pro\/sk\/wp-json\/wp\/v2\/comments?post=90894"}],"version-history":[{"count":4,"href":"https:\/\/cukrowka.dev10.pro\/sk\/wp-json\/wp\/v2\/pages\/90894\/revisions"}],"predecessor-version":[{"id":158853,"href":"https:\/\/cukrowka.dev10.pro\/sk\/wp-json\/wp\/v2\/pages\/90894\/revisions\/158853"}],"wp:attachment":[{"href":"https:\/\/cukrowka.dev10.pro\/sk\/wp-json\/wp\/v2\/media?parent=90894"}],"curies":[{"name":"wp","href":"https:\/\/api.w.org\/{rel}","templated":true}]}}