{"id":81020,"date":"2020-03-10T14:39:27","date_gmt":"2020-03-10T13:39:27","guid":{"rendered":"https:\/\/www.cukrowki.pl\/o-nas\/"},"modified":"2022-07-30T08:57:02","modified_gmt":"2022-07-30T06:57:02","slug":"o-nas","status":"publish","type":"page","link":"https:\/\/cukrowka.dev10.pro\/sk\/o-nas\/","title":{"rendered":"O n\u00e1s"},"content":{"rendered":"<p>[vc_row][vc_column][vc_single_image image=&#8220;41312&#8243; img_size=&#8220;full&#8220;][\/vc_column][\/vc_row][vc_row][vc_column][vc_column_text]<\/p>\n<p style=\"text-align: justify\"><span data-redactor-span=\"true\" data-redactor-style-cache=\"color: #ffffff;\"><strong><a href=\"https:\/\/svk.cukrowki.pl\/kategoria\/reklamne-krovky\/\" target=\"_blank\" rel=\"noopener noreferrer\">Krovky<\/a>\u00a0s\u00fa na\u0161ou \u0161pecialitou.<\/strong><\/span><\/p>\n<p style=\"text-align: justify\"><span data-redactor-span=\"true\" data-redactor-style-cache=\"color: #ffffff;\">Ak sa \u010dlovek na nie\u010do zamieriava, \u0161pecializuje, znamen\u00e1 to, \u017ee v tom je dobr\u00fd, ba dokonca najlep\u0161\u00ed. V\u0161etko nasved\u010duje tomu, \u017ee my sme najlep\u0161\u00ed v produkcji kroviek a v\u00f4bes sa za to nehanb\u00edme!<\/span><\/p>\n<p style=\"text-align: justify\"><span data-redactor-span=\"true\" data-redactor-style-cache=\"color: #3f3f3f;\">Poz\u00fdvame V\u00e1s do sveta na\u0161ich jedine\u010dn\u00fdch sv\u00e4tokr\u00ed\u017eskych kroviek, ktor\u00e9 s\u00fa v\u010faka pravidelnej pastve a vlastnostiam miestnych pastv\u00edn presne tak\u00e9, ak\u00e9 by krovky mali by\u0165. Hne\u010f po vybrat\u00ed z formy sa na\u0165ahuj\u00fa, a\u017e te\u010die slinka, a vo\u0148aj\u00fa ako smotana a karamel, pri\u010dom po nieko\u013ek\u00fdch d\u0148och bud\u00fa l\u00e1kavo chrumkav\u00e9, pri\u010dom plnka vo vnutr\u00ed si zachov\u00e1 svoju tekut\u00fa formu.\u00a0<\/span><\/p>\n<p>[\/vc_column_text][vc_single_image image=&#8220;42208&#8243; img_size=&#8220;full&#8220;][\/vc_column][\/vc_row][vc_row][vc_column width=&#8220;1\/2&#8243;][vc_column_text css=&#8220;.vc_custom_1619183185055{margin-top: 30px !important;margin-bottom: 30px !important;}&#8220;]<\/p>\n<p style=\"text-align: justify\"><strong>Cukr\u00f3wki \u2013 pravdopodobne najlep\u0161ie\u00a0<em>po\u013esk\u00e9 krovky<\/em><\/strong><\/p>\n<p style=\"text-align: justify\">Tak\u00e9to recenzie na na\u0161e st\u00e1da po\u010d\u00favame takmer neust\u00e1le. Ur\u010dite za to v\u010fa\u010d\u00edme jedine\u010dnej chuti ru\u010dne balen\u00fdch mlie\u010dnych kroviek. Ale to je len polovica \u00faspechu. Tajomstvo je aj v modern\u00fdch dizajnoch etikiet. Sami rozhodujete o tom, v ak\u00fdch svetr\u00edkoch sa predstavia V\u00e1\u0161 vynikaj\u00face  <strong>po\u013esk\u00e9 krovky<\/strong>.<\/p>\n<p>[\/vc_column_text][\/vc_column][vc_column width=&#8220;1\/2&#8243;][vc_single_image image=&#8220;40756&#8243; img_size=&#8220;full&#8220; alignment=&#8220;center&#8220;][\/vc_column][\/vc_row][vc_row][vc_column width=&#8220;1\/2&#8243;][vc_column_text]<\/p>\n<p style=\"text-align: justify\">\u010cere\u0161ni\u010dkou na torte je fakt, \u017ee pastieri vkladaj\u00fa do ka\u017edej objedn\u00e1vky cel\u00e9 svoje srdce. Ka\u017ed\u00e1 f\u00e1za spolupr\u00e1ce s Vami je pre n\u00e1s mimoriadne d\u00f4le\u017eit\u00e1. Realiz\u00e1cia grafick\u00e9ho n\u00e1vrhu, ru\u010dn\u00e9 balenie ka\u017edej krovky, odoslanie objednan\u00e9ho st\u00e1da &#8211; v\u0161etko \u00faplne hladko.<\/p>\n<p style=\"text-align: justify\">U\u017e teraz n\u00e1s miluj\u00fa stovky dom\u00e1cich z\u00e1kazn\u00edkov a v\u010faka tomu, \u017ee krovky dod\u00e1vame aj do in\u00fdch kraj\u00edn, sa r\u00fdchlo st\u00e1vaj\u00fa medzin\u00e1rodn\u00fdm tovarom. Ak e\u0161te neviete, ako chutia, vysk\u00fa\u0161ajte si ich zadarmo &#8211; <a href=\"https:\/\/www.cukrowki.pl\/kategoria\/krowki-na-probe\/\" target=\"_blank\" rel=\"noopener noreferrer\">tu.<\/a><\/p>\n<p>[\/vc_column_text][vc_column_text]<\/p>\n<p style=\"text-align: justify\"><strong>Po\u013esk\u00e9 krovky \u2013 charakteristick\u00fd znak tejto krajiny<\/strong><\/p>\n<p style=\"text-align: justify\">Vedeli ste, \u017ee kulin\u00e1rske \u0161peciality s\u00fa jedn\u00fdm z najob\u013e\u00fabenej\u0161\u00edch reklamn\u00fdch vychyt\u00e1vok, ktor\u00e9 si \u013eudia dov\u00e1\u017eaj\u00fa zo zahrani\u010dn\u00fdch ciest? Vyzer\u00e1 to nejako takto: z Talianska sa vraciame s lahodn\u00fdm syrom, zrej\u00facou \u0161unkou a such\u00fdm v\u00ednom, z Gr\u00e9cka s olivami a ouzo, z Islandu so su\u0161en\u00fdmi rybami a sladk\u00fdm drievkom a do turisti, ktor\u00ed nav\u0161t\u00edvili Po\u013esko, sa vracaj\u00fa domov o. i. s mlie\u010dnymi cukr\u00edkmi, ktor\u00e9 sa naz\u00fdvaj\u00fa<strong><em>po\u013esk\u00e1 krovka<\/em><\/strong>.<\/p>\n<p style=\"text-align: justify\">\u010co vlastne ovplyv\u0148uje obrovsk\u00fa popularitu po\u013esk\u00fdch kroviek doma aj v zahrani\u010d\u00ed? V prvom rade vedomie, \u017ee ide o tradi\u010dn\u00fd v\u00fdrobok. Mliekarne a manufakt\u00fary sa sna\u017eia pou\u017e\u00edva\u0165 rokmi overen\u00fa recept\u00faru. Chu\u0165, u\u017e opraden\u00e1 legendami, je l\u00e1kav\u00e1 v\u010dera aj dnes. Ke\u010f ich zbo\u017e\u0148uje po\u013esk\u00fd n\u00e1rod, zahrani\u010dn\u00ed hostia sa rovnako radi nechaj\u00fa zl\u00e1ka\u0165.<\/p>\n<p>[\/vc_column_text][\/vc_column][vc_column width=&#8220;1\/2&#8243;][vc_single_image image=&#8220;41508&#8243; img_size=&#8220;full&#8220; alignment=&#8220;center&#8220;][\/vc_column][\/vc_row][vc_row][vc_column][vc_column_text]<\/p>\n<p style=\"text-align: center\"><strong>Pozrite si \u010fal\u0161ie kateg\u00f3rie<\/strong><br \/>\n<span data-redactor-span=\"true\" data-redactor-style-cache=\"font-size: 10px;\"><a href=\"https:\/\/www.cukrowki.pl\/kategoria\/krowka-weselna\/\" target=\"_blank\" rel=\"noopener noreferrer\">Krovky na svadbu &#8211; <\/a><a href=\"https:\/\/www.cukrowki.pl\/kategoria\/krowka-personalizowana\/\" target=\"_blank\" rel=\"noopener noreferrer\">Krovky na ka\u017ed\u00fa pr\u00edle\u017eitos\u0165<\/a>\u00a0&#8211;<a href=\"https:\/\/www.cukrowki.pl\/kategoria\/krowka-personalizowana\/\" target=\"_blank\" rel=\"noopener noreferrer\">\u00a0<\/a><a href=\"https:\/\/svk.cukrowki.pl\/kategoria\/reklamne-krovky\/\" target=\"_blank\" rel=\"noopener noreferrer\">Krovky s potla\u010dou\u00a0<\/a>&#8211;\u00a0<a href=\"https:\/\/www.cukrowki.pl\/kategoria\/opakowania-na-krowki\/\" target=\"_blank\" rel=\"noopener noreferrer\">Obaly a krabi\u010dky<\/a><\/span><\/p>\n<p>[\/vc_column_text][\/vc_column][\/vc_row]<\/p>\n","protected":false},"excerpt":{"rendered":"<p>[vc_row][vc_column][vc_single_image image=&#8220;41312&#8243; img_size=&#8220;full&#8220;][\/vc_column][\/vc_row][vc_row][vc_column][vc_column_text] Krovky\u00a0s\u00fa na\u0161ou \u0161pecialitou. Ak sa \u010dlovek na nie\u010do zamieriava, \u0161pecializuje, znamen\u00e1 to, \u017ee v tom je dobr\u00fd, ba dokonca najlep\u0161\u00ed. V\u0161etko nasved\u010duje tomu, \u017ee my sme najlep\u0161\u00ed&hellip;<\/p>\n","protected":false},"author":1,"featured_media":0,"parent":0,"menu_order":0,"comment_status":"closed","ping_status":"closed","template":"","meta":{"_acf_changed":false,"inline_featured_image":false,"footnotes":""},"class_list":["post-81020","page","type-page","status-publish","hentry"],"acf":[],"yoast_head":"<!-- This site is optimized with the Yoast SEO plugin v26.2 - https:\/\/yoast.com\/wordpress\/plugins\/seo\/ -->\n<title>Spoznajte na\u0161e sladkosti trochu bli\u017e\u0161ie<\/title>\n<meta name=\"description\" content=\"Cukr\u00f3wka je ru\u010dne balen\u00e1 krovka s Va\u0161\u00edm vzorom, ktor\u00e9 u\u017e dlh\u00e9 roky vyr\u00e1bame v malej sv\u00e4tokr\u00ed\u017eskej tov\u00e1rni.\" \/>\n<meta name=\"robots\" content=\"index, follow, max-snippet:-1, max-image-preview:large, max-video-preview:-1\" \/>\n<link rel=\"canonical\" href=\"https:\/\/cukrowka.dev10.pro\/sk\/o-nas\/\" \/>\n<meta property=\"og:locale\" content=\"sk_SK\" \/>\n<meta property=\"og:type\" content=\"article\" \/>\n<meta property=\"og:title\" content=\"Spoznajte na\u0161e sladkosti trochu bli\u017e\u0161ie\" \/>\n<meta property=\"og:description\" content=\"Cukr\u00f3wka je ru\u010dne balen\u00e1 krovka s Va\u0161\u00edm vzorom, ktor\u00e9 u\u017e dlh\u00e9 roky vyr\u00e1bame v malej sv\u00e4tokr\u00ed\u017eskej tov\u00e1rni.\" \/>\n<meta property=\"og:url\" content=\"https:\/\/cukrowka.dev10.pro\/sk\/o-nas\/\" \/>\n<meta property=\"og:site_name\" content=\"Wyj\u0105tkowe kr\u00f3wki z nadrukiem\" \/>\n<meta property=\"article:modified_time\" content=\"2022-07-30T06:57:02+00:00\" \/>\n<meta name=\"twitter:card\" content=\"summary_large_image\" \/>\n<meta name=\"twitter:label1\" content=\"Predpokladan\u00fd \u010das \u010d\u00edtania\" \/>\n\t<meta name=\"twitter:data1\" content=\"3 min\u00faty\" \/>\n<script type=\"application\/ld+json\" class=\"yoast-schema-graph\">{\"@context\":\"https:\/\/schema.org\",\"@graph\":[{\"@type\":\"WebPage\",\"@id\":\"https:\/\/cukrowka.dev10.pro\/sk\/o-nas\/\",\"url\":\"https:\/\/cukrowka.dev10.pro\/sk\/o-nas\/\",\"name\":\"Spoznajte na\u0161e sladkosti trochu bli\u017e\u0161ie\",\"isPartOf\":{\"@id\":\"https:\/\/cukrowka.dev10.pro\/sk\/#website\"},\"datePublished\":\"2020-03-10T13:39:27+00:00\",\"dateModified\":\"2022-07-30T06:57:02+00:00\",\"description\":\"Cukr\u00f3wka je ru\u010dne balen\u00e1 krovka s Va\u0161\u00edm vzorom, ktor\u00e9 u\u017e dlh\u00e9 roky vyr\u00e1bame v malej sv\u00e4tokr\u00ed\u017eskej tov\u00e1rni.\",\"breadcrumb\":{\"@id\":\"https:\/\/cukrowka.dev10.pro\/sk\/o-nas\/#breadcrumb\"},\"inLanguage\":\"sk-SK\",\"potentialAction\":[{\"@type\":\"ReadAction\",\"target\":[\"https:\/\/cukrowka.dev10.pro\/sk\/o-nas\/\"]}]},{\"@type\":\"BreadcrumbList\",\"@id\":\"https:\/\/cukrowka.dev10.pro\/sk\/o-nas\/#breadcrumb\",\"itemListElement\":[{\"@type\":\"ListItem\",\"position\":1,\"name\":\"Strona g\u0142\u00f3wna\",\"item\":\"https:\/\/cukrowka.dev10.pro\/sk\/\"},{\"@type\":\"ListItem\",\"position\":2,\"name\":\"O n\u00e1s\"}]},{\"@type\":\"WebSite\",\"@id\":\"https:\/\/cukrowka.dev10.pro\/sk\/#website\",\"url\":\"https:\/\/cukrowka.dev10.pro\/sk\/\",\"name\":\"Wyj\u0105tkowe kr\u00f3wki z nadrukiem\",\"description\":\"reklamowe oraz \u015blubne\",\"publisher\":{\"@id\":\"https:\/\/cukrowka.dev10.pro\/sk\/#organization\"},\"potentialAction\":[{\"@type\":\"SearchAction\",\"target\":{\"@type\":\"EntryPoint\",\"urlTemplate\":\"https:\/\/cukrowka.dev10.pro\/sk\/?s={search_term_string}\"},\"query-input\":{\"@type\":\"PropertyValueSpecification\",\"valueRequired\":true,\"valueName\":\"search_term_string\"}}],\"inLanguage\":\"sk-SK\"},{\"@type\":\"Organization\",\"@id\":\"https:\/\/cukrowka.dev10.pro\/sk\/#organization\",\"name\":\"Wyj\u0105tkowe kr\u00f3wki z nadrukiem\",\"url\":\"https:\/\/cukrowka.dev10.pro\/sk\/\",\"logo\":{\"@type\":\"ImageObject\",\"inLanguage\":\"sk-SK\",\"@id\":\"https:\/\/cukrowka.dev10.pro\/sk\/#\/schema\/logo\/image\/\",\"url\":\"https:\/\/www.cukrowki.pl\/wp-content\/uploads\/2020\/02\/logo.png\",\"contentUrl\":\"https:\/\/www.cukrowki.pl\/wp-content\/uploads\/2020\/02\/logo.png\",\"width\":220,\"height\":169,\"caption\":\"Wyj\u0105tkowe kr\u00f3wki z nadrukiem\"},\"image\":{\"@id\":\"https:\/\/cukrowka.dev10.pro\/sk\/#\/schema\/logo\/image\/\"}}]}<\/script>\n<!-- \/ Yoast SEO plugin. -->","yoast_head_json":{"title":"Spoznajte na\u0161e sladkosti trochu bli\u017e\u0161ie","description":"Cukr\u00f3wka je ru\u010dne balen\u00e1 krovka s Va\u0161\u00edm vzorom, ktor\u00e9 u\u017e dlh\u00e9 roky vyr\u00e1bame v malej sv\u00e4tokr\u00ed\u017eskej tov\u00e1rni.","robots":{"index":"index","follow":"follow","max-snippet":"max-snippet:-1","max-image-preview":"max-image-preview:large","max-video-preview":"max-video-preview:-1"},"canonical":"https:\/\/cukrowka.dev10.pro\/sk\/o-nas\/","og_locale":"sk_SK","og_type":"article","og_title":"Spoznajte na\u0161e sladkosti trochu bli\u017e\u0161ie","og_description":"Cukr\u00f3wka je ru\u010dne balen\u00e1 krovka s Va\u0161\u00edm vzorom, ktor\u00e9 u\u017e dlh\u00e9 roky vyr\u00e1bame v malej sv\u00e4tokr\u00ed\u017eskej tov\u00e1rni.","og_url":"https:\/\/cukrowka.dev10.pro\/sk\/o-nas\/","og_site_name":"Wyj\u0105tkowe kr\u00f3wki z nadrukiem","article_modified_time":"2022-07-30T06:57:02+00:00","twitter_card":"summary_large_image","twitter_misc":{"Predpokladan\u00fd \u010das \u010d\u00edtania":"3 min\u00faty"},"schema":{"@context":"https:\/\/schema.org","@graph":[{"@type":"WebPage","@id":"https:\/\/cukrowka.dev10.pro\/sk\/o-nas\/","url":"https:\/\/cukrowka.dev10.pro\/sk\/o-nas\/","name":"Spoznajte na\u0161e sladkosti trochu bli\u017e\u0161ie","isPartOf":{"@id":"https:\/\/cukrowka.dev10.pro\/sk\/#website"},"datePublished":"2020-03-10T13:39:27+00:00","dateModified":"2022-07-30T06:57:02+00:00","description":"Cukr\u00f3wka je ru\u010dne balen\u00e1 krovka s Va\u0161\u00edm vzorom, ktor\u00e9 u\u017e dlh\u00e9 roky vyr\u00e1bame v malej sv\u00e4tokr\u00ed\u017eskej tov\u00e1rni.","breadcrumb":{"@id":"https:\/\/cukrowka.dev10.pro\/sk\/o-nas\/#breadcrumb"},"inLanguage":"sk-SK","potentialAction":[{"@type":"ReadAction","target":["https:\/\/cukrowka.dev10.pro\/sk\/o-nas\/"]}]},{"@type":"BreadcrumbList","@id":"https:\/\/cukrowka.dev10.pro\/sk\/o-nas\/#breadcrumb","itemListElement":[{"@type":"ListItem","position":1,"name":"Strona g\u0142\u00f3wna","item":"https:\/\/cukrowka.dev10.pro\/sk\/"},{"@type":"ListItem","position":2,"name":"O n\u00e1s"}]},{"@type":"WebSite","@id":"https:\/\/cukrowka.dev10.pro\/sk\/#website","url":"https:\/\/cukrowka.dev10.pro\/sk\/","name":"Wyj\u0105tkowe kr\u00f3wki z nadrukiem","description":"reklamowe oraz \u015blubne","publisher":{"@id":"https:\/\/cukrowka.dev10.pro\/sk\/#organization"},"potentialAction":[{"@type":"SearchAction","target":{"@type":"EntryPoint","urlTemplate":"https:\/\/cukrowka.dev10.pro\/sk\/?s={search_term_string}"},"query-input":{"@type":"PropertyValueSpecification","valueRequired":true,"valueName":"search_term_string"}}],"inLanguage":"sk-SK"},{"@type":"Organization","@id":"https:\/\/cukrowka.dev10.pro\/sk\/#organization","name":"Wyj\u0105tkowe kr\u00f3wki z nadrukiem","url":"https:\/\/cukrowka.dev10.pro\/sk\/","logo":{"@type":"ImageObject","inLanguage":"sk-SK","@id":"https:\/\/cukrowka.dev10.pro\/sk\/#\/schema\/logo\/image\/","url":"https:\/\/www.cukrowki.pl\/wp-content\/uploads\/2020\/02\/logo.png","contentUrl":"https:\/\/www.cukrowki.pl\/wp-content\/uploads\/2020\/02\/logo.png","width":220,"height":169,"caption":"Wyj\u0105tkowe kr\u00f3wki z nadrukiem"},"image":{"@id":"https:\/\/cukrowka.dev10.pro\/sk\/#\/schema\/logo\/image\/"}}]}},"_links":{"self":[{"href":"https:\/\/cukrowka.dev10.pro\/sk\/wp-json\/wp\/v2\/pages\/81020","targetHints":{"allow":["GET"]}}],"collection":[{"href":"https:\/\/cukrowka.dev10.pro\/sk\/wp-json\/wp\/v2\/pages"}],"about":[{"href":"https:\/\/cukrowka.dev10.pro\/sk\/wp-json\/wp\/v2\/types\/page"}],"author":[{"embeddable":true,"href":"https:\/\/cukrowka.dev10.pro\/sk\/wp-json\/wp\/v2\/users\/1"}],"replies":[{"embeddable":true,"href":"https:\/\/cukrowka.dev10.pro\/sk\/wp-json\/wp\/v2\/comments?post=81020"}],"version-history":[{"count":3,"href":"https:\/\/cukrowka.dev10.pro\/sk\/wp-json\/wp\/v2\/pages\/81020\/revisions"}],"predecessor-version":[{"id":81023,"href":"https:\/\/cukrowka.dev10.pro\/sk\/wp-json\/wp\/v2\/pages\/81020\/revisions\/81023"}],"wp:attachment":[{"href":"https:\/\/cukrowka.dev10.pro\/sk\/wp-json\/wp\/v2\/media?parent=81020"}],"curies":[{"name":"wp","href":"https:\/\/api.w.org\/{rel}","templated":true}]}}