{"id":73058,"date":"2020-03-30T16:24:27","date_gmt":"2020-03-30T14:24:27","guid":{"rendered":"https:\/\/www.cukrowki.pl\/produkt\/firemni-karamelky-vas-projekt-10-kg\/"},"modified":"2024-04-15T18:45:47","modified_gmt":"2024-04-15T16:45:47","slug":"firemni-karamelky-vas-projekt-10-kg","status":"publish","type":"product","link":"https:\/\/cukrowka.dev10.pro\/cs\/produkt\/firemni-karamelky-vas-projekt-10-kg\/","title":{"rendered":"Firemn\u00ed karamelky &#8211; V\u00e1\u0161 projekt! &#8211; 10 KG"},"content":[],"excerpt":{"rendered":"<p>Tradi\u010dn\u00ed propaga\u010dn\u00ed cukrovinky &#8211; 10 kg<\/p>\n","protected":false},"featured_media":42477,"comment_status":"open","ping_status":"closed","template":"","meta":{"_acf_changed":false,"inline_featured_image":false},"prod_collection":[989],"number":[991],"minimal-order":[],"expiration-date":[],"storage":[996],"composition":[997],"taste":[999],"note":[],"weight":[],"nutritional":[1002],"label-size":[],"product-size":[],"package-size":[],"product_cat":[702],"product_tag":[],"class_list":{"0":"post-73058","1":"product","2":"type-product","3":"status-publish","4":"has-post-thumbnail","6":"prod_collection-twoj-projekt-cs","7":"number-65-70-pyszne-cukrowki-cs","8":"storage-suche-a-stinne-misto","9":"composition-klasicke","10":"taste-mlecna","11":"nutritional-klasicke","12":"product_cat-reklamni-karamelky","14":"first","15":"instock","16":"taxable","17":"shipping-taxable","18":"purchasable","19":"product-type-variable"},"acf":[],"yoast_head":"<!-- This site is optimized with the Yoast SEO plugin v26.2 - https:\/\/yoast.com\/wordpress\/plugins\/seo\/ -->\n<title>Reklamn\u00ed sladkosti s logem 10 kg - tradi\u010dn\u00ed karamelky<\/title>\n<meta name=\"description\" content=\"Reklamn\u00ed bonbony v podob\u011b tradi\u010dn\u00ed ml\u00e9\u010dn\u00e9 karamelky s potiskem (10 kg). P\u0159ekvapte sv\u00e9 z\u00e1kazn\u00edky origin\u00e1ln\u00edm d\u00e1rkem. Objedn\u00e1vejte nyn\u00ed!\" \/>\n<meta name=\"robots\" content=\"index, follow, max-snippet:-1, max-image-preview:large, max-video-preview:-1\" \/>\n<link rel=\"canonical\" href=\"https:\/\/cukrowka.dev10.pro\/cs\/produkt\/firemni-karamelky-vas-projekt-10-kg\/\" \/>\n<meta property=\"og:locale\" content=\"cs_CZ\" \/>\n<meta property=\"og:type\" content=\"article\" \/>\n<meta property=\"og:title\" content=\"Reklamn\u00ed sladkosti s logem 10 kg - tradi\u010dn\u00ed karamelky\" \/>\n<meta property=\"og:description\" content=\"Reklamn\u00ed bonbony v podob\u011b tradi\u010dn\u00ed ml\u00e9\u010dn\u00e9 karamelky s potiskem (10 kg). P\u0159ekvapte sv\u00e9 z\u00e1kazn\u00edky origin\u00e1ln\u00edm d\u00e1rkem. Objedn\u00e1vejte nyn\u00ed!\" \/>\n<meta property=\"og:url\" content=\"https:\/\/cukrowka.dev10.pro\/cs\/produkt\/firemni-karamelky-vas-projekt-10-kg\/\" \/>\n<meta property=\"og:site_name\" content=\"Wyj\u0105tkowe kr\u00f3wki z nadrukiem\" \/>\n<meta property=\"article:modified_time\" content=\"2024-04-15T16:45:47+00:00\" \/>\n<meta property=\"og:image\" content=\"https:\/\/cukrowka.dev10.pro\/wp-content\/uploads\/2020\/03\/krowka_firmowa_10kg_v2-1.jpg\" \/>\n\t<meta property=\"og:image:width\" content=\"1000\" \/>\n\t<meta property=\"og:image:height\" content=\"1000\" \/>\n\t<meta property=\"og:image:type\" content=\"image\/jpeg\" \/>\n<meta name=\"twitter:card\" content=\"summary_large_image\" \/>\n<meta name=\"twitter:label1\" content=\"Odhadovan\u00e1 doba \u010dten\u00ed\" \/>\n\t<meta name=\"twitter:data1\" content=\"1 minuta\" \/>\n<script type=\"application\/ld+json\" class=\"yoast-schema-graph\">{\"@context\":\"https:\/\/schema.org\",\"@graph\":[{\"@type\":\"WebPage\",\"@id\":\"https:\/\/cukrowka.dev10.pro\/cs\/produkt\/firemni-karamelky-vas-projekt-10-kg\/\",\"url\":\"https:\/\/cukrowka.dev10.pro\/cs\/produkt\/firemni-karamelky-vas-projekt-10-kg\/\",\"name\":\"Reklamn\u00ed sladkosti s logem 10 kg - tradi\u010dn\u00ed karamelky\",\"isPartOf\":{\"@id\":\"https:\/\/cukrowka.dev10.pro\/cs\/#website\"},\"primaryImageOfPage\":{\"@id\":\"https:\/\/cukrowka.dev10.pro\/cs\/produkt\/firemni-karamelky-vas-projekt-10-kg\/#primaryimage\"},\"image\":{\"@id\":\"https:\/\/cukrowka.dev10.pro\/cs\/produkt\/firemni-karamelky-vas-projekt-10-kg\/#primaryimage\"},\"thumbnailUrl\":\"https:\/\/cukrowka.dev10.pro\/wp-content\/uploads\/2020\/03\/krowka_firmowa_10kg_v2-1.jpg\",\"datePublished\":\"2020-03-30T14:24:27+00:00\",\"dateModified\":\"2024-04-15T16:45:47+00:00\",\"description\":\"Reklamn\u00ed bonbony v podob\u011b tradi\u010dn\u00ed ml\u00e9\u010dn\u00e9 karamelky s potiskem (10 kg). P\u0159ekvapte sv\u00e9 z\u00e1kazn\u00edky origin\u00e1ln\u00edm d\u00e1rkem. Objedn\u00e1vejte nyn\u00ed!\",\"breadcrumb\":{\"@id\":\"https:\/\/cukrowka.dev10.pro\/cs\/produkt\/firemni-karamelky-vas-projekt-10-kg\/#breadcrumb\"},\"inLanguage\":\"cs\",\"potentialAction\":[{\"@type\":\"ReadAction\",\"target\":[\"https:\/\/cukrowka.dev10.pro\/cs\/produkt\/firemni-karamelky-vas-projekt-10-kg\/\"]}]},{\"@type\":\"ImageObject\",\"inLanguage\":\"cs\",\"@id\":\"https:\/\/cukrowka.dev10.pro\/cs\/produkt\/firemni-karamelky-vas-projekt-10-kg\/#primaryimage\",\"url\":\"https:\/\/cukrowka.dev10.pro\/wp-content\/uploads\/2020\/03\/krowka_firmowa_10kg_v2-1.jpg\",\"contentUrl\":\"https:\/\/cukrowka.dev10.pro\/wp-content\/uploads\/2020\/03\/krowka_firmowa_10kg_v2-1.jpg\",\"width\":1000,\"height\":1000,\"caption\":\"Firemn\u00ed karamelka 10kg\"},{\"@type\":\"BreadcrumbList\",\"@id\":\"https:\/\/cukrowka.dev10.pro\/cs\/produkt\/firemni-karamelky-vas-projekt-10-kg\/#breadcrumb\",\"itemListElement\":[{\"@type\":\"ListItem\",\"position\":1,\"name\":\"Strona g\u0142\u00f3wna\",\"item\":\"https:\/\/cukrowka.dev10.pro\/cs\/\"},{\"@type\":\"ListItem\",\"position\":2,\"name\":\"Shop\",\"item\":\"https:\/\/cukrowka.dev10.pro\/cs\/shop\/\"},{\"@type\":\"ListItem\",\"position\":3,\"name\":\"Firemn\u00ed karamelky &#8211; V\u00e1\u0161 projekt! &#8211; 10 KG\"}]},{\"@type\":\"WebSite\",\"@id\":\"https:\/\/cukrowka.dev10.pro\/cs\/#website\",\"url\":\"https:\/\/cukrowka.dev10.pro\/cs\/\",\"name\":\"Wyj\u0105tkowe kr\u00f3wki z nadrukiem\",\"description\":\"reklamowe oraz \u015blubne\",\"publisher\":{\"@id\":\"https:\/\/cukrowka.dev10.pro\/cs\/#organization\"},\"potentialAction\":[{\"@type\":\"SearchAction\",\"target\":{\"@type\":\"EntryPoint\",\"urlTemplate\":\"https:\/\/cukrowka.dev10.pro\/cs\/?s={search_term_string}\"},\"query-input\":{\"@type\":\"PropertyValueSpecification\",\"valueRequired\":true,\"valueName\":\"search_term_string\"}}],\"inLanguage\":\"cs\"},{\"@type\":\"Organization\",\"@id\":\"https:\/\/cukrowka.dev10.pro\/cs\/#organization\",\"name\":\"Wyj\u0105tkowe kr\u00f3wki z nadrukiem\",\"url\":\"https:\/\/cukrowka.dev10.pro\/cs\/\",\"logo\":{\"@type\":\"ImageObject\",\"inLanguage\":\"cs\",\"@id\":\"https:\/\/cukrowka.dev10.pro\/cs\/#\/schema\/logo\/image\/\",\"url\":\"https:\/\/www.cukrowki.pl\/wp-content\/uploads\/2020\/02\/logo.png\",\"contentUrl\":\"https:\/\/www.cukrowki.pl\/wp-content\/uploads\/2020\/02\/logo.png\",\"width\":220,\"height\":169,\"caption\":\"Wyj\u0105tkowe kr\u00f3wki z nadrukiem\"},\"image\":{\"@id\":\"https:\/\/cukrowka.dev10.pro\/cs\/#\/schema\/logo\/image\/\"}}]}<\/script>\n<!-- \/ Yoast SEO plugin. -->","yoast_head_json":{"title":"Reklamn\u00ed sladkosti s logem 10 kg - tradi\u010dn\u00ed karamelky","description":"Reklamn\u00ed bonbony v podob\u011b tradi\u010dn\u00ed ml\u00e9\u010dn\u00e9 karamelky s potiskem (10 kg). P\u0159ekvapte sv\u00e9 z\u00e1kazn\u00edky origin\u00e1ln\u00edm d\u00e1rkem. Objedn\u00e1vejte nyn\u00ed!","robots":{"index":"index","follow":"follow","max-snippet":"max-snippet:-1","max-image-preview":"max-image-preview:large","max-video-preview":"max-video-preview:-1"},"canonical":"https:\/\/cukrowka.dev10.pro\/cs\/produkt\/firemni-karamelky-vas-projekt-10-kg\/","og_locale":"cs_CZ","og_type":"article","og_title":"Reklamn\u00ed sladkosti s logem 10 kg - tradi\u010dn\u00ed karamelky","og_description":"Reklamn\u00ed bonbony v podob\u011b tradi\u010dn\u00ed ml\u00e9\u010dn\u00e9 karamelky s potiskem (10 kg). P\u0159ekvapte sv\u00e9 z\u00e1kazn\u00edky origin\u00e1ln\u00edm d\u00e1rkem. Objedn\u00e1vejte nyn\u00ed!","og_url":"https:\/\/cukrowka.dev10.pro\/cs\/produkt\/firemni-karamelky-vas-projekt-10-kg\/","og_site_name":"Wyj\u0105tkowe kr\u00f3wki z nadrukiem","article_modified_time":"2024-04-15T16:45:47+00:00","og_image":[{"width":1000,"height":1000,"url":"https:\/\/cukrowka.dev10.pro\/wp-content\/uploads\/2020\/03\/krowka_firmowa_10kg_v2-1.jpg","type":"image\/jpeg"}],"twitter_card":"summary_large_image","twitter_misc":{"Odhadovan\u00e1 doba \u010dten\u00ed":"1 minuta"},"schema":{"@context":"https:\/\/schema.org","@graph":[{"@type":"WebPage","@id":"https:\/\/cukrowka.dev10.pro\/cs\/produkt\/firemni-karamelky-vas-projekt-10-kg\/","url":"https:\/\/cukrowka.dev10.pro\/cs\/produkt\/firemni-karamelky-vas-projekt-10-kg\/","name":"Reklamn\u00ed sladkosti s logem 10 kg - tradi\u010dn\u00ed karamelky","isPartOf":{"@id":"https:\/\/cukrowka.dev10.pro\/cs\/#website"},"primaryImageOfPage":{"@id":"https:\/\/cukrowka.dev10.pro\/cs\/produkt\/firemni-karamelky-vas-projekt-10-kg\/#primaryimage"},"image":{"@id":"https:\/\/cukrowka.dev10.pro\/cs\/produkt\/firemni-karamelky-vas-projekt-10-kg\/#primaryimage"},"thumbnailUrl":"https:\/\/cukrowka.dev10.pro\/wp-content\/uploads\/2020\/03\/krowka_firmowa_10kg_v2-1.jpg","datePublished":"2020-03-30T14:24:27+00:00","dateModified":"2024-04-15T16:45:47+00:00","description":"Reklamn\u00ed bonbony v podob\u011b tradi\u010dn\u00ed ml\u00e9\u010dn\u00e9 karamelky s potiskem (10 kg). P\u0159ekvapte sv\u00e9 z\u00e1kazn\u00edky origin\u00e1ln\u00edm d\u00e1rkem. Objedn\u00e1vejte nyn\u00ed!","breadcrumb":{"@id":"https:\/\/cukrowka.dev10.pro\/cs\/produkt\/firemni-karamelky-vas-projekt-10-kg\/#breadcrumb"},"inLanguage":"cs","potentialAction":[{"@type":"ReadAction","target":["https:\/\/cukrowka.dev10.pro\/cs\/produkt\/firemni-karamelky-vas-projekt-10-kg\/"]}]},{"@type":"ImageObject","inLanguage":"cs","@id":"https:\/\/cukrowka.dev10.pro\/cs\/produkt\/firemni-karamelky-vas-projekt-10-kg\/#primaryimage","url":"https:\/\/cukrowka.dev10.pro\/wp-content\/uploads\/2020\/03\/krowka_firmowa_10kg_v2-1.jpg","contentUrl":"https:\/\/cukrowka.dev10.pro\/wp-content\/uploads\/2020\/03\/krowka_firmowa_10kg_v2-1.jpg","width":1000,"height":1000,"caption":"Firemn\u00ed karamelka 10kg"},{"@type":"BreadcrumbList","@id":"https:\/\/cukrowka.dev10.pro\/cs\/produkt\/firemni-karamelky-vas-projekt-10-kg\/#breadcrumb","itemListElement":[{"@type":"ListItem","position":1,"name":"Strona g\u0142\u00f3wna","item":"https:\/\/cukrowka.dev10.pro\/cs\/"},{"@type":"ListItem","position":2,"name":"Shop","item":"https:\/\/cukrowka.dev10.pro\/cs\/shop\/"},{"@type":"ListItem","position":3,"name":"Firemn\u00ed karamelky &#8211; V\u00e1\u0161 projekt! &#8211; 10 KG"}]},{"@type":"WebSite","@id":"https:\/\/cukrowka.dev10.pro\/cs\/#website","url":"https:\/\/cukrowka.dev10.pro\/cs\/","name":"Wyj\u0105tkowe kr\u00f3wki z nadrukiem","description":"reklamowe oraz \u015blubne","publisher":{"@id":"https:\/\/cukrowka.dev10.pro\/cs\/#organization"},"potentialAction":[{"@type":"SearchAction","target":{"@type":"EntryPoint","urlTemplate":"https:\/\/cukrowka.dev10.pro\/cs\/?s={search_term_string}"},"query-input":{"@type":"PropertyValueSpecification","valueRequired":true,"valueName":"search_term_string"}}],"inLanguage":"cs"},{"@type":"Organization","@id":"https:\/\/cukrowka.dev10.pro\/cs\/#organization","name":"Wyj\u0105tkowe kr\u00f3wki z nadrukiem","url":"https:\/\/cukrowka.dev10.pro\/cs\/","logo":{"@type":"ImageObject","inLanguage":"cs","@id":"https:\/\/cukrowka.dev10.pro\/cs\/#\/schema\/logo\/image\/","url":"https:\/\/www.cukrowki.pl\/wp-content\/uploads\/2020\/02\/logo.png","contentUrl":"https:\/\/www.cukrowki.pl\/wp-content\/uploads\/2020\/02\/logo.png","width":220,"height":169,"caption":"Wyj\u0105tkowe kr\u00f3wki z nadrukiem"},"image":{"@id":"https:\/\/cukrowka.dev10.pro\/cs\/#\/schema\/logo\/image\/"}}]}},"_links":{"self":[{"href":"https:\/\/cukrowka.dev10.pro\/cs\/wp-json\/wp\/v2\/product\/73058","targetHints":{"allow":["GET"]}}],"collection":[{"href":"https:\/\/cukrowka.dev10.pro\/cs\/wp-json\/wp\/v2\/product"}],"about":[{"href":"https:\/\/cukrowka.dev10.pro\/cs\/wp-json\/wp\/v2\/types\/product"}],"replies":[{"embeddable":true,"href":"https:\/\/cukrowka.dev10.pro\/cs\/wp-json\/wp\/v2\/comments?post=73058"}],"wp:featuredmedia":[{"embeddable":true,"href":"https:\/\/cukrowka.dev10.pro\/cs\/wp-json\/wp\/v2\/media\/42477"}],"wp:attachment":[{"href":"https:\/\/cukrowka.dev10.pro\/cs\/wp-json\/wp\/v2\/media?parent=73058"}],"wp:term":[{"taxonomy":"prod_collection","embeddable":true,"href":"https:\/\/cukrowka.dev10.pro\/cs\/wp-json\/wp\/v2\/prod_collection?post=73058"},{"taxonomy":"number","embeddable":true,"href":"https:\/\/cukrowka.dev10.pro\/cs\/wp-json\/wp\/v2\/number?post=73058"},{"taxonomy":"minimal-order","embeddable":true,"href":"https:\/\/cukrowka.dev10.pro\/cs\/wp-json\/wp\/v2\/minimal-order?post=73058"},{"taxonomy":"expiration-date","embeddable":true,"href":"https:\/\/cukrowka.dev10.pro\/cs\/wp-json\/wp\/v2\/expiration-date?post=73058"},{"taxonomy":"storage","embeddable":true,"href":"https:\/\/cukrowka.dev10.pro\/cs\/wp-json\/wp\/v2\/storage?post=73058"},{"taxonomy":"composition","embeddable":true,"href":"https:\/\/cukrowka.dev10.pro\/cs\/wp-json\/wp\/v2\/composition?post=73058"},{"taxonomy":"taste","embeddable":true,"href":"https:\/\/cukrowka.dev10.pro\/cs\/wp-json\/wp\/v2\/taste?post=73058"},{"taxonomy":"note","embeddable":true,"href":"https:\/\/cukrowka.dev10.pro\/cs\/wp-json\/wp\/v2\/note?post=73058"},{"taxonomy":"weight","embeddable":true,"href":"https:\/\/cukrowka.dev10.pro\/cs\/wp-json\/wp\/v2\/weight?post=73058"},{"taxonomy":"nutritional","embeddable":true,"href":"https:\/\/cukrowka.dev10.pro\/cs\/wp-json\/wp\/v2\/nutritional?post=73058"},{"taxonomy":"label-size","embeddable":true,"href":"https:\/\/cukrowka.dev10.pro\/cs\/wp-json\/wp\/v2\/label-size?post=73058"},{"taxonomy":"product-size","embeddable":true,"href":"https:\/\/cukrowka.dev10.pro\/cs\/wp-json\/wp\/v2\/product-size?post=73058"},{"taxonomy":"package-size","embeddable":true,"href":"https:\/\/cukrowka.dev10.pro\/cs\/wp-json\/wp\/v2\/package-size?post=73058"},{"taxonomy":"content","embeddable":true,"href":"https:\/\/cukrowka.dev10.pro\/cs\/wp-json\/wp\/v2\/content?post=73058"},{"taxonomy":"product_cat","embeddable":true,"href":"https:\/\/cukrowka.dev10.pro\/cs\/wp-json\/wp\/v2\/product_cat?post=73058"},{"taxonomy":"product_tag","embeddable":true,"href":"https:\/\/cukrowka.dev10.pro\/cs\/wp-json\/wp\/v2\/product_tag?post=73058"}],"curies":[{"name":"wp","href":"https:\/\/api.w.org\/{rel}","templated":true}]}}