{"id":73055,"date":"2020-03-30T16:43:57","date_gmt":"2020-03-30T14:43:57","guid":{"rendered":"https:\/\/www.cukrowki.pl\/produkt\/firemni-karamelky-vas-projekt-15-kg\/"},"modified":"2023-09-07T12:00:22","modified_gmt":"2023-09-07T10:00:22","slug":"firemni-karamelky-vas-projekt-15-kg","status":"publish","type":"product","link":"https:\/\/cukrowka.dev10.pro\/cs\/produkt\/firemni-karamelky-vas-projekt-15-kg\/","title":{"rendered":"Firemn\u00ed karamelky &#8211; V\u00e1\u0161 projekt! &#8211; 15 KG"},"content":[],"excerpt":{"rendered":"<p>Karamelky s logem va\u0161\u00ed firmy 15 kg &#8211; sladk\u00e1 reklama za rozumnou cenu<\/p>\n","protected":false},"featured_media":42475,"comment_status":"open","ping_status":"closed","template":"","meta":{"_acf_changed":false,"inline_featured_image":false},"prod_collection":[989],"number":[991],"minimal-order":[],"expiration-date":[],"storage":[996],"composition":[997],"taste":[999],"note":[],"weight":[],"nutritional":[1002],"label-size":[],"product-size":[],"package-size":[],"product_cat":[702],"product_tag":[],"class_list":{"0":"post-73055","1":"product","2":"type-product","3":"status-publish","4":"has-post-thumbnail","6":"prod_collection-twoj-projekt-cs","7":"number-65-70-pyszne-cukrowki-cs","8":"storage-suche-a-stinne-misto","9":"composition-klasicke","10":"taste-mlecna","11":"nutritional-klasicke","12":"product_cat-reklamni-karamelky","14":"first","15":"instock","16":"taxable","17":"shipping-taxable","18":"purchasable","19":"product-type-variable"},"acf":[],"yoast_head":"<!-- This site is optimized with the Yoast SEO plugin v26.2 - https:\/\/yoast.com\/wordpress\/plugins\/seo\/ -->\n<title>Karamelky s logem firmy vyroben\u00e9 podle tradi\u010dn\u00ed receptury - 15 kg<\/title>\n<meta name=\"description\" content=\"Zvenku k\u0159upav\u00e9, uvnit\u0159 tekut\u00e9. Tyto karamelky s logem (15 kg) jsou na\u0161\u00ed specialitou! Oslov\u00ed tak\u00e9 va\u0161e z\u00e1kazn\u00edky.\" \/>\n<meta name=\"robots\" content=\"index, follow, max-snippet:-1, max-image-preview:large, max-video-preview:-1\" \/>\n<link rel=\"canonical\" href=\"https:\/\/cukrowka.dev10.pro\/cs\/produkt\/firemni-karamelky-vas-projekt-15-kg\/\" \/>\n<meta property=\"og:locale\" content=\"cs_CZ\" \/>\n<meta property=\"og:type\" content=\"article\" \/>\n<meta property=\"og:title\" content=\"Karamelky s logem firmy vyroben\u00e9 podle tradi\u010dn\u00ed receptury - 15 kg\" \/>\n<meta property=\"og:description\" content=\"Zvenku k\u0159upav\u00e9, uvnit\u0159 tekut\u00e9. Tyto karamelky s logem (15 kg) jsou na\u0161\u00ed specialitou! Oslov\u00ed tak\u00e9 va\u0161e z\u00e1kazn\u00edky.\" \/>\n<meta property=\"og:url\" content=\"https:\/\/cukrowka.dev10.pro\/cs\/produkt\/firemni-karamelky-vas-projekt-15-kg\/\" \/>\n<meta property=\"og:site_name\" content=\"Wyj\u0105tkowe kr\u00f3wki z nadrukiem\" \/>\n<meta property=\"article:modified_time\" content=\"2023-09-07T10:00:22+00:00\" \/>\n<meta property=\"og:image\" content=\"https:\/\/cukrowka.dev10.pro\/wp-content\/uploads\/2020\/03\/krowka_firmowa_15kg_v3-1.jpg\" \/>\n\t<meta property=\"og:image:width\" content=\"1000\" \/>\n\t<meta property=\"og:image:height\" content=\"1000\" \/>\n\t<meta property=\"og:image:type\" content=\"image\/jpeg\" \/>\n<meta name=\"twitter:card\" content=\"summary_large_image\" \/>\n<meta name=\"twitter:label1\" content=\"Odhadovan\u00e1 doba \u010dten\u00ed\" \/>\n\t<meta name=\"twitter:data1\" content=\"1 minuta\" \/>\n<script type=\"application\/ld+json\" class=\"yoast-schema-graph\">{\"@context\":\"https:\/\/schema.org\",\"@graph\":[{\"@type\":\"WebPage\",\"@id\":\"https:\/\/cukrowka.dev10.pro\/cs\/produkt\/firemni-karamelky-vas-projekt-15-kg\/\",\"url\":\"https:\/\/cukrowka.dev10.pro\/cs\/produkt\/firemni-karamelky-vas-projekt-15-kg\/\",\"name\":\"Karamelky s logem firmy vyroben\u00e9 podle tradi\u010dn\u00ed receptury - 15 kg\",\"isPartOf\":{\"@id\":\"https:\/\/cukrowka.dev10.pro\/cs\/#website\"},\"primaryImageOfPage\":{\"@id\":\"https:\/\/cukrowka.dev10.pro\/cs\/produkt\/firemni-karamelky-vas-projekt-15-kg\/#primaryimage\"},\"image\":{\"@id\":\"https:\/\/cukrowka.dev10.pro\/cs\/produkt\/firemni-karamelky-vas-projekt-15-kg\/#primaryimage\"},\"thumbnailUrl\":\"https:\/\/cukrowka.dev10.pro\/wp-content\/uploads\/2020\/03\/krowka_firmowa_15kg_v3-1.jpg\",\"datePublished\":\"2020-03-30T14:43:57+00:00\",\"dateModified\":\"2023-09-07T10:00:22+00:00\",\"description\":\"Zvenku k\u0159upav\u00e9, uvnit\u0159 tekut\u00e9. Tyto karamelky s logem (15 kg) jsou na\u0161\u00ed specialitou! Oslov\u00ed tak\u00e9 va\u0161e z\u00e1kazn\u00edky.\",\"breadcrumb\":{\"@id\":\"https:\/\/cukrowka.dev10.pro\/cs\/produkt\/firemni-karamelky-vas-projekt-15-kg\/#breadcrumb\"},\"inLanguage\":\"cs\",\"potentialAction\":[{\"@type\":\"ReadAction\",\"target\":[\"https:\/\/cukrowka.dev10.pro\/cs\/produkt\/firemni-karamelky-vas-projekt-15-kg\/\"]}]},{\"@type\":\"ImageObject\",\"inLanguage\":\"cs\",\"@id\":\"https:\/\/cukrowka.dev10.pro\/cs\/produkt\/firemni-karamelky-vas-projekt-15-kg\/#primaryimage\",\"url\":\"https:\/\/cukrowka.dev10.pro\/wp-content\/uploads\/2020\/03\/krowka_firmowa_15kg_v3-1.jpg\",\"contentUrl\":\"https:\/\/cukrowka.dev10.pro\/wp-content\/uploads\/2020\/03\/krowka_firmowa_15kg_v3-1.jpg\",\"width\":1000,\"height\":1000,\"caption\":\"Karamelky s logem Va\u0161\u00ed firmy\"},{\"@type\":\"BreadcrumbList\",\"@id\":\"https:\/\/cukrowka.dev10.pro\/cs\/produkt\/firemni-karamelky-vas-projekt-15-kg\/#breadcrumb\",\"itemListElement\":[{\"@type\":\"ListItem\",\"position\":1,\"name\":\"Strona g\u0142\u00f3wna\",\"item\":\"https:\/\/cukrowka.dev10.pro\/cs\/\"},{\"@type\":\"ListItem\",\"position\":2,\"name\":\"Shop\",\"item\":\"https:\/\/cukrowka.dev10.pro\/cs\/shop\/\"},{\"@type\":\"ListItem\",\"position\":3,\"name\":\"Firemn\u00ed karamelky &#8211; V\u00e1\u0161 projekt! &#8211; 15 KG\"}]},{\"@type\":\"WebSite\",\"@id\":\"https:\/\/cukrowka.dev10.pro\/cs\/#website\",\"url\":\"https:\/\/cukrowka.dev10.pro\/cs\/\",\"name\":\"Wyj\u0105tkowe kr\u00f3wki z nadrukiem\",\"description\":\"reklamowe oraz \u015blubne\",\"publisher\":{\"@id\":\"https:\/\/cukrowka.dev10.pro\/cs\/#organization\"},\"potentialAction\":[{\"@type\":\"SearchAction\",\"target\":{\"@type\":\"EntryPoint\",\"urlTemplate\":\"https:\/\/cukrowka.dev10.pro\/cs\/?s={search_term_string}\"},\"query-input\":{\"@type\":\"PropertyValueSpecification\",\"valueRequired\":true,\"valueName\":\"search_term_string\"}}],\"inLanguage\":\"cs\"},{\"@type\":\"Organization\",\"@id\":\"https:\/\/cukrowka.dev10.pro\/cs\/#organization\",\"name\":\"Wyj\u0105tkowe kr\u00f3wki z nadrukiem\",\"url\":\"https:\/\/cukrowka.dev10.pro\/cs\/\",\"logo\":{\"@type\":\"ImageObject\",\"inLanguage\":\"cs\",\"@id\":\"https:\/\/cukrowka.dev10.pro\/cs\/#\/schema\/logo\/image\/\",\"url\":\"https:\/\/www.cukrowki.pl\/wp-content\/uploads\/2020\/02\/logo.png\",\"contentUrl\":\"https:\/\/www.cukrowki.pl\/wp-content\/uploads\/2020\/02\/logo.png\",\"width\":220,\"height\":169,\"caption\":\"Wyj\u0105tkowe kr\u00f3wki z nadrukiem\"},\"image\":{\"@id\":\"https:\/\/cukrowka.dev10.pro\/cs\/#\/schema\/logo\/image\/\"}}]}<\/script>\n<!-- \/ Yoast SEO plugin. -->","yoast_head_json":{"title":"Karamelky s logem firmy vyroben\u00e9 podle tradi\u010dn\u00ed receptury - 15 kg","description":"Zvenku k\u0159upav\u00e9, uvnit\u0159 tekut\u00e9. Tyto karamelky s logem (15 kg) jsou na\u0161\u00ed specialitou! Oslov\u00ed tak\u00e9 va\u0161e z\u00e1kazn\u00edky.","robots":{"index":"index","follow":"follow","max-snippet":"max-snippet:-1","max-image-preview":"max-image-preview:large","max-video-preview":"max-video-preview:-1"},"canonical":"https:\/\/cukrowka.dev10.pro\/cs\/produkt\/firemni-karamelky-vas-projekt-15-kg\/","og_locale":"cs_CZ","og_type":"article","og_title":"Karamelky s logem firmy vyroben\u00e9 podle tradi\u010dn\u00ed receptury - 15 kg","og_description":"Zvenku k\u0159upav\u00e9, uvnit\u0159 tekut\u00e9. Tyto karamelky s logem (15 kg) jsou na\u0161\u00ed specialitou! Oslov\u00ed tak\u00e9 va\u0161e z\u00e1kazn\u00edky.","og_url":"https:\/\/cukrowka.dev10.pro\/cs\/produkt\/firemni-karamelky-vas-projekt-15-kg\/","og_site_name":"Wyj\u0105tkowe kr\u00f3wki z nadrukiem","article_modified_time":"2023-09-07T10:00:22+00:00","og_image":[{"width":1000,"height":1000,"url":"https:\/\/cukrowka.dev10.pro\/wp-content\/uploads\/2020\/03\/krowka_firmowa_15kg_v3-1.jpg","type":"image\/jpeg"}],"twitter_card":"summary_large_image","twitter_misc":{"Odhadovan\u00e1 doba \u010dten\u00ed":"1 minuta"},"schema":{"@context":"https:\/\/schema.org","@graph":[{"@type":"WebPage","@id":"https:\/\/cukrowka.dev10.pro\/cs\/produkt\/firemni-karamelky-vas-projekt-15-kg\/","url":"https:\/\/cukrowka.dev10.pro\/cs\/produkt\/firemni-karamelky-vas-projekt-15-kg\/","name":"Karamelky s logem firmy vyroben\u00e9 podle tradi\u010dn\u00ed receptury - 15 kg","isPartOf":{"@id":"https:\/\/cukrowka.dev10.pro\/cs\/#website"},"primaryImageOfPage":{"@id":"https:\/\/cukrowka.dev10.pro\/cs\/produkt\/firemni-karamelky-vas-projekt-15-kg\/#primaryimage"},"image":{"@id":"https:\/\/cukrowka.dev10.pro\/cs\/produkt\/firemni-karamelky-vas-projekt-15-kg\/#primaryimage"},"thumbnailUrl":"https:\/\/cukrowka.dev10.pro\/wp-content\/uploads\/2020\/03\/krowka_firmowa_15kg_v3-1.jpg","datePublished":"2020-03-30T14:43:57+00:00","dateModified":"2023-09-07T10:00:22+00:00","description":"Zvenku k\u0159upav\u00e9, uvnit\u0159 tekut\u00e9. Tyto karamelky s logem (15 kg) jsou na\u0161\u00ed specialitou! Oslov\u00ed tak\u00e9 va\u0161e z\u00e1kazn\u00edky.","breadcrumb":{"@id":"https:\/\/cukrowka.dev10.pro\/cs\/produkt\/firemni-karamelky-vas-projekt-15-kg\/#breadcrumb"},"inLanguage":"cs","potentialAction":[{"@type":"ReadAction","target":["https:\/\/cukrowka.dev10.pro\/cs\/produkt\/firemni-karamelky-vas-projekt-15-kg\/"]}]},{"@type":"ImageObject","inLanguage":"cs","@id":"https:\/\/cukrowka.dev10.pro\/cs\/produkt\/firemni-karamelky-vas-projekt-15-kg\/#primaryimage","url":"https:\/\/cukrowka.dev10.pro\/wp-content\/uploads\/2020\/03\/krowka_firmowa_15kg_v3-1.jpg","contentUrl":"https:\/\/cukrowka.dev10.pro\/wp-content\/uploads\/2020\/03\/krowka_firmowa_15kg_v3-1.jpg","width":1000,"height":1000,"caption":"Karamelky s logem Va\u0161\u00ed firmy"},{"@type":"BreadcrumbList","@id":"https:\/\/cukrowka.dev10.pro\/cs\/produkt\/firemni-karamelky-vas-projekt-15-kg\/#breadcrumb","itemListElement":[{"@type":"ListItem","position":1,"name":"Strona g\u0142\u00f3wna","item":"https:\/\/cukrowka.dev10.pro\/cs\/"},{"@type":"ListItem","position":2,"name":"Shop","item":"https:\/\/cukrowka.dev10.pro\/cs\/shop\/"},{"@type":"ListItem","position":3,"name":"Firemn\u00ed karamelky &#8211; V\u00e1\u0161 projekt! &#8211; 15 KG"}]},{"@type":"WebSite","@id":"https:\/\/cukrowka.dev10.pro\/cs\/#website","url":"https:\/\/cukrowka.dev10.pro\/cs\/","name":"Wyj\u0105tkowe kr\u00f3wki z nadrukiem","description":"reklamowe oraz \u015blubne","publisher":{"@id":"https:\/\/cukrowka.dev10.pro\/cs\/#organization"},"potentialAction":[{"@type":"SearchAction","target":{"@type":"EntryPoint","urlTemplate":"https:\/\/cukrowka.dev10.pro\/cs\/?s={search_term_string}"},"query-input":{"@type":"PropertyValueSpecification","valueRequired":true,"valueName":"search_term_string"}}],"inLanguage":"cs"},{"@type":"Organization","@id":"https:\/\/cukrowka.dev10.pro\/cs\/#organization","name":"Wyj\u0105tkowe kr\u00f3wki z nadrukiem","url":"https:\/\/cukrowka.dev10.pro\/cs\/","logo":{"@type":"ImageObject","inLanguage":"cs","@id":"https:\/\/cukrowka.dev10.pro\/cs\/#\/schema\/logo\/image\/","url":"https:\/\/www.cukrowki.pl\/wp-content\/uploads\/2020\/02\/logo.png","contentUrl":"https:\/\/www.cukrowki.pl\/wp-content\/uploads\/2020\/02\/logo.png","width":220,"height":169,"caption":"Wyj\u0105tkowe kr\u00f3wki z nadrukiem"},"image":{"@id":"https:\/\/cukrowka.dev10.pro\/cs\/#\/schema\/logo\/image\/"}}]}},"_links":{"self":[{"href":"https:\/\/cukrowka.dev10.pro\/cs\/wp-json\/wp\/v2\/product\/73055","targetHints":{"allow":["GET"]}}],"collection":[{"href":"https:\/\/cukrowka.dev10.pro\/cs\/wp-json\/wp\/v2\/product"}],"about":[{"href":"https:\/\/cukrowka.dev10.pro\/cs\/wp-json\/wp\/v2\/types\/product"}],"replies":[{"embeddable":true,"href":"https:\/\/cukrowka.dev10.pro\/cs\/wp-json\/wp\/v2\/comments?post=73055"}],"wp:featuredmedia":[{"embeddable":true,"href":"https:\/\/cukrowka.dev10.pro\/cs\/wp-json\/wp\/v2\/media\/42475"}],"wp:attachment":[{"href":"https:\/\/cukrowka.dev10.pro\/cs\/wp-json\/wp\/v2\/media?parent=73055"}],"wp:term":[{"taxonomy":"prod_collection","embeddable":true,"href":"https:\/\/cukrowka.dev10.pro\/cs\/wp-json\/wp\/v2\/prod_collection?post=73055"},{"taxonomy":"number","embeddable":true,"href":"https:\/\/cukrowka.dev10.pro\/cs\/wp-json\/wp\/v2\/number?post=73055"},{"taxonomy":"minimal-order","embeddable":true,"href":"https:\/\/cukrowka.dev10.pro\/cs\/wp-json\/wp\/v2\/minimal-order?post=73055"},{"taxonomy":"expiration-date","embeddable":true,"href":"https:\/\/cukrowka.dev10.pro\/cs\/wp-json\/wp\/v2\/expiration-date?post=73055"},{"taxonomy":"storage","embeddable":true,"href":"https:\/\/cukrowka.dev10.pro\/cs\/wp-json\/wp\/v2\/storage?post=73055"},{"taxonomy":"composition","embeddable":true,"href":"https:\/\/cukrowka.dev10.pro\/cs\/wp-json\/wp\/v2\/composition?post=73055"},{"taxonomy":"taste","embeddable":true,"href":"https:\/\/cukrowka.dev10.pro\/cs\/wp-json\/wp\/v2\/taste?post=73055"},{"taxonomy":"note","embeddable":true,"href":"https:\/\/cukrowka.dev10.pro\/cs\/wp-json\/wp\/v2\/note?post=73055"},{"taxonomy":"weight","embeddable":true,"href":"https:\/\/cukrowka.dev10.pro\/cs\/wp-json\/wp\/v2\/weight?post=73055"},{"taxonomy":"nutritional","embeddable":true,"href":"https:\/\/cukrowka.dev10.pro\/cs\/wp-json\/wp\/v2\/nutritional?post=73055"},{"taxonomy":"label-size","embeddable":true,"href":"https:\/\/cukrowka.dev10.pro\/cs\/wp-json\/wp\/v2\/label-size?post=73055"},{"taxonomy":"product-size","embeddable":true,"href":"https:\/\/cukrowka.dev10.pro\/cs\/wp-json\/wp\/v2\/product-size?post=73055"},{"taxonomy":"package-size","embeddable":true,"href":"https:\/\/cukrowka.dev10.pro\/cs\/wp-json\/wp\/v2\/package-size?post=73055"},{"taxonomy":"content","embeddable":true,"href":"https:\/\/cukrowka.dev10.pro\/cs\/wp-json\/wp\/v2\/content?post=73055"},{"taxonomy":"product_cat","embeddable":true,"href":"https:\/\/cukrowka.dev10.pro\/cs\/wp-json\/wp\/v2\/product_cat?post=73055"},{"taxonomy":"product_tag","embeddable":true,"href":"https:\/\/cukrowka.dev10.pro\/cs\/wp-json\/wp\/v2\/product_tag?post=73055"}],"curies":[{"name":"wp","href":"https:\/\/api.w.org\/{rel}","templated":true}]}}