{"id":57292,"date":"2022-03-11T15:15:42","date_gmt":"2022-03-11T14:15:42","guid":{"rendered":"https:\/\/www.cukrowki.pl\/produkt\/wielkanocna-krowka-z-personalizacja-wzor-19\/"},"modified":"2022-03-25T11:21:00","modified_gmt":"2022-03-25T10:21:00","slug":"wielkanocna-krowka-z-personalizacja-wzor-19-2","status":"publish","type":"product","link":"https:\/\/cukrowka.dev10.pro\/cs\/produkt\/wielkanocna-krowka-z-personalizacja-wzor-19-2\/","title":{"rendered":"Wielkanocna kr\u00f3wka z personalizacj\u0105 &#8211; wz\u00f3r 19"},"content":[],"excerpt":{"rendered":"<p>Wielkanocna kr\u00f3wka z personalizacj\u0105 w prawdziwie \u015bwi\u0105tecznym wzorem.<\/p>\n","protected":false},"featured_media":56332,"comment_status":"open","ping_status":"closed","template":"","meta":{"_acf_changed":false,"inline_featured_image":false},"prod_collection":[],"number":[991],"minimal-order":[],"expiration-date":[993],"storage":[996],"composition":[997],"taste":[999],"note":[],"weight":[],"nutritional":[1002],"label-size":[],"product-size":[],"package-size":[],"product_cat":[700],"product_tag":[],"class_list":{"0":"post-57292","1":"product","2":"type-product","3":"status-publish","4":"has-post-thumbnail","6":"number-65-70-pyszne-cukrowki-cs","7":"expiration-date-6-miesiecy-cs","8":"storage-suche-a-stinne-misto","9":"composition-klasicke","10":"taste-mlecna","11":"nutritional-klasicke","12":"product_cat-krowki-na-wielkanoc","14":"first","15":"instock","16":"taxable","17":"shipping-taxable","18":"purchasable","19":"product-type-variable"},"acf":[],"yoast_head":"<!-- This site is optimized with the Yoast SEO plugin v26.2 - https:\/\/yoast.com\/wordpress\/plugins\/seo\/ -->\n<title>Wielkanocna kr\u00f3wka z personalizacj\u0105, idealny dodatek do Twojej firmy!<\/title>\n<meta name=\"description\" content=\"Wielkanocna kr\u00f3wka w pi\u0119knym wzorze, idealna jako pomys\u0142 na prezent dla bliskich, klient\u00f3w czy pracownik\u00f3w. Zam\u00f3w s\u0142odkie kr\u00f3wki!\" \/>\n<meta name=\"robots\" content=\"index, follow, max-snippet:-1, max-image-preview:large, max-video-preview:-1\" \/>\n<link rel=\"canonical\" href=\"https:\/\/cukrowka.dev10.pro\/cs\/produkt\/wielkanocna-krowka-z-personalizacja-wzor-19-2\/\" \/>\n<meta property=\"og:locale\" content=\"cs_CZ\" \/>\n<meta property=\"og:type\" content=\"article\" \/>\n<meta property=\"og:title\" content=\"Wielkanocna kr\u00f3wka z personalizacj\u0105, idealny dodatek do Twojej firmy!\" \/>\n<meta property=\"og:description\" content=\"Wielkanocna kr\u00f3wka w pi\u0119knym wzorze, idealna jako pomys\u0142 na prezent dla bliskich, klient\u00f3w czy pracownik\u00f3w. Zam\u00f3w s\u0142odkie kr\u00f3wki!\" \/>\n<meta property=\"og:url\" content=\"https:\/\/cukrowka.dev10.pro\/cs\/produkt\/wielkanocna-krowka-z-personalizacja-wzor-19-2\/\" \/>\n<meta property=\"og:site_name\" content=\"Wyj\u0105tkowe kr\u00f3wki z nadrukiem\" \/>\n<meta property=\"article:modified_time\" content=\"2022-03-25T10:21:00+00:00\" \/>\n<meta property=\"og:image\" content=\"https:\/\/cukrowka.dev10.pro\/wp-content\/uploads\/2022\/03\/wielkanoc_5_twoja_firma_wiz.jpg\" \/>\n\t<meta property=\"og:image:width\" content=\"1000\" \/>\n\t<meta property=\"og:image:height\" content=\"1000\" \/>\n\t<meta property=\"og:image:type\" content=\"image\/jpeg\" \/>\n<meta name=\"twitter:card\" content=\"summary_large_image\" \/>\n<script type=\"application\/ld+json\" class=\"yoast-schema-graph\">{\"@context\":\"https:\/\/schema.org\",\"@graph\":[{\"@type\":\"WebPage\",\"@id\":\"https:\/\/cukrowka.dev10.pro\/cs\/produkt\/wielkanocna-krowka-z-personalizacja-wzor-19-2\/\",\"url\":\"https:\/\/cukrowka.dev10.pro\/cs\/produkt\/wielkanocna-krowka-z-personalizacja-wzor-19-2\/\",\"name\":\"Wielkanocna kr\u00f3wka z personalizacj\u0105, idealny dodatek do Twojej firmy!\",\"isPartOf\":{\"@id\":\"https:\/\/cukrowka.dev10.pro\/cs\/#website\"},\"primaryImageOfPage\":{\"@id\":\"https:\/\/cukrowka.dev10.pro\/cs\/produkt\/wielkanocna-krowka-z-personalizacja-wzor-19-2\/#primaryimage\"},\"image\":{\"@id\":\"https:\/\/cukrowka.dev10.pro\/cs\/produkt\/wielkanocna-krowka-z-personalizacja-wzor-19-2\/#primaryimage\"},\"thumbnailUrl\":\"https:\/\/cukrowka.dev10.pro\/wp-content\/uploads\/2022\/03\/wielkanoc_5_twoja_firma_wiz.jpg\",\"datePublished\":\"2022-03-11T14:15:42+00:00\",\"dateModified\":\"2022-03-25T10:21:00+00:00\",\"description\":\"Wielkanocna kr\u00f3wka w pi\u0119knym wzorze, idealna jako pomys\u0142 na prezent dla bliskich, klient\u00f3w czy pracownik\u00f3w. Zam\u00f3w s\u0142odkie kr\u00f3wki!\",\"breadcrumb\":{\"@id\":\"https:\/\/cukrowka.dev10.pro\/cs\/produkt\/wielkanocna-krowka-z-personalizacja-wzor-19-2\/#breadcrumb\"},\"inLanguage\":\"cs\",\"potentialAction\":[{\"@type\":\"ReadAction\",\"target\":[\"https:\/\/cukrowka.dev10.pro\/cs\/produkt\/wielkanocna-krowka-z-personalizacja-wzor-19-2\/\"]}]},{\"@type\":\"ImageObject\",\"inLanguage\":\"cs\",\"@id\":\"https:\/\/cukrowka.dev10.pro\/cs\/produkt\/wielkanocna-krowka-z-personalizacja-wzor-19-2\/#primaryimage\",\"url\":\"https:\/\/cukrowka.dev10.pro\/wp-content\/uploads\/2022\/03\/wielkanoc_5_twoja_firma_wiz.jpg\",\"contentUrl\":\"https:\/\/cukrowka.dev10.pro\/wp-content\/uploads\/2022\/03\/wielkanoc_5_twoja_firma_wiz.jpg\",\"width\":1000,\"height\":1000,\"caption\":\"Wielkanocna kr\u00f3wka z personalizacj\u0105\"},{\"@type\":\"BreadcrumbList\",\"@id\":\"https:\/\/cukrowka.dev10.pro\/cs\/produkt\/wielkanocna-krowka-z-personalizacja-wzor-19-2\/#breadcrumb\",\"itemListElement\":[{\"@type\":\"ListItem\",\"position\":1,\"name\":\"Strona g\u0142\u00f3wna\",\"item\":\"https:\/\/cukrowka.dev10.pro\/cs\/\"},{\"@type\":\"ListItem\",\"position\":2,\"name\":\"Shop\",\"item\":\"https:\/\/cukrowka.dev10.pro\/cs\/shop\/\"},{\"@type\":\"ListItem\",\"position\":3,\"name\":\"Wielkanocna kr\u00f3wka z personalizacj\u0105 &#8211; wz\u00f3r 19\"}]},{\"@type\":\"WebSite\",\"@id\":\"https:\/\/cukrowka.dev10.pro\/cs\/#website\",\"url\":\"https:\/\/cukrowka.dev10.pro\/cs\/\",\"name\":\"Wyj\u0105tkowe kr\u00f3wki z nadrukiem\",\"description\":\"reklamowe oraz \u015blubne\",\"publisher\":{\"@id\":\"https:\/\/cukrowka.dev10.pro\/cs\/#organization\"},\"potentialAction\":[{\"@type\":\"SearchAction\",\"target\":{\"@type\":\"EntryPoint\",\"urlTemplate\":\"https:\/\/cukrowka.dev10.pro\/cs\/?s={search_term_string}\"},\"query-input\":{\"@type\":\"PropertyValueSpecification\",\"valueRequired\":true,\"valueName\":\"search_term_string\"}}],\"inLanguage\":\"cs\"},{\"@type\":\"Organization\",\"@id\":\"https:\/\/cukrowka.dev10.pro\/cs\/#organization\",\"name\":\"Wyj\u0105tkowe kr\u00f3wki z nadrukiem\",\"url\":\"https:\/\/cukrowka.dev10.pro\/cs\/\",\"logo\":{\"@type\":\"ImageObject\",\"inLanguage\":\"cs\",\"@id\":\"https:\/\/cukrowka.dev10.pro\/cs\/#\/schema\/logo\/image\/\",\"url\":\"https:\/\/www.cukrowki.pl\/wp-content\/uploads\/2020\/02\/logo.png\",\"contentUrl\":\"https:\/\/www.cukrowki.pl\/wp-content\/uploads\/2020\/02\/logo.png\",\"width\":220,\"height\":169,\"caption\":\"Wyj\u0105tkowe kr\u00f3wki z nadrukiem\"},\"image\":{\"@id\":\"https:\/\/cukrowka.dev10.pro\/cs\/#\/schema\/logo\/image\/\"}}]}<\/script>\n<!-- \/ Yoast SEO plugin. -->","yoast_head_json":{"title":"Wielkanocna kr\u00f3wka z personalizacj\u0105, idealny dodatek do Twojej firmy!","description":"Wielkanocna kr\u00f3wka w pi\u0119knym wzorze, idealna jako pomys\u0142 na prezent dla bliskich, klient\u00f3w czy pracownik\u00f3w. Zam\u00f3w s\u0142odkie kr\u00f3wki!","robots":{"index":"index","follow":"follow","max-snippet":"max-snippet:-1","max-image-preview":"max-image-preview:large","max-video-preview":"max-video-preview:-1"},"canonical":"https:\/\/cukrowka.dev10.pro\/cs\/produkt\/wielkanocna-krowka-z-personalizacja-wzor-19-2\/","og_locale":"cs_CZ","og_type":"article","og_title":"Wielkanocna kr\u00f3wka z personalizacj\u0105, idealny dodatek do Twojej firmy!","og_description":"Wielkanocna kr\u00f3wka w pi\u0119knym wzorze, idealna jako pomys\u0142 na prezent dla bliskich, klient\u00f3w czy pracownik\u00f3w. Zam\u00f3w s\u0142odkie kr\u00f3wki!","og_url":"https:\/\/cukrowka.dev10.pro\/cs\/produkt\/wielkanocna-krowka-z-personalizacja-wzor-19-2\/","og_site_name":"Wyj\u0105tkowe kr\u00f3wki z nadrukiem","article_modified_time":"2022-03-25T10:21:00+00:00","og_image":[{"width":1000,"height":1000,"url":"https:\/\/cukrowka.dev10.pro\/wp-content\/uploads\/2022\/03\/wielkanoc_5_twoja_firma_wiz.jpg","type":"image\/jpeg"}],"twitter_card":"summary_large_image","schema":{"@context":"https:\/\/schema.org","@graph":[{"@type":"WebPage","@id":"https:\/\/cukrowka.dev10.pro\/cs\/produkt\/wielkanocna-krowka-z-personalizacja-wzor-19-2\/","url":"https:\/\/cukrowka.dev10.pro\/cs\/produkt\/wielkanocna-krowka-z-personalizacja-wzor-19-2\/","name":"Wielkanocna kr\u00f3wka z personalizacj\u0105, idealny dodatek do Twojej firmy!","isPartOf":{"@id":"https:\/\/cukrowka.dev10.pro\/cs\/#website"},"primaryImageOfPage":{"@id":"https:\/\/cukrowka.dev10.pro\/cs\/produkt\/wielkanocna-krowka-z-personalizacja-wzor-19-2\/#primaryimage"},"image":{"@id":"https:\/\/cukrowka.dev10.pro\/cs\/produkt\/wielkanocna-krowka-z-personalizacja-wzor-19-2\/#primaryimage"},"thumbnailUrl":"https:\/\/cukrowka.dev10.pro\/wp-content\/uploads\/2022\/03\/wielkanoc_5_twoja_firma_wiz.jpg","datePublished":"2022-03-11T14:15:42+00:00","dateModified":"2022-03-25T10:21:00+00:00","description":"Wielkanocna kr\u00f3wka w pi\u0119knym wzorze, idealna jako pomys\u0142 na prezent dla bliskich, klient\u00f3w czy pracownik\u00f3w. Zam\u00f3w s\u0142odkie kr\u00f3wki!","breadcrumb":{"@id":"https:\/\/cukrowka.dev10.pro\/cs\/produkt\/wielkanocna-krowka-z-personalizacja-wzor-19-2\/#breadcrumb"},"inLanguage":"cs","potentialAction":[{"@type":"ReadAction","target":["https:\/\/cukrowka.dev10.pro\/cs\/produkt\/wielkanocna-krowka-z-personalizacja-wzor-19-2\/"]}]},{"@type":"ImageObject","inLanguage":"cs","@id":"https:\/\/cukrowka.dev10.pro\/cs\/produkt\/wielkanocna-krowka-z-personalizacja-wzor-19-2\/#primaryimage","url":"https:\/\/cukrowka.dev10.pro\/wp-content\/uploads\/2022\/03\/wielkanoc_5_twoja_firma_wiz.jpg","contentUrl":"https:\/\/cukrowka.dev10.pro\/wp-content\/uploads\/2022\/03\/wielkanoc_5_twoja_firma_wiz.jpg","width":1000,"height":1000,"caption":"Wielkanocna kr\u00f3wka z personalizacj\u0105"},{"@type":"BreadcrumbList","@id":"https:\/\/cukrowka.dev10.pro\/cs\/produkt\/wielkanocna-krowka-z-personalizacja-wzor-19-2\/#breadcrumb","itemListElement":[{"@type":"ListItem","position":1,"name":"Strona g\u0142\u00f3wna","item":"https:\/\/cukrowka.dev10.pro\/cs\/"},{"@type":"ListItem","position":2,"name":"Shop","item":"https:\/\/cukrowka.dev10.pro\/cs\/shop\/"},{"@type":"ListItem","position":3,"name":"Wielkanocna kr\u00f3wka z personalizacj\u0105 &#8211; wz\u00f3r 19"}]},{"@type":"WebSite","@id":"https:\/\/cukrowka.dev10.pro\/cs\/#website","url":"https:\/\/cukrowka.dev10.pro\/cs\/","name":"Wyj\u0105tkowe kr\u00f3wki z nadrukiem","description":"reklamowe oraz \u015blubne","publisher":{"@id":"https:\/\/cukrowka.dev10.pro\/cs\/#organization"},"potentialAction":[{"@type":"SearchAction","target":{"@type":"EntryPoint","urlTemplate":"https:\/\/cukrowka.dev10.pro\/cs\/?s={search_term_string}"},"query-input":{"@type":"PropertyValueSpecification","valueRequired":true,"valueName":"search_term_string"}}],"inLanguage":"cs"},{"@type":"Organization","@id":"https:\/\/cukrowka.dev10.pro\/cs\/#organization","name":"Wyj\u0105tkowe kr\u00f3wki z nadrukiem","url":"https:\/\/cukrowka.dev10.pro\/cs\/","logo":{"@type":"ImageObject","inLanguage":"cs","@id":"https:\/\/cukrowka.dev10.pro\/cs\/#\/schema\/logo\/image\/","url":"https:\/\/www.cukrowki.pl\/wp-content\/uploads\/2020\/02\/logo.png","contentUrl":"https:\/\/www.cukrowki.pl\/wp-content\/uploads\/2020\/02\/logo.png","width":220,"height":169,"caption":"Wyj\u0105tkowe kr\u00f3wki z nadrukiem"},"image":{"@id":"https:\/\/cukrowka.dev10.pro\/cs\/#\/schema\/logo\/image\/"}}]}},"_links":{"self":[{"href":"https:\/\/cukrowka.dev10.pro\/cs\/wp-json\/wp\/v2\/product\/57292","targetHints":{"allow":["GET"]}}],"collection":[{"href":"https:\/\/cukrowka.dev10.pro\/cs\/wp-json\/wp\/v2\/product"}],"about":[{"href":"https:\/\/cukrowka.dev10.pro\/cs\/wp-json\/wp\/v2\/types\/product"}],"replies":[{"embeddable":true,"href":"https:\/\/cukrowka.dev10.pro\/cs\/wp-json\/wp\/v2\/comments?post=57292"}],"wp:featuredmedia":[{"embeddable":true,"href":"https:\/\/cukrowka.dev10.pro\/cs\/wp-json\/wp\/v2\/media\/56332"}],"wp:attachment":[{"href":"https:\/\/cukrowka.dev10.pro\/cs\/wp-json\/wp\/v2\/media?parent=57292"}],"wp:term":[{"taxonomy":"prod_collection","embeddable":true,"href":"https:\/\/cukrowka.dev10.pro\/cs\/wp-json\/wp\/v2\/prod_collection?post=57292"},{"taxonomy":"number","embeddable":true,"href":"https:\/\/cukrowka.dev10.pro\/cs\/wp-json\/wp\/v2\/number?post=57292"},{"taxonomy":"minimal-order","embeddable":true,"href":"https:\/\/cukrowka.dev10.pro\/cs\/wp-json\/wp\/v2\/minimal-order?post=57292"},{"taxonomy":"expiration-date","embeddable":true,"href":"https:\/\/cukrowka.dev10.pro\/cs\/wp-json\/wp\/v2\/expiration-date?post=57292"},{"taxonomy":"storage","embeddable":true,"href":"https:\/\/cukrowka.dev10.pro\/cs\/wp-json\/wp\/v2\/storage?post=57292"},{"taxonomy":"composition","embeddable":true,"href":"https:\/\/cukrowka.dev10.pro\/cs\/wp-json\/wp\/v2\/composition?post=57292"},{"taxonomy":"taste","embeddable":true,"href":"https:\/\/cukrowka.dev10.pro\/cs\/wp-json\/wp\/v2\/taste?post=57292"},{"taxonomy":"note","embeddable":true,"href":"https:\/\/cukrowka.dev10.pro\/cs\/wp-json\/wp\/v2\/note?post=57292"},{"taxonomy":"weight","embeddable":true,"href":"https:\/\/cukrowka.dev10.pro\/cs\/wp-json\/wp\/v2\/weight?post=57292"},{"taxonomy":"nutritional","embeddable":true,"href":"https:\/\/cukrowka.dev10.pro\/cs\/wp-json\/wp\/v2\/nutritional?post=57292"},{"taxonomy":"label-size","embeddable":true,"href":"https:\/\/cukrowka.dev10.pro\/cs\/wp-json\/wp\/v2\/label-size?post=57292"},{"taxonomy":"product-size","embeddable":true,"href":"https:\/\/cukrowka.dev10.pro\/cs\/wp-json\/wp\/v2\/product-size?post=57292"},{"taxonomy":"package-size","embeddable":true,"href":"https:\/\/cukrowka.dev10.pro\/cs\/wp-json\/wp\/v2\/package-size?post=57292"},{"taxonomy":"content","embeddable":true,"href":"https:\/\/cukrowka.dev10.pro\/cs\/wp-json\/wp\/v2\/content?post=57292"},{"taxonomy":"product_cat","embeddable":true,"href":"https:\/\/cukrowka.dev10.pro\/cs\/wp-json\/wp\/v2\/product_cat?post=57292"},{"taxonomy":"product_tag","embeddable":true,"href":"https:\/\/cukrowka.dev10.pro\/cs\/wp-json\/wp\/v2\/product_tag?post=57292"}],"curies":[{"name":"wp","href":"https:\/\/api.w.org\/{rel}","templated":true}]}}