{"id":162752,"date":"2020-03-30T16:13:37","date_gmt":"2020-03-30T14:13:37","guid":{"rendered":"https:\/\/www.cukrowki.pl\/produkt\/karamelky-na-zkousku\/"},"modified":"2025-10-26T21:57:22","modified_gmt":"2025-10-26T20:57:22","slug":"karamelky-na-zkousku","status":"publish","type":"product","link":"https:\/\/cukrowka.dev10.pro\/cs\/produkt\/karamelky-na-zkousku\/","title":{"rendered":"Karamelky na zkou\u0161ku &#8211; Zjist\u011bte jak chutnaj\u00ed"},"content":[],"excerpt":{"rendered":"<p>Zjist\u011bte jakou chu\u0165 a konzistenci maj\u00ed na\u0161e karamelky. Objednejte vzorky zdarma!<\/p>\n","protected":false},"featured_media":162753,"comment_status":"open","ping_status":"closed","template":"","meta":{"_acf_changed":false,"inline_featured_image":false},"prod_collection":[],"number":[],"minimal-order":[],"expiration-date":[],"storage":[],"composition":[],"taste":[],"note":[],"weight":[],"nutritional":[],"label-size":[],"product-size":[],"package-size":[],"product_cat":[247],"product_tag":[],"class_list":{"0":"post-162752","1":"product","2":"type-product","3":"status-publish","4":"has-post-thumbnail","6":"product_cat-krowki-cukrowki","8":"first","9":"instock","10":"sold-individually","11":"taxable","12":"shipping-taxable","13":"purchasable","14":"product-type-simple"},"acf":[],"yoast_head":"<!-- This site is optimized with the Yoast SEO plugin v26.2 - https:\/\/yoast.com\/wordpress\/plugins\/seo\/ -->\n<title>Karamelky na zkou\u0161ku - objednejte a zjist\u011bte jak chutnaj\u00ed!<\/title>\n<meta name=\"description\" content=\"Objednejte si zdarma karamelky na zkou\u0161ku a dop\u0159ejte si jejich bo\u017eskou chu\u0165. Vr\u00e1t\u00edte se pro dal\u0161\u00ed! Zaru\u010den\u011b!\" \/>\n<meta name=\"robots\" content=\"index, follow, max-snippet:-1, max-image-preview:large, max-video-preview:-1\" \/>\n<link rel=\"canonical\" href=\"https:\/\/cukrowka.dev10.pro\/cs\/produkt\/karamelky-na-zkousku\/\" \/>\n<meta property=\"og:locale\" content=\"cs_CZ\" \/>\n<meta property=\"og:type\" content=\"article\" \/>\n<meta property=\"og:title\" content=\"Karamelky na zkou\u0161ku - objednejte a zjist\u011bte jak chutnaj\u00ed!\" \/>\n<meta property=\"og:description\" content=\"Objednejte si zdarma karamelky na zkou\u0161ku a dop\u0159ejte si jejich bo\u017eskou chu\u0165. Vr\u00e1t\u00edte se pro dal\u0161\u00ed! Zaru\u010den\u011b!\" \/>\n<meta property=\"og:url\" content=\"https:\/\/cukrowka.dev10.pro\/cs\/produkt\/karamelky-na-zkousku\/\" \/>\n<meta property=\"og:site_name\" content=\"Wyj\u0105tkowe kr\u00f3wki z nadrukiem\" \/>\n<meta property=\"article:modified_time\" content=\"2025-10-26T20:57:22+00:00\" \/>\n<meta property=\"og:image\" content=\"https:\/\/cukrowka.dev10.pro\/wp-content\/uploads\/2020\/03\/fotka-min.jpg\" \/>\n\t<meta property=\"og:image:width\" content=\"1080\" \/>\n\t<meta property=\"og:image:height\" content=\"1080\" \/>\n\t<meta property=\"og:image:type\" content=\"image\/jpeg\" \/>\n<meta name=\"twitter:card\" content=\"summary_large_image\" \/>\n<meta name=\"twitter:label1\" content=\"Odhadovan\u00e1 doba \u010dten\u00ed\" \/>\n\t<meta name=\"twitter:data1\" content=\"1 minuta\" \/>\n<script type=\"application\/ld+json\" class=\"yoast-schema-graph\">{\"@context\":\"https:\/\/schema.org\",\"@graph\":[{\"@type\":\"WebPage\",\"@id\":\"https:\/\/cukrowka.dev10.pro\/cs\/produkt\/karamelky-na-zkousku\/\",\"url\":\"https:\/\/cukrowka.dev10.pro\/cs\/produkt\/karamelky-na-zkousku\/\",\"name\":\"Karamelky na zkou\u0161ku - objednejte a zjist\u011bte jak chutnaj\u00ed!\",\"isPartOf\":{\"@id\":\"https:\/\/cukrowka.dev10.pro\/cs\/#website\"},\"primaryImageOfPage\":{\"@id\":\"https:\/\/cukrowka.dev10.pro\/cs\/produkt\/karamelky-na-zkousku\/#primaryimage\"},\"image\":{\"@id\":\"https:\/\/cukrowka.dev10.pro\/cs\/produkt\/karamelky-na-zkousku\/#primaryimage\"},\"thumbnailUrl\":\"https:\/\/cukrowka.dev10.pro\/wp-content\/uploads\/2020\/03\/fotka-min.jpg\",\"datePublished\":\"2020-03-30T14:13:37+00:00\",\"dateModified\":\"2025-10-26T20:57:22+00:00\",\"description\":\"Objednejte si zdarma karamelky na zkou\u0161ku a dop\u0159ejte si jejich bo\u017eskou chu\u0165. Vr\u00e1t\u00edte se pro dal\u0161\u00ed! Zaru\u010den\u011b!\",\"breadcrumb\":{\"@id\":\"https:\/\/cukrowka.dev10.pro\/cs\/produkt\/karamelky-na-zkousku\/#breadcrumb\"},\"inLanguage\":\"cs\",\"potentialAction\":[{\"@type\":\"ReadAction\",\"target\":[\"https:\/\/cukrowka.dev10.pro\/cs\/produkt\/karamelky-na-zkousku\/\"]}]},{\"@type\":\"ImageObject\",\"inLanguage\":\"cs\",\"@id\":\"https:\/\/cukrowka.dev10.pro\/cs\/produkt\/karamelky-na-zkousku\/#primaryimage\",\"url\":\"https:\/\/cukrowka.dev10.pro\/wp-content\/uploads\/2020\/03\/fotka-min.jpg\",\"contentUrl\":\"https:\/\/cukrowka.dev10.pro\/wp-content\/uploads\/2020\/03\/fotka-min.jpg\",\"width\":1080,\"height\":1080,\"caption\":\"baleni karamelek na zkousku\"},{\"@type\":\"BreadcrumbList\",\"@id\":\"https:\/\/cukrowka.dev10.pro\/cs\/produkt\/karamelky-na-zkousku\/#breadcrumb\",\"itemListElement\":[{\"@type\":\"ListItem\",\"position\":1,\"name\":\"Strona g\u0142\u00f3wna\",\"item\":\"https:\/\/cukrowka.dev10.pro\/cs\/\"},{\"@type\":\"ListItem\",\"position\":2,\"name\":\"Shop\",\"item\":\"https:\/\/cukrowka.dev10.pro\/cs\/shop\/\"},{\"@type\":\"ListItem\",\"position\":3,\"name\":\"Karamelky na zkou\u0161ku &#8211; Zjist\u011bte jak chutnaj\u00ed\"}]},{\"@type\":\"WebSite\",\"@id\":\"https:\/\/cukrowka.dev10.pro\/cs\/#website\",\"url\":\"https:\/\/cukrowka.dev10.pro\/cs\/\",\"name\":\"Wyj\u0105tkowe kr\u00f3wki z nadrukiem\",\"description\":\"reklamowe oraz \u015blubne\",\"publisher\":{\"@id\":\"https:\/\/cukrowka.dev10.pro\/cs\/#organization\"},\"potentialAction\":[{\"@type\":\"SearchAction\",\"target\":{\"@type\":\"EntryPoint\",\"urlTemplate\":\"https:\/\/cukrowka.dev10.pro\/cs\/?s={search_term_string}\"},\"query-input\":{\"@type\":\"PropertyValueSpecification\",\"valueRequired\":true,\"valueName\":\"search_term_string\"}}],\"inLanguage\":\"cs\"},{\"@type\":\"Organization\",\"@id\":\"https:\/\/cukrowka.dev10.pro\/cs\/#organization\",\"name\":\"Wyj\u0105tkowe kr\u00f3wki z nadrukiem\",\"url\":\"https:\/\/cukrowka.dev10.pro\/cs\/\",\"logo\":{\"@type\":\"ImageObject\",\"inLanguage\":\"cs\",\"@id\":\"https:\/\/cukrowka.dev10.pro\/cs\/#\/schema\/logo\/image\/\",\"url\":\"https:\/\/www.cukrowki.pl\/wp-content\/uploads\/2020\/02\/logo.png\",\"contentUrl\":\"https:\/\/www.cukrowki.pl\/wp-content\/uploads\/2020\/02\/logo.png\",\"width\":220,\"height\":169,\"caption\":\"Wyj\u0105tkowe kr\u00f3wki z nadrukiem\"},\"image\":{\"@id\":\"https:\/\/cukrowka.dev10.pro\/cs\/#\/schema\/logo\/image\/\"}}]}<\/script>\n<!-- \/ Yoast SEO plugin. -->","yoast_head_json":{"title":"Karamelky na zkou\u0161ku - objednejte a zjist\u011bte jak chutnaj\u00ed!","description":"Objednejte si zdarma karamelky na zkou\u0161ku a dop\u0159ejte si jejich bo\u017eskou chu\u0165. Vr\u00e1t\u00edte se pro dal\u0161\u00ed! Zaru\u010den\u011b!","robots":{"index":"index","follow":"follow","max-snippet":"max-snippet:-1","max-image-preview":"max-image-preview:large","max-video-preview":"max-video-preview:-1"},"canonical":"https:\/\/cukrowka.dev10.pro\/cs\/produkt\/karamelky-na-zkousku\/","og_locale":"cs_CZ","og_type":"article","og_title":"Karamelky na zkou\u0161ku - objednejte a zjist\u011bte jak chutnaj\u00ed!","og_description":"Objednejte si zdarma karamelky na zkou\u0161ku a dop\u0159ejte si jejich bo\u017eskou chu\u0165. Vr\u00e1t\u00edte se pro dal\u0161\u00ed! Zaru\u010den\u011b!","og_url":"https:\/\/cukrowka.dev10.pro\/cs\/produkt\/karamelky-na-zkousku\/","og_site_name":"Wyj\u0105tkowe kr\u00f3wki z nadrukiem","article_modified_time":"2025-10-26T20:57:22+00:00","og_image":[{"width":1080,"height":1080,"url":"https:\/\/cukrowka.dev10.pro\/wp-content\/uploads\/2020\/03\/fotka-min.jpg","type":"image\/jpeg"}],"twitter_card":"summary_large_image","twitter_misc":{"Odhadovan\u00e1 doba \u010dten\u00ed":"1 minuta"},"schema":{"@context":"https:\/\/schema.org","@graph":[{"@type":"WebPage","@id":"https:\/\/cukrowka.dev10.pro\/cs\/produkt\/karamelky-na-zkousku\/","url":"https:\/\/cukrowka.dev10.pro\/cs\/produkt\/karamelky-na-zkousku\/","name":"Karamelky na zkou\u0161ku - objednejte a zjist\u011bte jak chutnaj\u00ed!","isPartOf":{"@id":"https:\/\/cukrowka.dev10.pro\/cs\/#website"},"primaryImageOfPage":{"@id":"https:\/\/cukrowka.dev10.pro\/cs\/produkt\/karamelky-na-zkousku\/#primaryimage"},"image":{"@id":"https:\/\/cukrowka.dev10.pro\/cs\/produkt\/karamelky-na-zkousku\/#primaryimage"},"thumbnailUrl":"https:\/\/cukrowka.dev10.pro\/wp-content\/uploads\/2020\/03\/fotka-min.jpg","datePublished":"2020-03-30T14:13:37+00:00","dateModified":"2025-10-26T20:57:22+00:00","description":"Objednejte si zdarma karamelky na zkou\u0161ku a dop\u0159ejte si jejich bo\u017eskou chu\u0165. Vr\u00e1t\u00edte se pro dal\u0161\u00ed! Zaru\u010den\u011b!","breadcrumb":{"@id":"https:\/\/cukrowka.dev10.pro\/cs\/produkt\/karamelky-na-zkousku\/#breadcrumb"},"inLanguage":"cs","potentialAction":[{"@type":"ReadAction","target":["https:\/\/cukrowka.dev10.pro\/cs\/produkt\/karamelky-na-zkousku\/"]}]},{"@type":"ImageObject","inLanguage":"cs","@id":"https:\/\/cukrowka.dev10.pro\/cs\/produkt\/karamelky-na-zkousku\/#primaryimage","url":"https:\/\/cukrowka.dev10.pro\/wp-content\/uploads\/2020\/03\/fotka-min.jpg","contentUrl":"https:\/\/cukrowka.dev10.pro\/wp-content\/uploads\/2020\/03\/fotka-min.jpg","width":1080,"height":1080,"caption":"baleni karamelek na zkousku"},{"@type":"BreadcrumbList","@id":"https:\/\/cukrowka.dev10.pro\/cs\/produkt\/karamelky-na-zkousku\/#breadcrumb","itemListElement":[{"@type":"ListItem","position":1,"name":"Strona g\u0142\u00f3wna","item":"https:\/\/cukrowka.dev10.pro\/cs\/"},{"@type":"ListItem","position":2,"name":"Shop","item":"https:\/\/cukrowka.dev10.pro\/cs\/shop\/"},{"@type":"ListItem","position":3,"name":"Karamelky na zkou\u0161ku &#8211; Zjist\u011bte jak chutnaj\u00ed"}]},{"@type":"WebSite","@id":"https:\/\/cukrowka.dev10.pro\/cs\/#website","url":"https:\/\/cukrowka.dev10.pro\/cs\/","name":"Wyj\u0105tkowe kr\u00f3wki z nadrukiem","description":"reklamowe oraz \u015blubne","publisher":{"@id":"https:\/\/cukrowka.dev10.pro\/cs\/#organization"},"potentialAction":[{"@type":"SearchAction","target":{"@type":"EntryPoint","urlTemplate":"https:\/\/cukrowka.dev10.pro\/cs\/?s={search_term_string}"},"query-input":{"@type":"PropertyValueSpecification","valueRequired":true,"valueName":"search_term_string"}}],"inLanguage":"cs"},{"@type":"Organization","@id":"https:\/\/cukrowka.dev10.pro\/cs\/#organization","name":"Wyj\u0105tkowe kr\u00f3wki z nadrukiem","url":"https:\/\/cukrowka.dev10.pro\/cs\/","logo":{"@type":"ImageObject","inLanguage":"cs","@id":"https:\/\/cukrowka.dev10.pro\/cs\/#\/schema\/logo\/image\/","url":"https:\/\/www.cukrowki.pl\/wp-content\/uploads\/2020\/02\/logo.png","contentUrl":"https:\/\/www.cukrowki.pl\/wp-content\/uploads\/2020\/02\/logo.png","width":220,"height":169,"caption":"Wyj\u0105tkowe kr\u00f3wki z nadrukiem"},"image":{"@id":"https:\/\/cukrowka.dev10.pro\/cs\/#\/schema\/logo\/image\/"}}]}},"_links":{"self":[{"href":"https:\/\/cukrowka.dev10.pro\/cs\/wp-json\/wp\/v2\/product\/162752","targetHints":{"allow":["GET"]}}],"collection":[{"href":"https:\/\/cukrowka.dev10.pro\/cs\/wp-json\/wp\/v2\/product"}],"about":[{"href":"https:\/\/cukrowka.dev10.pro\/cs\/wp-json\/wp\/v2\/types\/product"}],"replies":[{"embeddable":true,"href":"https:\/\/cukrowka.dev10.pro\/cs\/wp-json\/wp\/v2\/comments?post=162752"}],"wp:featuredmedia":[{"embeddable":true,"href":"https:\/\/cukrowka.dev10.pro\/cs\/wp-json\/wp\/v2\/media\/162753"}],"wp:attachment":[{"href":"https:\/\/cukrowka.dev10.pro\/cs\/wp-json\/wp\/v2\/media?parent=162752"}],"wp:term":[{"taxonomy":"prod_collection","embeddable":true,"href":"https:\/\/cukrowka.dev10.pro\/cs\/wp-json\/wp\/v2\/prod_collection?post=162752"},{"taxonomy":"number","embeddable":true,"href":"https:\/\/cukrowka.dev10.pro\/cs\/wp-json\/wp\/v2\/number?post=162752"},{"taxonomy":"minimal-order","embeddable":true,"href":"https:\/\/cukrowka.dev10.pro\/cs\/wp-json\/wp\/v2\/minimal-order?post=162752"},{"taxonomy":"expiration-date","embeddable":true,"href":"https:\/\/cukrowka.dev10.pro\/cs\/wp-json\/wp\/v2\/expiration-date?post=162752"},{"taxonomy":"storage","embeddable":true,"href":"https:\/\/cukrowka.dev10.pro\/cs\/wp-json\/wp\/v2\/storage?post=162752"},{"taxonomy":"composition","embeddable":true,"href":"https:\/\/cukrowka.dev10.pro\/cs\/wp-json\/wp\/v2\/composition?post=162752"},{"taxonomy":"taste","embeddable":true,"href":"https:\/\/cukrowka.dev10.pro\/cs\/wp-json\/wp\/v2\/taste?post=162752"},{"taxonomy":"note","embeddable":true,"href":"https:\/\/cukrowka.dev10.pro\/cs\/wp-json\/wp\/v2\/note?post=162752"},{"taxonomy":"weight","embeddable":true,"href":"https:\/\/cukrowka.dev10.pro\/cs\/wp-json\/wp\/v2\/weight?post=162752"},{"taxonomy":"nutritional","embeddable":true,"href":"https:\/\/cukrowka.dev10.pro\/cs\/wp-json\/wp\/v2\/nutritional?post=162752"},{"taxonomy":"label-size","embeddable":true,"href":"https:\/\/cukrowka.dev10.pro\/cs\/wp-json\/wp\/v2\/label-size?post=162752"},{"taxonomy":"product-size","embeddable":true,"href":"https:\/\/cukrowka.dev10.pro\/cs\/wp-json\/wp\/v2\/product-size?post=162752"},{"taxonomy":"package-size","embeddable":true,"href":"https:\/\/cukrowka.dev10.pro\/cs\/wp-json\/wp\/v2\/package-size?post=162752"},{"taxonomy":"content","embeddable":true,"href":"https:\/\/cukrowka.dev10.pro\/cs\/wp-json\/wp\/v2\/content?post=162752"},{"taxonomy":"product_cat","embeddable":true,"href":"https:\/\/cukrowka.dev10.pro\/cs\/wp-json\/wp\/v2\/product_cat?post=162752"},{"taxonomy":"product_tag","embeddable":true,"href":"https:\/\/cukrowka.dev10.pro\/cs\/wp-json\/wp\/v2\/product_tag?post=162752"}],"curies":[{"name":"wp","href":"https:\/\/api.w.org\/{rel}","templated":true}]}}