{"id":156887,"date":"2023-07-04T15:05:44","date_gmt":"2023-07-04T13:05:44","guid":{"rendered":"https:\/\/www.cukrowki.pl\/produkt\/karamelky-pro-stavebni-firmy-vzor-6\/"},"modified":"2024-04-04T09:41:13","modified_gmt":"2024-04-04T07:41:13","slug":"karamelky-pro-stavebni-firmy-vzor-6","status":"publish","type":"product","link":"https:\/\/cukrowka.dev10.pro\/cs\/produkt\/karamelky-pro-stavebni-firmy-vzor-6\/","title":{"rendered":"Karamelky pro stavebn\u00ed firmy &#8211; vzor 6"},"content":[],"excerpt":{"rendered":"<p>Karamelky s vlastn\u00edm logem firmy. P\u0159ekvapte sv\u00e9 obchodn\u00ed partnery!<\/p>\n","protected":false},"featured_media":127884,"comment_status":"open","ping_status":"closed","template":"","meta":{"_acf_changed":false,"inline_featured_image":false},"prod_collection":[],"number":[991],"minimal-order":[],"expiration-date":[993],"storage":[996],"composition":[997],"taste":[999],"note":[],"weight":[],"nutritional":[1002],"label-size":[],"product-size":[],"package-size":[],"product_cat":[1056],"product_tag":[],"class_list":{"0":"post-156887","1":"product","2":"type-product","3":"status-publish","4":"has-post-thumbnail","6":"number-65-70-pyszne-cukrowki-cs","7":"expiration-date-6-miesiecy-cs","8":"storage-suche-a-stinne-misto","9":"composition-klasicke","10":"taste-mlecna","11":"nutritional-klasicke","12":"product_cat-karamelky-hotove-vzory","14":"first","15":"instock","16":"taxable","17":"shipping-taxable","18":"purchasable","19":"product-type-variable"},"acf":[],"yoast_head":"<!-- This site is optimized with the Yoast SEO plugin v26.2 - https:\/\/yoast.com\/wordpress\/plugins\/seo\/ -->\n<title>Karamelky pro stavebn\u00ed firmy - ji\u017e p\u0159ipraven\u00fd vzor s logem va\u0161eho podniku<\/title>\n<meta name=\"description\" content=\"Karamelky pro stavebn\u00ed firmy - personalizovan\u00e9 reklamn\u00ed sladkosti od Karamelove. Propagujte svou firmu sladk\u00fdm zp\u016fsobem. Vyberte si z dostupn\u00fdch vzor\u016f.\" \/>\n<meta name=\"robots\" content=\"index, follow, max-snippet:-1, max-image-preview:large, max-video-preview:-1\" \/>\n<link rel=\"canonical\" href=\"https:\/\/cukrowka.dev10.pro\/cs\/produkt\/karamelky-pro-stavebni-firmy-vzor-6\/\" \/>\n<meta property=\"og:locale\" content=\"cs_CZ\" \/>\n<meta property=\"og:type\" content=\"article\" \/>\n<meta property=\"og:title\" content=\"Karamelky pro stavebn\u00ed firmy - ji\u017e p\u0159ipraven\u00fd vzor s logem va\u0161eho podniku\" \/>\n<meta property=\"og:description\" content=\"Karamelky pro stavebn\u00ed firmy - personalizovan\u00e9 reklamn\u00ed sladkosti od Karamelove. Propagujte svou firmu sladk\u00fdm zp\u016fsobem. Vyberte si z dostupn\u00fdch vzor\u016f.\" \/>\n<meta property=\"og:url\" content=\"https:\/\/cukrowka.dev10.pro\/cs\/produkt\/karamelky-pro-stavebni-firmy-vzor-6\/\" \/>\n<meta property=\"og:site_name\" content=\"Wyj\u0105tkowe kr\u00f3wki z nadrukiem\" \/>\n<meta property=\"article:modified_time\" content=\"2024-04-04T07:41:13+00:00\" \/>\n<meta property=\"og:image\" content=\"https:\/\/cukrowka.dev10.pro\/wp-content\/uploads\/2023\/07\/Budowlane-Cukrowki-wiz2-1.jpg\" \/>\n\t<meta property=\"og:image:width\" content=\"1000\" \/>\n\t<meta property=\"og:image:height\" content=\"1000\" \/>\n\t<meta property=\"og:image:type\" content=\"image\/jpeg\" \/>\n<meta name=\"twitter:card\" content=\"summary_large_image\" \/>\n<script type=\"application\/ld+json\" class=\"yoast-schema-graph\">{\"@context\":\"https:\/\/schema.org\",\"@graph\":[{\"@type\":\"WebPage\",\"@id\":\"https:\/\/cukrowka.dev10.pro\/cs\/produkt\/karamelky-pro-stavebni-firmy-vzor-6\/\",\"url\":\"https:\/\/cukrowka.dev10.pro\/cs\/produkt\/karamelky-pro-stavebni-firmy-vzor-6\/\",\"name\":\"Karamelky pro stavebn\u00ed firmy - ji\u017e p\u0159ipraven\u00fd vzor s logem va\u0161eho podniku\",\"isPartOf\":{\"@id\":\"https:\/\/cukrowka.dev10.pro\/cs\/#website\"},\"primaryImageOfPage\":{\"@id\":\"https:\/\/cukrowka.dev10.pro\/cs\/produkt\/karamelky-pro-stavebni-firmy-vzor-6\/#primaryimage\"},\"image\":{\"@id\":\"https:\/\/cukrowka.dev10.pro\/cs\/produkt\/karamelky-pro-stavebni-firmy-vzor-6\/#primaryimage\"},\"thumbnailUrl\":\"https:\/\/cukrowka.dev10.pro\/wp-content\/uploads\/2023\/07\/Budowlane-Cukrowki-wiz2-1.jpg\",\"datePublished\":\"2023-07-04T13:05:44+00:00\",\"dateModified\":\"2024-04-04T07:41:13+00:00\",\"description\":\"Karamelky pro stavebn\u00ed firmy - personalizovan\u00e9 reklamn\u00ed sladkosti od Karamelove. Propagujte svou firmu sladk\u00fdm zp\u016fsobem. Vyberte si z dostupn\u00fdch vzor\u016f.\",\"breadcrumb\":{\"@id\":\"https:\/\/cukrowka.dev10.pro\/cs\/produkt\/karamelky-pro-stavebni-firmy-vzor-6\/#breadcrumb\"},\"inLanguage\":\"cs\",\"potentialAction\":[{\"@type\":\"ReadAction\",\"target\":[\"https:\/\/cukrowka.dev10.pro\/cs\/produkt\/karamelky-pro-stavebni-firmy-vzor-6\/\"]}]},{\"@type\":\"ImageObject\",\"inLanguage\":\"cs\",\"@id\":\"https:\/\/cukrowka.dev10.pro\/cs\/produkt\/karamelky-pro-stavebni-firmy-vzor-6\/#primaryimage\",\"url\":\"https:\/\/cukrowka.dev10.pro\/wp-content\/uploads\/2023\/07\/Budowlane-Cukrowki-wiz2-1.jpg\",\"contentUrl\":\"https:\/\/cukrowka.dev10.pro\/wp-content\/uploads\/2023\/07\/Budowlane-Cukrowki-wiz2-1.jpg\",\"width\":1000,\"height\":1000,\"caption\":\"Reklamn\u00ed karamelky\"},{\"@type\":\"BreadcrumbList\",\"@id\":\"https:\/\/cukrowka.dev10.pro\/cs\/produkt\/karamelky-pro-stavebni-firmy-vzor-6\/#breadcrumb\",\"itemListElement\":[{\"@type\":\"ListItem\",\"position\":1,\"name\":\"Strona g\u0142\u00f3wna\",\"item\":\"https:\/\/cukrowka.dev10.pro\/cs\/\"},{\"@type\":\"ListItem\",\"position\":2,\"name\":\"Shop\",\"item\":\"https:\/\/cukrowka.dev10.pro\/cs\/shop\/\"},{\"@type\":\"ListItem\",\"position\":3,\"name\":\"Karamelky pro stavebn\u00ed firmy &#8211; vzor 6\"}]},{\"@type\":\"WebSite\",\"@id\":\"https:\/\/cukrowka.dev10.pro\/cs\/#website\",\"url\":\"https:\/\/cukrowka.dev10.pro\/cs\/\",\"name\":\"Wyj\u0105tkowe kr\u00f3wki z nadrukiem\",\"description\":\"reklamowe oraz \u015blubne\",\"publisher\":{\"@id\":\"https:\/\/cukrowka.dev10.pro\/cs\/#organization\"},\"potentialAction\":[{\"@type\":\"SearchAction\",\"target\":{\"@type\":\"EntryPoint\",\"urlTemplate\":\"https:\/\/cukrowka.dev10.pro\/cs\/?s={search_term_string}\"},\"query-input\":{\"@type\":\"PropertyValueSpecification\",\"valueRequired\":true,\"valueName\":\"search_term_string\"}}],\"inLanguage\":\"cs\"},{\"@type\":\"Organization\",\"@id\":\"https:\/\/cukrowka.dev10.pro\/cs\/#organization\",\"name\":\"Wyj\u0105tkowe kr\u00f3wki z nadrukiem\",\"url\":\"https:\/\/cukrowka.dev10.pro\/cs\/\",\"logo\":{\"@type\":\"ImageObject\",\"inLanguage\":\"cs\",\"@id\":\"https:\/\/cukrowka.dev10.pro\/cs\/#\/schema\/logo\/image\/\",\"url\":\"https:\/\/www.cukrowki.pl\/wp-content\/uploads\/2020\/02\/logo.png\",\"contentUrl\":\"https:\/\/www.cukrowki.pl\/wp-content\/uploads\/2020\/02\/logo.png\",\"width\":220,\"height\":169,\"caption\":\"Wyj\u0105tkowe kr\u00f3wki z nadrukiem\"},\"image\":{\"@id\":\"https:\/\/cukrowka.dev10.pro\/cs\/#\/schema\/logo\/image\/\"}}]}<\/script>\n<!-- \/ Yoast SEO plugin. -->","yoast_head_json":{"title":"Karamelky pro stavebn\u00ed firmy - ji\u017e p\u0159ipraven\u00fd vzor s logem va\u0161eho podniku","description":"Karamelky pro stavebn\u00ed firmy - personalizovan\u00e9 reklamn\u00ed sladkosti od Karamelove. Propagujte svou firmu sladk\u00fdm zp\u016fsobem. Vyberte si z dostupn\u00fdch vzor\u016f.","robots":{"index":"index","follow":"follow","max-snippet":"max-snippet:-1","max-image-preview":"max-image-preview:large","max-video-preview":"max-video-preview:-1"},"canonical":"https:\/\/cukrowka.dev10.pro\/cs\/produkt\/karamelky-pro-stavebni-firmy-vzor-6\/","og_locale":"cs_CZ","og_type":"article","og_title":"Karamelky pro stavebn\u00ed firmy - ji\u017e p\u0159ipraven\u00fd vzor s logem va\u0161eho podniku","og_description":"Karamelky pro stavebn\u00ed firmy - personalizovan\u00e9 reklamn\u00ed sladkosti od Karamelove. Propagujte svou firmu sladk\u00fdm zp\u016fsobem. Vyberte si z dostupn\u00fdch vzor\u016f.","og_url":"https:\/\/cukrowka.dev10.pro\/cs\/produkt\/karamelky-pro-stavebni-firmy-vzor-6\/","og_site_name":"Wyj\u0105tkowe kr\u00f3wki z nadrukiem","article_modified_time":"2024-04-04T07:41:13+00:00","og_image":[{"width":1000,"height":1000,"url":"https:\/\/cukrowka.dev10.pro\/wp-content\/uploads\/2023\/07\/Budowlane-Cukrowki-wiz2-1.jpg","type":"image\/jpeg"}],"twitter_card":"summary_large_image","schema":{"@context":"https:\/\/schema.org","@graph":[{"@type":"WebPage","@id":"https:\/\/cukrowka.dev10.pro\/cs\/produkt\/karamelky-pro-stavebni-firmy-vzor-6\/","url":"https:\/\/cukrowka.dev10.pro\/cs\/produkt\/karamelky-pro-stavebni-firmy-vzor-6\/","name":"Karamelky pro stavebn\u00ed firmy - ji\u017e p\u0159ipraven\u00fd vzor s logem va\u0161eho podniku","isPartOf":{"@id":"https:\/\/cukrowka.dev10.pro\/cs\/#website"},"primaryImageOfPage":{"@id":"https:\/\/cukrowka.dev10.pro\/cs\/produkt\/karamelky-pro-stavebni-firmy-vzor-6\/#primaryimage"},"image":{"@id":"https:\/\/cukrowka.dev10.pro\/cs\/produkt\/karamelky-pro-stavebni-firmy-vzor-6\/#primaryimage"},"thumbnailUrl":"https:\/\/cukrowka.dev10.pro\/wp-content\/uploads\/2023\/07\/Budowlane-Cukrowki-wiz2-1.jpg","datePublished":"2023-07-04T13:05:44+00:00","dateModified":"2024-04-04T07:41:13+00:00","description":"Karamelky pro stavebn\u00ed firmy - personalizovan\u00e9 reklamn\u00ed sladkosti od Karamelove. Propagujte svou firmu sladk\u00fdm zp\u016fsobem. Vyberte si z dostupn\u00fdch vzor\u016f.","breadcrumb":{"@id":"https:\/\/cukrowka.dev10.pro\/cs\/produkt\/karamelky-pro-stavebni-firmy-vzor-6\/#breadcrumb"},"inLanguage":"cs","potentialAction":[{"@type":"ReadAction","target":["https:\/\/cukrowka.dev10.pro\/cs\/produkt\/karamelky-pro-stavebni-firmy-vzor-6\/"]}]},{"@type":"ImageObject","inLanguage":"cs","@id":"https:\/\/cukrowka.dev10.pro\/cs\/produkt\/karamelky-pro-stavebni-firmy-vzor-6\/#primaryimage","url":"https:\/\/cukrowka.dev10.pro\/wp-content\/uploads\/2023\/07\/Budowlane-Cukrowki-wiz2-1.jpg","contentUrl":"https:\/\/cukrowka.dev10.pro\/wp-content\/uploads\/2023\/07\/Budowlane-Cukrowki-wiz2-1.jpg","width":1000,"height":1000,"caption":"Reklamn\u00ed karamelky"},{"@type":"BreadcrumbList","@id":"https:\/\/cukrowka.dev10.pro\/cs\/produkt\/karamelky-pro-stavebni-firmy-vzor-6\/#breadcrumb","itemListElement":[{"@type":"ListItem","position":1,"name":"Strona g\u0142\u00f3wna","item":"https:\/\/cukrowka.dev10.pro\/cs\/"},{"@type":"ListItem","position":2,"name":"Shop","item":"https:\/\/cukrowka.dev10.pro\/cs\/shop\/"},{"@type":"ListItem","position":3,"name":"Karamelky pro stavebn\u00ed firmy &#8211; vzor 6"}]},{"@type":"WebSite","@id":"https:\/\/cukrowka.dev10.pro\/cs\/#website","url":"https:\/\/cukrowka.dev10.pro\/cs\/","name":"Wyj\u0105tkowe kr\u00f3wki z nadrukiem","description":"reklamowe oraz \u015blubne","publisher":{"@id":"https:\/\/cukrowka.dev10.pro\/cs\/#organization"},"potentialAction":[{"@type":"SearchAction","target":{"@type":"EntryPoint","urlTemplate":"https:\/\/cukrowka.dev10.pro\/cs\/?s={search_term_string}"},"query-input":{"@type":"PropertyValueSpecification","valueRequired":true,"valueName":"search_term_string"}}],"inLanguage":"cs"},{"@type":"Organization","@id":"https:\/\/cukrowka.dev10.pro\/cs\/#organization","name":"Wyj\u0105tkowe kr\u00f3wki z nadrukiem","url":"https:\/\/cukrowka.dev10.pro\/cs\/","logo":{"@type":"ImageObject","inLanguage":"cs","@id":"https:\/\/cukrowka.dev10.pro\/cs\/#\/schema\/logo\/image\/","url":"https:\/\/www.cukrowki.pl\/wp-content\/uploads\/2020\/02\/logo.png","contentUrl":"https:\/\/www.cukrowki.pl\/wp-content\/uploads\/2020\/02\/logo.png","width":220,"height":169,"caption":"Wyj\u0105tkowe kr\u00f3wki z nadrukiem"},"image":{"@id":"https:\/\/cukrowka.dev10.pro\/cs\/#\/schema\/logo\/image\/"}}]}},"_links":{"self":[{"href":"https:\/\/cukrowka.dev10.pro\/cs\/wp-json\/wp\/v2\/product\/156887","targetHints":{"allow":["GET"]}}],"collection":[{"href":"https:\/\/cukrowka.dev10.pro\/cs\/wp-json\/wp\/v2\/product"}],"about":[{"href":"https:\/\/cukrowka.dev10.pro\/cs\/wp-json\/wp\/v2\/types\/product"}],"replies":[{"embeddable":true,"href":"https:\/\/cukrowka.dev10.pro\/cs\/wp-json\/wp\/v2\/comments?post=156887"}],"wp:featuredmedia":[{"embeddable":true,"href":"https:\/\/cukrowka.dev10.pro\/cs\/wp-json\/wp\/v2\/media\/127884"}],"wp:attachment":[{"href":"https:\/\/cukrowka.dev10.pro\/cs\/wp-json\/wp\/v2\/media?parent=156887"}],"wp:term":[{"taxonomy":"prod_collection","embeddable":true,"href":"https:\/\/cukrowka.dev10.pro\/cs\/wp-json\/wp\/v2\/prod_collection?post=156887"},{"taxonomy":"number","embeddable":true,"href":"https:\/\/cukrowka.dev10.pro\/cs\/wp-json\/wp\/v2\/number?post=156887"},{"taxonomy":"minimal-order","embeddable":true,"href":"https:\/\/cukrowka.dev10.pro\/cs\/wp-json\/wp\/v2\/minimal-order?post=156887"},{"taxonomy":"expiration-date","embeddable":true,"href":"https:\/\/cukrowka.dev10.pro\/cs\/wp-json\/wp\/v2\/expiration-date?post=156887"},{"taxonomy":"storage","embeddable":true,"href":"https:\/\/cukrowka.dev10.pro\/cs\/wp-json\/wp\/v2\/storage?post=156887"},{"taxonomy":"composition","embeddable":true,"href":"https:\/\/cukrowka.dev10.pro\/cs\/wp-json\/wp\/v2\/composition?post=156887"},{"taxonomy":"taste","embeddable":true,"href":"https:\/\/cukrowka.dev10.pro\/cs\/wp-json\/wp\/v2\/taste?post=156887"},{"taxonomy":"note","embeddable":true,"href":"https:\/\/cukrowka.dev10.pro\/cs\/wp-json\/wp\/v2\/note?post=156887"},{"taxonomy":"weight","embeddable":true,"href":"https:\/\/cukrowka.dev10.pro\/cs\/wp-json\/wp\/v2\/weight?post=156887"},{"taxonomy":"nutritional","embeddable":true,"href":"https:\/\/cukrowka.dev10.pro\/cs\/wp-json\/wp\/v2\/nutritional?post=156887"},{"taxonomy":"label-size","embeddable":true,"href":"https:\/\/cukrowka.dev10.pro\/cs\/wp-json\/wp\/v2\/label-size?post=156887"},{"taxonomy":"product-size","embeddable":true,"href":"https:\/\/cukrowka.dev10.pro\/cs\/wp-json\/wp\/v2\/product-size?post=156887"},{"taxonomy":"package-size","embeddable":true,"href":"https:\/\/cukrowka.dev10.pro\/cs\/wp-json\/wp\/v2\/package-size?post=156887"},{"taxonomy":"content","embeddable":true,"href":"https:\/\/cukrowka.dev10.pro\/cs\/wp-json\/wp\/v2\/content?post=156887"},{"taxonomy":"product_cat","embeddable":true,"href":"https:\/\/cukrowka.dev10.pro\/cs\/wp-json\/wp\/v2\/product_cat?post=156887"},{"taxonomy":"product_tag","embeddable":true,"href":"https:\/\/cukrowka.dev10.pro\/cs\/wp-json\/wp\/v2\/product_tag?post=156887"}],"curies":[{"name":"wp","href":"https:\/\/api.w.org\/{rel}","templated":true}]}}