{"id":153473,"date":"2023-07-11T13:31:02","date_gmt":"2023-07-11T11:31:02","guid":{"rendered":"https:\/\/www.cukrowki.pl\/produkt\/bonboniera-karamelky-ke-krtu-vzor-27\/"},"modified":"2024-03-18T16:54:08","modified_gmt":"2024-03-18T15:54:08","slug":"bonboniera-karamelky-ke-krtu-vzor-32","status":"publish","type":"product","link":"https:\/\/cukrowka.dev10.pro\/cs\/produkt\/bonboniera-karamelky-ke-krtu-vzor-32\/","title":{"rendered":"Bonboni\u00e9ra karamelky ke k\u0159tu &#8211; vzor 32"},"content":[],"excerpt":{"rendered":"<p>Karamelky v bonboni\u00e9\u0159e ke k\u0159tu s vlastn\u00edm textem<\/p>\n","protected":false},"featured_media":127610,"comment_status":"open","ping_status":"closed","template":"","meta":{"_acf_changed":false,"inline_featured_image":false},"prod_collection":[],"number":[992],"minimal-order":[],"expiration-date":[993],"storage":[996],"composition":[997],"taste":[999],"note":[],"weight":[],"nutritional":[1002],"label-size":[],"product-size":[],"package-size":[],"product_cat":[1211],"product_tag":[],"class_list":{"0":"post-153473","1":"product","2":"type-product","3":"status-publish","4":"has-post-thumbnail","6":"number-16-sztuk-cs","7":"expiration-date-6-miesiecy-cs","8":"storage-suche-a-stinne-misto","9":"composition-klasicke","10":"taste-mlecna","11":"nutritional-klasicke","12":"product_cat-karamelky-ke-krtu","14":"first","15":"instock","16":"taxable","17":"shipping-taxable","18":"purchasable","19":"product-type-variable","20":"has-default-attributes"},"acf":[],"yoast_head":"<!-- This site is optimized with the Yoast SEO plugin v26.2 - https:\/\/yoast.com\/wordpress\/plugins\/seo\/ -->\n<title>Bonboni\u00e9ra s karamelkama ke k\u0159tu d\u00edt\u011bte.<\/title>\n<meta name=\"description\" content=\"Bonboni\u00e9ra s karamelkama ke k\u0159tu. Objednejte jedine\u010dn\u00fd d\u00e1rek k tak v\u00fdznamn\u00e9mu dni pro ka\u017ed\u00e9 d\u00edt\u011b!\" \/>\n<meta name=\"robots\" content=\"index, follow, max-snippet:-1, max-image-preview:large, max-video-preview:-1\" \/>\n<link rel=\"canonical\" href=\"https:\/\/cukrowka.dev10.pro\/cs\/produkt\/bonboniera-karamelky-ke-krtu-vzor-32\/\" \/>\n<meta property=\"og:locale\" content=\"cs_CZ\" \/>\n<meta property=\"og:type\" content=\"article\" \/>\n<meta property=\"og:title\" content=\"Bonboni\u00e9ra s karamelkama ke k\u0159tu d\u00edt\u011bte.\" \/>\n<meta property=\"og:description\" content=\"Bonboni\u00e9ra s karamelkama ke k\u0159tu. Objednejte jedine\u010dn\u00fd d\u00e1rek k tak v\u00fdznamn\u00e9mu dni pro ka\u017ed\u00e9 d\u00edt\u011b!\" \/>\n<meta property=\"og:url\" content=\"https:\/\/cukrowka.dev10.pro\/cs\/produkt\/bonboniera-karamelky-ke-krtu-vzor-32\/\" \/>\n<meta property=\"og:site_name\" content=\"Wyj\u0105tkowe kr\u00f3wki z nadrukiem\" \/>\n<meta property=\"article:modified_time\" content=\"2024-03-18T15:54:08+00:00\" \/>\n<meta property=\"og:image\" content=\"https:\/\/cukrowka.dev10.pro\/wp-content\/uploads\/2023\/07\/chrzest02-bombonierka-wiz-scaled.jpg\" \/>\n\t<meta property=\"og:image:width\" content=\"2560\" \/>\n\t<meta property=\"og:image:height\" content=\"2560\" \/>\n\t<meta property=\"og:image:type\" content=\"image\/jpeg\" \/>\n<meta name=\"twitter:card\" content=\"summary_large_image\" \/>\n<script type=\"application\/ld+json\" class=\"yoast-schema-graph\">{\"@context\":\"https:\/\/schema.org\",\"@graph\":[{\"@type\":\"WebPage\",\"@id\":\"https:\/\/cukrowka.dev10.pro\/cs\/produkt\/bonboniera-karamelky-ke-krtu-vzor-32\/\",\"url\":\"https:\/\/cukrowka.dev10.pro\/cs\/produkt\/bonboniera-karamelky-ke-krtu-vzor-32\/\",\"name\":\"Bonboni\u00e9ra s karamelkama ke k\u0159tu d\u00edt\u011bte.\",\"isPartOf\":{\"@id\":\"https:\/\/cukrowka.dev10.pro\/cs\/#website\"},\"primaryImageOfPage\":{\"@id\":\"https:\/\/cukrowka.dev10.pro\/cs\/produkt\/bonboniera-karamelky-ke-krtu-vzor-32\/#primaryimage\"},\"image\":{\"@id\":\"https:\/\/cukrowka.dev10.pro\/cs\/produkt\/bonboniera-karamelky-ke-krtu-vzor-32\/#primaryimage\"},\"thumbnailUrl\":\"https:\/\/cukrowka.dev10.pro\/wp-content\/uploads\/2023\/07\/chrzest02-bombonierka-wiz-scaled.jpg\",\"datePublished\":\"2023-07-11T11:31:02+00:00\",\"dateModified\":\"2024-03-18T15:54:08+00:00\",\"description\":\"Bonboni\u00e9ra s karamelkama ke k\u0159tu. Objednejte jedine\u010dn\u00fd d\u00e1rek k tak v\u00fdznamn\u00e9mu dni pro ka\u017ed\u00e9 d\u00edt\u011b!\",\"breadcrumb\":{\"@id\":\"https:\/\/cukrowka.dev10.pro\/cs\/produkt\/bonboniera-karamelky-ke-krtu-vzor-32\/#breadcrumb\"},\"inLanguage\":\"cs\",\"potentialAction\":[{\"@type\":\"ReadAction\",\"target\":[\"https:\/\/cukrowka.dev10.pro\/cs\/produkt\/bonboniera-karamelky-ke-krtu-vzor-32\/\"]}]},{\"@type\":\"ImageObject\",\"inLanguage\":\"cs\",\"@id\":\"https:\/\/cukrowka.dev10.pro\/cs\/produkt\/bonboniera-karamelky-ke-krtu-vzor-32\/#primaryimage\",\"url\":\"https:\/\/cukrowka.dev10.pro\/wp-content\/uploads\/2023\/07\/chrzest02-bombonierka-wiz-scaled.jpg\",\"contentUrl\":\"https:\/\/cukrowka.dev10.pro\/wp-content\/uploads\/2023\/07\/chrzest02-bombonierka-wiz-scaled.jpg\",\"width\":2560,\"height\":2560,\"caption\":\"Bonboni\u00e9ra s karamelkama ke k\u0159tu\"},{\"@type\":\"BreadcrumbList\",\"@id\":\"https:\/\/cukrowka.dev10.pro\/cs\/produkt\/bonboniera-karamelky-ke-krtu-vzor-32\/#breadcrumb\",\"itemListElement\":[{\"@type\":\"ListItem\",\"position\":1,\"name\":\"Strona g\u0142\u00f3wna\",\"item\":\"https:\/\/cukrowka.dev10.pro\/cs\/\"},{\"@type\":\"ListItem\",\"position\":2,\"name\":\"Shop\",\"item\":\"https:\/\/cukrowka.dev10.pro\/cs\/shop\/\"},{\"@type\":\"ListItem\",\"position\":3,\"name\":\"Bonboni\u00e9ra karamelky ke k\u0159tu &#8211; vzor 32\"}]},{\"@type\":\"WebSite\",\"@id\":\"https:\/\/cukrowka.dev10.pro\/cs\/#website\",\"url\":\"https:\/\/cukrowka.dev10.pro\/cs\/\",\"name\":\"Wyj\u0105tkowe kr\u00f3wki z nadrukiem\",\"description\":\"reklamowe oraz \u015blubne\",\"publisher\":{\"@id\":\"https:\/\/cukrowka.dev10.pro\/cs\/#organization\"},\"potentialAction\":[{\"@type\":\"SearchAction\",\"target\":{\"@type\":\"EntryPoint\",\"urlTemplate\":\"https:\/\/cukrowka.dev10.pro\/cs\/?s={search_term_string}\"},\"query-input\":{\"@type\":\"PropertyValueSpecification\",\"valueRequired\":true,\"valueName\":\"search_term_string\"}}],\"inLanguage\":\"cs\"},{\"@type\":\"Organization\",\"@id\":\"https:\/\/cukrowka.dev10.pro\/cs\/#organization\",\"name\":\"Wyj\u0105tkowe kr\u00f3wki z nadrukiem\",\"url\":\"https:\/\/cukrowka.dev10.pro\/cs\/\",\"logo\":{\"@type\":\"ImageObject\",\"inLanguage\":\"cs\",\"@id\":\"https:\/\/cukrowka.dev10.pro\/cs\/#\/schema\/logo\/image\/\",\"url\":\"https:\/\/www.cukrowki.pl\/wp-content\/uploads\/2020\/02\/logo.png\",\"contentUrl\":\"https:\/\/www.cukrowki.pl\/wp-content\/uploads\/2020\/02\/logo.png\",\"width\":220,\"height\":169,\"caption\":\"Wyj\u0105tkowe kr\u00f3wki z nadrukiem\"},\"image\":{\"@id\":\"https:\/\/cukrowka.dev10.pro\/cs\/#\/schema\/logo\/image\/\"}}]}<\/script>\n<!-- \/ Yoast SEO plugin. -->","yoast_head_json":{"title":"Bonboni\u00e9ra s karamelkama ke k\u0159tu d\u00edt\u011bte.","description":"Bonboni\u00e9ra s karamelkama ke k\u0159tu. Objednejte jedine\u010dn\u00fd d\u00e1rek k tak v\u00fdznamn\u00e9mu dni pro ka\u017ed\u00e9 d\u00edt\u011b!","robots":{"index":"index","follow":"follow","max-snippet":"max-snippet:-1","max-image-preview":"max-image-preview:large","max-video-preview":"max-video-preview:-1"},"canonical":"https:\/\/cukrowka.dev10.pro\/cs\/produkt\/bonboniera-karamelky-ke-krtu-vzor-32\/","og_locale":"cs_CZ","og_type":"article","og_title":"Bonboni\u00e9ra s karamelkama ke k\u0159tu d\u00edt\u011bte.","og_description":"Bonboni\u00e9ra s karamelkama ke k\u0159tu. Objednejte jedine\u010dn\u00fd d\u00e1rek k tak v\u00fdznamn\u00e9mu dni pro ka\u017ed\u00e9 d\u00edt\u011b!","og_url":"https:\/\/cukrowka.dev10.pro\/cs\/produkt\/bonboniera-karamelky-ke-krtu-vzor-32\/","og_site_name":"Wyj\u0105tkowe kr\u00f3wki z nadrukiem","article_modified_time":"2024-03-18T15:54:08+00:00","og_image":[{"width":2560,"height":2560,"url":"https:\/\/cukrowka.dev10.pro\/wp-content\/uploads\/2023\/07\/chrzest02-bombonierka-wiz-scaled.jpg","type":"image\/jpeg"}],"twitter_card":"summary_large_image","schema":{"@context":"https:\/\/schema.org","@graph":[{"@type":"WebPage","@id":"https:\/\/cukrowka.dev10.pro\/cs\/produkt\/bonboniera-karamelky-ke-krtu-vzor-32\/","url":"https:\/\/cukrowka.dev10.pro\/cs\/produkt\/bonboniera-karamelky-ke-krtu-vzor-32\/","name":"Bonboni\u00e9ra s karamelkama ke k\u0159tu d\u00edt\u011bte.","isPartOf":{"@id":"https:\/\/cukrowka.dev10.pro\/cs\/#website"},"primaryImageOfPage":{"@id":"https:\/\/cukrowka.dev10.pro\/cs\/produkt\/bonboniera-karamelky-ke-krtu-vzor-32\/#primaryimage"},"image":{"@id":"https:\/\/cukrowka.dev10.pro\/cs\/produkt\/bonboniera-karamelky-ke-krtu-vzor-32\/#primaryimage"},"thumbnailUrl":"https:\/\/cukrowka.dev10.pro\/wp-content\/uploads\/2023\/07\/chrzest02-bombonierka-wiz-scaled.jpg","datePublished":"2023-07-11T11:31:02+00:00","dateModified":"2024-03-18T15:54:08+00:00","description":"Bonboni\u00e9ra s karamelkama ke k\u0159tu. Objednejte jedine\u010dn\u00fd d\u00e1rek k tak v\u00fdznamn\u00e9mu dni pro ka\u017ed\u00e9 d\u00edt\u011b!","breadcrumb":{"@id":"https:\/\/cukrowka.dev10.pro\/cs\/produkt\/bonboniera-karamelky-ke-krtu-vzor-32\/#breadcrumb"},"inLanguage":"cs","potentialAction":[{"@type":"ReadAction","target":["https:\/\/cukrowka.dev10.pro\/cs\/produkt\/bonboniera-karamelky-ke-krtu-vzor-32\/"]}]},{"@type":"ImageObject","inLanguage":"cs","@id":"https:\/\/cukrowka.dev10.pro\/cs\/produkt\/bonboniera-karamelky-ke-krtu-vzor-32\/#primaryimage","url":"https:\/\/cukrowka.dev10.pro\/wp-content\/uploads\/2023\/07\/chrzest02-bombonierka-wiz-scaled.jpg","contentUrl":"https:\/\/cukrowka.dev10.pro\/wp-content\/uploads\/2023\/07\/chrzest02-bombonierka-wiz-scaled.jpg","width":2560,"height":2560,"caption":"Bonboni\u00e9ra s karamelkama ke k\u0159tu"},{"@type":"BreadcrumbList","@id":"https:\/\/cukrowka.dev10.pro\/cs\/produkt\/bonboniera-karamelky-ke-krtu-vzor-32\/#breadcrumb","itemListElement":[{"@type":"ListItem","position":1,"name":"Strona g\u0142\u00f3wna","item":"https:\/\/cukrowka.dev10.pro\/cs\/"},{"@type":"ListItem","position":2,"name":"Shop","item":"https:\/\/cukrowka.dev10.pro\/cs\/shop\/"},{"@type":"ListItem","position":3,"name":"Bonboni\u00e9ra karamelky ke k\u0159tu &#8211; vzor 32"}]},{"@type":"WebSite","@id":"https:\/\/cukrowka.dev10.pro\/cs\/#website","url":"https:\/\/cukrowka.dev10.pro\/cs\/","name":"Wyj\u0105tkowe kr\u00f3wki z nadrukiem","description":"reklamowe oraz \u015blubne","publisher":{"@id":"https:\/\/cukrowka.dev10.pro\/cs\/#organization"},"potentialAction":[{"@type":"SearchAction","target":{"@type":"EntryPoint","urlTemplate":"https:\/\/cukrowka.dev10.pro\/cs\/?s={search_term_string}"},"query-input":{"@type":"PropertyValueSpecification","valueRequired":true,"valueName":"search_term_string"}}],"inLanguage":"cs"},{"@type":"Organization","@id":"https:\/\/cukrowka.dev10.pro\/cs\/#organization","name":"Wyj\u0105tkowe kr\u00f3wki z nadrukiem","url":"https:\/\/cukrowka.dev10.pro\/cs\/","logo":{"@type":"ImageObject","inLanguage":"cs","@id":"https:\/\/cukrowka.dev10.pro\/cs\/#\/schema\/logo\/image\/","url":"https:\/\/www.cukrowki.pl\/wp-content\/uploads\/2020\/02\/logo.png","contentUrl":"https:\/\/www.cukrowki.pl\/wp-content\/uploads\/2020\/02\/logo.png","width":220,"height":169,"caption":"Wyj\u0105tkowe kr\u00f3wki z nadrukiem"},"image":{"@id":"https:\/\/cukrowka.dev10.pro\/cs\/#\/schema\/logo\/image\/"}}]}},"_links":{"self":[{"href":"https:\/\/cukrowka.dev10.pro\/cs\/wp-json\/wp\/v2\/product\/153473","targetHints":{"allow":["GET"]}}],"collection":[{"href":"https:\/\/cukrowka.dev10.pro\/cs\/wp-json\/wp\/v2\/product"}],"about":[{"href":"https:\/\/cukrowka.dev10.pro\/cs\/wp-json\/wp\/v2\/types\/product"}],"replies":[{"embeddable":true,"href":"https:\/\/cukrowka.dev10.pro\/cs\/wp-json\/wp\/v2\/comments?post=153473"}],"wp:featuredmedia":[{"embeddable":true,"href":"https:\/\/cukrowka.dev10.pro\/cs\/wp-json\/wp\/v2\/media\/127610"}],"wp:attachment":[{"href":"https:\/\/cukrowka.dev10.pro\/cs\/wp-json\/wp\/v2\/media?parent=153473"}],"wp:term":[{"taxonomy":"prod_collection","embeddable":true,"href":"https:\/\/cukrowka.dev10.pro\/cs\/wp-json\/wp\/v2\/prod_collection?post=153473"},{"taxonomy":"number","embeddable":true,"href":"https:\/\/cukrowka.dev10.pro\/cs\/wp-json\/wp\/v2\/number?post=153473"},{"taxonomy":"minimal-order","embeddable":true,"href":"https:\/\/cukrowka.dev10.pro\/cs\/wp-json\/wp\/v2\/minimal-order?post=153473"},{"taxonomy":"expiration-date","embeddable":true,"href":"https:\/\/cukrowka.dev10.pro\/cs\/wp-json\/wp\/v2\/expiration-date?post=153473"},{"taxonomy":"storage","embeddable":true,"href":"https:\/\/cukrowka.dev10.pro\/cs\/wp-json\/wp\/v2\/storage?post=153473"},{"taxonomy":"composition","embeddable":true,"href":"https:\/\/cukrowka.dev10.pro\/cs\/wp-json\/wp\/v2\/composition?post=153473"},{"taxonomy":"taste","embeddable":true,"href":"https:\/\/cukrowka.dev10.pro\/cs\/wp-json\/wp\/v2\/taste?post=153473"},{"taxonomy":"note","embeddable":true,"href":"https:\/\/cukrowka.dev10.pro\/cs\/wp-json\/wp\/v2\/note?post=153473"},{"taxonomy":"weight","embeddable":true,"href":"https:\/\/cukrowka.dev10.pro\/cs\/wp-json\/wp\/v2\/weight?post=153473"},{"taxonomy":"nutritional","embeddable":true,"href":"https:\/\/cukrowka.dev10.pro\/cs\/wp-json\/wp\/v2\/nutritional?post=153473"},{"taxonomy":"label-size","embeddable":true,"href":"https:\/\/cukrowka.dev10.pro\/cs\/wp-json\/wp\/v2\/label-size?post=153473"},{"taxonomy":"product-size","embeddable":true,"href":"https:\/\/cukrowka.dev10.pro\/cs\/wp-json\/wp\/v2\/product-size?post=153473"},{"taxonomy":"package-size","embeddable":true,"href":"https:\/\/cukrowka.dev10.pro\/cs\/wp-json\/wp\/v2\/package-size?post=153473"},{"taxonomy":"content","embeddable":true,"href":"https:\/\/cukrowka.dev10.pro\/cs\/wp-json\/wp\/v2\/content?post=153473"},{"taxonomy":"product_cat","embeddable":true,"href":"https:\/\/cukrowka.dev10.pro\/cs\/wp-json\/wp\/v2\/product_cat?post=153473"},{"taxonomy":"product_tag","embeddable":true,"href":"https:\/\/cukrowka.dev10.pro\/cs\/wp-json\/wp\/v2\/product_tag?post=153473"}],"curies":[{"name":"wp","href":"https:\/\/api.w.org\/{rel}","templated":true}]}}