{"id":153466,"date":"2023-07-05T11:58:29","date_gmt":"2023-07-05T09:58:29","guid":{"rendered":"https:\/\/www.cukrowki.pl\/produkt\/krabicka-s-karamelkama-ke-krtu-vzor-2-1kg\/"},"modified":"2024-03-18T16:56:48","modified_gmt":"2024-03-18T15:56:48","slug":"krabicka-s-karamelkama-ke-krtu-vzor-2-1kg","status":"publish","type":"product","link":"https:\/\/cukrowka.dev10.pro\/cs\/produkt\/krabicka-s-karamelkama-ke-krtu-vzor-2-1kg\/","title":{"rendered":"Krabi\u010dka s karamelkama ke k\u0159tu &#8211; vzor 2 &#8211; 1KG"},"content":[],"excerpt":{"rendered":"<p>Krabi\u010dka s karamelkama ke k\u0159tu jako pod\u011bkov\u00e1n\u00ed a d\u00e1rek host\u016fm<\/p>\n","protected":false},"featured_media":153421,"comment_status":"open","ping_status":"closed","template":"","meta":{"_acf_changed":false,"inline_featured_image":false},"prod_collection":[],"number":[],"minimal-order":[],"expiration-date":[993],"storage":[996],"composition":[997],"taste":[999],"note":[],"weight":[],"nutritional":[1002],"label-size":[],"product-size":[],"package-size":[],"product_cat":[1211],"product_tag":[],"class_list":{"0":"post-153466","1":"product","2":"type-product","3":"status-publish","4":"has-post-thumbnail","6":"expiration-date-6-miesiecy-cs","7":"storage-suche-a-stinne-misto","8":"composition-klasicke","9":"taste-mlecna","10":"nutritional-klasicke","11":"product_cat-karamelky-ke-krtu","13":"first","14":"instock","15":"taxable","16":"shipping-taxable","17":"purchasable","18":"product-type-simple"},"acf":[],"yoast_head":"<!-- This site is optimized with the Yoast SEO plugin v26.2 - https:\/\/yoast.com\/wordpress\/plugins\/seo\/ -->\n<title>Krabi\u010dka s karamelkama ke k\u0159tu v elegantn\u00edm proveden\u00ed!<\/title>\n<meta name=\"description\" content=\"Krabi\u010dka s karamelkama ke k\u0159tu je ide\u00e1ln\u00ed volbou elegantn\u00edho sladk\u00e9ho d\u00e1rku. Objednejte si ji je\u0161t\u011b dnes!\" \/>\n<meta name=\"robots\" content=\"index, follow, max-snippet:-1, max-image-preview:large, max-video-preview:-1\" \/>\n<link rel=\"canonical\" href=\"https:\/\/cukrowka.dev10.pro\/cs\/produkt\/krabicka-s-karamelkama-ke-krtu-vzor-2-1kg\/\" \/>\n<meta property=\"og:locale\" content=\"cs_CZ\" \/>\n<meta property=\"og:type\" content=\"article\" \/>\n<meta property=\"og:title\" content=\"Krabi\u010dka s karamelkama ke k\u0159tu v elegantn\u00edm proveden\u00ed!\" \/>\n<meta property=\"og:description\" content=\"Krabi\u010dka s karamelkama ke k\u0159tu je ide\u00e1ln\u00ed volbou elegantn\u00edho sladk\u00e9ho d\u00e1rku. Objednejte si ji je\u0161t\u011b dnes!\" \/>\n<meta property=\"og:url\" content=\"https:\/\/cukrowka.dev10.pro\/cs\/produkt\/krabicka-s-karamelkama-ke-krtu-vzor-2-1kg\/\" \/>\n<meta property=\"og:site_name\" content=\"Wyj\u0105tkowe kr\u00f3wki z nadrukiem\" \/>\n<meta property=\"article:modified_time\" content=\"2024-03-18T15:56:48+00:00\" \/>\n<meta property=\"og:image\" content=\"https:\/\/cukrowka.dev10.pro\/wp-content\/uploads\/2023\/07\/cukrowki_chrzest_swiety.jpg\" \/>\n\t<meta property=\"og:image:width\" content=\"2500\" \/>\n\t<meta property=\"og:image:height\" content=\"1667\" \/>\n\t<meta property=\"og:image:type\" content=\"image\/jpeg\" \/>\n<meta name=\"twitter:card\" content=\"summary_large_image\" \/>\n<script type=\"application\/ld+json\" class=\"yoast-schema-graph\">{\"@context\":\"https:\/\/schema.org\",\"@graph\":[{\"@type\":\"WebPage\",\"@id\":\"https:\/\/cukrowka.dev10.pro\/cs\/produkt\/krabicka-s-karamelkama-ke-krtu-vzor-2-1kg\/\",\"url\":\"https:\/\/cukrowka.dev10.pro\/cs\/produkt\/krabicka-s-karamelkama-ke-krtu-vzor-2-1kg\/\",\"name\":\"Krabi\u010dka s karamelkama ke k\u0159tu v elegantn\u00edm proveden\u00ed!\",\"isPartOf\":{\"@id\":\"https:\/\/cukrowka.dev10.pro\/cs\/#website\"},\"primaryImageOfPage\":{\"@id\":\"https:\/\/cukrowka.dev10.pro\/cs\/produkt\/krabicka-s-karamelkama-ke-krtu-vzor-2-1kg\/#primaryimage\"},\"image\":{\"@id\":\"https:\/\/cukrowka.dev10.pro\/cs\/produkt\/krabicka-s-karamelkama-ke-krtu-vzor-2-1kg\/#primaryimage\"},\"thumbnailUrl\":\"https:\/\/cukrowka.dev10.pro\/wp-content\/uploads\/2023\/07\/cukrowki_chrzest_swiety.jpg\",\"datePublished\":\"2023-07-05T09:58:29+00:00\",\"dateModified\":\"2024-03-18T15:56:48+00:00\",\"description\":\"Krabi\u010dka s karamelkama ke k\u0159tu je ide\u00e1ln\u00ed volbou elegantn\u00edho sladk\u00e9ho d\u00e1rku. Objednejte si ji je\u0161t\u011b dnes!\",\"breadcrumb\":{\"@id\":\"https:\/\/cukrowka.dev10.pro\/cs\/produkt\/krabicka-s-karamelkama-ke-krtu-vzor-2-1kg\/#breadcrumb\"},\"inLanguage\":\"cs\",\"potentialAction\":[{\"@type\":\"ReadAction\",\"target\":[\"https:\/\/cukrowka.dev10.pro\/cs\/produkt\/krabicka-s-karamelkama-ke-krtu-vzor-2-1kg\/\"]}]},{\"@type\":\"ImageObject\",\"inLanguage\":\"cs\",\"@id\":\"https:\/\/cukrowka.dev10.pro\/cs\/produkt\/krabicka-s-karamelkama-ke-krtu-vzor-2-1kg\/#primaryimage\",\"url\":\"https:\/\/cukrowka.dev10.pro\/wp-content\/uploads\/2023\/07\/cukrowki_chrzest_swiety.jpg\",\"contentUrl\":\"https:\/\/cukrowka.dev10.pro\/wp-content\/uploads\/2023\/07\/cukrowki_chrzest_swiety.jpg\",\"width\":2500,\"height\":1667,\"caption\":\"Karamelky ke k\u0159tu - krabi\u010dka\"},{\"@type\":\"BreadcrumbList\",\"@id\":\"https:\/\/cukrowka.dev10.pro\/cs\/produkt\/krabicka-s-karamelkama-ke-krtu-vzor-2-1kg\/#breadcrumb\",\"itemListElement\":[{\"@type\":\"ListItem\",\"position\":1,\"name\":\"Strona g\u0142\u00f3wna\",\"item\":\"https:\/\/cukrowka.dev10.pro\/cs\/\"},{\"@type\":\"ListItem\",\"position\":2,\"name\":\"Shop\",\"item\":\"https:\/\/cukrowka.dev10.pro\/cs\/shop\/\"},{\"@type\":\"ListItem\",\"position\":3,\"name\":\"Krabi\u010dka s karamelkama ke k\u0159tu &#8211; vzor 2 &#8211; 1KG\"}]},{\"@type\":\"WebSite\",\"@id\":\"https:\/\/cukrowka.dev10.pro\/cs\/#website\",\"url\":\"https:\/\/cukrowka.dev10.pro\/cs\/\",\"name\":\"Wyj\u0105tkowe kr\u00f3wki z nadrukiem\",\"description\":\"reklamowe oraz \u015blubne\",\"publisher\":{\"@id\":\"https:\/\/cukrowka.dev10.pro\/cs\/#organization\"},\"potentialAction\":[{\"@type\":\"SearchAction\",\"target\":{\"@type\":\"EntryPoint\",\"urlTemplate\":\"https:\/\/cukrowka.dev10.pro\/cs\/?s={search_term_string}\"},\"query-input\":{\"@type\":\"PropertyValueSpecification\",\"valueRequired\":true,\"valueName\":\"search_term_string\"}}],\"inLanguage\":\"cs\"},{\"@type\":\"Organization\",\"@id\":\"https:\/\/cukrowka.dev10.pro\/cs\/#organization\",\"name\":\"Wyj\u0105tkowe kr\u00f3wki z nadrukiem\",\"url\":\"https:\/\/cukrowka.dev10.pro\/cs\/\",\"logo\":{\"@type\":\"ImageObject\",\"inLanguage\":\"cs\",\"@id\":\"https:\/\/cukrowka.dev10.pro\/cs\/#\/schema\/logo\/image\/\",\"url\":\"https:\/\/www.cukrowki.pl\/wp-content\/uploads\/2020\/02\/logo.png\",\"contentUrl\":\"https:\/\/www.cukrowki.pl\/wp-content\/uploads\/2020\/02\/logo.png\",\"width\":220,\"height\":169,\"caption\":\"Wyj\u0105tkowe kr\u00f3wki z nadrukiem\"},\"image\":{\"@id\":\"https:\/\/cukrowka.dev10.pro\/cs\/#\/schema\/logo\/image\/\"}}]}<\/script>\n<!-- \/ Yoast SEO plugin. -->","yoast_head_json":{"title":"Krabi\u010dka s karamelkama ke k\u0159tu v elegantn\u00edm proveden\u00ed!","description":"Krabi\u010dka s karamelkama ke k\u0159tu je ide\u00e1ln\u00ed volbou elegantn\u00edho sladk\u00e9ho d\u00e1rku. Objednejte si ji je\u0161t\u011b dnes!","robots":{"index":"index","follow":"follow","max-snippet":"max-snippet:-1","max-image-preview":"max-image-preview:large","max-video-preview":"max-video-preview:-1"},"canonical":"https:\/\/cukrowka.dev10.pro\/cs\/produkt\/krabicka-s-karamelkama-ke-krtu-vzor-2-1kg\/","og_locale":"cs_CZ","og_type":"article","og_title":"Krabi\u010dka s karamelkama ke k\u0159tu v elegantn\u00edm proveden\u00ed!","og_description":"Krabi\u010dka s karamelkama ke k\u0159tu je ide\u00e1ln\u00ed volbou elegantn\u00edho sladk\u00e9ho d\u00e1rku. Objednejte si ji je\u0161t\u011b dnes!","og_url":"https:\/\/cukrowka.dev10.pro\/cs\/produkt\/krabicka-s-karamelkama-ke-krtu-vzor-2-1kg\/","og_site_name":"Wyj\u0105tkowe kr\u00f3wki z nadrukiem","article_modified_time":"2024-03-18T15:56:48+00:00","og_image":[{"width":2500,"height":1667,"url":"https:\/\/cukrowka.dev10.pro\/wp-content\/uploads\/2023\/07\/cukrowki_chrzest_swiety.jpg","type":"image\/jpeg"}],"twitter_card":"summary_large_image","schema":{"@context":"https:\/\/schema.org","@graph":[{"@type":"WebPage","@id":"https:\/\/cukrowka.dev10.pro\/cs\/produkt\/krabicka-s-karamelkama-ke-krtu-vzor-2-1kg\/","url":"https:\/\/cukrowka.dev10.pro\/cs\/produkt\/krabicka-s-karamelkama-ke-krtu-vzor-2-1kg\/","name":"Krabi\u010dka s karamelkama ke k\u0159tu v elegantn\u00edm proveden\u00ed!","isPartOf":{"@id":"https:\/\/cukrowka.dev10.pro\/cs\/#website"},"primaryImageOfPage":{"@id":"https:\/\/cukrowka.dev10.pro\/cs\/produkt\/krabicka-s-karamelkama-ke-krtu-vzor-2-1kg\/#primaryimage"},"image":{"@id":"https:\/\/cukrowka.dev10.pro\/cs\/produkt\/krabicka-s-karamelkama-ke-krtu-vzor-2-1kg\/#primaryimage"},"thumbnailUrl":"https:\/\/cukrowka.dev10.pro\/wp-content\/uploads\/2023\/07\/cukrowki_chrzest_swiety.jpg","datePublished":"2023-07-05T09:58:29+00:00","dateModified":"2024-03-18T15:56:48+00:00","description":"Krabi\u010dka s karamelkama ke k\u0159tu je ide\u00e1ln\u00ed volbou elegantn\u00edho sladk\u00e9ho d\u00e1rku. Objednejte si ji je\u0161t\u011b dnes!","breadcrumb":{"@id":"https:\/\/cukrowka.dev10.pro\/cs\/produkt\/krabicka-s-karamelkama-ke-krtu-vzor-2-1kg\/#breadcrumb"},"inLanguage":"cs","potentialAction":[{"@type":"ReadAction","target":["https:\/\/cukrowka.dev10.pro\/cs\/produkt\/krabicka-s-karamelkama-ke-krtu-vzor-2-1kg\/"]}]},{"@type":"ImageObject","inLanguage":"cs","@id":"https:\/\/cukrowka.dev10.pro\/cs\/produkt\/krabicka-s-karamelkama-ke-krtu-vzor-2-1kg\/#primaryimage","url":"https:\/\/cukrowka.dev10.pro\/wp-content\/uploads\/2023\/07\/cukrowki_chrzest_swiety.jpg","contentUrl":"https:\/\/cukrowka.dev10.pro\/wp-content\/uploads\/2023\/07\/cukrowki_chrzest_swiety.jpg","width":2500,"height":1667,"caption":"Karamelky ke k\u0159tu - krabi\u010dka"},{"@type":"BreadcrumbList","@id":"https:\/\/cukrowka.dev10.pro\/cs\/produkt\/krabicka-s-karamelkama-ke-krtu-vzor-2-1kg\/#breadcrumb","itemListElement":[{"@type":"ListItem","position":1,"name":"Strona g\u0142\u00f3wna","item":"https:\/\/cukrowka.dev10.pro\/cs\/"},{"@type":"ListItem","position":2,"name":"Shop","item":"https:\/\/cukrowka.dev10.pro\/cs\/shop\/"},{"@type":"ListItem","position":3,"name":"Krabi\u010dka s karamelkama ke k\u0159tu &#8211; vzor 2 &#8211; 1KG"}]},{"@type":"WebSite","@id":"https:\/\/cukrowka.dev10.pro\/cs\/#website","url":"https:\/\/cukrowka.dev10.pro\/cs\/","name":"Wyj\u0105tkowe kr\u00f3wki z nadrukiem","description":"reklamowe oraz \u015blubne","publisher":{"@id":"https:\/\/cukrowka.dev10.pro\/cs\/#organization"},"potentialAction":[{"@type":"SearchAction","target":{"@type":"EntryPoint","urlTemplate":"https:\/\/cukrowka.dev10.pro\/cs\/?s={search_term_string}"},"query-input":{"@type":"PropertyValueSpecification","valueRequired":true,"valueName":"search_term_string"}}],"inLanguage":"cs"},{"@type":"Organization","@id":"https:\/\/cukrowka.dev10.pro\/cs\/#organization","name":"Wyj\u0105tkowe kr\u00f3wki z nadrukiem","url":"https:\/\/cukrowka.dev10.pro\/cs\/","logo":{"@type":"ImageObject","inLanguage":"cs","@id":"https:\/\/cukrowka.dev10.pro\/cs\/#\/schema\/logo\/image\/","url":"https:\/\/www.cukrowki.pl\/wp-content\/uploads\/2020\/02\/logo.png","contentUrl":"https:\/\/www.cukrowki.pl\/wp-content\/uploads\/2020\/02\/logo.png","width":220,"height":169,"caption":"Wyj\u0105tkowe kr\u00f3wki z nadrukiem"},"image":{"@id":"https:\/\/cukrowka.dev10.pro\/cs\/#\/schema\/logo\/image\/"}}]}},"_links":{"self":[{"href":"https:\/\/cukrowka.dev10.pro\/cs\/wp-json\/wp\/v2\/product\/153466","targetHints":{"allow":["GET"]}}],"collection":[{"href":"https:\/\/cukrowka.dev10.pro\/cs\/wp-json\/wp\/v2\/product"}],"about":[{"href":"https:\/\/cukrowka.dev10.pro\/cs\/wp-json\/wp\/v2\/types\/product"}],"replies":[{"embeddable":true,"href":"https:\/\/cukrowka.dev10.pro\/cs\/wp-json\/wp\/v2\/comments?post=153466"}],"wp:featuredmedia":[{"embeddable":true,"href":"https:\/\/cukrowka.dev10.pro\/cs\/wp-json\/wp\/v2\/media\/153421"}],"wp:attachment":[{"href":"https:\/\/cukrowka.dev10.pro\/cs\/wp-json\/wp\/v2\/media?parent=153466"}],"wp:term":[{"taxonomy":"prod_collection","embeddable":true,"href":"https:\/\/cukrowka.dev10.pro\/cs\/wp-json\/wp\/v2\/prod_collection?post=153466"},{"taxonomy":"number","embeddable":true,"href":"https:\/\/cukrowka.dev10.pro\/cs\/wp-json\/wp\/v2\/number?post=153466"},{"taxonomy":"minimal-order","embeddable":true,"href":"https:\/\/cukrowka.dev10.pro\/cs\/wp-json\/wp\/v2\/minimal-order?post=153466"},{"taxonomy":"expiration-date","embeddable":true,"href":"https:\/\/cukrowka.dev10.pro\/cs\/wp-json\/wp\/v2\/expiration-date?post=153466"},{"taxonomy":"storage","embeddable":true,"href":"https:\/\/cukrowka.dev10.pro\/cs\/wp-json\/wp\/v2\/storage?post=153466"},{"taxonomy":"composition","embeddable":true,"href":"https:\/\/cukrowka.dev10.pro\/cs\/wp-json\/wp\/v2\/composition?post=153466"},{"taxonomy":"taste","embeddable":true,"href":"https:\/\/cukrowka.dev10.pro\/cs\/wp-json\/wp\/v2\/taste?post=153466"},{"taxonomy":"note","embeddable":true,"href":"https:\/\/cukrowka.dev10.pro\/cs\/wp-json\/wp\/v2\/note?post=153466"},{"taxonomy":"weight","embeddable":true,"href":"https:\/\/cukrowka.dev10.pro\/cs\/wp-json\/wp\/v2\/weight?post=153466"},{"taxonomy":"nutritional","embeddable":true,"href":"https:\/\/cukrowka.dev10.pro\/cs\/wp-json\/wp\/v2\/nutritional?post=153466"},{"taxonomy":"label-size","embeddable":true,"href":"https:\/\/cukrowka.dev10.pro\/cs\/wp-json\/wp\/v2\/label-size?post=153466"},{"taxonomy":"product-size","embeddable":true,"href":"https:\/\/cukrowka.dev10.pro\/cs\/wp-json\/wp\/v2\/product-size?post=153466"},{"taxonomy":"package-size","embeddable":true,"href":"https:\/\/cukrowka.dev10.pro\/cs\/wp-json\/wp\/v2\/package-size?post=153466"},{"taxonomy":"content","embeddable":true,"href":"https:\/\/cukrowka.dev10.pro\/cs\/wp-json\/wp\/v2\/content?post=153466"},{"taxonomy":"product_cat","embeddable":true,"href":"https:\/\/cukrowka.dev10.pro\/cs\/wp-json\/wp\/v2\/product_cat?post=153466"},{"taxonomy":"product_tag","embeddable":true,"href":"https:\/\/cukrowka.dev10.pro\/cs\/wp-json\/wp\/v2\/product_tag?post=153466"}],"curies":[{"name":"wp","href":"https:\/\/api.w.org\/{rel}","templated":true}]}}