{"id":151697,"date":"2022-04-12T15:13:30","date_gmt":"2022-04-12T13:13:30","guid":{"rendered":"https:\/\/www.cukrowki.pl\/produkt\/personalizovana-bonboniera-pro-kmotra-vzor-35\/"},"modified":"2024-02-26T11:18:30","modified_gmt":"2024-02-26T10:18:30","slug":"personalizovana-bonboniera-pro-kmotra-vzor-35","status":"publish","type":"product","link":"https:\/\/cukrowka.dev10.pro\/cs\/produkt\/personalizovana-bonboniera-pro-kmotra-vzor-35\/","title":{"rendered":"Personalizovan\u00e1 bonboni\u00e9ra pro kmotra &#8211; vzor 35"},"content":[],"excerpt":{"rendered":"<p>Pod\u011bkov\u00e1n\u00ed kmotrovi v podob\u011b bonboni\u00e9ry s vlastn\u00ed fotografi\u00ed<\/p>\n","protected":false},"featured_media":60257,"comment_status":"open","ping_status":"closed","template":"","meta":{"_acf_changed":false,"inline_featured_image":false},"prod_collection":[1018],"number":[992],"minimal-order":[],"expiration-date":[993],"storage":[996],"composition":[997],"taste":[999],"note":[],"weight":[],"nutritional":[1002],"label-size":[],"product-size":[],"package-size":[],"product_cat":[1014],"product_tag":[],"class_list":{"0":"post-151697","1":"product","2":"type-product","3":"status-publish","4":"has-post-thumbnail","6":"prod_collection-bombonierki-komunijne-cs","7":"number-16-sztuk-cs","8":"expiration-date-6-miesiecy-cs","9":"storage-suche-a-stinne-misto","10":"composition-klasicke","11":"taste-mlecna","12":"nutritional-klasicke","13":"product_cat-karamelky-ke-svatemu-prijimani","15":"first","16":"instock","17":"taxable","18":"shipping-taxable","19":"purchasable","20":"product-type-variable","21":"has-default-attributes"},"acf":[],"yoast_head":"<!-- This site is optimized with the Yoast SEO plugin v26.2 - https:\/\/yoast.com\/wordpress\/plugins\/seo\/ -->\n<title>Personalizovan\u00e1 bonboni\u00e9ra pro kmotra<\/title>\n<meta name=\"description\" content=\"Personalizovan\u00e1 bonboni\u00e9ra pro kmotra. Objednejte jedine\u010dn\u00fd d\u00e1rek pro d\u016fle\u017eitou osobu v \u017eivot\u011b va\u0161eho d\u00edt\u011bte!\" \/>\n<meta name=\"robots\" content=\"index, follow, max-snippet:-1, max-image-preview:large, max-video-preview:-1\" \/>\n<link rel=\"canonical\" href=\"https:\/\/cukrowka.dev10.pro\/cs\/produkt\/personalizovana-bonboniera-pro-kmotra-vzor-35\/\" \/>\n<meta property=\"og:locale\" content=\"cs_CZ\" \/>\n<meta property=\"og:type\" content=\"article\" \/>\n<meta property=\"og:title\" content=\"Personalizovan\u00e1 bonboni\u00e9ra pro kmotra\" \/>\n<meta property=\"og:description\" content=\"Personalizovan\u00e1 bonboni\u00e9ra pro kmotra. Objednejte jedine\u010dn\u00fd d\u00e1rek pro d\u016fle\u017eitou osobu v \u017eivot\u011b va\u0161eho d\u00edt\u011bte!\" \/>\n<meta property=\"og:url\" content=\"https:\/\/cukrowka.dev10.pro\/cs\/produkt\/personalizovana-bonboniera-pro-kmotra-vzor-35\/\" \/>\n<meta property=\"og:site_name\" content=\"Wyj\u0105tkowe kr\u00f3wki z nadrukiem\" \/>\n<meta property=\"article:modified_time\" content=\"2024-02-26T10:18:30+00:00\" \/>\n<meta property=\"og:image\" content=\"https:\/\/cukrowka.dev10.pro\/wp-content\/uploads\/2022\/04\/Komunia_bombonierka6_tata_wiz-scaled.jpg\" \/>\n\t<meta property=\"og:image:width\" content=\"2560\" \/>\n\t<meta property=\"og:image:height\" content=\"2560\" \/>\n\t<meta property=\"og:image:type\" content=\"image\/jpeg\" \/>\n<meta name=\"twitter:card\" content=\"summary_large_image\" \/>\n<script type=\"application\/ld+json\" class=\"yoast-schema-graph\">{\"@context\":\"https:\/\/schema.org\",\"@graph\":[{\"@type\":\"WebPage\",\"@id\":\"https:\/\/cukrowka.dev10.pro\/cs\/produkt\/personalizovana-bonboniera-pro-kmotra-vzor-35\/\",\"url\":\"https:\/\/cukrowka.dev10.pro\/cs\/produkt\/personalizovana-bonboniera-pro-kmotra-vzor-35\/\",\"name\":\"Personalizovan\u00e1 bonboni\u00e9ra pro kmotra\",\"isPartOf\":{\"@id\":\"https:\/\/cukrowka.dev10.pro\/cs\/#website\"},\"primaryImageOfPage\":{\"@id\":\"https:\/\/cukrowka.dev10.pro\/cs\/produkt\/personalizovana-bonboniera-pro-kmotra-vzor-35\/#primaryimage\"},\"image\":{\"@id\":\"https:\/\/cukrowka.dev10.pro\/cs\/produkt\/personalizovana-bonboniera-pro-kmotra-vzor-35\/#primaryimage\"},\"thumbnailUrl\":\"https:\/\/cukrowka.dev10.pro\/wp-content\/uploads\/2022\/04\/Komunia_bombonierka6_tata_wiz-scaled.jpg\",\"datePublished\":\"2022-04-12T13:13:30+00:00\",\"dateModified\":\"2024-02-26T10:18:30+00:00\",\"description\":\"Personalizovan\u00e1 bonboni\u00e9ra pro kmotra. Objednejte jedine\u010dn\u00fd d\u00e1rek pro d\u016fle\u017eitou osobu v \u017eivot\u011b va\u0161eho d\u00edt\u011bte!\",\"breadcrumb\":{\"@id\":\"https:\/\/cukrowka.dev10.pro\/cs\/produkt\/personalizovana-bonboniera-pro-kmotra-vzor-35\/#breadcrumb\"},\"inLanguage\":\"cs\",\"potentialAction\":[{\"@type\":\"ReadAction\",\"target\":[\"https:\/\/cukrowka.dev10.pro\/cs\/produkt\/personalizovana-bonboniera-pro-kmotra-vzor-35\/\"]}]},{\"@type\":\"ImageObject\",\"inLanguage\":\"cs\",\"@id\":\"https:\/\/cukrowka.dev10.pro\/cs\/produkt\/personalizovana-bonboniera-pro-kmotra-vzor-35\/#primaryimage\",\"url\":\"https:\/\/cukrowka.dev10.pro\/wp-content\/uploads\/2022\/04\/Komunia_bombonierka6_tata_wiz-scaled.jpg\",\"contentUrl\":\"https:\/\/cukrowka.dev10.pro\/wp-content\/uploads\/2022\/04\/Komunia_bombonierka6_tata_wiz-scaled.jpg\",\"width\":2560,\"height\":2560,\"caption\":\"Personalizovan\u00e1 bonboni\u00e9ra pro kmotra\"},{\"@type\":\"BreadcrumbList\",\"@id\":\"https:\/\/cukrowka.dev10.pro\/cs\/produkt\/personalizovana-bonboniera-pro-kmotra-vzor-35\/#breadcrumb\",\"itemListElement\":[{\"@type\":\"ListItem\",\"position\":1,\"name\":\"Strona g\u0142\u00f3wna\",\"item\":\"https:\/\/cukrowka.dev10.pro\/cs\/\"},{\"@type\":\"ListItem\",\"position\":2,\"name\":\"Shop\",\"item\":\"https:\/\/cukrowka.dev10.pro\/cs\/shop\/\"},{\"@type\":\"ListItem\",\"position\":3,\"name\":\"Personalizovan\u00e1 bonboni\u00e9ra pro kmotra &#8211; vzor 35\"}]},{\"@type\":\"WebSite\",\"@id\":\"https:\/\/cukrowka.dev10.pro\/cs\/#website\",\"url\":\"https:\/\/cukrowka.dev10.pro\/cs\/\",\"name\":\"Wyj\u0105tkowe kr\u00f3wki z nadrukiem\",\"description\":\"reklamowe oraz \u015blubne\",\"publisher\":{\"@id\":\"https:\/\/cukrowka.dev10.pro\/cs\/#organization\"},\"potentialAction\":[{\"@type\":\"SearchAction\",\"target\":{\"@type\":\"EntryPoint\",\"urlTemplate\":\"https:\/\/cukrowka.dev10.pro\/cs\/?s={search_term_string}\"},\"query-input\":{\"@type\":\"PropertyValueSpecification\",\"valueRequired\":true,\"valueName\":\"search_term_string\"}}],\"inLanguage\":\"cs\"},{\"@type\":\"Organization\",\"@id\":\"https:\/\/cukrowka.dev10.pro\/cs\/#organization\",\"name\":\"Wyj\u0105tkowe kr\u00f3wki z nadrukiem\",\"url\":\"https:\/\/cukrowka.dev10.pro\/cs\/\",\"logo\":{\"@type\":\"ImageObject\",\"inLanguage\":\"cs\",\"@id\":\"https:\/\/cukrowka.dev10.pro\/cs\/#\/schema\/logo\/image\/\",\"url\":\"https:\/\/www.cukrowki.pl\/wp-content\/uploads\/2020\/02\/logo.png\",\"contentUrl\":\"https:\/\/www.cukrowki.pl\/wp-content\/uploads\/2020\/02\/logo.png\",\"width\":220,\"height\":169,\"caption\":\"Wyj\u0105tkowe kr\u00f3wki z nadrukiem\"},\"image\":{\"@id\":\"https:\/\/cukrowka.dev10.pro\/cs\/#\/schema\/logo\/image\/\"}}]}<\/script>\n<!-- \/ Yoast SEO plugin. -->","yoast_head_json":{"title":"Personalizovan\u00e1 bonboni\u00e9ra pro kmotra","description":"Personalizovan\u00e1 bonboni\u00e9ra pro kmotra. Objednejte jedine\u010dn\u00fd d\u00e1rek pro d\u016fle\u017eitou osobu v \u017eivot\u011b va\u0161eho d\u00edt\u011bte!","robots":{"index":"index","follow":"follow","max-snippet":"max-snippet:-1","max-image-preview":"max-image-preview:large","max-video-preview":"max-video-preview:-1"},"canonical":"https:\/\/cukrowka.dev10.pro\/cs\/produkt\/personalizovana-bonboniera-pro-kmotra-vzor-35\/","og_locale":"cs_CZ","og_type":"article","og_title":"Personalizovan\u00e1 bonboni\u00e9ra pro kmotra","og_description":"Personalizovan\u00e1 bonboni\u00e9ra pro kmotra. Objednejte jedine\u010dn\u00fd d\u00e1rek pro d\u016fle\u017eitou osobu v \u017eivot\u011b va\u0161eho d\u00edt\u011bte!","og_url":"https:\/\/cukrowka.dev10.pro\/cs\/produkt\/personalizovana-bonboniera-pro-kmotra-vzor-35\/","og_site_name":"Wyj\u0105tkowe kr\u00f3wki z nadrukiem","article_modified_time":"2024-02-26T10:18:30+00:00","og_image":[{"width":2560,"height":2560,"url":"https:\/\/cukrowka.dev10.pro\/wp-content\/uploads\/2022\/04\/Komunia_bombonierka6_tata_wiz-scaled.jpg","type":"image\/jpeg"}],"twitter_card":"summary_large_image","schema":{"@context":"https:\/\/schema.org","@graph":[{"@type":"WebPage","@id":"https:\/\/cukrowka.dev10.pro\/cs\/produkt\/personalizovana-bonboniera-pro-kmotra-vzor-35\/","url":"https:\/\/cukrowka.dev10.pro\/cs\/produkt\/personalizovana-bonboniera-pro-kmotra-vzor-35\/","name":"Personalizovan\u00e1 bonboni\u00e9ra pro kmotra","isPartOf":{"@id":"https:\/\/cukrowka.dev10.pro\/cs\/#website"},"primaryImageOfPage":{"@id":"https:\/\/cukrowka.dev10.pro\/cs\/produkt\/personalizovana-bonboniera-pro-kmotra-vzor-35\/#primaryimage"},"image":{"@id":"https:\/\/cukrowka.dev10.pro\/cs\/produkt\/personalizovana-bonboniera-pro-kmotra-vzor-35\/#primaryimage"},"thumbnailUrl":"https:\/\/cukrowka.dev10.pro\/wp-content\/uploads\/2022\/04\/Komunia_bombonierka6_tata_wiz-scaled.jpg","datePublished":"2022-04-12T13:13:30+00:00","dateModified":"2024-02-26T10:18:30+00:00","description":"Personalizovan\u00e1 bonboni\u00e9ra pro kmotra. Objednejte jedine\u010dn\u00fd d\u00e1rek pro d\u016fle\u017eitou osobu v \u017eivot\u011b va\u0161eho d\u00edt\u011bte!","breadcrumb":{"@id":"https:\/\/cukrowka.dev10.pro\/cs\/produkt\/personalizovana-bonboniera-pro-kmotra-vzor-35\/#breadcrumb"},"inLanguage":"cs","potentialAction":[{"@type":"ReadAction","target":["https:\/\/cukrowka.dev10.pro\/cs\/produkt\/personalizovana-bonboniera-pro-kmotra-vzor-35\/"]}]},{"@type":"ImageObject","inLanguage":"cs","@id":"https:\/\/cukrowka.dev10.pro\/cs\/produkt\/personalizovana-bonboniera-pro-kmotra-vzor-35\/#primaryimage","url":"https:\/\/cukrowka.dev10.pro\/wp-content\/uploads\/2022\/04\/Komunia_bombonierka6_tata_wiz-scaled.jpg","contentUrl":"https:\/\/cukrowka.dev10.pro\/wp-content\/uploads\/2022\/04\/Komunia_bombonierka6_tata_wiz-scaled.jpg","width":2560,"height":2560,"caption":"Personalizovan\u00e1 bonboni\u00e9ra pro kmotra"},{"@type":"BreadcrumbList","@id":"https:\/\/cukrowka.dev10.pro\/cs\/produkt\/personalizovana-bonboniera-pro-kmotra-vzor-35\/#breadcrumb","itemListElement":[{"@type":"ListItem","position":1,"name":"Strona g\u0142\u00f3wna","item":"https:\/\/cukrowka.dev10.pro\/cs\/"},{"@type":"ListItem","position":2,"name":"Shop","item":"https:\/\/cukrowka.dev10.pro\/cs\/shop\/"},{"@type":"ListItem","position":3,"name":"Personalizovan\u00e1 bonboni\u00e9ra pro kmotra &#8211; vzor 35"}]},{"@type":"WebSite","@id":"https:\/\/cukrowka.dev10.pro\/cs\/#website","url":"https:\/\/cukrowka.dev10.pro\/cs\/","name":"Wyj\u0105tkowe kr\u00f3wki z nadrukiem","description":"reklamowe oraz \u015blubne","publisher":{"@id":"https:\/\/cukrowka.dev10.pro\/cs\/#organization"},"potentialAction":[{"@type":"SearchAction","target":{"@type":"EntryPoint","urlTemplate":"https:\/\/cukrowka.dev10.pro\/cs\/?s={search_term_string}"},"query-input":{"@type":"PropertyValueSpecification","valueRequired":true,"valueName":"search_term_string"}}],"inLanguage":"cs"},{"@type":"Organization","@id":"https:\/\/cukrowka.dev10.pro\/cs\/#organization","name":"Wyj\u0105tkowe kr\u00f3wki z nadrukiem","url":"https:\/\/cukrowka.dev10.pro\/cs\/","logo":{"@type":"ImageObject","inLanguage":"cs","@id":"https:\/\/cukrowka.dev10.pro\/cs\/#\/schema\/logo\/image\/","url":"https:\/\/www.cukrowki.pl\/wp-content\/uploads\/2020\/02\/logo.png","contentUrl":"https:\/\/www.cukrowki.pl\/wp-content\/uploads\/2020\/02\/logo.png","width":220,"height":169,"caption":"Wyj\u0105tkowe kr\u00f3wki z nadrukiem"},"image":{"@id":"https:\/\/cukrowka.dev10.pro\/cs\/#\/schema\/logo\/image\/"}}]}},"_links":{"self":[{"href":"https:\/\/cukrowka.dev10.pro\/cs\/wp-json\/wp\/v2\/product\/151697","targetHints":{"allow":["GET"]}}],"collection":[{"href":"https:\/\/cukrowka.dev10.pro\/cs\/wp-json\/wp\/v2\/product"}],"about":[{"href":"https:\/\/cukrowka.dev10.pro\/cs\/wp-json\/wp\/v2\/types\/product"}],"replies":[{"embeddable":true,"href":"https:\/\/cukrowka.dev10.pro\/cs\/wp-json\/wp\/v2\/comments?post=151697"}],"wp:featuredmedia":[{"embeddable":true,"href":"https:\/\/cukrowka.dev10.pro\/cs\/wp-json\/wp\/v2\/media\/60257"}],"wp:attachment":[{"href":"https:\/\/cukrowka.dev10.pro\/cs\/wp-json\/wp\/v2\/media?parent=151697"}],"wp:term":[{"taxonomy":"prod_collection","embeddable":true,"href":"https:\/\/cukrowka.dev10.pro\/cs\/wp-json\/wp\/v2\/prod_collection?post=151697"},{"taxonomy":"number","embeddable":true,"href":"https:\/\/cukrowka.dev10.pro\/cs\/wp-json\/wp\/v2\/number?post=151697"},{"taxonomy":"minimal-order","embeddable":true,"href":"https:\/\/cukrowka.dev10.pro\/cs\/wp-json\/wp\/v2\/minimal-order?post=151697"},{"taxonomy":"expiration-date","embeddable":true,"href":"https:\/\/cukrowka.dev10.pro\/cs\/wp-json\/wp\/v2\/expiration-date?post=151697"},{"taxonomy":"storage","embeddable":true,"href":"https:\/\/cukrowka.dev10.pro\/cs\/wp-json\/wp\/v2\/storage?post=151697"},{"taxonomy":"composition","embeddable":true,"href":"https:\/\/cukrowka.dev10.pro\/cs\/wp-json\/wp\/v2\/composition?post=151697"},{"taxonomy":"taste","embeddable":true,"href":"https:\/\/cukrowka.dev10.pro\/cs\/wp-json\/wp\/v2\/taste?post=151697"},{"taxonomy":"note","embeddable":true,"href":"https:\/\/cukrowka.dev10.pro\/cs\/wp-json\/wp\/v2\/note?post=151697"},{"taxonomy":"weight","embeddable":true,"href":"https:\/\/cukrowka.dev10.pro\/cs\/wp-json\/wp\/v2\/weight?post=151697"},{"taxonomy":"nutritional","embeddable":true,"href":"https:\/\/cukrowka.dev10.pro\/cs\/wp-json\/wp\/v2\/nutritional?post=151697"},{"taxonomy":"label-size","embeddable":true,"href":"https:\/\/cukrowka.dev10.pro\/cs\/wp-json\/wp\/v2\/label-size?post=151697"},{"taxonomy":"product-size","embeddable":true,"href":"https:\/\/cukrowka.dev10.pro\/cs\/wp-json\/wp\/v2\/product-size?post=151697"},{"taxonomy":"package-size","embeddable":true,"href":"https:\/\/cukrowka.dev10.pro\/cs\/wp-json\/wp\/v2\/package-size?post=151697"},{"taxonomy":"content","embeddable":true,"href":"https:\/\/cukrowka.dev10.pro\/cs\/wp-json\/wp\/v2\/content?post=151697"},{"taxonomy":"product_cat","embeddable":true,"href":"https:\/\/cukrowka.dev10.pro\/cs\/wp-json\/wp\/v2\/product_cat?post=151697"},{"taxonomy":"product_tag","embeddable":true,"href":"https:\/\/cukrowka.dev10.pro\/cs\/wp-json\/wp\/v2\/product_tag?post=151697"}],"curies":[{"name":"wp","href":"https:\/\/api.w.org\/{rel}","templated":true}]}}