{"id":151355,"date":"2023-07-21T11:10:06","date_gmt":"2023-07-21T09:10:06","guid":{"rendered":"https:\/\/www.cukrowki.pl\/produkt\/novomanzelske-personalizovane-karamelky-vzor-131\/"},"modified":"2024-03-18T16:42:50","modified_gmt":"2024-03-18T15:42:50","slug":"novomanzelske-personalizovane-karamelky-vzor-131","status":"publish","type":"product","link":"https:\/\/cukrowka.dev10.pro\/cs\/produkt\/novomanzelske-personalizovane-karamelky-vzor-131\/","title":{"rendered":"Novoman\u017eelsk\u00e9 personalizovan\u00e9 karamelky &#8211; vzor 131"},"content":[],"excerpt":{"rendered":"<p>Sladk\u00e9 pod\u011bkovan\u00ed svateb\u010dan\u016fm v modr\u00e9m proveden\u00ed. Napi\u0161te sv\u016fj text.<\/p>\n","protected":false},"featured_media":128672,"comment_status":"open","ping_status":"closed","template":"","meta":{"_acf_changed":false,"inline_featured_image":false},"prod_collection":[1038],"number":[],"minimal-order":[],"expiration-date":[],"storage":[],"composition":[997],"taste":[999],"note":[],"weight":[],"nutritional":[],"label-size":[],"product-size":[],"package-size":[],"product_cat":[1012],"product_tag":[],"class_list":{"0":"post-151355","1":"product","2":"type-product","3":"status-publish","4":"has-post-thumbnail","6":"prod_collection-zimowe-cs","7":"composition-klasicke","8":"taste-mlecna","9":"product_cat-svatebni-karamelky","11":"first","12":"instock","13":"taxable","14":"shipping-taxable","15":"purchasable","16":"product-type-variable"},"acf":[],"yoast_head":"<!-- This site is optimized with the Yoast SEO plugin v26.2 - https:\/\/yoast.com\/wordpress\/plugins\/seo\/ -->\n<title>Novoman\u017eelsk\u00e9 personalizovan\u00e9 karamelky - sladk\u00e9 pod\u011bkov\u00e1n\u00ed host\u016fm<\/title>\n<meta name=\"description\" content=\"Novoma\u017eelsk\u00e9 personalizovan\u00e9 karamelky v podob\u011b tradi\u010dn\u00edch ml\u00e9\u010dn\u00fdch karamelek. Vytvo\u0159te v\u00fdjime\u010dnou pozornost pro hosty! Objednejte ji\u017e dnes.\" \/>\n<meta name=\"robots\" content=\"index, follow, max-snippet:-1, max-image-preview:large, max-video-preview:-1\" \/>\n<link rel=\"canonical\" href=\"https:\/\/cukrowka.dev10.pro\/cs\/produkt\/novomanzelske-personalizovane-karamelky-vzor-131\/\" \/>\n<meta property=\"og:locale\" content=\"cs_CZ\" \/>\n<meta property=\"og:type\" content=\"article\" \/>\n<meta property=\"og:title\" content=\"Novoman\u017eelsk\u00e9 personalizovan\u00e9 karamelky - sladk\u00e9 pod\u011bkov\u00e1n\u00ed host\u016fm\" \/>\n<meta property=\"og:description\" content=\"Novoma\u017eelsk\u00e9 personalizovan\u00e9 karamelky v podob\u011b tradi\u010dn\u00edch ml\u00e9\u010dn\u00fdch karamelek. Vytvo\u0159te v\u00fdjime\u010dnou pozornost pro hosty! Objednejte ji\u017e dnes.\" \/>\n<meta property=\"og:url\" content=\"https:\/\/cukrowka.dev10.pro\/cs\/produkt\/novomanzelske-personalizovane-karamelky-vzor-131\/\" \/>\n<meta property=\"og:site_name\" content=\"Wyj\u0105tkowe kr\u00f3wki z nadrukiem\" \/>\n<meta property=\"article:modified_time\" content=\"2024-03-18T15:42:50+00:00\" \/>\n<meta property=\"og:image\" content=\"https:\/\/cukrowka.dev10.pro\/wp-content\/uploads\/2023\/07\/S\u0301lubne-zimowe-Cukro\u0301wki-wiz2.jpg\" \/>\n\t<meta property=\"og:image:width\" content=\"1000\" \/>\n\t<meta property=\"og:image:height\" content=\"1000\" \/>\n\t<meta property=\"og:image:type\" content=\"image\/jpeg\" \/>\n<meta name=\"twitter:card\" content=\"summary_large_image\" \/>\n<script type=\"application\/ld+json\" class=\"yoast-schema-graph\">{\"@context\":\"https:\/\/schema.org\",\"@graph\":[{\"@type\":\"WebPage\",\"@id\":\"https:\/\/cukrowka.dev10.pro\/cs\/produkt\/novomanzelske-personalizovane-karamelky-vzor-131\/\",\"url\":\"https:\/\/cukrowka.dev10.pro\/cs\/produkt\/novomanzelske-personalizovane-karamelky-vzor-131\/\",\"name\":\"Novoman\u017eelsk\u00e9 personalizovan\u00e9 karamelky - sladk\u00e9 pod\u011bkov\u00e1n\u00ed host\u016fm\",\"isPartOf\":{\"@id\":\"https:\/\/cukrowka.dev10.pro\/cs\/#website\"},\"primaryImageOfPage\":{\"@id\":\"https:\/\/cukrowka.dev10.pro\/cs\/produkt\/novomanzelske-personalizovane-karamelky-vzor-131\/#primaryimage\"},\"image\":{\"@id\":\"https:\/\/cukrowka.dev10.pro\/cs\/produkt\/novomanzelske-personalizovane-karamelky-vzor-131\/#primaryimage\"},\"thumbnailUrl\":\"https:\/\/cukrowka.dev10.pro\/wp-content\/uploads\/2023\/07\/S\u0301lubne-zimowe-Cukro\u0301wki-wiz2.jpg\",\"datePublished\":\"2023-07-21T09:10:06+00:00\",\"dateModified\":\"2024-03-18T15:42:50+00:00\",\"description\":\"Novoma\u017eelsk\u00e9 personalizovan\u00e9 karamelky v podob\u011b tradi\u010dn\u00edch ml\u00e9\u010dn\u00fdch karamelek. Vytvo\u0159te v\u00fdjime\u010dnou pozornost pro hosty! Objednejte ji\u017e dnes.\",\"breadcrumb\":{\"@id\":\"https:\/\/cukrowka.dev10.pro\/cs\/produkt\/novomanzelske-personalizovane-karamelky-vzor-131\/#breadcrumb\"},\"inLanguage\":\"cs\",\"potentialAction\":[{\"@type\":\"ReadAction\",\"target\":[\"https:\/\/cukrowka.dev10.pro\/cs\/produkt\/novomanzelske-personalizovane-karamelky-vzor-131\/\"]}]},{\"@type\":\"ImageObject\",\"inLanguage\":\"cs\",\"@id\":\"https:\/\/cukrowka.dev10.pro\/cs\/produkt\/novomanzelske-personalizovane-karamelky-vzor-131\/#primaryimage\",\"url\":\"https:\/\/cukrowka.dev10.pro\/wp-content\/uploads\/2023\/07\/S\u0301lubne-zimowe-Cukro\u0301wki-wiz2.jpg\",\"contentUrl\":\"https:\/\/cukrowka.dev10.pro\/wp-content\/uploads\/2023\/07\/S\u0301lubne-zimowe-Cukro\u0301wki-wiz2.jpg\",\"width\":1000,\"height\":1000,\"caption\":\"Novoman\u017eelsk\u00e9 personalizovan\u00e9 karamelky\"},{\"@type\":\"BreadcrumbList\",\"@id\":\"https:\/\/cukrowka.dev10.pro\/cs\/produkt\/novomanzelske-personalizovane-karamelky-vzor-131\/#breadcrumb\",\"itemListElement\":[{\"@type\":\"ListItem\",\"position\":1,\"name\":\"Strona g\u0142\u00f3wna\",\"item\":\"https:\/\/cukrowka.dev10.pro\/cs\/\"},{\"@type\":\"ListItem\",\"position\":2,\"name\":\"Shop\",\"item\":\"https:\/\/cukrowka.dev10.pro\/cs\/shop\/\"},{\"@type\":\"ListItem\",\"position\":3,\"name\":\"Novoman\u017eelsk\u00e9 personalizovan\u00e9 karamelky &#8211; vzor 131\"}]},{\"@type\":\"WebSite\",\"@id\":\"https:\/\/cukrowka.dev10.pro\/cs\/#website\",\"url\":\"https:\/\/cukrowka.dev10.pro\/cs\/\",\"name\":\"Wyj\u0105tkowe kr\u00f3wki z nadrukiem\",\"description\":\"reklamowe oraz \u015blubne\",\"publisher\":{\"@id\":\"https:\/\/cukrowka.dev10.pro\/cs\/#organization\"},\"potentialAction\":[{\"@type\":\"SearchAction\",\"target\":{\"@type\":\"EntryPoint\",\"urlTemplate\":\"https:\/\/cukrowka.dev10.pro\/cs\/?s={search_term_string}\"},\"query-input\":{\"@type\":\"PropertyValueSpecification\",\"valueRequired\":true,\"valueName\":\"search_term_string\"}}],\"inLanguage\":\"cs\"},{\"@type\":\"Organization\",\"@id\":\"https:\/\/cukrowka.dev10.pro\/cs\/#organization\",\"name\":\"Wyj\u0105tkowe kr\u00f3wki z nadrukiem\",\"url\":\"https:\/\/cukrowka.dev10.pro\/cs\/\",\"logo\":{\"@type\":\"ImageObject\",\"inLanguage\":\"cs\",\"@id\":\"https:\/\/cukrowka.dev10.pro\/cs\/#\/schema\/logo\/image\/\",\"url\":\"https:\/\/www.cukrowki.pl\/wp-content\/uploads\/2020\/02\/logo.png\",\"contentUrl\":\"https:\/\/www.cukrowki.pl\/wp-content\/uploads\/2020\/02\/logo.png\",\"width\":220,\"height\":169,\"caption\":\"Wyj\u0105tkowe kr\u00f3wki z nadrukiem\"},\"image\":{\"@id\":\"https:\/\/cukrowka.dev10.pro\/cs\/#\/schema\/logo\/image\/\"}}]}<\/script>\n<!-- \/ Yoast SEO plugin. -->","yoast_head_json":{"title":"Novoman\u017eelsk\u00e9 personalizovan\u00e9 karamelky - sladk\u00e9 pod\u011bkov\u00e1n\u00ed host\u016fm","description":"Novoma\u017eelsk\u00e9 personalizovan\u00e9 karamelky v podob\u011b tradi\u010dn\u00edch ml\u00e9\u010dn\u00fdch karamelek. Vytvo\u0159te v\u00fdjime\u010dnou pozornost pro hosty! Objednejte ji\u017e dnes.","robots":{"index":"index","follow":"follow","max-snippet":"max-snippet:-1","max-image-preview":"max-image-preview:large","max-video-preview":"max-video-preview:-1"},"canonical":"https:\/\/cukrowka.dev10.pro\/cs\/produkt\/novomanzelske-personalizovane-karamelky-vzor-131\/","og_locale":"cs_CZ","og_type":"article","og_title":"Novoman\u017eelsk\u00e9 personalizovan\u00e9 karamelky - sladk\u00e9 pod\u011bkov\u00e1n\u00ed host\u016fm","og_description":"Novoma\u017eelsk\u00e9 personalizovan\u00e9 karamelky v podob\u011b tradi\u010dn\u00edch ml\u00e9\u010dn\u00fdch karamelek. Vytvo\u0159te v\u00fdjime\u010dnou pozornost pro hosty! Objednejte ji\u017e dnes.","og_url":"https:\/\/cukrowka.dev10.pro\/cs\/produkt\/novomanzelske-personalizovane-karamelky-vzor-131\/","og_site_name":"Wyj\u0105tkowe kr\u00f3wki z nadrukiem","article_modified_time":"2024-03-18T15:42:50+00:00","og_image":[{"width":1000,"height":1000,"url":"https:\/\/cukrowka.dev10.pro\/wp-content\/uploads\/2023\/07\/S\u0301lubne-zimowe-Cukro\u0301wki-wiz2.jpg","type":"image\/jpeg"}],"twitter_card":"summary_large_image","schema":{"@context":"https:\/\/schema.org","@graph":[{"@type":"WebPage","@id":"https:\/\/cukrowka.dev10.pro\/cs\/produkt\/novomanzelske-personalizovane-karamelky-vzor-131\/","url":"https:\/\/cukrowka.dev10.pro\/cs\/produkt\/novomanzelske-personalizovane-karamelky-vzor-131\/","name":"Novoman\u017eelsk\u00e9 personalizovan\u00e9 karamelky - sladk\u00e9 pod\u011bkov\u00e1n\u00ed host\u016fm","isPartOf":{"@id":"https:\/\/cukrowka.dev10.pro\/cs\/#website"},"primaryImageOfPage":{"@id":"https:\/\/cukrowka.dev10.pro\/cs\/produkt\/novomanzelske-personalizovane-karamelky-vzor-131\/#primaryimage"},"image":{"@id":"https:\/\/cukrowka.dev10.pro\/cs\/produkt\/novomanzelske-personalizovane-karamelky-vzor-131\/#primaryimage"},"thumbnailUrl":"https:\/\/cukrowka.dev10.pro\/wp-content\/uploads\/2023\/07\/S\u0301lubne-zimowe-Cukro\u0301wki-wiz2.jpg","datePublished":"2023-07-21T09:10:06+00:00","dateModified":"2024-03-18T15:42:50+00:00","description":"Novoma\u017eelsk\u00e9 personalizovan\u00e9 karamelky v podob\u011b tradi\u010dn\u00edch ml\u00e9\u010dn\u00fdch karamelek. Vytvo\u0159te v\u00fdjime\u010dnou pozornost pro hosty! Objednejte ji\u017e dnes.","breadcrumb":{"@id":"https:\/\/cukrowka.dev10.pro\/cs\/produkt\/novomanzelske-personalizovane-karamelky-vzor-131\/#breadcrumb"},"inLanguage":"cs","potentialAction":[{"@type":"ReadAction","target":["https:\/\/cukrowka.dev10.pro\/cs\/produkt\/novomanzelske-personalizovane-karamelky-vzor-131\/"]}]},{"@type":"ImageObject","inLanguage":"cs","@id":"https:\/\/cukrowka.dev10.pro\/cs\/produkt\/novomanzelske-personalizovane-karamelky-vzor-131\/#primaryimage","url":"https:\/\/cukrowka.dev10.pro\/wp-content\/uploads\/2023\/07\/S\u0301lubne-zimowe-Cukro\u0301wki-wiz2.jpg","contentUrl":"https:\/\/cukrowka.dev10.pro\/wp-content\/uploads\/2023\/07\/S\u0301lubne-zimowe-Cukro\u0301wki-wiz2.jpg","width":1000,"height":1000,"caption":"Novoman\u017eelsk\u00e9 personalizovan\u00e9 karamelky"},{"@type":"BreadcrumbList","@id":"https:\/\/cukrowka.dev10.pro\/cs\/produkt\/novomanzelske-personalizovane-karamelky-vzor-131\/#breadcrumb","itemListElement":[{"@type":"ListItem","position":1,"name":"Strona g\u0142\u00f3wna","item":"https:\/\/cukrowka.dev10.pro\/cs\/"},{"@type":"ListItem","position":2,"name":"Shop","item":"https:\/\/cukrowka.dev10.pro\/cs\/shop\/"},{"@type":"ListItem","position":3,"name":"Novoman\u017eelsk\u00e9 personalizovan\u00e9 karamelky &#8211; vzor 131"}]},{"@type":"WebSite","@id":"https:\/\/cukrowka.dev10.pro\/cs\/#website","url":"https:\/\/cukrowka.dev10.pro\/cs\/","name":"Wyj\u0105tkowe kr\u00f3wki z nadrukiem","description":"reklamowe oraz \u015blubne","publisher":{"@id":"https:\/\/cukrowka.dev10.pro\/cs\/#organization"},"potentialAction":[{"@type":"SearchAction","target":{"@type":"EntryPoint","urlTemplate":"https:\/\/cukrowka.dev10.pro\/cs\/?s={search_term_string}"},"query-input":{"@type":"PropertyValueSpecification","valueRequired":true,"valueName":"search_term_string"}}],"inLanguage":"cs"},{"@type":"Organization","@id":"https:\/\/cukrowka.dev10.pro\/cs\/#organization","name":"Wyj\u0105tkowe kr\u00f3wki z nadrukiem","url":"https:\/\/cukrowka.dev10.pro\/cs\/","logo":{"@type":"ImageObject","inLanguage":"cs","@id":"https:\/\/cukrowka.dev10.pro\/cs\/#\/schema\/logo\/image\/","url":"https:\/\/www.cukrowki.pl\/wp-content\/uploads\/2020\/02\/logo.png","contentUrl":"https:\/\/www.cukrowki.pl\/wp-content\/uploads\/2020\/02\/logo.png","width":220,"height":169,"caption":"Wyj\u0105tkowe kr\u00f3wki z nadrukiem"},"image":{"@id":"https:\/\/cukrowka.dev10.pro\/cs\/#\/schema\/logo\/image\/"}}]}},"_links":{"self":[{"href":"https:\/\/cukrowka.dev10.pro\/cs\/wp-json\/wp\/v2\/product\/151355","targetHints":{"allow":["GET"]}}],"collection":[{"href":"https:\/\/cukrowka.dev10.pro\/cs\/wp-json\/wp\/v2\/product"}],"about":[{"href":"https:\/\/cukrowka.dev10.pro\/cs\/wp-json\/wp\/v2\/types\/product"}],"replies":[{"embeddable":true,"href":"https:\/\/cukrowka.dev10.pro\/cs\/wp-json\/wp\/v2\/comments?post=151355"}],"wp:featuredmedia":[{"embeddable":true,"href":"https:\/\/cukrowka.dev10.pro\/cs\/wp-json\/wp\/v2\/media\/128672"}],"wp:attachment":[{"href":"https:\/\/cukrowka.dev10.pro\/cs\/wp-json\/wp\/v2\/media?parent=151355"}],"wp:term":[{"taxonomy":"prod_collection","embeddable":true,"href":"https:\/\/cukrowka.dev10.pro\/cs\/wp-json\/wp\/v2\/prod_collection?post=151355"},{"taxonomy":"number","embeddable":true,"href":"https:\/\/cukrowka.dev10.pro\/cs\/wp-json\/wp\/v2\/number?post=151355"},{"taxonomy":"minimal-order","embeddable":true,"href":"https:\/\/cukrowka.dev10.pro\/cs\/wp-json\/wp\/v2\/minimal-order?post=151355"},{"taxonomy":"expiration-date","embeddable":true,"href":"https:\/\/cukrowka.dev10.pro\/cs\/wp-json\/wp\/v2\/expiration-date?post=151355"},{"taxonomy":"storage","embeddable":true,"href":"https:\/\/cukrowka.dev10.pro\/cs\/wp-json\/wp\/v2\/storage?post=151355"},{"taxonomy":"composition","embeddable":true,"href":"https:\/\/cukrowka.dev10.pro\/cs\/wp-json\/wp\/v2\/composition?post=151355"},{"taxonomy":"taste","embeddable":true,"href":"https:\/\/cukrowka.dev10.pro\/cs\/wp-json\/wp\/v2\/taste?post=151355"},{"taxonomy":"note","embeddable":true,"href":"https:\/\/cukrowka.dev10.pro\/cs\/wp-json\/wp\/v2\/note?post=151355"},{"taxonomy":"weight","embeddable":true,"href":"https:\/\/cukrowka.dev10.pro\/cs\/wp-json\/wp\/v2\/weight?post=151355"},{"taxonomy":"nutritional","embeddable":true,"href":"https:\/\/cukrowka.dev10.pro\/cs\/wp-json\/wp\/v2\/nutritional?post=151355"},{"taxonomy":"label-size","embeddable":true,"href":"https:\/\/cukrowka.dev10.pro\/cs\/wp-json\/wp\/v2\/label-size?post=151355"},{"taxonomy":"product-size","embeddable":true,"href":"https:\/\/cukrowka.dev10.pro\/cs\/wp-json\/wp\/v2\/product-size?post=151355"},{"taxonomy":"package-size","embeddable":true,"href":"https:\/\/cukrowka.dev10.pro\/cs\/wp-json\/wp\/v2\/package-size?post=151355"},{"taxonomy":"content","embeddable":true,"href":"https:\/\/cukrowka.dev10.pro\/cs\/wp-json\/wp\/v2\/content?post=151355"},{"taxonomy":"product_cat","embeddable":true,"href":"https:\/\/cukrowka.dev10.pro\/cs\/wp-json\/wp\/v2\/product_cat?post=151355"},{"taxonomy":"product_tag","embeddable":true,"href":"https:\/\/cukrowka.dev10.pro\/cs\/wp-json\/wp\/v2\/product_tag?post=151355"}],"curies":[{"name":"wp","href":"https:\/\/api.w.org\/{rel}","templated":true}]}}