{"id":148971,"date":"2023-07-21T14:24:05","date_gmt":"2023-07-21T12:24:05","guid":{"rendered":"https:\/\/www.cukrowki.pl\/produkt\/narozeninove-karamelky-vzor-2-express\/"},"modified":"2024-05-21T18:13:30","modified_gmt":"2024-05-21T16:13:30","slug":"narozeninove-karamelky-vzor-2-express","status":"publish","type":"product","link":"https:\/\/cukrowka.dev10.pro\/cs\/produkt\/narozeninove-karamelky-vzor-2-express\/","title":{"rendered":"Narozeninov\u00e9 karamelky &#8211; vzor 2 EXPRESS"},"content":[],"excerpt":{"rendered":"<p>Origin\u00e1ln\u00ed d\u00e1rek na posledn\u00ed chv\u00edli? Karamelky s rychl\u00fdm doru\u010den\u00edm.<\/p>\n","protected":false},"featured_media":128755,"comment_status":"open","ping_status":"closed","template":"","meta":{"_acf_changed":false,"inline_featured_image":false},"prod_collection":[],"number":[],"minimal-order":[],"expiration-date":[],"storage":[],"composition":[997],"taste":[999],"note":[],"weight":[],"nutritional":[],"label-size":[],"product-size":[],"package-size":[],"product_cat":[1013],"product_tag":[],"class_list":{"0":"post-148971","1":"product","2":"type-product","3":"status-publish","4":"has-post-thumbnail","6":"composition-klasicke","7":"taste-mlecna","8":"product_cat-narozeninove-karamelky","10":"first","11":"instock","12":"taxable","13":"shipping-taxable","14":"purchasable","15":"product-type-simple"},"acf":[],"yoast_head":"<!-- This site is optimized with the Yoast SEO plugin v26.2 - https:\/\/yoast.com\/wordpress\/plugins\/seo\/ -->\n<title>Narozeninov\u00e9 karamelky EXPRESS - sladk\u00fd d\u00e1rek s rychl\u00fdm dod\u00e1n\u00edm!<\/title>\n<meta name=\"description\" content=\"Hled\u00e1te origin\u00e1ln\u00ed zp\u016fsob, jak pod\u011bkovat host\u016fm nebo dodate\u010dn\u00fd d\u00e1rek na posledn\u00ed chv\u00edli? Objednejte si narozeninov\u00e9 karamelky EXPRESS! Kvalita zaru\u010dena!\" \/>\n<meta name=\"robots\" content=\"index, follow, max-snippet:-1, max-image-preview:large, max-video-preview:-1\" \/>\n<link rel=\"canonical\" href=\"https:\/\/cukrowka.dev10.pro\/cs\/produkt\/narozeninove-karamelky-vzor-2-express\/\" \/>\n<meta property=\"og:locale\" content=\"cs_CZ\" \/>\n<meta property=\"og:type\" content=\"article\" \/>\n<meta property=\"og:title\" content=\"Narozeninov\u00e9 karamelky EXPRESS - sladk\u00fd d\u00e1rek s rychl\u00fdm dod\u00e1n\u00edm!\" \/>\n<meta property=\"og:description\" content=\"Hled\u00e1te origin\u00e1ln\u00ed zp\u016fsob, jak pod\u011bkovat host\u016fm nebo dodate\u010dn\u00fd d\u00e1rek na posledn\u00ed chv\u00edli? Objednejte si narozeninov\u00e9 karamelky EXPRESS! Kvalita zaru\u010dena!\" \/>\n<meta property=\"og:url\" content=\"https:\/\/cukrowka.dev10.pro\/cs\/produkt\/narozeninove-karamelky-vzor-2-express\/\" \/>\n<meta property=\"og:site_name\" content=\"Wyj\u0105tkowe kr\u00f3wki z nadrukiem\" \/>\n<meta property=\"article:modified_time\" content=\"2024-05-21T16:13:30+00:00\" \/>\n<meta property=\"og:image\" content=\"https:\/\/cukrowka.dev10.pro\/wp-content\/uploads\/2024\/04\/urodziny_express-2-cz-wiz.jpg\" \/>\n\t<meta property=\"og:image:width\" content=\"1000\" \/>\n\t<meta property=\"og:image:height\" content=\"1000\" \/>\n\t<meta property=\"og:image:type\" content=\"image\/jpeg\" \/>\n<meta name=\"twitter:card\" content=\"summary_large_image\" \/>\n<meta name=\"twitter:label1\" content=\"Odhadovan\u00e1 doba \u010dten\u00ed\" \/>\n\t<meta name=\"twitter:data1\" content=\"1 minuta\" \/>\n<script type=\"application\/ld+json\" class=\"yoast-schema-graph\">{\"@context\":\"https:\/\/schema.org\",\"@graph\":[{\"@type\":\"WebPage\",\"@id\":\"https:\/\/cukrowka.dev10.pro\/cs\/produkt\/narozeninove-karamelky-vzor-2-express\/\",\"url\":\"https:\/\/cukrowka.dev10.pro\/cs\/produkt\/narozeninove-karamelky-vzor-2-express\/\",\"name\":\"Narozeninov\u00e9 karamelky EXPRESS - sladk\u00fd d\u00e1rek s rychl\u00fdm dod\u00e1n\u00edm!\",\"isPartOf\":{\"@id\":\"https:\/\/cukrowka.dev10.pro\/cs\/#website\"},\"primaryImageOfPage\":{\"@id\":\"https:\/\/cukrowka.dev10.pro\/cs\/produkt\/narozeninove-karamelky-vzor-2-express\/#primaryimage\"},\"image\":{\"@id\":\"https:\/\/cukrowka.dev10.pro\/cs\/produkt\/narozeninove-karamelky-vzor-2-express\/#primaryimage\"},\"thumbnailUrl\":\"https:\/\/cukrowka.dev10.pro\/wp-content\/uploads\/2024\/04\/urodziny_express-2-cz-wiz.jpg\",\"datePublished\":\"2023-07-21T12:24:05+00:00\",\"dateModified\":\"2024-05-21T16:13:30+00:00\",\"description\":\"Hled\u00e1te origin\u00e1ln\u00ed zp\u016fsob, jak pod\u011bkovat host\u016fm nebo dodate\u010dn\u00fd d\u00e1rek na posledn\u00ed chv\u00edli? Objednejte si narozeninov\u00e9 karamelky EXPRESS! Kvalita zaru\u010dena!\",\"breadcrumb\":{\"@id\":\"https:\/\/cukrowka.dev10.pro\/cs\/produkt\/narozeninove-karamelky-vzor-2-express\/#breadcrumb\"},\"inLanguage\":\"cs\",\"potentialAction\":[{\"@type\":\"ReadAction\",\"target\":[\"https:\/\/cukrowka.dev10.pro\/cs\/produkt\/narozeninove-karamelky-vzor-2-express\/\"]}]},{\"@type\":\"ImageObject\",\"inLanguage\":\"cs\",\"@id\":\"https:\/\/cukrowka.dev10.pro\/cs\/produkt\/narozeninove-karamelky-vzor-2-express\/#primaryimage\",\"url\":\"https:\/\/cukrowka.dev10.pro\/wp-content\/uploads\/2024\/04\/urodziny_express-2-cz-wiz.jpg\",\"contentUrl\":\"https:\/\/cukrowka.dev10.pro\/wp-content\/uploads\/2024\/04\/urodziny_express-2-cz-wiz.jpg\",\"width\":1000,\"height\":1000,\"caption\":\"Narozeninov\u00e9 karamelky EXPRESS\"},{\"@type\":\"BreadcrumbList\",\"@id\":\"https:\/\/cukrowka.dev10.pro\/cs\/produkt\/narozeninove-karamelky-vzor-2-express\/#breadcrumb\",\"itemListElement\":[{\"@type\":\"ListItem\",\"position\":1,\"name\":\"Strona g\u0142\u00f3wna\",\"item\":\"https:\/\/cukrowka.dev10.pro\/cs\/\"},{\"@type\":\"ListItem\",\"position\":2,\"name\":\"Shop\",\"item\":\"https:\/\/cukrowka.dev10.pro\/cs\/shop\/\"},{\"@type\":\"ListItem\",\"position\":3,\"name\":\"Narozeninov\u00e9 karamelky &#8211; vzor 2 EXPRESS\"}]},{\"@type\":\"WebSite\",\"@id\":\"https:\/\/cukrowka.dev10.pro\/cs\/#website\",\"url\":\"https:\/\/cukrowka.dev10.pro\/cs\/\",\"name\":\"Wyj\u0105tkowe kr\u00f3wki z nadrukiem\",\"description\":\"reklamowe oraz \u015blubne\",\"publisher\":{\"@id\":\"https:\/\/cukrowka.dev10.pro\/cs\/#organization\"},\"potentialAction\":[{\"@type\":\"SearchAction\",\"target\":{\"@type\":\"EntryPoint\",\"urlTemplate\":\"https:\/\/cukrowka.dev10.pro\/cs\/?s={search_term_string}\"},\"query-input\":{\"@type\":\"PropertyValueSpecification\",\"valueRequired\":true,\"valueName\":\"search_term_string\"}}],\"inLanguage\":\"cs\"},{\"@type\":\"Organization\",\"@id\":\"https:\/\/cukrowka.dev10.pro\/cs\/#organization\",\"name\":\"Wyj\u0105tkowe kr\u00f3wki z nadrukiem\",\"url\":\"https:\/\/cukrowka.dev10.pro\/cs\/\",\"logo\":{\"@type\":\"ImageObject\",\"inLanguage\":\"cs\",\"@id\":\"https:\/\/cukrowka.dev10.pro\/cs\/#\/schema\/logo\/image\/\",\"url\":\"https:\/\/www.cukrowki.pl\/wp-content\/uploads\/2020\/02\/logo.png\",\"contentUrl\":\"https:\/\/www.cukrowki.pl\/wp-content\/uploads\/2020\/02\/logo.png\",\"width\":220,\"height\":169,\"caption\":\"Wyj\u0105tkowe kr\u00f3wki z nadrukiem\"},\"image\":{\"@id\":\"https:\/\/cukrowka.dev10.pro\/cs\/#\/schema\/logo\/image\/\"}}]}<\/script>\n<!-- \/ Yoast SEO plugin. -->","yoast_head_json":{"title":"Narozeninov\u00e9 karamelky EXPRESS - sladk\u00fd d\u00e1rek s rychl\u00fdm dod\u00e1n\u00edm!","description":"Hled\u00e1te origin\u00e1ln\u00ed zp\u016fsob, jak pod\u011bkovat host\u016fm nebo dodate\u010dn\u00fd d\u00e1rek na posledn\u00ed chv\u00edli? Objednejte si narozeninov\u00e9 karamelky EXPRESS! Kvalita zaru\u010dena!","robots":{"index":"index","follow":"follow","max-snippet":"max-snippet:-1","max-image-preview":"max-image-preview:large","max-video-preview":"max-video-preview:-1"},"canonical":"https:\/\/cukrowka.dev10.pro\/cs\/produkt\/narozeninove-karamelky-vzor-2-express\/","og_locale":"cs_CZ","og_type":"article","og_title":"Narozeninov\u00e9 karamelky EXPRESS - sladk\u00fd d\u00e1rek s rychl\u00fdm dod\u00e1n\u00edm!","og_description":"Hled\u00e1te origin\u00e1ln\u00ed zp\u016fsob, jak pod\u011bkovat host\u016fm nebo dodate\u010dn\u00fd d\u00e1rek na posledn\u00ed chv\u00edli? Objednejte si narozeninov\u00e9 karamelky EXPRESS! Kvalita zaru\u010dena!","og_url":"https:\/\/cukrowka.dev10.pro\/cs\/produkt\/narozeninove-karamelky-vzor-2-express\/","og_site_name":"Wyj\u0105tkowe kr\u00f3wki z nadrukiem","article_modified_time":"2024-05-21T16:13:30+00:00","og_image":[{"width":1000,"height":1000,"url":"https:\/\/cukrowka.dev10.pro\/wp-content\/uploads\/2024\/04\/urodziny_express-2-cz-wiz.jpg","type":"image\/jpeg"}],"twitter_card":"summary_large_image","twitter_misc":{"Odhadovan\u00e1 doba \u010dten\u00ed":"1 minuta"},"schema":{"@context":"https:\/\/schema.org","@graph":[{"@type":"WebPage","@id":"https:\/\/cukrowka.dev10.pro\/cs\/produkt\/narozeninove-karamelky-vzor-2-express\/","url":"https:\/\/cukrowka.dev10.pro\/cs\/produkt\/narozeninove-karamelky-vzor-2-express\/","name":"Narozeninov\u00e9 karamelky EXPRESS - sladk\u00fd d\u00e1rek s rychl\u00fdm dod\u00e1n\u00edm!","isPartOf":{"@id":"https:\/\/cukrowka.dev10.pro\/cs\/#website"},"primaryImageOfPage":{"@id":"https:\/\/cukrowka.dev10.pro\/cs\/produkt\/narozeninove-karamelky-vzor-2-express\/#primaryimage"},"image":{"@id":"https:\/\/cukrowka.dev10.pro\/cs\/produkt\/narozeninove-karamelky-vzor-2-express\/#primaryimage"},"thumbnailUrl":"https:\/\/cukrowka.dev10.pro\/wp-content\/uploads\/2024\/04\/urodziny_express-2-cz-wiz.jpg","datePublished":"2023-07-21T12:24:05+00:00","dateModified":"2024-05-21T16:13:30+00:00","description":"Hled\u00e1te origin\u00e1ln\u00ed zp\u016fsob, jak pod\u011bkovat host\u016fm nebo dodate\u010dn\u00fd d\u00e1rek na posledn\u00ed chv\u00edli? Objednejte si narozeninov\u00e9 karamelky EXPRESS! Kvalita zaru\u010dena!","breadcrumb":{"@id":"https:\/\/cukrowka.dev10.pro\/cs\/produkt\/narozeninove-karamelky-vzor-2-express\/#breadcrumb"},"inLanguage":"cs","potentialAction":[{"@type":"ReadAction","target":["https:\/\/cukrowka.dev10.pro\/cs\/produkt\/narozeninove-karamelky-vzor-2-express\/"]}]},{"@type":"ImageObject","inLanguage":"cs","@id":"https:\/\/cukrowka.dev10.pro\/cs\/produkt\/narozeninove-karamelky-vzor-2-express\/#primaryimage","url":"https:\/\/cukrowka.dev10.pro\/wp-content\/uploads\/2024\/04\/urodziny_express-2-cz-wiz.jpg","contentUrl":"https:\/\/cukrowka.dev10.pro\/wp-content\/uploads\/2024\/04\/urodziny_express-2-cz-wiz.jpg","width":1000,"height":1000,"caption":"Narozeninov\u00e9 karamelky EXPRESS"},{"@type":"BreadcrumbList","@id":"https:\/\/cukrowka.dev10.pro\/cs\/produkt\/narozeninove-karamelky-vzor-2-express\/#breadcrumb","itemListElement":[{"@type":"ListItem","position":1,"name":"Strona g\u0142\u00f3wna","item":"https:\/\/cukrowka.dev10.pro\/cs\/"},{"@type":"ListItem","position":2,"name":"Shop","item":"https:\/\/cukrowka.dev10.pro\/cs\/shop\/"},{"@type":"ListItem","position":3,"name":"Narozeninov\u00e9 karamelky &#8211; vzor 2 EXPRESS"}]},{"@type":"WebSite","@id":"https:\/\/cukrowka.dev10.pro\/cs\/#website","url":"https:\/\/cukrowka.dev10.pro\/cs\/","name":"Wyj\u0105tkowe kr\u00f3wki z nadrukiem","description":"reklamowe oraz \u015blubne","publisher":{"@id":"https:\/\/cukrowka.dev10.pro\/cs\/#organization"},"potentialAction":[{"@type":"SearchAction","target":{"@type":"EntryPoint","urlTemplate":"https:\/\/cukrowka.dev10.pro\/cs\/?s={search_term_string}"},"query-input":{"@type":"PropertyValueSpecification","valueRequired":true,"valueName":"search_term_string"}}],"inLanguage":"cs"},{"@type":"Organization","@id":"https:\/\/cukrowka.dev10.pro\/cs\/#organization","name":"Wyj\u0105tkowe kr\u00f3wki z nadrukiem","url":"https:\/\/cukrowka.dev10.pro\/cs\/","logo":{"@type":"ImageObject","inLanguage":"cs","@id":"https:\/\/cukrowka.dev10.pro\/cs\/#\/schema\/logo\/image\/","url":"https:\/\/www.cukrowki.pl\/wp-content\/uploads\/2020\/02\/logo.png","contentUrl":"https:\/\/www.cukrowki.pl\/wp-content\/uploads\/2020\/02\/logo.png","width":220,"height":169,"caption":"Wyj\u0105tkowe kr\u00f3wki z nadrukiem"},"image":{"@id":"https:\/\/cukrowka.dev10.pro\/cs\/#\/schema\/logo\/image\/"}}]}},"_links":{"self":[{"href":"https:\/\/cukrowka.dev10.pro\/cs\/wp-json\/wp\/v2\/product\/148971","targetHints":{"allow":["GET"]}}],"collection":[{"href":"https:\/\/cukrowka.dev10.pro\/cs\/wp-json\/wp\/v2\/product"}],"about":[{"href":"https:\/\/cukrowka.dev10.pro\/cs\/wp-json\/wp\/v2\/types\/product"}],"replies":[{"embeddable":true,"href":"https:\/\/cukrowka.dev10.pro\/cs\/wp-json\/wp\/v2\/comments?post=148971"}],"wp:featuredmedia":[{"embeddable":true,"href":"https:\/\/cukrowka.dev10.pro\/cs\/wp-json\/wp\/v2\/media\/128755"}],"wp:attachment":[{"href":"https:\/\/cukrowka.dev10.pro\/cs\/wp-json\/wp\/v2\/media?parent=148971"}],"wp:term":[{"taxonomy":"prod_collection","embeddable":true,"href":"https:\/\/cukrowka.dev10.pro\/cs\/wp-json\/wp\/v2\/prod_collection?post=148971"},{"taxonomy":"number","embeddable":true,"href":"https:\/\/cukrowka.dev10.pro\/cs\/wp-json\/wp\/v2\/number?post=148971"},{"taxonomy":"minimal-order","embeddable":true,"href":"https:\/\/cukrowka.dev10.pro\/cs\/wp-json\/wp\/v2\/minimal-order?post=148971"},{"taxonomy":"expiration-date","embeddable":true,"href":"https:\/\/cukrowka.dev10.pro\/cs\/wp-json\/wp\/v2\/expiration-date?post=148971"},{"taxonomy":"storage","embeddable":true,"href":"https:\/\/cukrowka.dev10.pro\/cs\/wp-json\/wp\/v2\/storage?post=148971"},{"taxonomy":"composition","embeddable":true,"href":"https:\/\/cukrowka.dev10.pro\/cs\/wp-json\/wp\/v2\/composition?post=148971"},{"taxonomy":"taste","embeddable":true,"href":"https:\/\/cukrowka.dev10.pro\/cs\/wp-json\/wp\/v2\/taste?post=148971"},{"taxonomy":"note","embeddable":true,"href":"https:\/\/cukrowka.dev10.pro\/cs\/wp-json\/wp\/v2\/note?post=148971"},{"taxonomy":"weight","embeddable":true,"href":"https:\/\/cukrowka.dev10.pro\/cs\/wp-json\/wp\/v2\/weight?post=148971"},{"taxonomy":"nutritional","embeddable":true,"href":"https:\/\/cukrowka.dev10.pro\/cs\/wp-json\/wp\/v2\/nutritional?post=148971"},{"taxonomy":"label-size","embeddable":true,"href":"https:\/\/cukrowka.dev10.pro\/cs\/wp-json\/wp\/v2\/label-size?post=148971"},{"taxonomy":"product-size","embeddable":true,"href":"https:\/\/cukrowka.dev10.pro\/cs\/wp-json\/wp\/v2\/product-size?post=148971"},{"taxonomy":"package-size","embeddable":true,"href":"https:\/\/cukrowka.dev10.pro\/cs\/wp-json\/wp\/v2\/package-size?post=148971"},{"taxonomy":"content","embeddable":true,"href":"https:\/\/cukrowka.dev10.pro\/cs\/wp-json\/wp\/v2\/content?post=148971"},{"taxonomy":"product_cat","embeddable":true,"href":"https:\/\/cukrowka.dev10.pro\/cs\/wp-json\/wp\/v2\/product_cat?post=148971"},{"taxonomy":"product_tag","embeddable":true,"href":"https:\/\/cukrowka.dev10.pro\/cs\/wp-json\/wp\/v2\/product_tag?post=148971"}],"curies":[{"name":"wp","href":"https:\/\/api.w.org\/{rel}","templated":true}]}}