{"id":148952,"date":"2023-05-31T16:34:37","date_gmt":"2023-05-31T14:34:37","guid":{"rendered":"https:\/\/www.cukrowki.pl\/produkt\/narozeninove-personalizovane-karamelky-vzor-31\/"},"modified":"2024-05-21T18:16:40","modified_gmt":"2024-05-21T16:16:40","slug":"narozeninove-personalizovane-karamelky-vzor-31","status":"publish","type":"product","link":"https:\/\/cukrowka.dev10.pro\/cs\/produkt\/narozeninove-personalizovane-karamelky-vzor-31\/","title":{"rendered":"Narozeninov\u00e9 personalizovan\u00e9 karamelky &#8211; vzor 31"},"content":[],"excerpt":{"rendered":"<p>Narozeninov\u00e9 p\u0159ekvapen\u00ed &#8211; vlastn\u00ed bonb\u00f3ny. Fotografie i n\u00e1pis, kter\u00fd si sami navrhnete.<\/p>\n","protected":false},"featured_media":122922,"comment_status":"open","ping_status":"closed","template":"","meta":{"_acf_changed":false,"inline_featured_image":false},"prod_collection":[],"number":[],"minimal-order":[],"expiration-date":[],"storage":[],"composition":[997],"taste":[999],"note":[],"weight":[],"nutritional":[],"label-size":[],"product-size":[],"package-size":[],"product_cat":[1013],"product_tag":[],"class_list":{"0":"post-148952","1":"product","2":"type-product","3":"status-publish","4":"has-post-thumbnail","6":"composition-klasicke","7":"taste-mlecna","8":"product_cat-narozeninove-karamelky","10":"first","11":"instock","12":"taxable","13":"shipping-taxable","14":"purchasable","15":"product-type-variable"},"acf":[],"yoast_head":"<!-- This site is optimized with the Yoast SEO plugin v26.2 - https:\/\/yoast.com\/wordpress\/plugins\/seo\/ -->\n<title>Narozeninov\u00e9 karamelky - lahodn\u00fd n\u00e1pad na personalizovan\u00fd d\u00e1rek<\/title>\n<meta name=\"description\" content=\"Narozeninov\u00e9 karamelky se hod\u00ed jako personalizovan\u00fd d\u00e1rek nebo jako sladk\u00e9 pod\u011bkov\u00e1n\u00ed host\u016fm. Objednejte si je a p\u0159esv\u011bd\u010dte se sami, jak skv\u011ble chutnaj\u00ed!\" \/>\n<meta name=\"robots\" content=\"index, follow, max-snippet:-1, max-image-preview:large, max-video-preview:-1\" \/>\n<link rel=\"canonical\" href=\"https:\/\/cukrowka.dev10.pro\/cs\/produkt\/narozeninove-personalizovane-karamelky-vzor-31\/\" \/>\n<meta property=\"og:locale\" content=\"cs_CZ\" \/>\n<meta property=\"og:type\" content=\"article\" \/>\n<meta property=\"og:title\" content=\"Narozeninov\u00e9 karamelky - lahodn\u00fd n\u00e1pad na personalizovan\u00fd d\u00e1rek\" \/>\n<meta property=\"og:description\" content=\"Narozeninov\u00e9 karamelky se hod\u00ed jako personalizovan\u00fd d\u00e1rek nebo jako sladk\u00e9 pod\u011bkov\u00e1n\u00ed host\u016fm. Objednejte si je a p\u0159esv\u011bd\u010dte se sami, jak skv\u011ble chutnaj\u00ed!\" \/>\n<meta property=\"og:url\" content=\"https:\/\/cukrowka.dev10.pro\/cs\/produkt\/narozeninove-personalizovane-karamelky-vzor-31\/\" \/>\n<meta property=\"og:site_name\" content=\"Wyj\u0105tkowe kr\u00f3wki z nadrukiem\" \/>\n<meta property=\"article:modified_time\" content=\"2024-05-21T16:16:40+00:00\" \/>\n<meta property=\"og:image\" content=\"https:\/\/cukrowka.dev10.pro\/wp-content\/uploads\/2023\/05\/2.jpg\" \/>\n\t<meta property=\"og:image:width\" content=\"1000\" \/>\n\t<meta property=\"og:image:height\" content=\"1000\" \/>\n\t<meta property=\"og:image:type\" content=\"image\/jpeg\" \/>\n<meta name=\"twitter:card\" content=\"summary_large_image\" \/>\n<meta name=\"twitter:label1\" content=\"Odhadovan\u00e1 doba \u010dten\u00ed\" \/>\n\t<meta name=\"twitter:data1\" content=\"1 minuta\" \/>\n<script type=\"application\/ld+json\" class=\"yoast-schema-graph\">{\"@context\":\"https:\/\/schema.org\",\"@graph\":[{\"@type\":\"WebPage\",\"@id\":\"https:\/\/cukrowka.dev10.pro\/cs\/produkt\/narozeninove-personalizovane-karamelky-vzor-31\/\",\"url\":\"https:\/\/cukrowka.dev10.pro\/cs\/produkt\/narozeninove-personalizovane-karamelky-vzor-31\/\",\"name\":\"Narozeninov\u00e9 karamelky - lahodn\u00fd n\u00e1pad na personalizovan\u00fd d\u00e1rek\",\"isPartOf\":{\"@id\":\"https:\/\/cukrowka.dev10.pro\/cs\/#website\"},\"primaryImageOfPage\":{\"@id\":\"https:\/\/cukrowka.dev10.pro\/cs\/produkt\/narozeninove-personalizovane-karamelky-vzor-31\/#primaryimage\"},\"image\":{\"@id\":\"https:\/\/cukrowka.dev10.pro\/cs\/produkt\/narozeninove-personalizovane-karamelky-vzor-31\/#primaryimage\"},\"thumbnailUrl\":\"https:\/\/cukrowka.dev10.pro\/wp-content\/uploads\/2023\/05\/2.jpg\",\"datePublished\":\"2023-05-31T14:34:37+00:00\",\"dateModified\":\"2024-05-21T16:16:40+00:00\",\"description\":\"Narozeninov\u00e9 karamelky se hod\u00ed jako personalizovan\u00fd d\u00e1rek nebo jako sladk\u00e9 pod\u011bkov\u00e1n\u00ed host\u016fm. Objednejte si je a p\u0159esv\u011bd\u010dte se sami, jak skv\u011ble chutnaj\u00ed!\",\"breadcrumb\":{\"@id\":\"https:\/\/cukrowka.dev10.pro\/cs\/produkt\/narozeninove-personalizovane-karamelky-vzor-31\/#breadcrumb\"},\"inLanguage\":\"cs\",\"potentialAction\":[{\"@type\":\"ReadAction\",\"target\":[\"https:\/\/cukrowka.dev10.pro\/cs\/produkt\/narozeninove-personalizovane-karamelky-vzor-31\/\"]}]},{\"@type\":\"ImageObject\",\"inLanguage\":\"cs\",\"@id\":\"https:\/\/cukrowka.dev10.pro\/cs\/produkt\/narozeninove-personalizovane-karamelky-vzor-31\/#primaryimage\",\"url\":\"https:\/\/cukrowka.dev10.pro\/wp-content\/uploads\/2023\/05\/2.jpg\",\"contentUrl\":\"https:\/\/cukrowka.dev10.pro\/wp-content\/uploads\/2023\/05\/2.jpg\",\"width\":1000,\"height\":1000,\"caption\":\"narozeninov\u00e9 karamelky\"},{\"@type\":\"BreadcrumbList\",\"@id\":\"https:\/\/cukrowka.dev10.pro\/cs\/produkt\/narozeninove-personalizovane-karamelky-vzor-31\/#breadcrumb\",\"itemListElement\":[{\"@type\":\"ListItem\",\"position\":1,\"name\":\"Strona g\u0142\u00f3wna\",\"item\":\"https:\/\/cukrowka.dev10.pro\/cs\/\"},{\"@type\":\"ListItem\",\"position\":2,\"name\":\"Shop\",\"item\":\"https:\/\/cukrowka.dev10.pro\/cs\/shop\/\"},{\"@type\":\"ListItem\",\"position\":3,\"name\":\"Narozeninov\u00e9 personalizovan\u00e9 karamelky &#8211; vzor 31\"}]},{\"@type\":\"WebSite\",\"@id\":\"https:\/\/cukrowka.dev10.pro\/cs\/#website\",\"url\":\"https:\/\/cukrowka.dev10.pro\/cs\/\",\"name\":\"Wyj\u0105tkowe kr\u00f3wki z nadrukiem\",\"description\":\"reklamowe oraz \u015blubne\",\"publisher\":{\"@id\":\"https:\/\/cukrowka.dev10.pro\/cs\/#organization\"},\"potentialAction\":[{\"@type\":\"SearchAction\",\"target\":{\"@type\":\"EntryPoint\",\"urlTemplate\":\"https:\/\/cukrowka.dev10.pro\/cs\/?s={search_term_string}\"},\"query-input\":{\"@type\":\"PropertyValueSpecification\",\"valueRequired\":true,\"valueName\":\"search_term_string\"}}],\"inLanguage\":\"cs\"},{\"@type\":\"Organization\",\"@id\":\"https:\/\/cukrowka.dev10.pro\/cs\/#organization\",\"name\":\"Wyj\u0105tkowe kr\u00f3wki z nadrukiem\",\"url\":\"https:\/\/cukrowka.dev10.pro\/cs\/\",\"logo\":{\"@type\":\"ImageObject\",\"inLanguage\":\"cs\",\"@id\":\"https:\/\/cukrowka.dev10.pro\/cs\/#\/schema\/logo\/image\/\",\"url\":\"https:\/\/www.cukrowki.pl\/wp-content\/uploads\/2020\/02\/logo.png\",\"contentUrl\":\"https:\/\/www.cukrowki.pl\/wp-content\/uploads\/2020\/02\/logo.png\",\"width\":220,\"height\":169,\"caption\":\"Wyj\u0105tkowe kr\u00f3wki z nadrukiem\"},\"image\":{\"@id\":\"https:\/\/cukrowka.dev10.pro\/cs\/#\/schema\/logo\/image\/\"}}]}<\/script>\n<!-- \/ Yoast SEO plugin. -->","yoast_head_json":{"title":"Narozeninov\u00e9 karamelky - lahodn\u00fd n\u00e1pad na personalizovan\u00fd d\u00e1rek","description":"Narozeninov\u00e9 karamelky se hod\u00ed jako personalizovan\u00fd d\u00e1rek nebo jako sladk\u00e9 pod\u011bkov\u00e1n\u00ed host\u016fm. Objednejte si je a p\u0159esv\u011bd\u010dte se sami, jak skv\u011ble chutnaj\u00ed!","robots":{"index":"index","follow":"follow","max-snippet":"max-snippet:-1","max-image-preview":"max-image-preview:large","max-video-preview":"max-video-preview:-1"},"canonical":"https:\/\/cukrowka.dev10.pro\/cs\/produkt\/narozeninove-personalizovane-karamelky-vzor-31\/","og_locale":"cs_CZ","og_type":"article","og_title":"Narozeninov\u00e9 karamelky - lahodn\u00fd n\u00e1pad na personalizovan\u00fd d\u00e1rek","og_description":"Narozeninov\u00e9 karamelky se hod\u00ed jako personalizovan\u00fd d\u00e1rek nebo jako sladk\u00e9 pod\u011bkov\u00e1n\u00ed host\u016fm. Objednejte si je a p\u0159esv\u011bd\u010dte se sami, jak skv\u011ble chutnaj\u00ed!","og_url":"https:\/\/cukrowka.dev10.pro\/cs\/produkt\/narozeninove-personalizovane-karamelky-vzor-31\/","og_site_name":"Wyj\u0105tkowe kr\u00f3wki z nadrukiem","article_modified_time":"2024-05-21T16:16:40+00:00","og_image":[{"width":1000,"height":1000,"url":"https:\/\/cukrowka.dev10.pro\/wp-content\/uploads\/2023\/05\/2.jpg","type":"image\/jpeg"}],"twitter_card":"summary_large_image","twitter_misc":{"Odhadovan\u00e1 doba \u010dten\u00ed":"1 minuta"},"schema":{"@context":"https:\/\/schema.org","@graph":[{"@type":"WebPage","@id":"https:\/\/cukrowka.dev10.pro\/cs\/produkt\/narozeninove-personalizovane-karamelky-vzor-31\/","url":"https:\/\/cukrowka.dev10.pro\/cs\/produkt\/narozeninove-personalizovane-karamelky-vzor-31\/","name":"Narozeninov\u00e9 karamelky - lahodn\u00fd n\u00e1pad na personalizovan\u00fd d\u00e1rek","isPartOf":{"@id":"https:\/\/cukrowka.dev10.pro\/cs\/#website"},"primaryImageOfPage":{"@id":"https:\/\/cukrowka.dev10.pro\/cs\/produkt\/narozeninove-personalizovane-karamelky-vzor-31\/#primaryimage"},"image":{"@id":"https:\/\/cukrowka.dev10.pro\/cs\/produkt\/narozeninove-personalizovane-karamelky-vzor-31\/#primaryimage"},"thumbnailUrl":"https:\/\/cukrowka.dev10.pro\/wp-content\/uploads\/2023\/05\/2.jpg","datePublished":"2023-05-31T14:34:37+00:00","dateModified":"2024-05-21T16:16:40+00:00","description":"Narozeninov\u00e9 karamelky se hod\u00ed jako personalizovan\u00fd d\u00e1rek nebo jako sladk\u00e9 pod\u011bkov\u00e1n\u00ed host\u016fm. Objednejte si je a p\u0159esv\u011bd\u010dte se sami, jak skv\u011ble chutnaj\u00ed!","breadcrumb":{"@id":"https:\/\/cukrowka.dev10.pro\/cs\/produkt\/narozeninove-personalizovane-karamelky-vzor-31\/#breadcrumb"},"inLanguage":"cs","potentialAction":[{"@type":"ReadAction","target":["https:\/\/cukrowka.dev10.pro\/cs\/produkt\/narozeninove-personalizovane-karamelky-vzor-31\/"]}]},{"@type":"ImageObject","inLanguage":"cs","@id":"https:\/\/cukrowka.dev10.pro\/cs\/produkt\/narozeninove-personalizovane-karamelky-vzor-31\/#primaryimage","url":"https:\/\/cukrowka.dev10.pro\/wp-content\/uploads\/2023\/05\/2.jpg","contentUrl":"https:\/\/cukrowka.dev10.pro\/wp-content\/uploads\/2023\/05\/2.jpg","width":1000,"height":1000,"caption":"narozeninov\u00e9 karamelky"},{"@type":"BreadcrumbList","@id":"https:\/\/cukrowka.dev10.pro\/cs\/produkt\/narozeninove-personalizovane-karamelky-vzor-31\/#breadcrumb","itemListElement":[{"@type":"ListItem","position":1,"name":"Strona g\u0142\u00f3wna","item":"https:\/\/cukrowka.dev10.pro\/cs\/"},{"@type":"ListItem","position":2,"name":"Shop","item":"https:\/\/cukrowka.dev10.pro\/cs\/shop\/"},{"@type":"ListItem","position":3,"name":"Narozeninov\u00e9 personalizovan\u00e9 karamelky &#8211; vzor 31"}]},{"@type":"WebSite","@id":"https:\/\/cukrowka.dev10.pro\/cs\/#website","url":"https:\/\/cukrowka.dev10.pro\/cs\/","name":"Wyj\u0105tkowe kr\u00f3wki z nadrukiem","description":"reklamowe oraz \u015blubne","publisher":{"@id":"https:\/\/cukrowka.dev10.pro\/cs\/#organization"},"potentialAction":[{"@type":"SearchAction","target":{"@type":"EntryPoint","urlTemplate":"https:\/\/cukrowka.dev10.pro\/cs\/?s={search_term_string}"},"query-input":{"@type":"PropertyValueSpecification","valueRequired":true,"valueName":"search_term_string"}}],"inLanguage":"cs"},{"@type":"Organization","@id":"https:\/\/cukrowka.dev10.pro\/cs\/#organization","name":"Wyj\u0105tkowe kr\u00f3wki z nadrukiem","url":"https:\/\/cukrowka.dev10.pro\/cs\/","logo":{"@type":"ImageObject","inLanguage":"cs","@id":"https:\/\/cukrowka.dev10.pro\/cs\/#\/schema\/logo\/image\/","url":"https:\/\/www.cukrowki.pl\/wp-content\/uploads\/2020\/02\/logo.png","contentUrl":"https:\/\/www.cukrowki.pl\/wp-content\/uploads\/2020\/02\/logo.png","width":220,"height":169,"caption":"Wyj\u0105tkowe kr\u00f3wki z nadrukiem"},"image":{"@id":"https:\/\/cukrowka.dev10.pro\/cs\/#\/schema\/logo\/image\/"}}]}},"_links":{"self":[{"href":"https:\/\/cukrowka.dev10.pro\/cs\/wp-json\/wp\/v2\/product\/148952","targetHints":{"allow":["GET"]}}],"collection":[{"href":"https:\/\/cukrowka.dev10.pro\/cs\/wp-json\/wp\/v2\/product"}],"about":[{"href":"https:\/\/cukrowka.dev10.pro\/cs\/wp-json\/wp\/v2\/types\/product"}],"replies":[{"embeddable":true,"href":"https:\/\/cukrowka.dev10.pro\/cs\/wp-json\/wp\/v2\/comments?post=148952"}],"wp:featuredmedia":[{"embeddable":true,"href":"https:\/\/cukrowka.dev10.pro\/cs\/wp-json\/wp\/v2\/media\/122922"}],"wp:attachment":[{"href":"https:\/\/cukrowka.dev10.pro\/cs\/wp-json\/wp\/v2\/media?parent=148952"}],"wp:term":[{"taxonomy":"prod_collection","embeddable":true,"href":"https:\/\/cukrowka.dev10.pro\/cs\/wp-json\/wp\/v2\/prod_collection?post=148952"},{"taxonomy":"number","embeddable":true,"href":"https:\/\/cukrowka.dev10.pro\/cs\/wp-json\/wp\/v2\/number?post=148952"},{"taxonomy":"minimal-order","embeddable":true,"href":"https:\/\/cukrowka.dev10.pro\/cs\/wp-json\/wp\/v2\/minimal-order?post=148952"},{"taxonomy":"expiration-date","embeddable":true,"href":"https:\/\/cukrowka.dev10.pro\/cs\/wp-json\/wp\/v2\/expiration-date?post=148952"},{"taxonomy":"storage","embeddable":true,"href":"https:\/\/cukrowka.dev10.pro\/cs\/wp-json\/wp\/v2\/storage?post=148952"},{"taxonomy":"composition","embeddable":true,"href":"https:\/\/cukrowka.dev10.pro\/cs\/wp-json\/wp\/v2\/composition?post=148952"},{"taxonomy":"taste","embeddable":true,"href":"https:\/\/cukrowka.dev10.pro\/cs\/wp-json\/wp\/v2\/taste?post=148952"},{"taxonomy":"note","embeddable":true,"href":"https:\/\/cukrowka.dev10.pro\/cs\/wp-json\/wp\/v2\/note?post=148952"},{"taxonomy":"weight","embeddable":true,"href":"https:\/\/cukrowka.dev10.pro\/cs\/wp-json\/wp\/v2\/weight?post=148952"},{"taxonomy":"nutritional","embeddable":true,"href":"https:\/\/cukrowka.dev10.pro\/cs\/wp-json\/wp\/v2\/nutritional?post=148952"},{"taxonomy":"label-size","embeddable":true,"href":"https:\/\/cukrowka.dev10.pro\/cs\/wp-json\/wp\/v2\/label-size?post=148952"},{"taxonomy":"product-size","embeddable":true,"href":"https:\/\/cukrowka.dev10.pro\/cs\/wp-json\/wp\/v2\/product-size?post=148952"},{"taxonomy":"package-size","embeddable":true,"href":"https:\/\/cukrowka.dev10.pro\/cs\/wp-json\/wp\/v2\/package-size?post=148952"},{"taxonomy":"content","embeddable":true,"href":"https:\/\/cukrowka.dev10.pro\/cs\/wp-json\/wp\/v2\/content?post=148952"},{"taxonomy":"product_cat","embeddable":true,"href":"https:\/\/cukrowka.dev10.pro\/cs\/wp-json\/wp\/v2\/product_cat?post=148952"},{"taxonomy":"product_tag","embeddable":true,"href":"https:\/\/cukrowka.dev10.pro\/cs\/wp-json\/wp\/v2\/product_tag?post=148952"}],"curies":[{"name":"wp","href":"https:\/\/api.w.org\/{rel}","templated":true}]}}