{"id":148943,"date":"2023-08-09T16:27:01","date_gmt":"2023-08-09T14:27:01","guid":{"rendered":"https:\/\/www.cukrowki.pl\/produkt\/karamelky-v-krabicce-k-narozeninam-vzor-3-1kg\/"},"modified":"2024-03-18T16:31:14","modified_gmt":"2024-03-18T15:31:14","slug":"karamelky-v-krabicce-k-narozeninam-vzor-3-1kg","status":"publish","type":"product","link":"https:\/\/cukrowka.dev10.pro\/cs\/produkt\/karamelky-v-krabicce-k-narozeninam-vzor-3-1kg\/","title":{"rendered":"Karamelky v krabi\u010dce k narozenin\u00e1m &#8211; vzor 3 &#8211; 1KG"},"content":[],"excerpt":{"rendered":"<p>R\u016f\u017eov\u00e9 karamelky jen pro ni. Kr\u00e1sn\u00fd d\u00e1rek k narozenin\u00e1m nebo sv\u00e1tku.<\/p>\n","protected":false},"featured_media":148944,"comment_status":"open","ping_status":"closed","template":"","meta":{"_acf_changed":false,"inline_featured_image":false},"prod_collection":[],"number":[],"minimal-order":[],"expiration-date":[],"storage":[],"composition":[],"taste":[],"note":[],"weight":[],"nutritional":[],"label-size":[],"product-size":[],"package-size":[],"product_cat":[1013],"product_tag":[],"class_list":{"0":"post-148943","1":"product","2":"type-product","3":"status-publish","4":"has-post-thumbnail","6":"product_cat-narozeninove-karamelky","8":"first","9":"instock","10":"taxable","11":"shipping-taxable","12":"purchasable","13":"product-type-simple"},"acf":[],"yoast_head":"<!-- This site is optimized with the Yoast SEO plugin v26.2 - https:\/\/yoast.com\/wordpress\/plugins\/seo\/ -->\n<title>Elegantn\u00ed krabi\u010dka s karamelkama k narozenin\u00e1m<\/title>\n<meta name=\"description\" content=\"Karamelky v krabi\u010dce k narozenin\u00e1m je ide\u00e1ln\u00ed volbou pro elegantn\u00ed zp\u016fsob zabalen\u00ed sladk\u00e9ho d\u00e1rku. Objednejte si ji je\u0161t\u011b dnes!\" \/>\n<meta name=\"robots\" content=\"index, follow, max-snippet:-1, max-image-preview:large, max-video-preview:-1\" \/>\n<link rel=\"canonical\" href=\"https:\/\/cukrowka.dev10.pro\/cs\/produkt\/karamelky-v-krabicce-k-narozeninam-vzor-3-1kg\/\" \/>\n<meta property=\"og:locale\" content=\"cs_CZ\" \/>\n<meta property=\"og:type\" content=\"article\" \/>\n<meta property=\"og:title\" content=\"Elegantn\u00ed krabi\u010dka s karamelkama k narozenin\u00e1m\" \/>\n<meta property=\"og:description\" content=\"Karamelky v krabi\u010dce k narozenin\u00e1m je ide\u00e1ln\u00ed volbou pro elegantn\u00ed zp\u016fsob zabalen\u00ed sladk\u00e9ho d\u00e1rku. Objednejte si ji je\u0161t\u011b dnes!\" \/>\n<meta property=\"og:url\" content=\"https:\/\/cukrowka.dev10.pro\/cs\/produkt\/karamelky-v-krabicce-k-narozeninam-vzor-3-1kg\/\" \/>\n<meta property=\"og:site_name\" content=\"Wyj\u0105tkowe kr\u00f3wki z nadrukiem\" \/>\n<meta property=\"article:modified_time\" content=\"2024-03-18T15:31:14+00:00\" \/>\n<meta property=\"og:image\" content=\"https:\/\/cukrowka.dev10.pro\/wp-content\/uploads\/2023\/08\/cukrowki_wszystkiego_naj-1.jpg\" \/>\n\t<meta property=\"og:image:width\" content=\"2500\" \/>\n\t<meta property=\"og:image:height\" content=\"1667\" \/>\n\t<meta property=\"og:image:type\" content=\"image\/jpeg\" \/>\n<meta name=\"twitter:card\" content=\"summary_large_image\" \/>\n<meta name=\"twitter:label1\" content=\"Odhadovan\u00e1 doba \u010dten\u00ed\" \/>\n\t<meta name=\"twitter:data1\" content=\"1 minuta\" \/>\n<script type=\"application\/ld+json\" class=\"yoast-schema-graph\">{\"@context\":\"https:\/\/schema.org\",\"@graph\":[{\"@type\":\"WebPage\",\"@id\":\"https:\/\/cukrowka.dev10.pro\/cs\/produkt\/karamelky-v-krabicce-k-narozeninam-vzor-3-1kg\/\",\"url\":\"https:\/\/cukrowka.dev10.pro\/cs\/produkt\/karamelky-v-krabicce-k-narozeninam-vzor-3-1kg\/\",\"name\":\"Elegantn\u00ed krabi\u010dka s karamelkama k narozenin\u00e1m\",\"isPartOf\":{\"@id\":\"https:\/\/cukrowka.dev10.pro\/cs\/#website\"},\"primaryImageOfPage\":{\"@id\":\"https:\/\/cukrowka.dev10.pro\/cs\/produkt\/karamelky-v-krabicce-k-narozeninam-vzor-3-1kg\/#primaryimage\"},\"image\":{\"@id\":\"https:\/\/cukrowka.dev10.pro\/cs\/produkt\/karamelky-v-krabicce-k-narozeninam-vzor-3-1kg\/#primaryimage\"},\"thumbnailUrl\":\"https:\/\/cukrowka.dev10.pro\/wp-content\/uploads\/2023\/08\/cukrowki_wszystkiego_naj-1.jpg\",\"datePublished\":\"2023-08-09T14:27:01+00:00\",\"dateModified\":\"2024-03-18T15:31:14+00:00\",\"description\":\"Karamelky v krabi\u010dce k narozenin\u00e1m je ide\u00e1ln\u00ed volbou pro elegantn\u00ed zp\u016fsob zabalen\u00ed sladk\u00e9ho d\u00e1rku. Objednejte si ji je\u0161t\u011b dnes!\",\"breadcrumb\":{\"@id\":\"https:\/\/cukrowka.dev10.pro\/cs\/produkt\/karamelky-v-krabicce-k-narozeninam-vzor-3-1kg\/#breadcrumb\"},\"inLanguage\":\"cs\",\"potentialAction\":[{\"@type\":\"ReadAction\",\"target\":[\"https:\/\/cukrowka.dev10.pro\/cs\/produkt\/karamelky-v-krabicce-k-narozeninam-vzor-3-1kg\/\"]}]},{\"@type\":\"ImageObject\",\"inLanguage\":\"cs\",\"@id\":\"https:\/\/cukrowka.dev10.pro\/cs\/produkt\/karamelky-v-krabicce-k-narozeninam-vzor-3-1kg\/#primaryimage\",\"url\":\"https:\/\/cukrowka.dev10.pro\/wp-content\/uploads\/2023\/08\/cukrowki_wszystkiego_naj-1.jpg\",\"contentUrl\":\"https:\/\/cukrowka.dev10.pro\/wp-content\/uploads\/2023\/08\/cukrowki_wszystkiego_naj-1.jpg\",\"width\":2500,\"height\":1667,\"caption\":\"Karamelky k narozenin\u00e1m - krabi\u010dka\"},{\"@type\":\"BreadcrumbList\",\"@id\":\"https:\/\/cukrowka.dev10.pro\/cs\/produkt\/karamelky-v-krabicce-k-narozeninam-vzor-3-1kg\/#breadcrumb\",\"itemListElement\":[{\"@type\":\"ListItem\",\"position\":1,\"name\":\"Strona g\u0142\u00f3wna\",\"item\":\"https:\/\/cukrowka.dev10.pro\/cs\/\"},{\"@type\":\"ListItem\",\"position\":2,\"name\":\"Shop\",\"item\":\"https:\/\/cukrowka.dev10.pro\/cs\/shop\/\"},{\"@type\":\"ListItem\",\"position\":3,\"name\":\"Karamelky v krabi\u010dce k narozenin\u00e1m &#8211; vzor 3 &#8211; 1KG\"}]},{\"@type\":\"WebSite\",\"@id\":\"https:\/\/cukrowka.dev10.pro\/cs\/#website\",\"url\":\"https:\/\/cukrowka.dev10.pro\/cs\/\",\"name\":\"Wyj\u0105tkowe kr\u00f3wki z nadrukiem\",\"description\":\"reklamowe oraz \u015blubne\",\"publisher\":{\"@id\":\"https:\/\/cukrowka.dev10.pro\/cs\/#organization\"},\"potentialAction\":[{\"@type\":\"SearchAction\",\"target\":{\"@type\":\"EntryPoint\",\"urlTemplate\":\"https:\/\/cukrowka.dev10.pro\/cs\/?s={search_term_string}\"},\"query-input\":{\"@type\":\"PropertyValueSpecification\",\"valueRequired\":true,\"valueName\":\"search_term_string\"}}],\"inLanguage\":\"cs\"},{\"@type\":\"Organization\",\"@id\":\"https:\/\/cukrowka.dev10.pro\/cs\/#organization\",\"name\":\"Wyj\u0105tkowe kr\u00f3wki z nadrukiem\",\"url\":\"https:\/\/cukrowka.dev10.pro\/cs\/\",\"logo\":{\"@type\":\"ImageObject\",\"inLanguage\":\"cs\",\"@id\":\"https:\/\/cukrowka.dev10.pro\/cs\/#\/schema\/logo\/image\/\",\"url\":\"https:\/\/www.cukrowki.pl\/wp-content\/uploads\/2020\/02\/logo.png\",\"contentUrl\":\"https:\/\/www.cukrowki.pl\/wp-content\/uploads\/2020\/02\/logo.png\",\"width\":220,\"height\":169,\"caption\":\"Wyj\u0105tkowe kr\u00f3wki z nadrukiem\"},\"image\":{\"@id\":\"https:\/\/cukrowka.dev10.pro\/cs\/#\/schema\/logo\/image\/\"}}]}<\/script>\n<!-- \/ Yoast SEO plugin. -->","yoast_head_json":{"title":"Elegantn\u00ed krabi\u010dka s karamelkama k narozenin\u00e1m","description":"Karamelky v krabi\u010dce k narozenin\u00e1m je ide\u00e1ln\u00ed volbou pro elegantn\u00ed zp\u016fsob zabalen\u00ed sladk\u00e9ho d\u00e1rku. Objednejte si ji je\u0161t\u011b dnes!","robots":{"index":"index","follow":"follow","max-snippet":"max-snippet:-1","max-image-preview":"max-image-preview:large","max-video-preview":"max-video-preview:-1"},"canonical":"https:\/\/cukrowka.dev10.pro\/cs\/produkt\/karamelky-v-krabicce-k-narozeninam-vzor-3-1kg\/","og_locale":"cs_CZ","og_type":"article","og_title":"Elegantn\u00ed krabi\u010dka s karamelkama k narozenin\u00e1m","og_description":"Karamelky v krabi\u010dce k narozenin\u00e1m je ide\u00e1ln\u00ed volbou pro elegantn\u00ed zp\u016fsob zabalen\u00ed sladk\u00e9ho d\u00e1rku. Objednejte si ji je\u0161t\u011b dnes!","og_url":"https:\/\/cukrowka.dev10.pro\/cs\/produkt\/karamelky-v-krabicce-k-narozeninam-vzor-3-1kg\/","og_site_name":"Wyj\u0105tkowe kr\u00f3wki z nadrukiem","article_modified_time":"2024-03-18T15:31:14+00:00","og_image":[{"width":2500,"height":1667,"url":"https:\/\/cukrowka.dev10.pro\/wp-content\/uploads\/2023\/08\/cukrowki_wszystkiego_naj-1.jpg","type":"image\/jpeg"}],"twitter_card":"summary_large_image","twitter_misc":{"Odhadovan\u00e1 doba \u010dten\u00ed":"1 minuta"},"schema":{"@context":"https:\/\/schema.org","@graph":[{"@type":"WebPage","@id":"https:\/\/cukrowka.dev10.pro\/cs\/produkt\/karamelky-v-krabicce-k-narozeninam-vzor-3-1kg\/","url":"https:\/\/cukrowka.dev10.pro\/cs\/produkt\/karamelky-v-krabicce-k-narozeninam-vzor-3-1kg\/","name":"Elegantn\u00ed krabi\u010dka s karamelkama k narozenin\u00e1m","isPartOf":{"@id":"https:\/\/cukrowka.dev10.pro\/cs\/#website"},"primaryImageOfPage":{"@id":"https:\/\/cukrowka.dev10.pro\/cs\/produkt\/karamelky-v-krabicce-k-narozeninam-vzor-3-1kg\/#primaryimage"},"image":{"@id":"https:\/\/cukrowka.dev10.pro\/cs\/produkt\/karamelky-v-krabicce-k-narozeninam-vzor-3-1kg\/#primaryimage"},"thumbnailUrl":"https:\/\/cukrowka.dev10.pro\/wp-content\/uploads\/2023\/08\/cukrowki_wszystkiego_naj-1.jpg","datePublished":"2023-08-09T14:27:01+00:00","dateModified":"2024-03-18T15:31:14+00:00","description":"Karamelky v krabi\u010dce k narozenin\u00e1m je ide\u00e1ln\u00ed volbou pro elegantn\u00ed zp\u016fsob zabalen\u00ed sladk\u00e9ho d\u00e1rku. Objednejte si ji je\u0161t\u011b dnes!","breadcrumb":{"@id":"https:\/\/cukrowka.dev10.pro\/cs\/produkt\/karamelky-v-krabicce-k-narozeninam-vzor-3-1kg\/#breadcrumb"},"inLanguage":"cs","potentialAction":[{"@type":"ReadAction","target":["https:\/\/cukrowka.dev10.pro\/cs\/produkt\/karamelky-v-krabicce-k-narozeninam-vzor-3-1kg\/"]}]},{"@type":"ImageObject","inLanguage":"cs","@id":"https:\/\/cukrowka.dev10.pro\/cs\/produkt\/karamelky-v-krabicce-k-narozeninam-vzor-3-1kg\/#primaryimage","url":"https:\/\/cukrowka.dev10.pro\/wp-content\/uploads\/2023\/08\/cukrowki_wszystkiego_naj-1.jpg","contentUrl":"https:\/\/cukrowka.dev10.pro\/wp-content\/uploads\/2023\/08\/cukrowki_wszystkiego_naj-1.jpg","width":2500,"height":1667,"caption":"Karamelky k narozenin\u00e1m - krabi\u010dka"},{"@type":"BreadcrumbList","@id":"https:\/\/cukrowka.dev10.pro\/cs\/produkt\/karamelky-v-krabicce-k-narozeninam-vzor-3-1kg\/#breadcrumb","itemListElement":[{"@type":"ListItem","position":1,"name":"Strona g\u0142\u00f3wna","item":"https:\/\/cukrowka.dev10.pro\/cs\/"},{"@type":"ListItem","position":2,"name":"Shop","item":"https:\/\/cukrowka.dev10.pro\/cs\/shop\/"},{"@type":"ListItem","position":3,"name":"Karamelky v krabi\u010dce k narozenin\u00e1m &#8211; vzor 3 &#8211; 1KG"}]},{"@type":"WebSite","@id":"https:\/\/cukrowka.dev10.pro\/cs\/#website","url":"https:\/\/cukrowka.dev10.pro\/cs\/","name":"Wyj\u0105tkowe kr\u00f3wki z nadrukiem","description":"reklamowe oraz \u015blubne","publisher":{"@id":"https:\/\/cukrowka.dev10.pro\/cs\/#organization"},"potentialAction":[{"@type":"SearchAction","target":{"@type":"EntryPoint","urlTemplate":"https:\/\/cukrowka.dev10.pro\/cs\/?s={search_term_string}"},"query-input":{"@type":"PropertyValueSpecification","valueRequired":true,"valueName":"search_term_string"}}],"inLanguage":"cs"},{"@type":"Organization","@id":"https:\/\/cukrowka.dev10.pro\/cs\/#organization","name":"Wyj\u0105tkowe kr\u00f3wki z nadrukiem","url":"https:\/\/cukrowka.dev10.pro\/cs\/","logo":{"@type":"ImageObject","inLanguage":"cs","@id":"https:\/\/cukrowka.dev10.pro\/cs\/#\/schema\/logo\/image\/","url":"https:\/\/www.cukrowki.pl\/wp-content\/uploads\/2020\/02\/logo.png","contentUrl":"https:\/\/www.cukrowki.pl\/wp-content\/uploads\/2020\/02\/logo.png","width":220,"height":169,"caption":"Wyj\u0105tkowe kr\u00f3wki z nadrukiem"},"image":{"@id":"https:\/\/cukrowka.dev10.pro\/cs\/#\/schema\/logo\/image\/"}}]}},"_links":{"self":[{"href":"https:\/\/cukrowka.dev10.pro\/cs\/wp-json\/wp\/v2\/product\/148943","targetHints":{"allow":["GET"]}}],"collection":[{"href":"https:\/\/cukrowka.dev10.pro\/cs\/wp-json\/wp\/v2\/product"}],"about":[{"href":"https:\/\/cukrowka.dev10.pro\/cs\/wp-json\/wp\/v2\/types\/product"}],"replies":[{"embeddable":true,"href":"https:\/\/cukrowka.dev10.pro\/cs\/wp-json\/wp\/v2\/comments?post=148943"}],"wp:featuredmedia":[{"embeddable":true,"href":"https:\/\/cukrowka.dev10.pro\/cs\/wp-json\/wp\/v2\/media\/148944"}],"wp:attachment":[{"href":"https:\/\/cukrowka.dev10.pro\/cs\/wp-json\/wp\/v2\/media?parent=148943"}],"wp:term":[{"taxonomy":"prod_collection","embeddable":true,"href":"https:\/\/cukrowka.dev10.pro\/cs\/wp-json\/wp\/v2\/prod_collection?post=148943"},{"taxonomy":"number","embeddable":true,"href":"https:\/\/cukrowka.dev10.pro\/cs\/wp-json\/wp\/v2\/number?post=148943"},{"taxonomy":"minimal-order","embeddable":true,"href":"https:\/\/cukrowka.dev10.pro\/cs\/wp-json\/wp\/v2\/minimal-order?post=148943"},{"taxonomy":"expiration-date","embeddable":true,"href":"https:\/\/cukrowka.dev10.pro\/cs\/wp-json\/wp\/v2\/expiration-date?post=148943"},{"taxonomy":"storage","embeddable":true,"href":"https:\/\/cukrowka.dev10.pro\/cs\/wp-json\/wp\/v2\/storage?post=148943"},{"taxonomy":"composition","embeddable":true,"href":"https:\/\/cukrowka.dev10.pro\/cs\/wp-json\/wp\/v2\/composition?post=148943"},{"taxonomy":"taste","embeddable":true,"href":"https:\/\/cukrowka.dev10.pro\/cs\/wp-json\/wp\/v2\/taste?post=148943"},{"taxonomy":"note","embeddable":true,"href":"https:\/\/cukrowka.dev10.pro\/cs\/wp-json\/wp\/v2\/note?post=148943"},{"taxonomy":"weight","embeddable":true,"href":"https:\/\/cukrowka.dev10.pro\/cs\/wp-json\/wp\/v2\/weight?post=148943"},{"taxonomy":"nutritional","embeddable":true,"href":"https:\/\/cukrowka.dev10.pro\/cs\/wp-json\/wp\/v2\/nutritional?post=148943"},{"taxonomy":"label-size","embeddable":true,"href":"https:\/\/cukrowka.dev10.pro\/cs\/wp-json\/wp\/v2\/label-size?post=148943"},{"taxonomy":"product-size","embeddable":true,"href":"https:\/\/cukrowka.dev10.pro\/cs\/wp-json\/wp\/v2\/product-size?post=148943"},{"taxonomy":"package-size","embeddable":true,"href":"https:\/\/cukrowka.dev10.pro\/cs\/wp-json\/wp\/v2\/package-size?post=148943"},{"taxonomy":"content","embeddable":true,"href":"https:\/\/cukrowka.dev10.pro\/cs\/wp-json\/wp\/v2\/content?post=148943"},{"taxonomy":"product_cat","embeddable":true,"href":"https:\/\/cukrowka.dev10.pro\/cs\/wp-json\/wp\/v2\/product_cat?post=148943"},{"taxonomy":"product_tag","embeddable":true,"href":"https:\/\/cukrowka.dev10.pro\/cs\/wp-json\/wp\/v2\/product_tag?post=148943"}],"curies":[{"name":"wp","href":"https:\/\/api.w.org\/{rel}","templated":true}]}}