{"id":148744,"date":"2023-04-30T19:48:54","date_gmt":"2023-04-30T17:48:54","guid":{"rendered":"https:\/\/www.cukrowki.pl\/produkt\/bonboniera-karamelky-k-narozeninam-vzor-29\/"},"modified":"2024-04-17T21:52:30","modified_gmt":"2024-04-17T19:52:30","slug":"bonboniera-karamelky-k-narozeninam-vzor-29","status":"publish","type":"product","link":"https:\/\/cukrowka.dev10.pro\/cs\/produkt\/bonboniera-karamelky-k-narozeninam-vzor-29\/","title":{"rendered":"Bonboni\u00e9ra karamelky k narozenin\u00e1m &#8211; vzor 29"},"content":[],"excerpt":{"rendered":"<p>Vytvo\u0159te jedine\u010dn\u00fd d\u00e1rek v podob\u011b personalizovan\u00fdch bonb\u00f3n\u016f. Motiv s medv\u00eddkem.<\/p>\n","protected":false},"featured_media":148745,"comment_status":"open","ping_status":"closed","template":"","meta":{"_acf_changed":false,"inline_featured_image":false},"prod_collection":[],"number":[],"minimal-order":[],"expiration-date":[],"storage":[],"composition":[],"taste":[],"note":[],"weight":[],"nutritional":[],"label-size":[],"product-size":[],"package-size":[],"product_cat":[1013],"product_tag":[],"class_list":{"0":"post-148744","1":"product","2":"type-product","3":"status-publish","4":"has-post-thumbnail","6":"product_cat-narozeninove-karamelky","8":"first","9":"instock","10":"taxable","11":"shipping-taxable","12":"purchasable","13":"product-type-variable","14":"has-default-attributes"},"acf":[],"yoast_head":"<!-- This site is optimized with the Yoast SEO plugin v26.2 - https:\/\/yoast.com\/wordpress\/plugins\/seo\/ -->\n<title>Bonboni\u00e9ra s karamelkama k narozenin\u00e1m. Zvolte jedine\u010dn\u00fd d\u00e1rek.<\/title>\n<meta name=\"description\" content=\"Bonboni\u00e9ra s karamelkama - dokonal\u00fd n\u00e1pad na d\u00e1rek k narozenin\u00e1m. Ud\u011blejte radost sv\u00fdm bl\u00edzk\u00fdm. Ne\u010dekejte! Objedn\u00e1vejte hned!\" \/>\n<meta name=\"robots\" content=\"index, follow, max-snippet:-1, max-image-preview:large, max-video-preview:-1\" \/>\n<link rel=\"canonical\" href=\"https:\/\/cukrowka.dev10.pro\/cs\/produkt\/bonboniera-karamelky-k-narozeninam-vzor-29\/\" \/>\n<meta property=\"og:locale\" content=\"cs_CZ\" \/>\n<meta property=\"og:type\" content=\"article\" \/>\n<meta property=\"og:title\" content=\"Bonboni\u00e9ra s karamelkama k narozenin\u00e1m. Zvolte jedine\u010dn\u00fd d\u00e1rek.\" \/>\n<meta property=\"og:description\" content=\"Bonboni\u00e9ra s karamelkama - dokonal\u00fd n\u00e1pad na d\u00e1rek k narozenin\u00e1m. Ud\u011blejte radost sv\u00fdm bl\u00edzk\u00fdm. Ne\u010dekejte! Objedn\u00e1vejte hned!\" \/>\n<meta property=\"og:url\" content=\"https:\/\/cukrowka.dev10.pro\/cs\/produkt\/bonboniera-karamelky-k-narozeninam-vzor-29\/\" \/>\n<meta property=\"og:site_name\" content=\"Wyj\u0105tkowe kr\u00f3wki z nadrukiem\" \/>\n<meta property=\"article:modified_time\" content=\"2024-04-17T19:52:30+00:00\" \/>\n<meta property=\"og:image\" content=\"https:\/\/cukrowka.dev10.pro\/wp-content\/uploads\/2024\/04\/bomb-urodziny-cz-29-wiz.jpg\" \/>\n\t<meta property=\"og:image:width\" content=\"1086\" \/>\n\t<meta property=\"og:image:height\" content=\"1086\" \/>\n\t<meta property=\"og:image:type\" content=\"image\/jpeg\" \/>\n<meta name=\"twitter:card\" content=\"summary_large_image\" \/>\n<meta name=\"twitter:label1\" content=\"Odhadovan\u00e1 doba \u010dten\u00ed\" \/>\n\t<meta name=\"twitter:data1\" content=\"1 minuta\" \/>\n<script type=\"application\/ld+json\" class=\"yoast-schema-graph\">{\"@context\":\"https:\/\/schema.org\",\"@graph\":[{\"@type\":\"WebPage\",\"@id\":\"https:\/\/cukrowka.dev10.pro\/cs\/produkt\/bonboniera-karamelky-k-narozeninam-vzor-29\/\",\"url\":\"https:\/\/cukrowka.dev10.pro\/cs\/produkt\/bonboniera-karamelky-k-narozeninam-vzor-29\/\",\"name\":\"Bonboni\u00e9ra s karamelkama k narozenin\u00e1m. Zvolte jedine\u010dn\u00fd d\u00e1rek.\",\"isPartOf\":{\"@id\":\"https:\/\/cukrowka.dev10.pro\/cs\/#website\"},\"primaryImageOfPage\":{\"@id\":\"https:\/\/cukrowka.dev10.pro\/cs\/produkt\/bonboniera-karamelky-k-narozeninam-vzor-29\/#primaryimage\"},\"image\":{\"@id\":\"https:\/\/cukrowka.dev10.pro\/cs\/produkt\/bonboniera-karamelky-k-narozeninam-vzor-29\/#primaryimage\"},\"thumbnailUrl\":\"https:\/\/cukrowka.dev10.pro\/wp-content\/uploads\/2024\/04\/bomb-urodziny-cz-29-wiz.jpg\",\"datePublished\":\"2023-04-30T17:48:54+00:00\",\"dateModified\":\"2024-04-17T19:52:30+00:00\",\"description\":\"Bonboni\u00e9ra s karamelkama - dokonal\u00fd n\u00e1pad na d\u00e1rek k narozenin\u00e1m. Ud\u011blejte radost sv\u00fdm bl\u00edzk\u00fdm. Ne\u010dekejte! Objedn\u00e1vejte hned!\",\"breadcrumb\":{\"@id\":\"https:\/\/cukrowka.dev10.pro\/cs\/produkt\/bonboniera-karamelky-k-narozeninam-vzor-29\/#breadcrumb\"},\"inLanguage\":\"cs\",\"potentialAction\":[{\"@type\":\"ReadAction\",\"target\":[\"https:\/\/cukrowka.dev10.pro\/cs\/produkt\/bonboniera-karamelky-k-narozeninam-vzor-29\/\"]}]},{\"@type\":\"ImageObject\",\"inLanguage\":\"cs\",\"@id\":\"https:\/\/cukrowka.dev10.pro\/cs\/produkt\/bonboniera-karamelky-k-narozeninam-vzor-29\/#primaryimage\",\"url\":\"https:\/\/cukrowka.dev10.pro\/wp-content\/uploads\/2024\/04\/bomb-urodziny-cz-29-wiz.jpg\",\"contentUrl\":\"https:\/\/cukrowka.dev10.pro\/wp-content\/uploads\/2024\/04\/bomb-urodziny-cz-29-wiz.jpg\",\"width\":1086,\"height\":1086,\"caption\":\"karamelky k narozenin\u00e1m\"},{\"@type\":\"BreadcrumbList\",\"@id\":\"https:\/\/cukrowka.dev10.pro\/cs\/produkt\/bonboniera-karamelky-k-narozeninam-vzor-29\/#breadcrumb\",\"itemListElement\":[{\"@type\":\"ListItem\",\"position\":1,\"name\":\"Strona g\u0142\u00f3wna\",\"item\":\"https:\/\/cukrowka.dev10.pro\/cs\/\"},{\"@type\":\"ListItem\",\"position\":2,\"name\":\"Shop\",\"item\":\"https:\/\/cukrowka.dev10.pro\/cs\/shop\/\"},{\"@type\":\"ListItem\",\"position\":3,\"name\":\"Bonboni\u00e9ra karamelky k narozenin\u00e1m &#8211; vzor 29\"}]},{\"@type\":\"WebSite\",\"@id\":\"https:\/\/cukrowka.dev10.pro\/cs\/#website\",\"url\":\"https:\/\/cukrowka.dev10.pro\/cs\/\",\"name\":\"Wyj\u0105tkowe kr\u00f3wki z nadrukiem\",\"description\":\"reklamowe oraz \u015blubne\",\"publisher\":{\"@id\":\"https:\/\/cukrowka.dev10.pro\/cs\/#organization\"},\"potentialAction\":[{\"@type\":\"SearchAction\",\"target\":{\"@type\":\"EntryPoint\",\"urlTemplate\":\"https:\/\/cukrowka.dev10.pro\/cs\/?s={search_term_string}\"},\"query-input\":{\"@type\":\"PropertyValueSpecification\",\"valueRequired\":true,\"valueName\":\"search_term_string\"}}],\"inLanguage\":\"cs\"},{\"@type\":\"Organization\",\"@id\":\"https:\/\/cukrowka.dev10.pro\/cs\/#organization\",\"name\":\"Wyj\u0105tkowe kr\u00f3wki z nadrukiem\",\"url\":\"https:\/\/cukrowka.dev10.pro\/cs\/\",\"logo\":{\"@type\":\"ImageObject\",\"inLanguage\":\"cs\",\"@id\":\"https:\/\/cukrowka.dev10.pro\/cs\/#\/schema\/logo\/image\/\",\"url\":\"https:\/\/www.cukrowki.pl\/wp-content\/uploads\/2020\/02\/logo.png\",\"contentUrl\":\"https:\/\/www.cukrowki.pl\/wp-content\/uploads\/2020\/02\/logo.png\",\"width\":220,\"height\":169,\"caption\":\"Wyj\u0105tkowe kr\u00f3wki z nadrukiem\"},\"image\":{\"@id\":\"https:\/\/cukrowka.dev10.pro\/cs\/#\/schema\/logo\/image\/\"}}]}<\/script>\n<!-- \/ Yoast SEO plugin. -->","yoast_head_json":{"title":"Bonboni\u00e9ra s karamelkama k narozenin\u00e1m. Zvolte jedine\u010dn\u00fd d\u00e1rek.","description":"Bonboni\u00e9ra s karamelkama - dokonal\u00fd n\u00e1pad na d\u00e1rek k narozenin\u00e1m. Ud\u011blejte radost sv\u00fdm bl\u00edzk\u00fdm. Ne\u010dekejte! Objedn\u00e1vejte hned!","robots":{"index":"index","follow":"follow","max-snippet":"max-snippet:-1","max-image-preview":"max-image-preview:large","max-video-preview":"max-video-preview:-1"},"canonical":"https:\/\/cukrowka.dev10.pro\/cs\/produkt\/bonboniera-karamelky-k-narozeninam-vzor-29\/","og_locale":"cs_CZ","og_type":"article","og_title":"Bonboni\u00e9ra s karamelkama k narozenin\u00e1m. Zvolte jedine\u010dn\u00fd d\u00e1rek.","og_description":"Bonboni\u00e9ra s karamelkama - dokonal\u00fd n\u00e1pad na d\u00e1rek k narozenin\u00e1m. Ud\u011blejte radost sv\u00fdm bl\u00edzk\u00fdm. Ne\u010dekejte! Objedn\u00e1vejte hned!","og_url":"https:\/\/cukrowka.dev10.pro\/cs\/produkt\/bonboniera-karamelky-k-narozeninam-vzor-29\/","og_site_name":"Wyj\u0105tkowe kr\u00f3wki z nadrukiem","article_modified_time":"2024-04-17T19:52:30+00:00","og_image":[{"width":1086,"height":1086,"url":"https:\/\/cukrowka.dev10.pro\/wp-content\/uploads\/2024\/04\/bomb-urodziny-cz-29-wiz.jpg","type":"image\/jpeg"}],"twitter_card":"summary_large_image","twitter_misc":{"Odhadovan\u00e1 doba \u010dten\u00ed":"1 minuta"},"schema":{"@context":"https:\/\/schema.org","@graph":[{"@type":"WebPage","@id":"https:\/\/cukrowka.dev10.pro\/cs\/produkt\/bonboniera-karamelky-k-narozeninam-vzor-29\/","url":"https:\/\/cukrowka.dev10.pro\/cs\/produkt\/bonboniera-karamelky-k-narozeninam-vzor-29\/","name":"Bonboni\u00e9ra s karamelkama k narozenin\u00e1m. Zvolte jedine\u010dn\u00fd d\u00e1rek.","isPartOf":{"@id":"https:\/\/cukrowka.dev10.pro\/cs\/#website"},"primaryImageOfPage":{"@id":"https:\/\/cukrowka.dev10.pro\/cs\/produkt\/bonboniera-karamelky-k-narozeninam-vzor-29\/#primaryimage"},"image":{"@id":"https:\/\/cukrowka.dev10.pro\/cs\/produkt\/bonboniera-karamelky-k-narozeninam-vzor-29\/#primaryimage"},"thumbnailUrl":"https:\/\/cukrowka.dev10.pro\/wp-content\/uploads\/2024\/04\/bomb-urodziny-cz-29-wiz.jpg","datePublished":"2023-04-30T17:48:54+00:00","dateModified":"2024-04-17T19:52:30+00:00","description":"Bonboni\u00e9ra s karamelkama - dokonal\u00fd n\u00e1pad na d\u00e1rek k narozenin\u00e1m. Ud\u011blejte radost sv\u00fdm bl\u00edzk\u00fdm. Ne\u010dekejte! Objedn\u00e1vejte hned!","breadcrumb":{"@id":"https:\/\/cukrowka.dev10.pro\/cs\/produkt\/bonboniera-karamelky-k-narozeninam-vzor-29\/#breadcrumb"},"inLanguage":"cs","potentialAction":[{"@type":"ReadAction","target":["https:\/\/cukrowka.dev10.pro\/cs\/produkt\/bonboniera-karamelky-k-narozeninam-vzor-29\/"]}]},{"@type":"ImageObject","inLanguage":"cs","@id":"https:\/\/cukrowka.dev10.pro\/cs\/produkt\/bonboniera-karamelky-k-narozeninam-vzor-29\/#primaryimage","url":"https:\/\/cukrowka.dev10.pro\/wp-content\/uploads\/2024\/04\/bomb-urodziny-cz-29-wiz.jpg","contentUrl":"https:\/\/cukrowka.dev10.pro\/wp-content\/uploads\/2024\/04\/bomb-urodziny-cz-29-wiz.jpg","width":1086,"height":1086,"caption":"karamelky k narozenin\u00e1m"},{"@type":"BreadcrumbList","@id":"https:\/\/cukrowka.dev10.pro\/cs\/produkt\/bonboniera-karamelky-k-narozeninam-vzor-29\/#breadcrumb","itemListElement":[{"@type":"ListItem","position":1,"name":"Strona g\u0142\u00f3wna","item":"https:\/\/cukrowka.dev10.pro\/cs\/"},{"@type":"ListItem","position":2,"name":"Shop","item":"https:\/\/cukrowka.dev10.pro\/cs\/shop\/"},{"@type":"ListItem","position":3,"name":"Bonboni\u00e9ra karamelky k narozenin\u00e1m &#8211; vzor 29"}]},{"@type":"WebSite","@id":"https:\/\/cukrowka.dev10.pro\/cs\/#website","url":"https:\/\/cukrowka.dev10.pro\/cs\/","name":"Wyj\u0105tkowe kr\u00f3wki z nadrukiem","description":"reklamowe oraz \u015blubne","publisher":{"@id":"https:\/\/cukrowka.dev10.pro\/cs\/#organization"},"potentialAction":[{"@type":"SearchAction","target":{"@type":"EntryPoint","urlTemplate":"https:\/\/cukrowka.dev10.pro\/cs\/?s={search_term_string}"},"query-input":{"@type":"PropertyValueSpecification","valueRequired":true,"valueName":"search_term_string"}}],"inLanguage":"cs"},{"@type":"Organization","@id":"https:\/\/cukrowka.dev10.pro\/cs\/#organization","name":"Wyj\u0105tkowe kr\u00f3wki z nadrukiem","url":"https:\/\/cukrowka.dev10.pro\/cs\/","logo":{"@type":"ImageObject","inLanguage":"cs","@id":"https:\/\/cukrowka.dev10.pro\/cs\/#\/schema\/logo\/image\/","url":"https:\/\/www.cukrowki.pl\/wp-content\/uploads\/2020\/02\/logo.png","contentUrl":"https:\/\/www.cukrowki.pl\/wp-content\/uploads\/2020\/02\/logo.png","width":220,"height":169,"caption":"Wyj\u0105tkowe kr\u00f3wki z nadrukiem"},"image":{"@id":"https:\/\/cukrowka.dev10.pro\/cs\/#\/schema\/logo\/image\/"}}]}},"_links":{"self":[{"href":"https:\/\/cukrowka.dev10.pro\/cs\/wp-json\/wp\/v2\/product\/148744","targetHints":{"allow":["GET"]}}],"collection":[{"href":"https:\/\/cukrowka.dev10.pro\/cs\/wp-json\/wp\/v2\/product"}],"about":[{"href":"https:\/\/cukrowka.dev10.pro\/cs\/wp-json\/wp\/v2\/types\/product"}],"replies":[{"embeddable":true,"href":"https:\/\/cukrowka.dev10.pro\/cs\/wp-json\/wp\/v2\/comments?post=148744"}],"wp:featuredmedia":[{"embeddable":true,"href":"https:\/\/cukrowka.dev10.pro\/cs\/wp-json\/wp\/v2\/media\/148745"}],"wp:attachment":[{"href":"https:\/\/cukrowka.dev10.pro\/cs\/wp-json\/wp\/v2\/media?parent=148744"}],"wp:term":[{"taxonomy":"prod_collection","embeddable":true,"href":"https:\/\/cukrowka.dev10.pro\/cs\/wp-json\/wp\/v2\/prod_collection?post=148744"},{"taxonomy":"number","embeddable":true,"href":"https:\/\/cukrowka.dev10.pro\/cs\/wp-json\/wp\/v2\/number?post=148744"},{"taxonomy":"minimal-order","embeddable":true,"href":"https:\/\/cukrowka.dev10.pro\/cs\/wp-json\/wp\/v2\/minimal-order?post=148744"},{"taxonomy":"expiration-date","embeddable":true,"href":"https:\/\/cukrowka.dev10.pro\/cs\/wp-json\/wp\/v2\/expiration-date?post=148744"},{"taxonomy":"storage","embeddable":true,"href":"https:\/\/cukrowka.dev10.pro\/cs\/wp-json\/wp\/v2\/storage?post=148744"},{"taxonomy":"composition","embeddable":true,"href":"https:\/\/cukrowka.dev10.pro\/cs\/wp-json\/wp\/v2\/composition?post=148744"},{"taxonomy":"taste","embeddable":true,"href":"https:\/\/cukrowka.dev10.pro\/cs\/wp-json\/wp\/v2\/taste?post=148744"},{"taxonomy":"note","embeddable":true,"href":"https:\/\/cukrowka.dev10.pro\/cs\/wp-json\/wp\/v2\/note?post=148744"},{"taxonomy":"weight","embeddable":true,"href":"https:\/\/cukrowka.dev10.pro\/cs\/wp-json\/wp\/v2\/weight?post=148744"},{"taxonomy":"nutritional","embeddable":true,"href":"https:\/\/cukrowka.dev10.pro\/cs\/wp-json\/wp\/v2\/nutritional?post=148744"},{"taxonomy":"label-size","embeddable":true,"href":"https:\/\/cukrowka.dev10.pro\/cs\/wp-json\/wp\/v2\/label-size?post=148744"},{"taxonomy":"product-size","embeddable":true,"href":"https:\/\/cukrowka.dev10.pro\/cs\/wp-json\/wp\/v2\/product-size?post=148744"},{"taxonomy":"package-size","embeddable":true,"href":"https:\/\/cukrowka.dev10.pro\/cs\/wp-json\/wp\/v2\/package-size?post=148744"},{"taxonomy":"content","embeddable":true,"href":"https:\/\/cukrowka.dev10.pro\/cs\/wp-json\/wp\/v2\/content?post=148744"},{"taxonomy":"product_cat","embeddable":true,"href":"https:\/\/cukrowka.dev10.pro\/cs\/wp-json\/wp\/v2\/product_cat?post=148744"},{"taxonomy":"product_tag","embeddable":true,"href":"https:\/\/cukrowka.dev10.pro\/cs\/wp-json\/wp\/v2\/product_tag?post=148744"}],"curies":[{"name":"wp","href":"https:\/\/api.w.org\/{rel}","templated":true}]}}