{"id":148716,"date":"2023-01-12T13:56:08","date_gmt":"2023-01-12T12:56:08","guid":{"rendered":"https:\/\/www.cukrowki.pl\/produkt\/bonboniera-karamelky-k-narozeninam-vzor-25\/"},"modified":"2024-01-25T12:01:00","modified_gmt":"2024-01-25T11:01:00","slug":"bonboniera-karamelky-k-narozeninam-vzor-25","status":"publish","type":"product","link":"https:\/\/cukrowka.dev10.pro\/cs\/produkt\/bonboniera-karamelky-k-narozeninam-vzor-25\/","title":{"rendered":"Bonboni\u00e9ra karamelky k narozenin\u00e1m &#8211; vzor 25"},"content":[],"excerpt":{"rendered":"<p>Karamelky zabalen\u00e9 do bonboni\u00e9ry &#8211; origin\u00e1ln\u00ed d\u00e1rek k narozenin\u00e1m nebo sv\u00e1tku.<\/p>\n","protected":false},"featured_media":107980,"comment_status":"open","ping_status":"closed","template":"","meta":{"_acf_changed":false,"inline_featured_image":false},"prod_collection":[986,985],"number":[],"minimal-order":[],"expiration-date":[],"storage":[],"composition":[],"taste":[],"note":[],"weight":[],"nutritional":[],"label-size":[],"product-size":[],"package-size":[],"product_cat":[330],"product_tag":[],"class_list":{"0":"post-148716","1":"product","2":"type-product","3":"status-publish","4":"has-post-thumbnail","6":"prod_collection-bombonierki-cs","7":"prod_collection-bombonierki-urodzinowe-cs","8":"product_cat-krowki-jesienne-wzory","10":"first","11":"instock","12":"taxable","13":"shipping-taxable","14":"purchasable","15":"product-type-variable","16":"has-default-attributes"},"acf":[],"yoast_head":"<!-- This site is optimized with the Yoast SEO plugin v26.2 - https:\/\/yoast.com\/wordpress\/plugins\/seo\/ -->\n<title>Bonboni\u00e9ra s karamelkama k narozenin\u00e1m. Zvolte jedine\u010dn\u00fd d\u00e1rek.<\/title>\n<meta name=\"description\" content=\"Personalizovan\u00e1 bonboni\u00e9ra s karamelkama. Ud\u011blejte radost sv\u00fdm bl\u00edzk\u00fdm. Ne\u010dekejte! Objedn\u00e1vejte hned!\" \/>\n<meta name=\"robots\" content=\"index, follow, max-snippet:-1, max-image-preview:large, max-video-preview:-1\" \/>\n<link rel=\"canonical\" href=\"https:\/\/cukrowka.dev10.pro\/cs\/produkt\/bonboniera-karamelky-k-narozeninam-vzor-25\/\" \/>\n<meta property=\"og:locale\" content=\"cs_CZ\" \/>\n<meta property=\"og:type\" content=\"article\" \/>\n<meta property=\"og:title\" content=\"Bonboni\u00e9ra s karamelkama k narozenin\u00e1m. Zvolte jedine\u010dn\u00fd d\u00e1rek.\" \/>\n<meta property=\"og:description\" content=\"Personalizovan\u00e1 bonboni\u00e9ra s karamelkama. Ud\u011blejte radost sv\u00fdm bl\u00edzk\u00fdm. Ne\u010dekejte! Objedn\u00e1vejte hned!\" \/>\n<meta property=\"og:url\" content=\"https:\/\/cukrowka.dev10.pro\/cs\/produkt\/bonboniera-karamelky-k-narozeninam-vzor-25\/\" \/>\n<meta property=\"og:site_name\" content=\"Wyj\u0105tkowe kr\u00f3wki z nadrukiem\" \/>\n<meta property=\"article:modified_time\" content=\"2024-01-25T11:01:00+00:00\" \/>\n<meta property=\"og:image\" content=\"https:\/\/cukrowka.dev10.pro\/wp-content\/uploads\/2023\/01\/18_stka2_BOMBONIERKA_wiz-scaled.jpg\" \/>\n\t<meta property=\"og:image:width\" content=\"2560\" \/>\n\t<meta property=\"og:image:height\" content=\"2560\" \/>\n\t<meta property=\"og:image:type\" content=\"image\/jpeg\" \/>\n<meta name=\"twitter:card\" content=\"summary_large_image\" \/>\n<meta name=\"twitter:label1\" content=\"Odhadovan\u00e1 doba \u010dten\u00ed\" \/>\n\t<meta name=\"twitter:data1\" content=\"1 minuta\" \/>\n<script type=\"application\/ld+json\" class=\"yoast-schema-graph\">{\"@context\":\"https:\/\/schema.org\",\"@graph\":[{\"@type\":\"WebPage\",\"@id\":\"https:\/\/cukrowka.dev10.pro\/cs\/produkt\/bonboniera-karamelky-k-narozeninam-vzor-25\/\",\"url\":\"https:\/\/cukrowka.dev10.pro\/cs\/produkt\/bonboniera-karamelky-k-narozeninam-vzor-25\/\",\"name\":\"Bonboni\u00e9ra s karamelkama k narozenin\u00e1m. Zvolte jedine\u010dn\u00fd d\u00e1rek.\",\"isPartOf\":{\"@id\":\"https:\/\/cukrowka.dev10.pro\/cs\/#website\"},\"primaryImageOfPage\":{\"@id\":\"https:\/\/cukrowka.dev10.pro\/cs\/produkt\/bonboniera-karamelky-k-narozeninam-vzor-25\/#primaryimage\"},\"image\":{\"@id\":\"https:\/\/cukrowka.dev10.pro\/cs\/produkt\/bonboniera-karamelky-k-narozeninam-vzor-25\/#primaryimage\"},\"thumbnailUrl\":\"https:\/\/cukrowka.dev10.pro\/wp-content\/uploads\/2023\/01\/18_stka2_BOMBONIERKA_wiz-scaled.jpg\",\"datePublished\":\"2023-01-12T12:56:08+00:00\",\"dateModified\":\"2024-01-25T11:01:00+00:00\",\"description\":\"Personalizovan\u00e1 bonboni\u00e9ra s karamelkama. Ud\u011blejte radost sv\u00fdm bl\u00edzk\u00fdm. Ne\u010dekejte! Objedn\u00e1vejte hned!\",\"breadcrumb\":{\"@id\":\"https:\/\/cukrowka.dev10.pro\/cs\/produkt\/bonboniera-karamelky-k-narozeninam-vzor-25\/#breadcrumb\"},\"inLanguage\":\"cs\",\"potentialAction\":[{\"@type\":\"ReadAction\",\"target\":[\"https:\/\/cukrowka.dev10.pro\/cs\/produkt\/bonboniera-karamelky-k-narozeninam-vzor-25\/\"]}]},{\"@type\":\"ImageObject\",\"inLanguage\":\"cs\",\"@id\":\"https:\/\/cukrowka.dev10.pro\/cs\/produkt\/bonboniera-karamelky-k-narozeninam-vzor-25\/#primaryimage\",\"url\":\"https:\/\/cukrowka.dev10.pro\/wp-content\/uploads\/2023\/01\/18_stka2_BOMBONIERKA_wiz-scaled.jpg\",\"contentUrl\":\"https:\/\/cukrowka.dev10.pro\/wp-content\/uploads\/2023\/01\/18_stka2_BOMBONIERKA_wiz-scaled.jpg\",\"width\":2560,\"height\":2560,\"caption\":\"Bonboni\u00e9ra s karamelkami k narozenin\u00e1m\"},{\"@type\":\"BreadcrumbList\",\"@id\":\"https:\/\/cukrowka.dev10.pro\/cs\/produkt\/bonboniera-karamelky-k-narozeninam-vzor-25\/#breadcrumb\",\"itemListElement\":[{\"@type\":\"ListItem\",\"position\":1,\"name\":\"Strona g\u0142\u00f3wna\",\"item\":\"https:\/\/cukrowka.dev10.pro\/cs\/\"},{\"@type\":\"ListItem\",\"position\":2,\"name\":\"Shop\",\"item\":\"https:\/\/cukrowka.dev10.pro\/cs\/shop\/\"},{\"@type\":\"ListItem\",\"position\":3,\"name\":\"Bonboni\u00e9ra karamelky k narozenin\u00e1m &#8211; vzor 25\"}]},{\"@type\":\"WebSite\",\"@id\":\"https:\/\/cukrowka.dev10.pro\/cs\/#website\",\"url\":\"https:\/\/cukrowka.dev10.pro\/cs\/\",\"name\":\"Wyj\u0105tkowe kr\u00f3wki z nadrukiem\",\"description\":\"reklamowe oraz \u015blubne\",\"publisher\":{\"@id\":\"https:\/\/cukrowka.dev10.pro\/cs\/#organization\"},\"potentialAction\":[{\"@type\":\"SearchAction\",\"target\":{\"@type\":\"EntryPoint\",\"urlTemplate\":\"https:\/\/cukrowka.dev10.pro\/cs\/?s={search_term_string}\"},\"query-input\":{\"@type\":\"PropertyValueSpecification\",\"valueRequired\":true,\"valueName\":\"search_term_string\"}}],\"inLanguage\":\"cs\"},{\"@type\":\"Organization\",\"@id\":\"https:\/\/cukrowka.dev10.pro\/cs\/#organization\",\"name\":\"Wyj\u0105tkowe kr\u00f3wki z nadrukiem\",\"url\":\"https:\/\/cukrowka.dev10.pro\/cs\/\",\"logo\":{\"@type\":\"ImageObject\",\"inLanguage\":\"cs\",\"@id\":\"https:\/\/cukrowka.dev10.pro\/cs\/#\/schema\/logo\/image\/\",\"url\":\"https:\/\/www.cukrowki.pl\/wp-content\/uploads\/2020\/02\/logo.png\",\"contentUrl\":\"https:\/\/www.cukrowki.pl\/wp-content\/uploads\/2020\/02\/logo.png\",\"width\":220,\"height\":169,\"caption\":\"Wyj\u0105tkowe kr\u00f3wki z nadrukiem\"},\"image\":{\"@id\":\"https:\/\/cukrowka.dev10.pro\/cs\/#\/schema\/logo\/image\/\"}}]}<\/script>\n<!-- \/ Yoast SEO plugin. -->","yoast_head_json":{"title":"Bonboni\u00e9ra s karamelkama k narozenin\u00e1m. Zvolte jedine\u010dn\u00fd d\u00e1rek.","description":"Personalizovan\u00e1 bonboni\u00e9ra s karamelkama. Ud\u011blejte radost sv\u00fdm bl\u00edzk\u00fdm. Ne\u010dekejte! Objedn\u00e1vejte hned!","robots":{"index":"index","follow":"follow","max-snippet":"max-snippet:-1","max-image-preview":"max-image-preview:large","max-video-preview":"max-video-preview:-1"},"canonical":"https:\/\/cukrowka.dev10.pro\/cs\/produkt\/bonboniera-karamelky-k-narozeninam-vzor-25\/","og_locale":"cs_CZ","og_type":"article","og_title":"Bonboni\u00e9ra s karamelkama k narozenin\u00e1m. Zvolte jedine\u010dn\u00fd d\u00e1rek.","og_description":"Personalizovan\u00e1 bonboni\u00e9ra s karamelkama. Ud\u011blejte radost sv\u00fdm bl\u00edzk\u00fdm. Ne\u010dekejte! Objedn\u00e1vejte hned!","og_url":"https:\/\/cukrowka.dev10.pro\/cs\/produkt\/bonboniera-karamelky-k-narozeninam-vzor-25\/","og_site_name":"Wyj\u0105tkowe kr\u00f3wki z nadrukiem","article_modified_time":"2024-01-25T11:01:00+00:00","og_image":[{"width":2560,"height":2560,"url":"https:\/\/cukrowka.dev10.pro\/wp-content\/uploads\/2023\/01\/18_stka2_BOMBONIERKA_wiz-scaled.jpg","type":"image\/jpeg"}],"twitter_card":"summary_large_image","twitter_misc":{"Odhadovan\u00e1 doba \u010dten\u00ed":"1 minuta"},"schema":{"@context":"https:\/\/schema.org","@graph":[{"@type":"WebPage","@id":"https:\/\/cukrowka.dev10.pro\/cs\/produkt\/bonboniera-karamelky-k-narozeninam-vzor-25\/","url":"https:\/\/cukrowka.dev10.pro\/cs\/produkt\/bonboniera-karamelky-k-narozeninam-vzor-25\/","name":"Bonboni\u00e9ra s karamelkama k narozenin\u00e1m. Zvolte jedine\u010dn\u00fd d\u00e1rek.","isPartOf":{"@id":"https:\/\/cukrowka.dev10.pro\/cs\/#website"},"primaryImageOfPage":{"@id":"https:\/\/cukrowka.dev10.pro\/cs\/produkt\/bonboniera-karamelky-k-narozeninam-vzor-25\/#primaryimage"},"image":{"@id":"https:\/\/cukrowka.dev10.pro\/cs\/produkt\/bonboniera-karamelky-k-narozeninam-vzor-25\/#primaryimage"},"thumbnailUrl":"https:\/\/cukrowka.dev10.pro\/wp-content\/uploads\/2023\/01\/18_stka2_BOMBONIERKA_wiz-scaled.jpg","datePublished":"2023-01-12T12:56:08+00:00","dateModified":"2024-01-25T11:01:00+00:00","description":"Personalizovan\u00e1 bonboni\u00e9ra s karamelkama. Ud\u011blejte radost sv\u00fdm bl\u00edzk\u00fdm. Ne\u010dekejte! Objedn\u00e1vejte hned!","breadcrumb":{"@id":"https:\/\/cukrowka.dev10.pro\/cs\/produkt\/bonboniera-karamelky-k-narozeninam-vzor-25\/#breadcrumb"},"inLanguage":"cs","potentialAction":[{"@type":"ReadAction","target":["https:\/\/cukrowka.dev10.pro\/cs\/produkt\/bonboniera-karamelky-k-narozeninam-vzor-25\/"]}]},{"@type":"ImageObject","inLanguage":"cs","@id":"https:\/\/cukrowka.dev10.pro\/cs\/produkt\/bonboniera-karamelky-k-narozeninam-vzor-25\/#primaryimage","url":"https:\/\/cukrowka.dev10.pro\/wp-content\/uploads\/2023\/01\/18_stka2_BOMBONIERKA_wiz-scaled.jpg","contentUrl":"https:\/\/cukrowka.dev10.pro\/wp-content\/uploads\/2023\/01\/18_stka2_BOMBONIERKA_wiz-scaled.jpg","width":2560,"height":2560,"caption":"Bonboni\u00e9ra s karamelkami k narozenin\u00e1m"},{"@type":"BreadcrumbList","@id":"https:\/\/cukrowka.dev10.pro\/cs\/produkt\/bonboniera-karamelky-k-narozeninam-vzor-25\/#breadcrumb","itemListElement":[{"@type":"ListItem","position":1,"name":"Strona g\u0142\u00f3wna","item":"https:\/\/cukrowka.dev10.pro\/cs\/"},{"@type":"ListItem","position":2,"name":"Shop","item":"https:\/\/cukrowka.dev10.pro\/cs\/shop\/"},{"@type":"ListItem","position":3,"name":"Bonboni\u00e9ra karamelky k narozenin\u00e1m &#8211; vzor 25"}]},{"@type":"WebSite","@id":"https:\/\/cukrowka.dev10.pro\/cs\/#website","url":"https:\/\/cukrowka.dev10.pro\/cs\/","name":"Wyj\u0105tkowe kr\u00f3wki z nadrukiem","description":"reklamowe oraz \u015blubne","publisher":{"@id":"https:\/\/cukrowka.dev10.pro\/cs\/#organization"},"potentialAction":[{"@type":"SearchAction","target":{"@type":"EntryPoint","urlTemplate":"https:\/\/cukrowka.dev10.pro\/cs\/?s={search_term_string}"},"query-input":{"@type":"PropertyValueSpecification","valueRequired":true,"valueName":"search_term_string"}}],"inLanguage":"cs"},{"@type":"Organization","@id":"https:\/\/cukrowka.dev10.pro\/cs\/#organization","name":"Wyj\u0105tkowe kr\u00f3wki z nadrukiem","url":"https:\/\/cukrowka.dev10.pro\/cs\/","logo":{"@type":"ImageObject","inLanguage":"cs","@id":"https:\/\/cukrowka.dev10.pro\/cs\/#\/schema\/logo\/image\/","url":"https:\/\/www.cukrowki.pl\/wp-content\/uploads\/2020\/02\/logo.png","contentUrl":"https:\/\/www.cukrowki.pl\/wp-content\/uploads\/2020\/02\/logo.png","width":220,"height":169,"caption":"Wyj\u0105tkowe kr\u00f3wki z nadrukiem"},"image":{"@id":"https:\/\/cukrowka.dev10.pro\/cs\/#\/schema\/logo\/image\/"}}]}},"_links":{"self":[{"href":"https:\/\/cukrowka.dev10.pro\/cs\/wp-json\/wp\/v2\/product\/148716","targetHints":{"allow":["GET"]}}],"collection":[{"href":"https:\/\/cukrowka.dev10.pro\/cs\/wp-json\/wp\/v2\/product"}],"about":[{"href":"https:\/\/cukrowka.dev10.pro\/cs\/wp-json\/wp\/v2\/types\/product"}],"replies":[{"embeddable":true,"href":"https:\/\/cukrowka.dev10.pro\/cs\/wp-json\/wp\/v2\/comments?post=148716"}],"wp:featuredmedia":[{"embeddable":true,"href":"https:\/\/cukrowka.dev10.pro\/cs\/wp-json\/wp\/v2\/media\/107980"}],"wp:attachment":[{"href":"https:\/\/cukrowka.dev10.pro\/cs\/wp-json\/wp\/v2\/media?parent=148716"}],"wp:term":[{"taxonomy":"prod_collection","embeddable":true,"href":"https:\/\/cukrowka.dev10.pro\/cs\/wp-json\/wp\/v2\/prod_collection?post=148716"},{"taxonomy":"number","embeddable":true,"href":"https:\/\/cukrowka.dev10.pro\/cs\/wp-json\/wp\/v2\/number?post=148716"},{"taxonomy":"minimal-order","embeddable":true,"href":"https:\/\/cukrowka.dev10.pro\/cs\/wp-json\/wp\/v2\/minimal-order?post=148716"},{"taxonomy":"expiration-date","embeddable":true,"href":"https:\/\/cukrowka.dev10.pro\/cs\/wp-json\/wp\/v2\/expiration-date?post=148716"},{"taxonomy":"storage","embeddable":true,"href":"https:\/\/cukrowka.dev10.pro\/cs\/wp-json\/wp\/v2\/storage?post=148716"},{"taxonomy":"composition","embeddable":true,"href":"https:\/\/cukrowka.dev10.pro\/cs\/wp-json\/wp\/v2\/composition?post=148716"},{"taxonomy":"taste","embeddable":true,"href":"https:\/\/cukrowka.dev10.pro\/cs\/wp-json\/wp\/v2\/taste?post=148716"},{"taxonomy":"note","embeddable":true,"href":"https:\/\/cukrowka.dev10.pro\/cs\/wp-json\/wp\/v2\/note?post=148716"},{"taxonomy":"weight","embeddable":true,"href":"https:\/\/cukrowka.dev10.pro\/cs\/wp-json\/wp\/v2\/weight?post=148716"},{"taxonomy":"nutritional","embeddable":true,"href":"https:\/\/cukrowka.dev10.pro\/cs\/wp-json\/wp\/v2\/nutritional?post=148716"},{"taxonomy":"label-size","embeddable":true,"href":"https:\/\/cukrowka.dev10.pro\/cs\/wp-json\/wp\/v2\/label-size?post=148716"},{"taxonomy":"product-size","embeddable":true,"href":"https:\/\/cukrowka.dev10.pro\/cs\/wp-json\/wp\/v2\/product-size?post=148716"},{"taxonomy":"package-size","embeddable":true,"href":"https:\/\/cukrowka.dev10.pro\/cs\/wp-json\/wp\/v2\/package-size?post=148716"},{"taxonomy":"content","embeddable":true,"href":"https:\/\/cukrowka.dev10.pro\/cs\/wp-json\/wp\/v2\/content?post=148716"},{"taxonomy":"product_cat","embeddable":true,"href":"https:\/\/cukrowka.dev10.pro\/cs\/wp-json\/wp\/v2\/product_cat?post=148716"},{"taxonomy":"product_tag","embeddable":true,"href":"https:\/\/cukrowka.dev10.pro\/cs\/wp-json\/wp\/v2\/product_tag?post=148716"}],"curies":[{"name":"wp","href":"https:\/\/api.w.org\/{rel}","templated":true}]}}