{"id":83973,"date":"2020-03-10T14:39:27","date_gmt":"2020-03-10T13:39:27","guid":{"rendered":"https:\/\/www.cukrowki.pl\/o-nas\/"},"modified":"2022-10-25T15:23:16","modified_gmt":"2022-10-25T13:23:16","slug":"o-nas","status":"publish","type":"page","link":"https:\/\/cukrowka.dev10.pro\/cs\/o-nas\/","title":{"rendered":"O n\u00e1s"},"content":{"rendered":"<p>[vc_row][vc_column][vc_single_image image=&#8220;41311&#8243; img_size=&#8220;full&#8220;][\/vc_column][\/vc_row][vc_row][vc_column][vc_column_text]<\/p>\n<p style=\"text-align: justify\"><span data-redactor-span=\"true\" data-redactor-style-cache=\"color: #ffffff;\"><strong><a href=\"https:\/\/cs.cukrowki.pl\/kategoria\/reklamni-karamelky\/\" target=\"_blank\" rel=\"noopener noreferrer\">Karamelky<\/a> jsou na\u0161\u00ed specialitou<\/strong><\/span><\/p>\n<p style=\"text-align: justify\"><span data-redactor-span=\"true\" data-redactor-style-cache=\"color: #ffffff;\">Pokud se na n\u011bco specializujete, znamen\u00e1 to, \u017ee jste v tom dob\u0159\u00ed, nebo dokonce nejlep\u0161\u00ed. Jak u\u017e to tak b\u00fdv\u00e1, jsme nejlep\u0161\u00ed ve v\u00fdrob\u011b karamelek a v\u016fbec se za to nestyd\u00edme!<\/span><\/p>\n<p style=\"text-align: justify\"><span data-redactor-span=\"true\" data-redactor-style-cache=\"color: #3f3f3f;\">Zveme v\u00e1s do sv\u011bta na\u0161ich jedine\u010dn\u00fdch svatok\u0159\u00ed\u017esk\u00fdch karamelek, kter\u00e9 jsou d\u00edky sv\u011bdomit\u00e9 pr\u00e1ci a d\u016fkladnosti p\u0159esn\u011b takov\u00e9, jak\u00e9 maj\u00ed b\u00fdt. Hned po vyjmut\u00ed z formy jsou l\u00e1kav\u011b pru\u017en\u00e9 a von\u00ed po smetan\u011b a karamelu, zat\u00edmco po n\u011bkolika dnech za\u010dnou l\u00e1kav\u011b k\u0159upat a zachovaj\u00ed si tekut\u00fd vnit\u0159ek. \u00a0<\/span><\/p>\n<p>[\/vc_column_text][vc_single_image image=&#8220;42207&#8243; img_size=&#8220;full&#8220;][\/vc_column][\/vc_row][vc_row][vc_column width=&#8220;1\/2&#8243;][vc_column_text css=&#8220;.vc_custom_1619183185055{margin-top: 30px !important;margin-bottom: 30px !important;}&#8220;]<\/p>\n<p style=\"text-align: justify\"><strong>Karamelky \u2013 pravd\u011bpodobn\u011b ty\u00a0<em>nejlep\u0161\u00ed<\/em><\/strong><\/p>\n<p style=\"text-align: justify\">Takov\u00e9 n\u00e1zory na na\u0161e karamelky sl\u00fdch\u00e1me t\u00e9m\u011b\u0159 neust\u00e1le. Ur\u010dit\u011b za to vd\u011b\u010d\u00edme jedine\u010dn\u00e9 chuti na\u0161ich ru\u010dn\u011b balen\u00fdch karamelek. To je v\u0161ak jen polovina \u00fasp\u011bchu. Tajemstv\u00ed spo\u010d\u00edv\u00e1 tak\u00e9 v modern\u00edm designu etiket. Sami se rozhodnete, v jak\u00e9m oble\u010dku bude va\u0161e lahodn\u00e1 <strong>karamelka<\/strong> vypadat.<\/p>\n<p>[\/vc_column_text][\/vc_column][vc_column width=&#8220;1\/2&#8243;][vc_single_image image=&#8220;40755&#8243; img_size=&#8220;full&#8220; alignment=&#8220;center&#8220;][\/vc_column][\/vc_row][vc_row][vc_column width=&#8220;1\/2&#8243;][vc_column_text]<\/p>\n<p style=\"text-align: justify\">T\u0159e\u0161ni\u010dkou na dortu je v\u0161ak to, \u017ee na\u0161i pracovn\u00edci d\u00e1vaj\u00ed do ka\u017ed\u00e9 objedn\u00e1vky cel\u00e9 sv\u00e9 srdce. Ka\u017ed\u00e1 f\u00e1ze na\u0161\u00ed spolupr\u00e1ce s v\u00e1mi pro n\u00e1s hraje nesm\u00edrn\u011b d\u016fle\u017eitou roli. Realizace grafick\u00e9ho n\u00e1vrhu, ru\u010dn\u00ed balen\u00ed ka\u017ed\u00e9ho kusu, expedice objedn\u00e1vky &#8211; nic nenech\u00e1v\u00e1me n\u00e1hod\u011b.<\/p>\n<p style=\"text-align: justify\">Zamilovaly si je ji\u017e stovky tuzemsk\u00fdch z\u00e1kazn\u00edk\u016f, a proto\u017ee je vyv\u00e1\u017e\u00edme i do jin\u00fdch zem\u00ed, rychle se st\u00e1vaj\u00ed mezin\u00e1rodn\u00edm zbo\u017e\u00edm. Pokud je\u0161t\u011b nezn\u00e1te jejich chu\u0165, otestujte je zdarma &#8211;\u00a0<a href=\"https:\/\/www.cukrowki.pl\/kategoria\/krowki-na-probe\/\" target=\"_blank\" rel=\"noopener noreferrer\">zde.<\/a><\/p>\n<p>[\/vc_column_text][vc_column_text]<\/p>\n<p style=\"text-align: justify\"><strong>Polsk\u00e9 karamelky &#8211; vizitka zem\u011b<\/strong><\/p>\n<p style=\"text-align: justify\">V\u011bd\u011bli jste, \u017ee kulin\u00e1\u0159sk\u00e9 speciality jsou jedn\u00edm z nejobl\u00edben\u011bj\u0161\u00edch suven\u00fdr\u016f, kter\u00e9 si p\u0159iv\u00e1\u017e\u00edte ze zahrani\u010dn\u00edch cest? A tak se z It\u00e1lie vrac\u00edme s lahodn\u00fdm s\u00fdrem, vyzr\u00e1lou \u0161unkou a such\u00fdm v\u00ednem, z \u0158ecka s olivami a ouzem, z Islandu se su\u0161en\u00fdmi rybami a l\u00e9ko\u0159ic\u00ed a turist\u00e9, kte\u0159\u00ed nav\u0161t\u00edv\u00ed Polsko, se vracej\u00ed dom\u016f mimo jin\u00e9 s ml\u00e9\u010dn\u00fdmi cukrovinkami, kter\u00fdm \u0159\u00edkaj\u00ed\u00a0<strong><em>polsk\u00e9 karamelky<\/em><\/strong>.<\/p>\n<p style=\"text-align: justify\">Co vlastn\u011b p\u0159isp\u00edv\u00e1 k obrovsk\u00e9 oblib\u011b polsk\u00fdch karamelek doma i v zahrani\u010d\u00ed? V prvn\u00ed \u0159ad\u011b je to v\u011bdom\u00ed, \u017ee se jedn\u00e1 o tradi\u010dn\u00ed v\u00fdrobek. Ml\u00e9k\u00e1rny a v\u00fdrobci se ji\u017e l\u00e9ta sna\u017e\u00ed dodr\u017eovat osv\u011bd\u010den\u00fd recept. Chu\u0165, ji\u017e op\u0159eden\u00e1 legendou, je proto stejn\u011b l\u00e1kav\u00e1 v\u010dera jako dnes. Chut\u00ed polsk\u00fdch karamelek se r\u00e1di nechaj\u00ed zl\u00e1kat dom\u00e1c\u00ed i zahrani\u010dn\u00ed host\u00e9.<\/p>\n<p>[\/vc_column_text][\/vc_column][vc_column width=&#8220;1\/2&#8243;][vc_single_image image=&#8220;41507&#8243; img_size=&#8220;full&#8220; alignment=&#8220;center&#8220;][\/vc_column][\/vc_row][vc_row][vc_column][vc_column_text]<\/p>\n<p style=\"text-align: center\"><strong>Pod\u00edvejte se i na jin\u00e9 kategorie<\/strong><br \/>\n<span data-redactor-span=\"true\" data-redactor-style-cache=\"font-size: 10px;\"><a href=\"https:\/\/www.cukrowki.pl\/kategoria\/krowka-weselna\/\" target=\"_blank\" rel=\"noopener noreferrer\">Svatebn\u00ed karamelky &#8211; <\/a><a href=\"https:\/\/www.cukrowki.pl\/kategoria\/krowka-personalizowana\/\" target=\"_blank\" rel=\"noopener noreferrer\">Karamelky pro ka\u017edou p\u0159\u00edle\u017eitost<\/a>\u00a0&#8211;<a href=\"https:\/\/www.cukrowki.pl\/kategoria\/krowka-personalizowana\/\" target=\"_blank\" rel=\"noopener noreferrer\">\u00a0<\/a><a href=\"https:\/\/cs.cukrowki.pl\/kategoria\/reklamni-karamelky\/\" target=\"_blank\" rel=\"noopener noreferrer\">Karamelky s potiskem\u00a0<\/a>&#8211;\u00a0<a href=\"https:\/\/www.cukrowki.pl\/kategoria\/opakowania-na-krowki\/\" target=\"_blank\" rel=\"noopener noreferrer\">Balen\u00ed na karamelky<\/a><\/span><\/p>\n<p>[\/vc_column_text][\/vc_column][\/vc_row]<\/p>\n","protected":false},"excerpt":{"rendered":"<p>[vc_row][vc_column][vc_single_image image=&#8220;41311&#8243; img_size=&#8220;full&#8220;][\/vc_column][\/vc_row][vc_row][vc_column][vc_column_text] Karamelky jsou na\u0161\u00ed specialitou Pokud se na n\u011bco specializujete, znamen\u00e1 to, \u017ee jste v tom dob\u0159\u00ed, nebo dokonce nejlep\u0161\u00ed. Jak u\u017e to tak b\u00fdv\u00e1, jsme nejlep\u0161\u00ed ve&hellip;<\/p>\n","protected":false},"author":1,"featured_media":0,"parent":0,"menu_order":0,"comment_status":"closed","ping_status":"closed","template":"","meta":{"_acf_changed":false,"inline_featured_image":false,"footnotes":""},"class_list":["post-83973","page","type-page","status-publish","hentry"],"acf":[],"yoast_head":"<!-- This site is optimized with the Yoast SEO plugin v26.2 - https:\/\/yoast.com\/wordpress\/plugins\/seo\/ -->\n<title>Poznejte l\u00e9pe na\u0161e karamelky<\/title>\n<meta name=\"description\" content=\"Karamelka je ru\u010dn\u011b balen\u00fd karamelov\u00fd bonb\u00f3n s va\u0161\u00edm designem, kter\u00fd se ji\u017e l\u00e9ta vyr\u00e1b\u00ed v mal\u00e9 manufaktu\u0159e ve Svatok\u0159\u00ed\u017esku.\" \/>\n<meta name=\"robots\" content=\"index, follow, max-snippet:-1, max-image-preview:large, max-video-preview:-1\" \/>\n<link rel=\"canonical\" href=\"https:\/\/cukrowka.dev10.pro\/cs\/o-nas\/\" \/>\n<meta property=\"og:locale\" content=\"cs_CZ\" \/>\n<meta property=\"og:type\" content=\"article\" \/>\n<meta property=\"og:title\" content=\"Poznejte l\u00e9pe na\u0161e karamelky\" \/>\n<meta property=\"og:description\" content=\"Karamelka je ru\u010dn\u011b balen\u00fd karamelov\u00fd bonb\u00f3n s va\u0161\u00edm designem, kter\u00fd se ji\u017e l\u00e9ta vyr\u00e1b\u00ed v mal\u00e9 manufaktu\u0159e ve Svatok\u0159\u00ed\u017esku.\" \/>\n<meta property=\"og:url\" content=\"https:\/\/cukrowka.dev10.pro\/cs\/o-nas\/\" \/>\n<meta property=\"og:site_name\" content=\"Wyj\u0105tkowe kr\u00f3wki z nadrukiem\" \/>\n<meta property=\"article:modified_time\" content=\"2022-10-25T13:23:16+00:00\" \/>\n<meta name=\"twitter:card\" content=\"summary_large_image\" \/>\n<meta name=\"twitter:label1\" content=\"Odhadovan\u00e1 doba \u010dten\u00ed\" \/>\n\t<meta name=\"twitter:data1\" content=\"3 minuty\" \/>\n<script type=\"application\/ld+json\" class=\"yoast-schema-graph\">{\"@context\":\"https:\/\/schema.org\",\"@graph\":[{\"@type\":\"WebPage\",\"@id\":\"https:\/\/cukrowka.dev10.pro\/cs\/o-nas\/\",\"url\":\"https:\/\/cukrowka.dev10.pro\/cs\/o-nas\/\",\"name\":\"Poznejte l\u00e9pe na\u0161e karamelky\",\"isPartOf\":{\"@id\":\"https:\/\/cukrowka.dev10.pro\/cs\/#website\"},\"datePublished\":\"2020-03-10T13:39:27+00:00\",\"dateModified\":\"2022-10-25T13:23:16+00:00\",\"description\":\"Karamelka je ru\u010dn\u011b balen\u00fd karamelov\u00fd bonb\u00f3n s va\u0161\u00edm designem, kter\u00fd se ji\u017e l\u00e9ta vyr\u00e1b\u00ed v mal\u00e9 manufaktu\u0159e ve Svatok\u0159\u00ed\u017esku.\",\"breadcrumb\":{\"@id\":\"https:\/\/cukrowka.dev10.pro\/cs\/o-nas\/#breadcrumb\"},\"inLanguage\":\"cs\",\"potentialAction\":[{\"@type\":\"ReadAction\",\"target\":[\"https:\/\/cukrowka.dev10.pro\/cs\/o-nas\/\"]}]},{\"@type\":\"BreadcrumbList\",\"@id\":\"https:\/\/cukrowka.dev10.pro\/cs\/o-nas\/#breadcrumb\",\"itemListElement\":[{\"@type\":\"ListItem\",\"position\":1,\"name\":\"Strona g\u0142\u00f3wna\",\"item\":\"https:\/\/cukrowka.dev10.pro\/cs\/\"},{\"@type\":\"ListItem\",\"position\":2,\"name\":\"O n\u00e1s\"}]},{\"@type\":\"WebSite\",\"@id\":\"https:\/\/cukrowka.dev10.pro\/cs\/#website\",\"url\":\"https:\/\/cukrowka.dev10.pro\/cs\/\",\"name\":\"Wyj\u0105tkowe kr\u00f3wki z nadrukiem\",\"description\":\"reklamowe oraz \u015blubne\",\"publisher\":{\"@id\":\"https:\/\/cukrowka.dev10.pro\/cs\/#organization\"},\"potentialAction\":[{\"@type\":\"SearchAction\",\"target\":{\"@type\":\"EntryPoint\",\"urlTemplate\":\"https:\/\/cukrowka.dev10.pro\/cs\/?s={search_term_string}\"},\"query-input\":{\"@type\":\"PropertyValueSpecification\",\"valueRequired\":true,\"valueName\":\"search_term_string\"}}],\"inLanguage\":\"cs\"},{\"@type\":\"Organization\",\"@id\":\"https:\/\/cukrowka.dev10.pro\/cs\/#organization\",\"name\":\"Wyj\u0105tkowe kr\u00f3wki z nadrukiem\",\"url\":\"https:\/\/cukrowka.dev10.pro\/cs\/\",\"logo\":{\"@type\":\"ImageObject\",\"inLanguage\":\"cs\",\"@id\":\"https:\/\/cukrowka.dev10.pro\/cs\/#\/schema\/logo\/image\/\",\"url\":\"https:\/\/www.cukrowki.pl\/wp-content\/uploads\/2020\/02\/logo.png\",\"contentUrl\":\"https:\/\/www.cukrowki.pl\/wp-content\/uploads\/2020\/02\/logo.png\",\"width\":220,\"height\":169,\"caption\":\"Wyj\u0105tkowe kr\u00f3wki z nadrukiem\"},\"image\":{\"@id\":\"https:\/\/cukrowka.dev10.pro\/cs\/#\/schema\/logo\/image\/\"}}]}<\/script>\n<!-- \/ Yoast SEO plugin. -->","yoast_head_json":{"title":"Poznejte l\u00e9pe na\u0161e karamelky","description":"Karamelka je ru\u010dn\u011b balen\u00fd karamelov\u00fd bonb\u00f3n s va\u0161\u00edm designem, kter\u00fd se ji\u017e l\u00e9ta vyr\u00e1b\u00ed v mal\u00e9 manufaktu\u0159e ve Svatok\u0159\u00ed\u017esku.","robots":{"index":"index","follow":"follow","max-snippet":"max-snippet:-1","max-image-preview":"max-image-preview:large","max-video-preview":"max-video-preview:-1"},"canonical":"https:\/\/cukrowka.dev10.pro\/cs\/o-nas\/","og_locale":"cs_CZ","og_type":"article","og_title":"Poznejte l\u00e9pe na\u0161e karamelky","og_description":"Karamelka je ru\u010dn\u011b balen\u00fd karamelov\u00fd bonb\u00f3n s va\u0161\u00edm designem, kter\u00fd se ji\u017e l\u00e9ta vyr\u00e1b\u00ed v mal\u00e9 manufaktu\u0159e ve Svatok\u0159\u00ed\u017esku.","og_url":"https:\/\/cukrowka.dev10.pro\/cs\/o-nas\/","og_site_name":"Wyj\u0105tkowe kr\u00f3wki z nadrukiem","article_modified_time":"2022-10-25T13:23:16+00:00","twitter_card":"summary_large_image","twitter_misc":{"Odhadovan\u00e1 doba \u010dten\u00ed":"3 minuty"},"schema":{"@context":"https:\/\/schema.org","@graph":[{"@type":"WebPage","@id":"https:\/\/cukrowka.dev10.pro\/cs\/o-nas\/","url":"https:\/\/cukrowka.dev10.pro\/cs\/o-nas\/","name":"Poznejte l\u00e9pe na\u0161e karamelky","isPartOf":{"@id":"https:\/\/cukrowka.dev10.pro\/cs\/#website"},"datePublished":"2020-03-10T13:39:27+00:00","dateModified":"2022-10-25T13:23:16+00:00","description":"Karamelka je ru\u010dn\u011b balen\u00fd karamelov\u00fd bonb\u00f3n s va\u0161\u00edm designem, kter\u00fd se ji\u017e l\u00e9ta vyr\u00e1b\u00ed v mal\u00e9 manufaktu\u0159e ve Svatok\u0159\u00ed\u017esku.","breadcrumb":{"@id":"https:\/\/cukrowka.dev10.pro\/cs\/o-nas\/#breadcrumb"},"inLanguage":"cs","potentialAction":[{"@type":"ReadAction","target":["https:\/\/cukrowka.dev10.pro\/cs\/o-nas\/"]}]},{"@type":"BreadcrumbList","@id":"https:\/\/cukrowka.dev10.pro\/cs\/o-nas\/#breadcrumb","itemListElement":[{"@type":"ListItem","position":1,"name":"Strona g\u0142\u00f3wna","item":"https:\/\/cukrowka.dev10.pro\/cs\/"},{"@type":"ListItem","position":2,"name":"O n\u00e1s"}]},{"@type":"WebSite","@id":"https:\/\/cukrowka.dev10.pro\/cs\/#website","url":"https:\/\/cukrowka.dev10.pro\/cs\/","name":"Wyj\u0105tkowe kr\u00f3wki z nadrukiem","description":"reklamowe oraz \u015blubne","publisher":{"@id":"https:\/\/cukrowka.dev10.pro\/cs\/#organization"},"potentialAction":[{"@type":"SearchAction","target":{"@type":"EntryPoint","urlTemplate":"https:\/\/cukrowka.dev10.pro\/cs\/?s={search_term_string}"},"query-input":{"@type":"PropertyValueSpecification","valueRequired":true,"valueName":"search_term_string"}}],"inLanguage":"cs"},{"@type":"Organization","@id":"https:\/\/cukrowka.dev10.pro\/cs\/#organization","name":"Wyj\u0105tkowe kr\u00f3wki z nadrukiem","url":"https:\/\/cukrowka.dev10.pro\/cs\/","logo":{"@type":"ImageObject","inLanguage":"cs","@id":"https:\/\/cukrowka.dev10.pro\/cs\/#\/schema\/logo\/image\/","url":"https:\/\/www.cukrowki.pl\/wp-content\/uploads\/2020\/02\/logo.png","contentUrl":"https:\/\/www.cukrowki.pl\/wp-content\/uploads\/2020\/02\/logo.png","width":220,"height":169,"caption":"Wyj\u0105tkowe kr\u00f3wki z nadrukiem"},"image":{"@id":"https:\/\/cukrowka.dev10.pro\/cs\/#\/schema\/logo\/image\/"}}]}},"_links":{"self":[{"href":"https:\/\/cukrowka.dev10.pro\/cs\/wp-json\/wp\/v2\/pages\/83973","targetHints":{"allow":["GET"]}}],"collection":[{"href":"https:\/\/cukrowka.dev10.pro\/cs\/wp-json\/wp\/v2\/pages"}],"about":[{"href":"https:\/\/cukrowka.dev10.pro\/cs\/wp-json\/wp\/v2\/types\/page"}],"author":[{"embeddable":true,"href":"https:\/\/cukrowka.dev10.pro\/cs\/wp-json\/wp\/v2\/users\/1"}],"replies":[{"embeddable":true,"href":"https:\/\/cukrowka.dev10.pro\/cs\/wp-json\/wp\/v2\/comments?post=83973"}],"version-history":[{"count":7,"href":"https:\/\/cukrowka.dev10.pro\/cs\/wp-json\/wp\/v2\/pages\/83973\/revisions"}],"predecessor-version":[{"id":95774,"href":"https:\/\/cukrowka.dev10.pro\/cs\/wp-json\/wp\/v2\/pages\/83973\/revisions\/95774"}],"wp:attachment":[{"href":"https:\/\/cukrowka.dev10.pro\/cs\/wp-json\/wp\/v2\/media?parent=83973"}],"curies":[{"name":"wp","href":"https:\/\/api.w.org\/{rel}","templated":true}]}}