{"id":83535,"date":"2020-02-19T09:11:38","date_gmt":"2020-02-19T08:11:38","guid":{"rendered":"https:\/\/www.cukrowki.pl\/kontakt\/"},"modified":"2024-04-19T15:43:14","modified_gmt":"2024-04-19T13:43:14","slug":"kontakt","status":"publish","type":"page","link":"https:\/\/cukrowka.dev10.pro\/cs\/kontakt\/","title":{"rendered":"Kontakt"},"content":{"rendered":"<p>[vc_row][vc_column offset=&#8220;vc_col-sm-offset-0&#8243;][vc_custom_heading text=&#8220;<strong>M\u00e1te dotazy, n\u00e1vrh, odvol\u00e1n\u00ed nebo mo\u017en\u00e1 chcete zadat nestandardn\u00ed objedn\u00e1vku na fudge? Z\u00e1kaznick\u00fd servis Shepherd \u010dek\u00e1 na va\u0161i zpr\u00e1vu.<\/strong>&#8220; font_container=&#8220;tag:h5|text_align:center&#8220; use_theme_fonts=&#8220;yes&#8220; css=&#8220;.vc_custom_1703949948906{margin-bottom: 30px !important;}&#8220;][vc_custom_heading text=&#8220;Pokud chcete napsat, \u017ee jsme skv\u011bl\u00ed, m\u016f\u017eete to ud\u011blat i zde. Nemus\u00edte se styd\u011bt :-)&#8220; font_container=&#8220;tag:h5|text_align:center&#8220; use_theme_fonts=&#8220;yes&#8220; css=&#8220;.vc_custom_1587107880453{margin-bottom: 10px !important;}&#8220;][vc_empty_space height=&#8220;30px&#8220;][vc_row_inner][vc_column_inner width=&#8220;1\/6&#8243;][\/vc_column_inner][vc_column_inner width=&#8220;2\/3&#8243;]\n<div class=\"wpcf7 no-js\" id=\"wpcf7-f83534-o1\" lang=\"cs-CZ\" dir=\"ltr\">\n<div class=\"screen-reader-response\"><p role=\"status\" aria-live=\"polite\" aria-atomic=\"true\"><\/p> <ul><\/ul><\/div>\n<form action=\"\/cs\/wp-json\/wp\/v2\/pages\/83535#wpcf7-f83534-o1\" method=\"post\" class=\"wpcf7-form init\" aria-label=\"Kontaktn\u00ed formul\u00e1\u0159\" novalidate=\"novalidate\" data-status=\"init\">\n<div style=\"display: none;\">\n<input type=\"hidden\" name=\"_wpcf7\" value=\"83534\" \/>\n<input type=\"hidden\" name=\"_wpcf7_version\" value=\"5.8\" \/>\n<input type=\"hidden\" name=\"_wpcf7_locale\" value=\"cs_CZ\" \/>\n<input type=\"hidden\" name=\"_wpcf7_unit_tag\" value=\"wpcf7-f83534-o1\" \/>\n<input type=\"hidden\" name=\"_wpcf7_container_post\" value=\"0\" \/>\n<input type=\"hidden\" name=\"_wpcf7_posted_data_hash\" value=\"\" \/>\n<\/div>\n<div class=\"row gap-70\">\n\t<div class=\"col-sm-6 col\">\n\t\t<p><label><span class=\"label\">Tv\u00e9 jm\u00e9no<\/span><span class=\"wpcf7-form-control-wrap\" data-name=\"your-name\"><input size=\"40\" class=\"wpcf7-form-control wpcf7-text wpcf7-validates-as-required\" aria-required=\"true\" aria-invalid=\"false\" value=\"\" type=\"text\" name=\"your-name\" \/><\/span><\/label>\n\t\t<\/p>\n\t<\/div>\n\t<div class=\"col-sm-6 col\">\n\t\t<p><label><span class=\"label\">Tv\u016fj e-mail<\/span><span class=\"wpcf7-form-control-wrap\" data-name=\"your-email\"><input size=\"40\" class=\"wpcf7-form-control wpcf7-email wpcf7-validates-as-required wpcf7-text wpcf7-validates-as-email\" aria-required=\"true\" aria-invalid=\"false\" value=\"\" type=\"email\" name=\"your-email\" \/><\/span><\/label>\n\t\t<\/p>\n\t<\/div>\n<\/div>\n<div class=\"row\">\n\t<div class=\"col-sm-12 col\">\n\t\t<p><label><span class=\"label\">P\u0159edm\u011bt<\/span><span class=\"wpcf7-form-control-wrap\" data-name=\"your-subject\"><input size=\"40\" class=\"wpcf7-form-control wpcf7-text\" aria-invalid=\"false\" value=\"\" type=\"text\" name=\"your-subject\" \/><\/span><\/label>\n\t\t<\/p>\n\t<\/div>\n<\/div>\n<div class=\"row\">\n\t<div class=\"col-sm-12 col\">\n\t\t<p><label><span class=\"label\">Text<\/span><span class=\"wpcf7-form-control-wrap\" data-name=\"your-message\"><textarea cols=\"40\" rows=\"10\" class=\"wpcf7-form-control wpcf7-textarea\" aria-invalid=\"false\" name=\"your-message\"><\/textarea><\/span><\/label>\n\t\t<\/p>\n\t<\/div>\n<\/div>\n<p><input class=\"wpcf7-form-control wpcf7-submit has-spinner\" type=\"submit\" value=\"Odeslat!\" \/>\n<\/p><div class=\"wpcf7-response-output\" aria-hidden=\"true\"><\/div>\n<\/form>\n<\/div>\n[\/vc_column_inner][vc_column_inner width=&#8220;1\/6&#8243;][\/vc_column_inner][\/vc_row_inner][vc_empty_space height=&#8220;50px&#8220;][vc_row_inner][vc_column_inner][konte_info_list info=&#8220;%5B%7B%22label%22%3A%22E-mail%22%2C%22value%22%3A%22%3Ca%20href%3D%5C%22mailto%3Abiuro%40karemelove.cz%5C%22%20target%3D_blank%3Ebiuro%40karemelove.cz%3C%2Fa%3E%22%7D%2C%7B%22label%22%3A%22Hodiny%22%2C%22value%22%3A%22Na%C5%A1i%20konzultanti%20jsou%20k%20dispozici%20od%20pond%C4%9Bl%C3%AD%20do%20p%C3%A1tku%20od%209%20do%2017%20hodin.%22%7D%5D&#8220;][\/vc_column_inner][\/vc_row_inner][vc_empty_space height=&#8220;30px&#8220;][vc_row_inner disable_element=&#8220;yes&#8220;][vc_column_inner css=&#8220;.vc_custom_1535526273850{padding-left: 0px !important;}&#8220;][vc_icon icon_fontawesome=&#8220;fab fa-facebook-f&#8220; color=&#8220;custom&#8220; size=&#8220;sm&#8220; link=&#8220;url:https%3A%2F%2Fwww.facebook.com%2FCukrowka%2F|target:%20_blank|&#8220; custom_color=&#8220;#f6aeb9&#8243;][vc_icon icon_fontawesome=&#8220;fab fa-instagram&#8220; color=&#8220;custom&#8220; size=&#8220;sm&#8220; link=&#8220;url:https%3A%2F%2Fwww.instagram.com%2Fcukrowka.pl%2F|target:%20_blank|&#8220; custom_color=&#8220;#f6aeb9&#8243;][vc_icon icon_fontawesome=&#8220;fab fa-pinterest-p&#8220; color=&#8220;custom&#8220; size=&#8220;sm&#8220; link=&#8220;url:https%3A%2F%2Fpl.pinterest.com%2Fcukrwki%2F|target:%20_blank|&#8220; custom_color=&#8220;#f6aeb9&#8243;][\/vc_column_inner][\/vc_row_inner][\/vc_column][\/vc_row]<\/p>\n","protected":false},"excerpt":{"rendered":"<p>[vc_row][vc_column offset=&#8220;vc_col-sm-offset-0&#8243;][vc_custom_heading text=&#8220;M\u00e1te dotazy, n\u00e1vrh, odvol\u00e1n\u00ed nebo mo\u017en\u00e1 chcete zadat nestandardn\u00ed objedn\u00e1vku na fudge? Z\u00e1kaznick\u00fd servis Shepherd \u010dek\u00e1 na va\u0161i zpr\u00e1vu.&#8220; font_container=&#8220;tag:h5|text_align:center&#8220; use_theme_fonts=&#8220;yes&#8220; css=&#8220;.vc_custom_1703949948906{margin-bottom: 30px !important;}&#8220;][vc_custom_heading text=&#8220;Pokud chcete napsat, \u017ee&hellip;<\/p>\n","protected":false},"author":1,"featured_media":0,"parent":0,"menu_order":0,"comment_status":"closed","ping_status":"closed","template":"","meta":{"_acf_changed":false,"inline_featured_image":false,"footnotes":""},"class_list":["post-83535","page","type-page","status-publish","hentry"],"acf":[],"yoast_head":"<!-- This site is optimized with the Yoast SEO plugin v26.2 - https:\/\/yoast.com\/wordpress\/plugins\/seo\/ -->\n<title>Kontakt - Karamelky s logem<\/title>\n<meta name=\"description\" content=\"Kontakt na v\u00fdrobce reklamn\u00edch karamelek. Jsme v\u00fdrobcem polsk\u00fdch karamelek. Tradi\u010dn\u00ed karamelky pro reklamu i na svatbu. Vyr\u00e1b\u00ed se ji\u017e n\u011bkolik let ve Svatok\u0159\u00ed\u017esk\u00e9m vojvodstv\u00ed. Nev\u00e1hejte se obr\u00e1tit na na\u0161e konzultanty.\" \/>\n<meta name=\"robots\" content=\"index, follow, max-snippet:-1, max-image-preview:large, max-video-preview:-1\" \/>\n<link rel=\"canonical\" href=\"https:\/\/cukrowka.dev10.pro\/cs\/kontakt\/\" \/>\n<meta property=\"og:locale\" content=\"cs_CZ\" \/>\n<meta property=\"og:type\" content=\"article\" \/>\n<meta property=\"og:title\" content=\"Kontakt - Karamelky s logem\" \/>\n<meta property=\"og:description\" content=\"Kontakt na v\u00fdrobce reklamn\u00edch karamelek. Jsme v\u00fdrobcem polsk\u00fdch karamelek. Tradi\u010dn\u00ed karamelky pro reklamu i na svatbu. Vyr\u00e1b\u00ed se ji\u017e n\u011bkolik let ve Svatok\u0159\u00ed\u017esk\u00e9m vojvodstv\u00ed. Nev\u00e1hejte se obr\u00e1tit na na\u0161e konzultanty.\" \/>\n<meta property=\"og:url\" content=\"https:\/\/cukrowka.dev10.pro\/cs\/kontakt\/\" \/>\n<meta property=\"og:site_name\" content=\"Wyj\u0105tkowe kr\u00f3wki z nadrukiem\" \/>\n<meta property=\"article:modified_time\" content=\"2024-04-19T13:43:14+00:00\" \/>\n<meta name=\"twitter:card\" content=\"summary_large_image\" \/>\n<meta name=\"twitter:label1\" content=\"Odhadovan\u00e1 doba \u010dten\u00ed\" \/>\n\t<meta name=\"twitter:data1\" content=\"2 minuty\" \/>\n<script type=\"application\/ld+json\" class=\"yoast-schema-graph\">{\"@context\":\"https:\/\/schema.org\",\"@graph\":[{\"@type\":\"WebPage\",\"@id\":\"https:\/\/cukrowka.dev10.pro\/cs\/kontakt\/\",\"url\":\"https:\/\/cukrowka.dev10.pro\/cs\/kontakt\/\",\"name\":\"Kontakt - Karamelky s logem\",\"isPartOf\":{\"@id\":\"https:\/\/cukrowka.dev10.pro\/cs\/#website\"},\"datePublished\":\"2020-02-19T08:11:38+00:00\",\"dateModified\":\"2024-04-19T13:43:14+00:00\",\"description\":\"Kontakt na v\u00fdrobce reklamn\u00edch karamelek. Jsme v\u00fdrobcem polsk\u00fdch karamelek. Tradi\u010dn\u00ed karamelky pro reklamu i na svatbu. Vyr\u00e1b\u00ed se ji\u017e n\u011bkolik let ve Svatok\u0159\u00ed\u017esk\u00e9m vojvodstv\u00ed. Nev\u00e1hejte se obr\u00e1tit na na\u0161e konzultanty.\",\"breadcrumb\":{\"@id\":\"https:\/\/cukrowka.dev10.pro\/cs\/kontakt\/#breadcrumb\"},\"inLanguage\":\"cs\",\"potentialAction\":[{\"@type\":\"ReadAction\",\"target\":[\"https:\/\/cukrowka.dev10.pro\/cs\/kontakt\/\"]}]},{\"@type\":\"BreadcrumbList\",\"@id\":\"https:\/\/cukrowka.dev10.pro\/cs\/kontakt\/#breadcrumb\",\"itemListElement\":[{\"@type\":\"ListItem\",\"position\":1,\"name\":\"Strona g\u0142\u00f3wna\",\"item\":\"https:\/\/cukrowka.dev10.pro\/cs\/\"},{\"@type\":\"ListItem\",\"position\":2,\"name\":\"Kontakt\"}]},{\"@type\":\"WebSite\",\"@id\":\"https:\/\/cukrowka.dev10.pro\/cs\/#website\",\"url\":\"https:\/\/cukrowka.dev10.pro\/cs\/\",\"name\":\"Wyj\u0105tkowe kr\u00f3wki z nadrukiem\",\"description\":\"reklamowe oraz \u015blubne\",\"publisher\":{\"@id\":\"https:\/\/cukrowka.dev10.pro\/cs\/#organization\"},\"potentialAction\":[{\"@type\":\"SearchAction\",\"target\":{\"@type\":\"EntryPoint\",\"urlTemplate\":\"https:\/\/cukrowka.dev10.pro\/cs\/?s={search_term_string}\"},\"query-input\":{\"@type\":\"PropertyValueSpecification\",\"valueRequired\":true,\"valueName\":\"search_term_string\"}}],\"inLanguage\":\"cs\"},{\"@type\":\"Organization\",\"@id\":\"https:\/\/cukrowka.dev10.pro\/cs\/#organization\",\"name\":\"Wyj\u0105tkowe kr\u00f3wki z nadrukiem\",\"url\":\"https:\/\/cukrowka.dev10.pro\/cs\/\",\"logo\":{\"@type\":\"ImageObject\",\"inLanguage\":\"cs\",\"@id\":\"https:\/\/cukrowka.dev10.pro\/cs\/#\/schema\/logo\/image\/\",\"url\":\"https:\/\/www.cukrowki.pl\/wp-content\/uploads\/2020\/02\/logo.png\",\"contentUrl\":\"https:\/\/www.cukrowki.pl\/wp-content\/uploads\/2020\/02\/logo.png\",\"width\":220,\"height\":169,\"caption\":\"Wyj\u0105tkowe kr\u00f3wki z nadrukiem\"},\"image\":{\"@id\":\"https:\/\/cukrowka.dev10.pro\/cs\/#\/schema\/logo\/image\/\"}}]}<\/script>\n<!-- \/ Yoast SEO plugin. -->","yoast_head_json":{"title":"Kontakt - Karamelky s logem","description":"Kontakt na v\u00fdrobce reklamn\u00edch karamelek. Jsme v\u00fdrobcem polsk\u00fdch karamelek. Tradi\u010dn\u00ed karamelky pro reklamu i na svatbu. Vyr\u00e1b\u00ed se ji\u017e n\u011bkolik let ve Svatok\u0159\u00ed\u017esk\u00e9m vojvodstv\u00ed. Nev\u00e1hejte se obr\u00e1tit na na\u0161e konzultanty.","robots":{"index":"index","follow":"follow","max-snippet":"max-snippet:-1","max-image-preview":"max-image-preview:large","max-video-preview":"max-video-preview:-1"},"canonical":"https:\/\/cukrowka.dev10.pro\/cs\/kontakt\/","og_locale":"cs_CZ","og_type":"article","og_title":"Kontakt - Karamelky s logem","og_description":"Kontakt na v\u00fdrobce reklamn\u00edch karamelek. Jsme v\u00fdrobcem polsk\u00fdch karamelek. Tradi\u010dn\u00ed karamelky pro reklamu i na svatbu. Vyr\u00e1b\u00ed se ji\u017e n\u011bkolik let ve Svatok\u0159\u00ed\u017esk\u00e9m vojvodstv\u00ed. Nev\u00e1hejte se obr\u00e1tit na na\u0161e konzultanty.","og_url":"https:\/\/cukrowka.dev10.pro\/cs\/kontakt\/","og_site_name":"Wyj\u0105tkowe kr\u00f3wki z nadrukiem","article_modified_time":"2024-04-19T13:43:14+00:00","twitter_card":"summary_large_image","twitter_misc":{"Odhadovan\u00e1 doba \u010dten\u00ed":"2 minuty"},"schema":{"@context":"https:\/\/schema.org","@graph":[{"@type":"WebPage","@id":"https:\/\/cukrowka.dev10.pro\/cs\/kontakt\/","url":"https:\/\/cukrowka.dev10.pro\/cs\/kontakt\/","name":"Kontakt - Karamelky s logem","isPartOf":{"@id":"https:\/\/cukrowka.dev10.pro\/cs\/#website"},"datePublished":"2020-02-19T08:11:38+00:00","dateModified":"2024-04-19T13:43:14+00:00","description":"Kontakt na v\u00fdrobce reklamn\u00edch karamelek. Jsme v\u00fdrobcem polsk\u00fdch karamelek. Tradi\u010dn\u00ed karamelky pro reklamu i na svatbu. Vyr\u00e1b\u00ed se ji\u017e n\u011bkolik let ve Svatok\u0159\u00ed\u017esk\u00e9m vojvodstv\u00ed. Nev\u00e1hejte se obr\u00e1tit na na\u0161e konzultanty.","breadcrumb":{"@id":"https:\/\/cukrowka.dev10.pro\/cs\/kontakt\/#breadcrumb"},"inLanguage":"cs","potentialAction":[{"@type":"ReadAction","target":["https:\/\/cukrowka.dev10.pro\/cs\/kontakt\/"]}]},{"@type":"BreadcrumbList","@id":"https:\/\/cukrowka.dev10.pro\/cs\/kontakt\/#breadcrumb","itemListElement":[{"@type":"ListItem","position":1,"name":"Strona g\u0142\u00f3wna","item":"https:\/\/cukrowka.dev10.pro\/cs\/"},{"@type":"ListItem","position":2,"name":"Kontakt"}]},{"@type":"WebSite","@id":"https:\/\/cukrowka.dev10.pro\/cs\/#website","url":"https:\/\/cukrowka.dev10.pro\/cs\/","name":"Wyj\u0105tkowe kr\u00f3wki z nadrukiem","description":"reklamowe oraz \u015blubne","publisher":{"@id":"https:\/\/cukrowka.dev10.pro\/cs\/#organization"},"potentialAction":[{"@type":"SearchAction","target":{"@type":"EntryPoint","urlTemplate":"https:\/\/cukrowka.dev10.pro\/cs\/?s={search_term_string}"},"query-input":{"@type":"PropertyValueSpecification","valueRequired":true,"valueName":"search_term_string"}}],"inLanguage":"cs"},{"@type":"Organization","@id":"https:\/\/cukrowka.dev10.pro\/cs\/#organization","name":"Wyj\u0105tkowe kr\u00f3wki z nadrukiem","url":"https:\/\/cukrowka.dev10.pro\/cs\/","logo":{"@type":"ImageObject","inLanguage":"cs","@id":"https:\/\/cukrowka.dev10.pro\/cs\/#\/schema\/logo\/image\/","url":"https:\/\/www.cukrowki.pl\/wp-content\/uploads\/2020\/02\/logo.png","contentUrl":"https:\/\/www.cukrowki.pl\/wp-content\/uploads\/2020\/02\/logo.png","width":220,"height":169,"caption":"Wyj\u0105tkowe kr\u00f3wki z nadrukiem"},"image":{"@id":"https:\/\/cukrowka.dev10.pro\/cs\/#\/schema\/logo\/image\/"}}]}},"_links":{"self":[{"href":"https:\/\/cukrowka.dev10.pro\/cs\/wp-json\/wp\/v2\/pages\/83535","targetHints":{"allow":["GET"]}}],"collection":[{"href":"https:\/\/cukrowka.dev10.pro\/cs\/wp-json\/wp\/v2\/pages"}],"about":[{"href":"https:\/\/cukrowka.dev10.pro\/cs\/wp-json\/wp\/v2\/types\/page"}],"author":[{"embeddable":true,"href":"https:\/\/cukrowka.dev10.pro\/cs\/wp-json\/wp\/v2\/users\/1"}],"replies":[{"embeddable":true,"href":"https:\/\/cukrowka.dev10.pro\/cs\/wp-json\/wp\/v2\/comments?post=83535"}],"version-history":[{"count":3,"href":"https:\/\/cukrowka.dev10.pro\/cs\/wp-json\/wp\/v2\/pages\/83535\/revisions"}],"predecessor-version":[{"id":158825,"href":"https:\/\/cukrowka.dev10.pro\/cs\/wp-json\/wp\/v2\/pages\/83535\/revisions\/158825"}],"wp:attachment":[{"href":"https:\/\/cukrowka.dev10.pro\/cs\/wp-json\/wp\/v2\/media?parent=83535"}],"curies":[{"name":"wp","href":"https:\/\/api.w.org\/{rel}","templated":true}]}}