{"id":79459,"date":"2020-04-21T11:23:22","date_gmt":"2020-04-21T09:23:22","guid":{"rendered":"https:\/\/www.cukrowki.pl\/hlavni-strana\/"},"modified":"2024-04-19T17:07:55","modified_gmt":"2024-04-19T15:07:55","slug":"hlavni-strana","status":"publish","type":"page","link":"https:\/\/cukrowka.dev10.pro\/cs\/","title":{"rendered":"Hlavn\u00ed strana"},"content":{"rendered":"<p>[vc_row full_width=&#8220;stretch_row_content&#8220; gap=&#8220;40&#8243; css=&#8220;.vc_custom_1540802775024{padding-right: 40px !important;padding-left: 40px !important;}&#8220; el_class=&#8220;promotions-columns konte-row-container&#8220;][vc_column offset=&#8220;vc_col-lg-4 vc_col-md-12&#8243;][konte_button shape=&#8220;square&#8220; size=&#8220;medium&#8220; el_class=&#8220;full-width-one&#8220; link=&#8220;url:%2Fsledzenie-przesylki%2F|||&#8220;]\u010cas realizace objedn\u00e1vky[\/konte_button][\/vc_column][vc_column width=&#8220;1\/3&#8243; offset=&#8220;vc_col-lg-4 vc_col-md-12&#8243;][konte_button shape=&#8220;square&#8220; size=&#8220;medium&#8220; el_class=&#8220;full-width-two&#8220; link=&#8220;url:https%3A%2F%2Fwww.cukrowki.pl%2Fkategoria%2Fkrowki-na-probe%2F|||&#8220;]Vzorek zdarma[\/konte_button][\/vc_column][vc_column offset=&#8220;vc_col-lg-4 vc_col-md-12 vc_col-xs-12&#8243;][konte_button shape=&#8220;square&#8220; size=&#8220;medium&#8220; el_class=&#8220;full-width-three&#8220; link=&#8220;url:%2Fnajczesciej-zadawane-pytania%2F|||&#8220;]FAQ &#8211; nej\u010dast\u011bj\u0161\u00ed ot\u00e1zky[\/konte_button][\/vc_column][\/vc_row][vc_row full_width=&#8220;stretch_row_content&#8220; gap=&#8220;20&#8243; css=&#8220;.vc_custom_1587995936318{margin-top: -10px !important;padding-right: 50px !important;padding-left: 50px !important;}&#8220; el_class=&#8220;konte-row-container-grid&#8220;][vc_column offset=&#8220;vc_col-lg-7&#8243;][konte_banner text_position=&#8220;top-left&#8220; font_container=&#8220;font_size:30&#8243; content_weight=&#8220;bold&#8220; scheme=&#8220;light&#8220; button_type=&#8220;normal&#8220; button_size=&#8220;medium&#8220; button_text=&#8220;Firemn\u00ed karamelky&#8220; button_visibility=&#8220;hover&#8220; image=&#8220;158531&#8243; link=&#8220;url:https%3A%2F%2Fkaramelove.cz%2Fkategorie%2Freklamni-karamelky%2F|title:Reklamn%C3%AD%20karamelky|target:%20_blank|&#8220;][\/konte_banner][vc_row_inner equal_height=&#8220;yes&#8220; gap=&#8220;20&#8243; css=&#8220;.vc_custom_1579773395955{margin-top: 20px !important;}&#8220;][vc_column_inner offset=&#8220;vc_col-lg-6 vc_col-md-6&#8243;][konte_banner text_position=&#8220;center&#8220; font_container=&#8220;font_size:30px&#8220; scheme=&#8220;light&#8220; button_type=&#8220;normal&#8220; button_size=&#8220;medium&#8220; button_text=&#8220;Karamelky ke k\u0159tu&#8220; button_visibility=&#8220;hover&#8220; link=&#8220;url:https%3A%2F%2Fkaramelove.cz%2Fkategorie%2Fkaramelky-na-krtiny%2F|title:Karamelky%20na%20k%C5%99tiny|target:%20_blank|&#8220; css=&#8220;.vc_custom_1713539233496{margin-bottom: 20px !important;background-color: #ffefe0 !important;}&#8220; image=&#8220;158537&#8243;][\/konte_banner][\/vc_column_inner][vc_column_inner offset=&#8220;vc_col-lg-6 vc_col-md-6&#8243;][konte_banner_countdown image_size=&#8220;504&#215;281&#8243; text=&#8220;\u015awi\u0119ta!&#8220; button_text=&#8220;&#8220; image=&#8220;87878&#8243; link=&#8220;url:https%3A%2F%2Fwww.cukrowki.pl%2Fkategoria%2Fkrowka-na-swieta%2F|title:Kr%C3%B3wki%20na%20%C5%9Awi%C4%99ta|target:%20_blank|&#8220; date=&#8220;2022\/12\/24&#8243; tagline=&#8220;Coraz Bli\u017cej&#8230;&#8220;][\/vc_column_inner][\/vc_row_inner][\/vc_column][vc_column offset=&#8220;vc_col-lg-5&#8243;][vc_row_inner gap=&#8220;20&#8243;][vc_column_inner el_class=&#8220;daily-standards-column&#8220; width=&#8220;1\/2&#8243; offset=&#8220;vc_col-lg-12 vc_col-md-7 vc_col-xs-12&#8243;][konte_banner text_position=&#8220;center&#8220; font_container=&#8220;font_size:30&#8243; scheme=&#8220;light&#8220; button_type=&#8220;normal&#8220; button_size=&#8220;normal&#8220; button_text=&#8220;Svatebn\u00ed karamelky&#8220; button_visibility=&#8220;hover&#8220; image=&#8220;158534&#8243; link=&#8220;url:https%3A%2F%2Fkaramelove.cz%2Fkategorie%2Fsvatebni-karamelky%2F|title:Svatebn%C3%AD%20karamelky|target:%20_blank|&#8220; css=&#8220;.vc_custom_1713539221199{margin-bottom: 20px !important;}&#8220;][\/konte_banner][\/vc_column_inner][vc_column_inner el_class=&#8220;deal-of-week-column&#8220; width=&#8220;1\/2&#8243; offset=&#8220;vc_col-lg-12 vc_col-md-5 vc_col-xs-12&#8243;][konte_banner text_position=&#8220;center&#8220; font_container=&#8220;font_size:30&#8243; scheme=&#8220;light&#8220; button_type=&#8220;normal&#8220; button_size=&#8220;normal&#8220; button_text=&#8220;Narozeninov\u00e9 karamelky&#8220; button_visibility=&#8220;hover&#8220; el_class=&#8220;konte-button.button-outline, black&#8220; image=&#8220;158528&#8243; link=&#8220;url:https%3A%2F%2Fkaramelove.cz%2Fkategorie%2Fnarozeninove-karamelky%2F|title:Narozeninov%C3%A9%20karamelky|target:%20_blank|&#8220; css=&#8220;.vc_custom_1713539272131{margin-bottom: 20px !important;}&#8220;][\/konte_banner][\/vc_column_inner][\/vc_row_inner][\/vc_column][\/vc_row][vc_row][vc_column][vc_empty_space height=&#8220;20px&#8220;][\/vc_column][\/vc_row][vc_row full_width=&#8220;stretch_row_content&#8220;][vc_column offset=&#8220;vc_col-lg-offset-1 vc_col-lg-10&#8243;][konte_product_grid limit=&#8220;8&#8243; columns=&#8220;4&#8243; type=&#8220;menu_order&#8220; category=&#8220;svatebni-karamelky&#8220;][\/konte_product_grid][\/vc_column][\/vc_row][vc_row full_width=&#8220;stretch_row_content&#8220;][vc_column offset=&#8220;vc_col-lg-offset-1 vc_col-lg-10&#8243;][vc_empty_space height=&#8220;50px&#8220;][vc_column_text]<\/p>\n<div style=\"color: #aaaaaa;\">\n<h1 style=\"font-size: 22px;\">Karamelky &#8211; jedine\u010dn\u00e9 reklamn\u00ed sladkosti<\/h1>\n<p style=\"font-size: 12px; line-height: 14px;\">V\u00edtejte, mil\u00fd n\u00e1v\u0161t\u011bvn\u00edku. Na\u0161i pracovn\u00edci v\u00e1s srde\u010dn\u011b zvou do sladk\u00e9ho sv\u011bta cukrovinek. Zde s l\u00e1skou vyr\u00e1b\u00edme cukrovinky, kter\u00e9 zn\u00e1te a milujete. Cukrovinky, kter\u00e9 si v\u011bt\u0161ina z v\u00e1s spojuje s bla\u017een\u00fdm d\u011btstv\u00edm, m\u00e1 u n\u00e1s zcela jedine\u010dnou a dosud nezn\u00e1mou podobu. Ud\u011blali jsme to takto &#8211; vzali jsme na\u0161e obl\u00edben\u00e9 ikonick\u00e9, sladk\u00e9, t\u00e1hnouc\u00ed se karamelky a prom\u011bnili je. V\u00fdsledkem jsou des\u00edtky jedine\u010dn\u00fdch <strong>personalizovan\u00fdch karamelek<\/strong> pro zvl\u00e1\u0161tn\u00ed p\u0159\u00edle\u017eitosti!<\/p>\n<h2 style=\"font-size: 22px;\">Sladk\u00e9 karamelky pro ka\u017edou p\u0159\u00edle\u017eitost<\/h2>\n<p style=\"font-size: 12px; line-height: 14px;\">Sta\u010d\u00ed se pod\u00edvat na na\u0161e realizace, abyste vid\u011bli, jak jemn\u011b propracovan\u00e9 a jedine\u010dn\u00e9 podoby mohou karamelky m\u00edt.\u00a0<a style=\"color: #aaaaaa;\" href=\"https:\/\/cs.cukrowki.pl\/kategoria\/reklamni-karamelky\/\"><u><strong>Personalizovan\u00e9 karamelky<\/strong><\/u><\/a>, jsou zde rozhodn\u011b v pop\u0159ed\u00ed a jsou skv\u011bl\u00fdm n\u00e1padem pro ka\u017edou p\u0159\u00edle\u017eitost! Nez\u00e1le\u017e\u00ed na tom, zda se jedn\u00e1 o <strong>svatbu, svat\u00e9 p\u0159ij\u00edm\u00e1n\u00ed, narozeniny,<\/strong> firemn\u00ed ve\u010d\u00edrek nebo Valent\u00fdna &#8211; ka\u017ed\u00e1 z t\u011bchto p\u0159\u00edle\u017eitost\u00ed si zaslou\u017e\u00ed hrstku speci\u00e1ln\u00edch <strong>karamelek s vlastn\u00edm popisem<\/strong>, kter\u00fd dod\u00e1 sladk\u00fd n\u00e1dech. Stoj\u00ed za zm\u00ednku, \u017ee rodina na\u0161ich <strong>karamelov\u00fdch bonb\u00f3n\u016f<\/strong> se neust\u00e1le rozr\u016fst\u00e1 a neust\u00e1le se rod\u00ed nov\u00e9 druhy karamelek ve st\u00e1le jemn\u011bj\u0161\u00edm h\u00e1vu.<\/p>\n<h2 style=\"font-size: 22px;\">Cukrovinky na Baby Shower, K\u0159tiny a Svat\u00e9 p\u0159ij\u00edm\u00e1n\u00ed<\/h2>\n<p style=\"font-size: 12px; line-height: 14px;\">Na\u0161e karamelky miluj\u00ed d\u011bti. Proto jsme pro tyto speci\u00e1ln\u00ed oslavy na\u0161ich d\u011bt\u00ed p\u0159ipravili speci\u00e1ln\u00ed verze potisk\u016f na karamelky. Kdo by pot\u0159eboval nudn\u00e9 sladkosti, kdy\u017e jsou k m\u00e1n\u00ed na\u0161e sladk\u00e9 dobroty v jedine\u010dn\u00fdch podob\u00e1ch? <a style=\"color: #aaaaaa;\" href=\"https:\/\/www.cukrowki.pl\/kategoria\/baby-shower-krowki\/\"><u><strong>Karamelky na baby shower<\/strong><\/u><\/a> jsou relativn\u011b nov\u00fdm trendem, kter\u00fd si rychle z\u00edsk\u00e1v\u00e1 oblibu. St\u00e1le obl\u00edben\u011bj\u0161\u00ed jsou tak\u00e9 <a style=\"color: #aaaaaa;\" href=\"https:\/\/www.cukrowki.pl\/kategoria\/krowki-na-chrzest\/\"><u><strong>karamelky ur\u010den\u00e9 na k\u0159tiny <\/strong><\/u><\/a>nebo <a style=\"color: #aaaaaa;\" href=\"https:\/\/www.cukrowki.pl\/kategoria\/komunia-krowki\/\"><u><strong>\u00a0karamelky ke svat\u00e9mu p\u0159ij\u00edm\u00e1n\u00ed<\/strong><\/u><\/a>. Samoz\u0159ejm\u011b v\u0161echny zabaleny v jedine\u010dn\u00e9m balen\u00ed s vlastn\u00edm n\u00e1pisem.<\/p>\n<h3 style=\"font-size: 22px;\">Seznamte se se speci\u00e1ln\u00edmi karamelkami &#8211; Speci\u00e1ln\u00edm firemn\u00ed karamelky s logem<\/h3>\n<p style=\"font-size: 12px; line-height: 14px;\">Karamelky pro speci\u00e1ln\u00ed \u00fakoly? U\u017e jsou tady! <a style=\"color: #aaaaaa;\" href=\"https:\/\/cs.cukrowki.pl\/kategoria\/reklamni-karamelky\/\"><u><strong>Reklamn\u00ed karamelky<\/strong><\/u><\/a> jsou velmi obl\u00edbenou sou\u010d\u00e1st\u00ed na\u0161\u00ed nab\u00eddky. Jak l\u00e9pe odleh\u010dit atmosf\u00e9ru na firemn\u00edch sch\u016fzk\u00e1ch nebo nav\u00e1zat vztahy se z\u00e1kazn\u00edky ne\u017e lahodnou, k\u0159upavou a z\u00e1rove\u0148 kr\u00e9movou firemn\u00ed sladkost\u00ed? Na\u0161e <strong>karamelky<\/strong> toto um\u011bn\u00ed ovl\u00e1daj\u00ed bezchybn\u011b. S radost\u00ed se obl\u00e9kaj\u00ed do speci\u00e1ln\u00edho pap\u00edru s logem firmy a do personalizovan\u00fdch obal\u016f na m\u00edru. Nezakr\u00fdvejme, \u017ee na\u0161e <strong>reklamn\u00ed karamelky<\/strong> jsou velmi dobr\u00fdm zp\u016fsobem, jak z\u00edskat prvn\u00edho z\u00e1kazn\u00edka. V\u017edy\u0165 kdo by odolal sladk\u00e9 ml\u00e9\u010dn\u00e9 n\u00e1plni ukryt\u00e9 pod vkusn\u00fdm svet\u0159\u00edkem s integrovan\u00fdm logem firmy?<\/p>\n<h3 style=\"font-size: 22px;\">Karamelky s n\u00e1pisem &#8222;Love&#8220;, Man\u017eelsk\u00e9 karamelky a Karamelky pro zamilovan\u00e9<\/h3>\n<p style=\"font-size: 12px; line-height: 14px;\">Sladk\u00e9 karamelky s l\u00e1skypln\u00fdm osobn\u00edm potiskem je jasn\u00fdm zp\u016fsobem, jak vyj\u00e1d\u0159it sv\u00e9 pocity. To v\u00edme velmi dob\u0159e. Proto jsme pro zamilovan\u00e9 p\u0159ipravili speci\u00e1ln\u00ed karamelky. Milostn\u00e9 sladkosti jsou velmi d\u016fle\u017eitou sou\u010d\u00e1st\u00ed na\u0161\u00ed nab\u00eddky. Vyzna\u010duj\u00ed se v\u00fdjime\u010dn\u011b sladkou n\u00e1pln\u00ed, kter\u00e1 se dokonale hod\u00ed k nem\u00e9n\u011b sladk\u00e9mu potisku, na n\u011bm\u017e kraluj\u00ed srd\u00ed\u010dka nebo jm\u00e9na p\u00e1ru. Na\u0161e karamelky m\u016f\u017eete vyu\u017e\u00edt tak\u00e9 na svatb\u00e1ch. <u><strong><a style=\"color: #aaaaaa;\" href=\"https:\/\/www.cukrowki.pl\/kategoria\/krowka-weselna\/\">Svatebn\u00ed karamelky<\/a><\/strong><\/u> jsou st\u00e1lou sou\u010d\u00e1st\u00ed svatebn\u00edch hostin, kde funguj\u00ed nejen jako sladk\u00e1 pom\u016fcka nebo poho\u0161t\u011bn\u00ed, ale pln\u00ed tak\u00e9 roli <u><strong><a style=\"color: #aaaaaa;\" href=\"https:\/\/www.cukrowki.pl\/kategoria\/krowka-weselna\/\">pod\u011bkov\u00e1n\u00ed pro hosty<\/a><\/strong><\/u> nebo rodi\u010de nebo tak\u00e9 mohou b\u00fdt jako <u><strong><a style=\"color: #aaaaaa;\" href=\"https:\/\/www.cukrowki.pl\/kategoria\/krowka-weselna\/\">d\u00e1rek pro nev\u011bstu a \u017eenicha<\/a><\/strong><\/u>.<\/p>\n<\/div>\n<p>[\/vc_column_text][\/vc_column][\/vc_row]<\/p>\n","protected":false},"excerpt":{"rendered":"<p>[vc_row full_width=&#8220;stretch_row_content&#8220; gap=&#8220;40&#8243; css=&#8220;.vc_custom_1540802775024{padding-right: 40px !important;padding-left: 40px !important;}&#8220; el_class=&#8220;promotions-columns konte-row-container&#8220;][vc_column offset=&#8220;vc_col-lg-4 vc_col-md-12&#8243;][konte_button shape=&#8220;square&#8220; size=&#8220;medium&#8220; el_class=&#8220;full-width-one&#8220; link=&#8220;url:%2Fsledzenie-przesylki%2F|||&#8220;]\u010cas realizace objedn\u00e1vky[\/konte_button][\/vc_column][vc_column width=&#8220;1\/3&#8243; offset=&#8220;vc_col-lg-4 vc_col-md-12&#8243;][konte_button shape=&#8220;square&#8220; size=&#8220;medium&#8220; el_class=&#8220;full-width-two&#8220; link=&#8220;url:https%3A%2F%2Fwww.cukrowki.pl%2Fkategoria%2Fkrowki-na-probe%2F|||&#8220;]Vzorek zdarma[\/konte_button][\/vc_column][vc_column offset=&#8220;vc_col-lg-4 vc_col-md-12 vc_col-xs-12&#8243;][konte_button shape=&#8220;square&#8220;&hellip;<\/p>\n","protected":false},"author":1,"featured_media":0,"parent":0,"menu_order":0,"comment_status":"closed","ping_status":"closed","template":"","meta":{"_acf_changed":false,"inline_featured_image":false,"footnotes":""},"class_list":["post-79459","page","type-page","status-publish","hentry"],"acf":[],"yoast_head":"<!-- This site is optimized with the Yoast SEO plugin v26.2 - https:\/\/yoast.com\/wordpress\/plugins\/seo\/ -->\n<title>Karamelky - Jedine\u010dn\u00e9 karamelky s vlastn\u00edm textem - reklamn\u00ed a svatebn\u00ed<\/title>\n<meta name=\"description\" content=\"V\u00fdjime\u010dn\u00e9 reklamn\u00ed karamelky, karamelky s vlastn\u00edm textem na svatbu jako pod\u011bkov\u00e1n\u00ed host\u016fm nebo jako reklamn\u00ed pom\u016fcka pro Va\u0161e z\u00e1kazn\u00edky.\" \/>\n<meta name=\"robots\" content=\"index, follow, max-snippet:-1, max-image-preview:large, max-video-preview:-1\" \/>\n<link rel=\"canonical\" href=\"https:\/\/cukrowka.dev10.pro\/cs\/\" \/>\n<meta property=\"og:locale\" content=\"cs_CZ\" \/>\n<meta property=\"og:type\" content=\"article\" \/>\n<meta property=\"og:title\" content=\"Karamelky - Jedine\u010dn\u00e9 karamelky s vlastn\u00edm textem - reklamn\u00ed a svatebn\u00ed\" \/>\n<meta property=\"og:description\" content=\"V\u00fdjime\u010dn\u00e9 reklamn\u00ed karamelky, karamelky s vlastn\u00edm textem na svatbu jako pod\u011bkov\u00e1n\u00ed host\u016fm nebo jako reklamn\u00ed pom\u016fcka pro Va\u0161e z\u00e1kazn\u00edky.\" \/>\n<meta property=\"og:url\" content=\"https:\/\/cukrowka.dev10.pro\/cs\/\" \/>\n<meta property=\"og:site_name\" content=\"Wyj\u0105tkowe kr\u00f3wki z nadrukiem\" \/>\n<meta property=\"article:modified_time\" content=\"2024-04-19T15:07:55+00:00\" \/>\n<meta name=\"twitter:card\" content=\"summary_large_image\" \/>\n<meta name=\"twitter:label1\" content=\"Odhadovan\u00e1 doba \u010dten\u00ed\" \/>\n\t<meta name=\"twitter:data1\" content=\"6 minut\" \/>\n<script type=\"application\/ld+json\" class=\"yoast-schema-graph\">{\"@context\":\"https:\/\/schema.org\",\"@graph\":[{\"@type\":\"WebPage\",\"@id\":\"https:\/\/cukrowka.dev10.pro\/cs\/\",\"url\":\"https:\/\/cukrowka.dev10.pro\/cs\/\",\"name\":\"Karamelky - Jedine\u010dn\u00e9 karamelky s vlastn\u00edm textem - reklamn\u00ed a svatebn\u00ed\",\"isPartOf\":{\"@id\":\"https:\/\/cukrowka.dev10.pro\/cs\/#website\"},\"datePublished\":\"2020-04-21T09:23:22+00:00\",\"dateModified\":\"2024-04-19T15:07:55+00:00\",\"description\":\"V\u00fdjime\u010dn\u00e9 reklamn\u00ed karamelky, karamelky s vlastn\u00edm textem na svatbu jako pod\u011bkov\u00e1n\u00ed host\u016fm nebo jako reklamn\u00ed pom\u016fcka pro Va\u0161e z\u00e1kazn\u00edky.\",\"breadcrumb\":{\"@id\":\"https:\/\/cukrowka.dev10.pro\/cs\/#breadcrumb\"},\"inLanguage\":\"cs\",\"potentialAction\":[{\"@type\":\"ReadAction\",\"target\":[\"https:\/\/cukrowka.dev10.pro\/cs\/\"]}]},{\"@type\":\"BreadcrumbList\",\"@id\":\"https:\/\/cukrowka.dev10.pro\/cs\/#breadcrumb\",\"itemListElement\":[{\"@type\":\"ListItem\",\"position\":1,\"name\":\"Strona g\u0142\u00f3wna\",\"item\":\"https:\/\/cukrowka.dev10.pro\/cs\/\"},{\"@type\":\"ListItem\",\"position\":2,\"name\":\"Hlavn\u00ed strana\"}]},{\"@type\":\"WebSite\",\"@id\":\"https:\/\/cukrowka.dev10.pro\/cs\/#website\",\"url\":\"https:\/\/cukrowka.dev10.pro\/cs\/\",\"name\":\"Wyj\u0105tkowe kr\u00f3wki z nadrukiem\",\"description\":\"reklamowe oraz \u015blubne\",\"publisher\":{\"@id\":\"https:\/\/cukrowka.dev10.pro\/cs\/#organization\"},\"potentialAction\":[{\"@type\":\"SearchAction\",\"target\":{\"@type\":\"EntryPoint\",\"urlTemplate\":\"https:\/\/cukrowka.dev10.pro\/cs\/?s={search_term_string}\"},\"query-input\":{\"@type\":\"PropertyValueSpecification\",\"valueRequired\":true,\"valueName\":\"search_term_string\"}}],\"inLanguage\":\"cs\"},{\"@type\":\"Organization\",\"@id\":\"https:\/\/cukrowka.dev10.pro\/cs\/#organization\",\"name\":\"Wyj\u0105tkowe kr\u00f3wki z nadrukiem\",\"url\":\"https:\/\/cukrowka.dev10.pro\/cs\/\",\"logo\":{\"@type\":\"ImageObject\",\"inLanguage\":\"cs\",\"@id\":\"https:\/\/cukrowka.dev10.pro\/cs\/#\/schema\/logo\/image\/\",\"url\":\"https:\/\/www.cukrowki.pl\/wp-content\/uploads\/2020\/02\/logo.png\",\"contentUrl\":\"https:\/\/www.cukrowki.pl\/wp-content\/uploads\/2020\/02\/logo.png\",\"width\":220,\"height\":169,\"caption\":\"Wyj\u0105tkowe kr\u00f3wki z nadrukiem\"},\"image\":{\"@id\":\"https:\/\/cukrowka.dev10.pro\/cs\/#\/schema\/logo\/image\/\"}}]}<\/script>\n<!-- \/ Yoast SEO plugin. -->","yoast_head_json":{"title":"Karamelky - Jedine\u010dn\u00e9 karamelky s vlastn\u00edm textem - reklamn\u00ed a svatebn\u00ed","description":"V\u00fdjime\u010dn\u00e9 reklamn\u00ed karamelky, karamelky s vlastn\u00edm textem na svatbu jako pod\u011bkov\u00e1n\u00ed host\u016fm nebo jako reklamn\u00ed pom\u016fcka pro Va\u0161e z\u00e1kazn\u00edky.","robots":{"index":"index","follow":"follow","max-snippet":"max-snippet:-1","max-image-preview":"max-image-preview:large","max-video-preview":"max-video-preview:-1"},"canonical":"https:\/\/cukrowka.dev10.pro\/cs\/","og_locale":"cs_CZ","og_type":"article","og_title":"Karamelky - Jedine\u010dn\u00e9 karamelky s vlastn\u00edm textem - reklamn\u00ed a svatebn\u00ed","og_description":"V\u00fdjime\u010dn\u00e9 reklamn\u00ed karamelky, karamelky s vlastn\u00edm textem na svatbu jako pod\u011bkov\u00e1n\u00ed host\u016fm nebo jako reklamn\u00ed pom\u016fcka pro Va\u0161e z\u00e1kazn\u00edky.","og_url":"https:\/\/cukrowka.dev10.pro\/cs\/","og_site_name":"Wyj\u0105tkowe kr\u00f3wki z nadrukiem","article_modified_time":"2024-04-19T15:07:55+00:00","twitter_card":"summary_large_image","twitter_misc":{"Odhadovan\u00e1 doba \u010dten\u00ed":"6 minut"},"schema":{"@context":"https:\/\/schema.org","@graph":[{"@type":"WebPage","@id":"https:\/\/cukrowka.dev10.pro\/cs\/","url":"https:\/\/cukrowka.dev10.pro\/cs\/","name":"Karamelky - Jedine\u010dn\u00e9 karamelky s vlastn\u00edm textem - reklamn\u00ed a svatebn\u00ed","isPartOf":{"@id":"https:\/\/cukrowka.dev10.pro\/cs\/#website"},"datePublished":"2020-04-21T09:23:22+00:00","dateModified":"2024-04-19T15:07:55+00:00","description":"V\u00fdjime\u010dn\u00e9 reklamn\u00ed karamelky, karamelky s vlastn\u00edm textem na svatbu jako pod\u011bkov\u00e1n\u00ed host\u016fm nebo jako reklamn\u00ed pom\u016fcka pro Va\u0161e z\u00e1kazn\u00edky.","breadcrumb":{"@id":"https:\/\/cukrowka.dev10.pro\/cs\/#breadcrumb"},"inLanguage":"cs","potentialAction":[{"@type":"ReadAction","target":["https:\/\/cukrowka.dev10.pro\/cs\/"]}]},{"@type":"BreadcrumbList","@id":"https:\/\/cukrowka.dev10.pro\/cs\/#breadcrumb","itemListElement":[{"@type":"ListItem","position":1,"name":"Strona g\u0142\u00f3wna","item":"https:\/\/cukrowka.dev10.pro\/cs\/"},{"@type":"ListItem","position":2,"name":"Hlavn\u00ed strana"}]},{"@type":"WebSite","@id":"https:\/\/cukrowka.dev10.pro\/cs\/#website","url":"https:\/\/cukrowka.dev10.pro\/cs\/","name":"Wyj\u0105tkowe kr\u00f3wki z nadrukiem","description":"reklamowe oraz \u015blubne","publisher":{"@id":"https:\/\/cukrowka.dev10.pro\/cs\/#organization"},"potentialAction":[{"@type":"SearchAction","target":{"@type":"EntryPoint","urlTemplate":"https:\/\/cukrowka.dev10.pro\/cs\/?s={search_term_string}"},"query-input":{"@type":"PropertyValueSpecification","valueRequired":true,"valueName":"search_term_string"}}],"inLanguage":"cs"},{"@type":"Organization","@id":"https:\/\/cukrowka.dev10.pro\/cs\/#organization","name":"Wyj\u0105tkowe kr\u00f3wki z nadrukiem","url":"https:\/\/cukrowka.dev10.pro\/cs\/","logo":{"@type":"ImageObject","inLanguage":"cs","@id":"https:\/\/cukrowka.dev10.pro\/cs\/#\/schema\/logo\/image\/","url":"https:\/\/www.cukrowki.pl\/wp-content\/uploads\/2020\/02\/logo.png","contentUrl":"https:\/\/www.cukrowki.pl\/wp-content\/uploads\/2020\/02\/logo.png","width":220,"height":169,"caption":"Wyj\u0105tkowe kr\u00f3wki z nadrukiem"},"image":{"@id":"https:\/\/cukrowka.dev10.pro\/cs\/#\/schema\/logo\/image\/"}}]}},"_links":{"self":[{"href":"https:\/\/cukrowka.dev10.pro\/cs\/wp-json\/wp\/v2\/pages\/79459","targetHints":{"allow":["GET"]}}],"collection":[{"href":"https:\/\/cukrowka.dev10.pro\/cs\/wp-json\/wp\/v2\/pages"}],"about":[{"href":"https:\/\/cukrowka.dev10.pro\/cs\/wp-json\/wp\/v2\/types\/page"}],"author":[{"embeddable":true,"href":"https:\/\/cukrowka.dev10.pro\/cs\/wp-json\/wp\/v2\/users\/1"}],"replies":[{"embeddable":true,"href":"https:\/\/cukrowka.dev10.pro\/cs\/wp-json\/wp\/v2\/comments?post=79459"}],"version-history":[{"count":4,"href":"https:\/\/cukrowka.dev10.pro\/cs\/wp-json\/wp\/v2\/pages\/79459\/revisions"}],"predecessor-version":[{"id":158854,"href":"https:\/\/cukrowka.dev10.pro\/cs\/wp-json\/wp\/v2\/pages\/79459\/revisions\/158854"}],"wp:attachment":[{"href":"https:\/\/cukrowka.dev10.pro\/cs\/wp-json\/wp\/v2\/media?parent=79459"}],"curies":[{"name":"wp","href":"https:\/\/api.w.org\/{rel}","templated":true}]}}