{"id":156223,"date":"2020-01-20T10:24:07","date_gmt":"2020-01-20T09:24:07","guid":{"rendered":"https:\/\/www.cukrowki.pl\/zasady-ochrany-osobnich-udaju\/"},"modified":"2024-03-25T17:10:47","modified_gmt":"2024-03-25T16:10:47","slug":"zasady-ochrany-osobnich-udaju","status":"publish","type":"page","link":"https:\/\/cukrowka.dev10.pro\/cs\/zasady-ochrany-osobnich-udaju\/","title":{"rendered":"Z\u00e1sady ochrany osobn\u00edch \u00fadaj\u016f"},"content":{"rendered":"<ol class=\"wp-block-list\"><li><strong>Spr\u00e1vce osobn\u00edch \u00fadaj\u016f<\/strong><ol class=\"wp-block-list\"><li>Spr\u00e1vce osobn\u00edch \u00fadaj\u016f SOYA MEDIA KAMIL SOJA, bytem Bidziny 73, 27-532 Wojciechowice , (d\u00e1le jen \u201e<strong>spr\u00e1vce<\/strong>\u201c), prohla\u0161uje, \u017ee ve\u0161ker\u00e9 osobn\u00ed \u00fadaje zpracov\u00e1van\u00e9 spr\u00e1vcem jsou p\u0159\u00edsn\u011b d\u016fv\u011brn\u00e9. Spr\u00e1vce s nimi nakl\u00e1d\u00e1 v souladu s vnitrost\u00e1tn\u00edmi pr\u00e1vn\u00edmi p\u0159edpisy i p\u0159edpisy Evropsk\u00e9 unie platn\u00fdmi v oblasti ochrany osobn\u00edch \u00fadaj\u016f.<\/li>\n\n<li>Spr\u00e1vce shroma\u017e\u010fuje, uchov\u00e1v\u00e1 a vyu\u017e\u00edv\u00e1 Va\u0161e osobn\u00ed \u00fadaje ve smyslu z\u00e1kona \u010d. 110\/2019 Sb. o zpracov\u00e1n\u00ed osobn\u00edch \u00fadaj\u016f (d\u00e1le jen z\u00e1kon o zpracov\u00e1n\u00ed osobn\u00edch \u00fadaj\u016f), resp. na\u0159\u00edzen\u00ed Evropsk\u00e9ho parlamentu a Rady (EU) 2016\/679 ze dne 27. dubna 2016, o ochran\u011b fyzick\u00fdch osob v souvislosti se zpracov\u00e1n\u00edm osobn\u00edch \u00fadaj\u016f a o voln\u00e9m pohybu t\u011bchto \u00fadaj\u016f a o zru\u0161en\u00ed sm\u011brnice 95\/46\/ES (d\u00e1le jen \u201e<strong>na\u0159\u00edzen\u00ed GDPR<\/strong>\u201c). Jednotliv\u00e9 \u00fa\u010dely, pro kter\u00e9 spr\u00e1vce osobn\u00ed \u00fadaje zpracov\u00e1v\u00e1, jsou d\u00e1le vymezeny<\/li>\n\n<li>Spr\u00e1vce tyto osobn\u00ed \u00fadaje shroma\u017e\u010fuje i prost\u0159ednictv\u00edm sv\u00fdch internetov\u00fdch str\u00e1nek na adrese www.karamelove.cz (d\u00e1le jen \u201e<strong>internetov\u00e9 str\u00e1nky<\/strong>\u201c).<\/li>\n\n<li>Tyto z\u00e1sady vyd\u00e1v\u00e1 spr\u00e1vce proto, abyste byli dostate\u010dn\u011b informov\u00e1ni o tom, jak\u00e9 Va\u0161e osobn\u00ed \u00fadaje spr\u00e1vce zpracov\u00e1v\u00e1, za jak\u00fdm \u00fa\u010delem, po jakou dobu, kdo k Va\u0161im osobn\u00edm \u00fadaj\u016fm bude m\u00edt p\u0159\u00edstup a jak\u00e1 m\u00e1te pr\u00e1va. Tyto z\u00e1sady se vztahuj\u00ed na v\u0161echny osobn\u00ed \u00fadaje shrom\u00e1\u017ed\u011bn\u00e9 spr\u00e1vcem, a\u0165 u\u017e byly shrom\u00e1\u017ed\u011bny za \u00fa\u010delem pln\u011bn\u00ed smluvn\u00edho vztahu, pr\u00e1vn\u00ed povinnosti, opr\u00e1vn\u011bn\u00e9ho z\u00e1jmu, nebo ud\u011blen\u00e9ho souhlasu.<\/li><\/ol><\/li>\n\n<li><strong>Zpracov\u00e1van\u00e9 \u00fadaje<\/strong><\/li><\/ol><ol class=\"wp-block-list\"><li>Jednotliv\u00fdmi \u00fa\u010dely zpracov\u00e1n\u00ed se m\u00edn\u00ed n\u00e1sleduj\u00edc\u00ed:<ol class=\"wp-block-list\"><li><strong>pln\u011bn\u00ed smluvn\u00edho vztahu<\/strong> znamen\u00e1: vztah mezi V\u00e1mi a spr\u00e1vcem vznikl\u00fd na z\u00e1klad\u011b objedn\u00e1vky, registrace, na z\u00e1klad\u011b uzav\u0159en\u00e9 smlouvy, na z\u00e1klad\u011b p\u0159ihl\u00e1\u0161ky a \u00fa\u010dasti v sout\u011b\u017ei a podobn\u011b;<\/li>\n\n<li><strong>zas\u00edl\u00e1n\u00ed obchodn\u00edch sd\u011blen\u00ed a nab\u00eddka produkt\u016f a slu\u017eeb<\/strong> znamen\u00e1: zas\u00edl\u00e1n\u00ed obchodn\u00edch nab\u00eddek, a to prost\u0159ednictv\u00edm elektronick\u00e9 po\u0161ty (e-mailem), prost\u0159ednictv\u00edm kr\u00e1tk\u00fdch textov\u00fdch zpr\u00e1v nebo prost\u0159ednictv\u00edm telefonn\u00edho hovoru;<\/li>\n\n<li><strong>\u00fa\u010detn\u00ed a da\u0148ov\u00e9 \u00fa\u010dely<\/strong> znamen\u00e1: evidence \u00fa\u010detnictv\u00ed ve smyslu \u00fa\u010detn\u00ed a da\u0148ov\u00e9 legislativy;<\/li>\n\n<li><strong>person\u00e1ln\u00ed, mzdov\u00e1 agenda<\/strong> znamen\u00e1: uzav\u00edr\u00e1n\u00ed pracovn\u00edch smluv, zpracov\u00e1n\u00ed mezd, odvody soci\u00e1ln\u00edho a zdravotn\u00edho poji\u0161t\u011bn\u00ed podle z\u00e1kona \u010d. 262\/2006 Sb., z\u00e1kon\u00edk pr\u00e1ce, \u010d. 582\/1991 Sb. o organizaci a prov\u00e1d\u011bn\u00ed soci\u00e1ln\u00edho zabezpe\u010den\u00ed,\u010d. 48\/1997 Sb., o ve\u0159ejn\u00e9m zdravotn\u00edm poji\u0161t\u011bn\u00ed a o zm\u011bn\u011b a dopln\u011bn\u00ed n\u011bkter\u00fdch souvisej\u00edc\u00edch z\u00e1kon\u016f;<\/li>\n\n<li><strong>statistick\u00e9 \u00fa\u010dely<\/strong> znamen\u00e1: anonymizovan\u00e9 zji\u0161\u0165ov\u00e1n\u00ed n\u00e1v\u0161t\u011bvnosti internetov\u00fdch str\u00e1nek, d\u00e1le monitoring po\u010dtu zhl\u00e9dnut\u00ed str\u00e1nek, \u010dasu str\u00e1ven\u00e9ho na internetov\u00fdch str\u00e1nk\u00e1ch, typ za\u0159\u00edzen\u00ed, ze kter\u00e9ho p\u0159ich\u00e1z\u00edte na internetov\u00e9 str\u00e1nky. Data sb\u00edr\u00e1me proto, abychom mohli zkvalit\u0148ovat poskytovan\u00e9 slu\u017eby a nab\u00edzet klient\u016fm relevantn\u00ed obsah;<\/li>\n\n<li><strong>zobrazov\u00e1n\u00ed reklam<\/strong> znamen\u00e1: zobrazov\u00e1n\u00ed reklam na internetov\u00fdch str\u00e1nk\u00e1ch na z\u00e1klad\u011b statisticky zji\u0161t\u011bn\u00fdch preferenc\u00ed z\u00e1kazn\u00edka;<\/li>\n\n<li><strong>opr\u00e1vn\u011bn\u00fd z\u00e1jem<\/strong> znamen\u00e1: \u00fa\u010dinn\u00e1 obhajoba v p\u0159\u00edpad\u011b sporu; doba zpracov\u00e1n\u00ed osobn\u00edch \u00fadaj\u016f v takov\u00e9m p\u0159\u00edpad\u011b \u010din\u00ed 4 roky od uplynut\u00ed z\u00e1ru\u010dn\u00ed doby na zbo\u017e\u00ed a prodlu\u017euje se o dobu, po kterou je veden spor. Chceme st\u00e1le zkvalit\u0148ovat sv\u00e9 slu\u017eby a p\u0159\u00edpadn\u011b poskytovat slu\u017eby nov\u00e9 a lep\u0161\u00ed; chceme se br\u00e1nit ma\u0159en\u00ed takov\u00e9 \u010dinnosti; proto \u010dinnosti, kter\u00e9 p\u0159isp\u00edvaj\u00ed k napln\u011bn\u00ed tohoto c\u00edle, jsou na\u0161\u00edm opr\u00e1vn\u011bn\u00fdm z\u00e1jmem. Opr\u00e1vn\u011bn\u00fdm z\u00e1jmem je tak\u00e9 zpracov\u00e1n\u00ed pro \u00fa\u010dely <strong>zamezen\u00ed podvod\u016fm<\/strong> (nap\u0159. posuzov\u00e1n\u00ed rizikovosti uzav\u0159en\u00ed smlouvy), <strong>p\u0159\u00edm\u00fd marketing<\/strong> (nap\u0159. nab\u00edzen\u00ed relevantn\u00edch slu\u017eeb st\u00e1vaj\u00edc\u00edm z\u00e1kazn\u00edk\u016fm), <strong>p\u0159ed\u00e1v\u00e1n\u00ed osobn\u00edch \u00fadaj\u016f v r\u00e1mci skupiny podnik\u016f<\/strong> pro vnit\u0159n\u00ed admnistrativn\u00ed \u00fa\u010dely, <strong>ozn\u00e1men\u00ed trestn\u00fdch \u010din\u016f<\/strong> a p\u0159ed\u00e1n\u00ed osobn\u00edch \u00fadaj\u016f p\u0159\u00edslu\u0161n\u00e9mu org\u00e1nu, <strong>zaji\u0161t\u011bn\u00ed bezpe\u010dnosti s\u00edt\u011b a informac\u00ed<\/strong>. Tento v\u00fd\u010det je pouze p\u0159\u00edkladn\u00fd;<\/li>\n\n<li><strong>pln\u011bn\u00ed dal\u0161\u00edch z\u00e1konn\u00fdch povinnost\u00ed<\/strong> znamen\u00e1: poskytov\u00e1n\u00ed informac\u00ed org\u00e1n\u016fm \u010dinn\u00fdm v trestn\u00edm \u0159\u00edzen\u00ed, poskytov\u00e1n\u00ed informac\u00ed jin\u00fdm org\u00e1n\u016fm ve\u0159ejn\u00e9 moci a podobn\u011b.<\/li><\/ol><\/li>\n\n<li>Va\u0161e osobn\u00ed \u00fadaje zpracov\u00e1v\u00e1me po dobu nezbytn\u011b nutnou k zaji\u0161t\u011bn\u00ed v\u0161ech pr\u00e1v a povinnost\u00ed plynouc\u00ed ze vz\u00e1jemn\u00e9ho pr\u00e1vn\u00edho jedn\u00e1n\u00ed, to minim\u00e1ln\u011b po dobu vy\u0159\u00edzen\u00ed objedn\u00e1vky, proveden\u00ed obchodu, za\u0159\u00edzen\u00ed slu\u017eby apod., d\u00e1le po dobu, kterou je spr\u00e1vce povinen osobn\u00ed \u00fadaje uchov\u00e1vat podle obecn\u011b z\u00e1vazn\u00fdch pr\u00e1vn\u00edch p\u0159edpis\u016f nebo po dobu, na kterou jste spr\u00e1vci p\u0159\u00edpadn\u011b ud\u011blili souhlas. Jinak doba zpracov\u00e1n\u00ed vypl\u00fdv\u00e1 z \u00fa\u010delu, pro kter\u00e9 jsou osobn\u00ed \u00fadaje zpracov\u00e1ny, nebo je d\u00e1na pr\u00e1vn\u00edmi p\u0159edpisy.<\/li>\n\n<li>Osobn\u00ed \u00fadaje jsou spr\u00e1vcem zpracov\u00e1ny automatizovan\u011b . Spr\u00e1vce je opr\u00e1vn\u011bn zpracov\u00e1vat n\u011bkter\u00e9 informace automatizovan\u011b nap\u0159\u00edklad pro vytvo\u0159en\u00ed statistick\u00fdch informac\u00ed o n\u00e1v\u0161t\u011bvnosti sv\u00fdch internetov\u00fdch str\u00e1nek.<\/li><\/ol><ol class=\"wp-block-list\"><li><strong>Osobn\u00ed \u00fadaje zpracov\u00e1van\u00e9 na z\u00e1klad\u011b souhlasu<\/strong><ol class=\"wp-block-list\"><li>Pokud jsme od V\u00e1s z\u00edskali souhlas ke zpracov\u00e1n\u00ed osobn\u00edch \u00fadaj\u016f, stalo se tak pro n\u011bkter\u00fd z n\u00e1sleduj\u00edc\u00edch \u00fa\u010del\u016f:<ol class=\"wp-block-list\"><li>Pokud se Z\u00e1kazn\u00edk rozhodne zaplatit za objednan\u00e9 Zbo\u017e\u00ed prost\u0159ednictv\u00edm slu\u017eby PAYU S.A., budou jeho osobn\u00ed \u00fadaje p\u0159ed\u00e1ny v rozsahu nezbytn\u00e9m pro pln\u011bn\u00ed Kupn\u00ed smlouvy spole\u010dnosti PAY S.A.<\/li>\n\n<li>\u00dadaje z\u00e1kazn\u00edka jsou vyu\u017e\u00edv\u00e1ny pro kompletn\u00ed obsluhu a vy\u0159\u00edzen\u00ed objedn\u00e1vky, jako\u017e i pro vy\u0159iz<\/li>\n\n<li>Naviga\u010dn\u00ed \u00fadaje mohou b\u00fdt pou\u017eity za \u00fa\u010delem poskytov\u00e1n\u00ed lep\u0161\u00edch slu\u017eeb Z\u00e1kazn\u00edk\u016fm, anal\u00fdzy statistick\u00fdch \u00fadaj\u016f a p\u0159izp\u016fsoben\u00ed Internetov\u00e9ho obchodu preferenc\u00edm Z\u00e1kazn\u00edk\u016f, jako\u017e i za \u00fa\u010delem spr\u00e1vy Internetov\u00e9ho obchodu.<\/li><\/ol><\/li><\/ol><\/li>\n\n<li><strong>Pr\u00e1va subjektu \u00fadaj\u016f<\/strong><ol class=\"wp-block-list\"><li>Jako subjekt \u00fadaj\u016f m\u00e1te uveden\u00e1 pr\u00e1va, kter\u00e1 pro V\u00e1s z pr\u00e1vn\u00edch p\u0159edpis\u016f vypl\u00fdvaj\u00ed a kter\u00e1 m\u016f\u017eete kdykoliv uplatnit. Jedn\u00e1 se o:<ol class=\"wp-block-list\"><li><strong>pr\u00e1vo na p\u0159\u00edstup k osobn\u00edm \u00fadaj\u016fm<\/strong>, podle kter\u00e9ho m\u00e1te pr\u00e1vo z\u00edskat od spr\u00e1vce informace o tom, jestli spr\u00e1vce zpracov\u00e1v\u00e1 Va\u0161e osobn\u00ed \u00fadaje. Tuto informaci je spr\u00e1vce povinen V\u00e1m bez zbyte\u010dn\u00e9ho odkladu p\u0159edat. Obsah informace je d\u00e1n ustanoven\u00edm \u010dl\u00e1nku 15 na\u0159\u00edzen\u00ed GDPR. Spr\u00e1vce m\u00e1 pr\u00e1vo za poskytnut\u00ed informace po\u017eadovat p\u0159im\u011b\u0159enou \u00fahradu nep\u0159evy\u0161uj\u00edc\u00ed n\u00e1klady nezbytn\u00e9 na poskytnut\u00ed informace;<\/li>\n\n<li><strong>pr\u00e1vo na opravu nebo v\u00fdmaz osobn\u00edch \u00fadaj\u016f<\/strong>, pop\u0159\u00edpad\u011b omezen\u00ed zpracov\u00e1n\u00ed, podle kter\u00e9ho m\u00e1te pr\u00e1vo na to, nechat opravit osobn\u00ed \u00fadaje, kter\u00e9 jsou nep\u0159esn\u00e9 nebo nespr\u00e1vn\u00e9. Pokud ji\u017e Va\u0161e osobn\u00ed \u00fadaje nejsou pot\u0159ebn\u00e9 pro \u00fa\u010dely, ke kter\u00fdm byly shrom\u00e1\u017ed\u011bny, nebo jsou zpracov\u00e1v\u00e1ny protipr\u00e1vn\u011b, m\u00e1te pr\u00e1vo po\u017eadovat jejich v\u00fdmaz. Pokud nechcete \u017e\u00e1dat v\u00fdmaz osobn\u00edch \u00fadaj\u016f, ale pouze do\u010dasn\u011b omezit jejich zpracov\u00e1n\u00ed, m\u016f\u017eete \u017e\u00e1dat omezen\u00ed zpracov\u00e1n\u00ed;<\/li>\n\n<li><strong>pr\u00e1vo po\u017eadovat vysv\u011btlen\u00ed<\/strong> v p\u0159\u00edpad\u011b, \u017ee m\u00e1te podez\u0159en\u00ed, \u017ee zpracov\u00e1n\u00ed osobn\u00edch \u00fadaj\u016f spr\u00e1vcem je v rozporu s pr\u00e1vn\u00edmi p\u0159edpisy;<\/li>\n\n<li><strong>pr\u00e1vo obr\u00e1tit se na \u00da\u0159ad pro ochranu osobn\u00edch \u00fadaj\u016f<\/strong> v p\u0159\u00edpad\u011b pochybnost\u00ed o dodr\u017eov\u00e1n\u00ed povinnost\u00ed souvisej\u00edc\u00edch se zpracov\u00e1n\u00edm osobn\u00edch \u00fadaj\u016f;<\/li>\n\n<li><strong>pr\u00e1vo na p\u0159enositelnost \u00fadaj\u016f<\/strong>, tj. pr\u00e1vo z\u00edskat osobn\u00ed \u00fadaje, kter\u00e9 se V\u00e1s t\u00fdkaj\u00ed, kter\u00e9 jste poskytl spr\u00e1vci, ve strukturovan\u00e9m, b\u011b\u017en\u011b pou\u017e\u00edvan\u00e9m a strojov\u011b \u010diteln\u00e9m form\u00e1tu, bl\u00ed\u017ee viz. \u010dl. 20 GDPR;<\/li>\n\n<li><strong>pr\u00e1vo vzn\u00e9st n\u00e1mitku proti zpracov\u00e1n\u00ed osobn\u00edch \u00fadaj\u016f<\/strong>, kter\u00e9 jsou zpracov\u00e1v\u00e1ny pro \u00fa\u010dely spln\u011bn\u00ed \u00fakolu prov\u00e1d\u011bn\u00e9ho ve ve\u0159ejn\u00e9m z\u00e1jmu nebo p\u0159i v\u00fdkonu ve\u0159ejn\u00e9 moci nebo pro \u00fa\u010dely ochrany opr\u00e1vn\u011bn\u00fdch z\u00e1jm\u016f spr\u00e1vce. Spr\u00e1vce zpracov\u00e1n\u00ed ukon\u010d\u00ed bez zbyte\u010dn\u00e9ho odkladu pokud neprok\u00e1\u017ee, \u017ee existuje opr\u00e1vn\u011bn\u00fd z\u00e1jem\/d\u016fvod pro zpracov\u00e1n\u00ed, kter\u00fd p\u0159eva\u017euje nad Va\u0161\u00edm z\u00e1jmem, pr\u00e1vy nebo svobodami;<\/li>\n\n<li><strong>pr\u00e1vo souhlas se zpracov\u00e1n\u00edm osobn\u00edch \u00fadaj\u016f kdykoliv odvolat<\/strong>, pokud jste ud\u011blili spr\u00e1vci souhlas se zpracov\u00e1n\u00edm osobn\u00edch \u00fadaj\u016f.<\/li><\/ol><\/li><\/ol><\/li>\n\n<li><strong>Cookies<\/strong><ol class=\"wp-block-list\"><li>Soubory cookies jsou kr\u00e1tk\u00e9 textov\u00e9 soubory, kter\u00e9 internetov\u00e1 str\u00e1nka ode\u0161le do Va\u0161eho prohl\u00ed\u017ee\u010de. Umo\u017e\u0148uj\u00ed internetov\u00e9 str\u00e1nce zaznamenat informace o Va\u0161\u00ed n\u00e1v\u0161t\u011bv\u011b, nap\u0159\u00edklad zvolen\u00fd jazyk a podobn\u011b, n\u00e1sleduj\u00edc\u00ed n\u00e1v\u0161t\u011bva str\u00e1nek tak pro V\u00e1s m\u016f\u017ee b\u00fdt snaz\u0161\u00ed a p\u0159\u00edjemn\u011bj\u0161\u00ed. Soubory cookies jsou d\u016fle\u017eit\u00e9, nebo\u0165 bez nich by proch\u00e1zen\u00ed s\u00edt\u011b Internet bylo mnohem slo\u017eit\u011bj\u0161\u00ed. Soubory cookies umo\u017e\u0148uj\u00ed lep\u0161\u00ed vyu\u017eit\u00ed na\u0161\u00ed internetov\u00e9 str\u00e1nky a p\u0159izp\u016fsoben\u00ed jej\u00edho obsahu Va\u0161im pot\u0159eb\u00e1m; pou\u017e\u00edv\u00e1 je t\u00e9m\u011b\u0159 ka\u017ed\u00e1 internetov\u00e1 str\u00e1nka na sv\u011bt\u011b. Soubory cookies jsou u\u017eite\u010dn\u00e9, proto\u017ee zvy\u0161uj\u00ed u\u017eivatelskou p\u0159\u00edv\u011btivost opakovan\u011b nav\u0161t\u00edven\u00e9 internetov\u00e9 str\u00e1nky.<\/li>\n\n<li>Na internetov\u00fdch str\u00e1nk\u00e1ch spr\u00e1vce m\u016f\u017ee vyu\u017e\u00edvat tyto druhy cookies:<ol class=\"wp-block-list\"><li>Rela\u010dn\u00ed (tedy do\u010dasn\u00e9) soubory cookies n\u00e1m umo\u017e\u0148uj\u00ed propojovat Va\u0161e jednotliv\u00e9 aktivity po dobu prohl\u00ed\u017een\u00ed t\u011bchto internetov\u00fdch str\u00e1nek. V okam\u017eiku otev\u0159en\u00ed okna Va\u0161eho prohl\u00ed\u017ee\u010de se tyto soubory aktivuj\u00ed a deaktivuj\u00ed se po zav\u0159en\u00ed okna Va\u0161eho prohl\u00ed\u017ee\u010de. Rela\u010dn\u00ed cookies jsou do\u010dasn\u00e9 a po zav\u0159en\u00ed prohl\u00ed\u017ee\u010de se v\u0161echny tyto soubory vyma\u017eou.<\/li>\n\n<li>Trval\u00e9 soubory cookies n\u00e1m pom\u00e1haj\u00ed V\u00e1\u0161 po\u010d\u00edta\u010d identifikovat, jestli\u017ee op\u011btovn\u011b nav\u0161t\u00edv\u00edte na\u0161i internetovou str\u00e1nku. Dal\u0161\u00ed v\u00fdhodou trval\u00fdch cookies je to, \u017ee n\u00e1m umo\u017e\u0148uj\u00ed p\u0159izp\u016fsobit na\u0161e internetov\u00e9 str\u00e1nky Va\u0161im pot\u0159eb\u00e1m.<\/li><\/ol><\/li>\n\n<li>V souladu s ustanoven\u00edm \u00a7 89 odst. 3 z\u00e1k. \u010d. 127\/2005 Sb., o elektronick\u00fdch komunikac\u00edch, v \u00fa\u010dinn\u00e9m zn\u011bn\u00ed, si V\u00e1s t\u00edmto dovolujeme informovat, \u017ee na\u0161e internetov\u00e9 str\u00e1nky vyu\u017e\u00edvaj\u00ed pro svoji \u010dinnost soubory cookies, tedy \u017ee Va\u0161e soubory cookies, v\u010detn\u011b trval\u00fdch, zpracov\u00e1v\u00e1me.<\/li>\n\n<li>Internetov\u00e9 prohl\u00ed\u017ee\u010de obvykle obsahuj\u00ed spr\u00e1vu soubor\u016f cookies. V r\u00e1mci nastaven\u00ed Va\u0161eho prohl\u00ed\u017ee\u010de tak pravd\u011bpodobn\u011b m\u016f\u017eete jednotliv\u00e9 soubory cookies ru\u010dn\u011b mazat, blokovat \u010di zcela zak\u00e1zat jejich pou\u017e\u00edv\u00e1n\u00ed. Pro v\u00edce informac\u00ed pou\u017eijte n\u00e1pov\u011bdu sv\u00e9ho internetov\u00e9ho prohl\u00ed\u017ee\u010de. Pokud pou\u017eit\u00ed soubor\u016f cookies nepovol\u00edte, n\u011bkter\u00e9 funkce a str\u00e1nky nemus\u00ed fungovat, jak by m\u011bly.<\/li>\n\n<li>K personalizaci obsahu a reklam, poskytov\u00e1n\u00ed funkc\u00ed soci\u00e1ln\u00edch m\u00e9di\u00ed a anal\u00fdze na\u0161\u00ed n\u00e1v\u0161t\u011bvnosti vyu\u017e\u00edv\u00e1me soubory cookies. Informace o tom, jak n\u00e1\u0161 web pou\u017e\u00edv\u00e1te, sd\u00edl\u00edme se sv\u00fdmi partnery p\u016fsob\u00edc\u00edmi v oblasti soci\u00e1ln\u00edch m\u00e9di\u00ed, inzerce a anal\u00fdz. Pou\u017e\u00edv\u00e1n\u00edm internetov\u00fdch str\u00e1nek vyjad\u0159ujete souhlas propojen\u00edm n\u00e1sleduj\u00edc\u00edch slu\u017eeb:<ol class=\"wp-block-list\"><li>Google<\/li>\n\n<li>Facebook<\/li>\n\n<li>Twitter<\/li>\n\n<li>Instagram<\/li>\n\n<li>Pinterest<\/li>\n\n<li>YouTube<\/li><\/ol><\/li>\n\n<li>Kv\u016fli zobrazen\u00ed c\u00edlen\u00e9 reklamy v r\u00e1mci reklamn\u00edch a soci\u00e1ln\u00edch s\u00edt\u00ed na jin\u00fdch internetov\u00fdch str\u00e1nk\u00e1ch p\u0159ed\u00e1v\u00e1me t\u011bmto reklamn\u00edm a soci\u00e1ln\u00edm s\u00edt\u00edm \u00fadaje o va\u0161em chov\u00e1n\u00ed na webu; nep\u0159ed\u00e1v\u00e1me jim v\u0161ak va\u0161e identifika\u010dn\u00ed \u00fadaje.<\/li><\/ol><\/li><\/ol>","protected":false},"excerpt":{"rendered":"","protected":false},"author":1,"featured_media":0,"parent":0,"menu_order":0,"comment_status":"closed","ping_status":"open","template":"","meta":{"_acf_changed":false,"inline_featured_image":false,"footnotes":""},"class_list":["post-156223","page","type-page","status-publish","hentry"],"acf":[],"yoast_head":"<!-- This site is optimized with the Yoast SEO plugin v26.2 - https:\/\/yoast.com\/wordpress\/plugins\/seo\/ -->\n<title>Unik\u00e1tn\u00ed fond\u00e1n - sladkosti s logem<\/title>\n<meta name=\"robots\" content=\"noindex, nofollow\" \/>\n<meta property=\"og:locale\" content=\"cs_CZ\" \/>\n<meta property=\"og:type\" content=\"article\" \/>\n<meta property=\"og:title\" content=\"Unik\u00e1tn\u00ed fond\u00e1n - sladkosti s logem\" \/>\n<meta property=\"og:url\" content=\"https:\/\/cukrowka.dev10.pro\/cs\/zasady-ochrany-osobnich-udaju\/\" \/>\n<meta property=\"og:site_name\" content=\"Wyj\u0105tkowe kr\u00f3wki z nadrukiem\" \/>\n<meta property=\"article:modified_time\" content=\"2024-03-25T16:10:47+00:00\" \/>\n<meta name=\"twitter:card\" content=\"summary_large_image\" \/>\n<meta name=\"twitter:label1\" content=\"Odhadovan\u00e1 doba \u010dten\u00ed\" \/>\n\t<meta name=\"twitter:data1\" content=\"10 minut\" \/>\n<script type=\"application\/ld+json\" class=\"yoast-schema-graph\">{\"@context\":\"https:\/\/schema.org\",\"@graph\":[{\"@type\":\"WebPage\",\"@id\":\"https:\/\/cukrowka.dev10.pro\/cs\/zasady-ochrany-osobnich-udaju\/\",\"url\":\"https:\/\/cukrowka.dev10.pro\/cs\/zasady-ochrany-osobnich-udaju\/\",\"name\":\"Unik\u00e1tn\u00ed fond\u00e1n - sladkosti s logem\",\"isPartOf\":{\"@id\":\"https:\/\/cukrowka.dev10.pro\/cs\/#website\"},\"datePublished\":\"2020-01-20T09:24:07+00:00\",\"dateModified\":\"2024-03-25T16:10:47+00:00\",\"breadcrumb\":{\"@id\":\"https:\/\/cukrowka.dev10.pro\/cs\/zasady-ochrany-osobnich-udaju\/#breadcrumb\"},\"inLanguage\":\"cs\",\"potentialAction\":[{\"@type\":\"ReadAction\",\"target\":[\"https:\/\/cukrowka.dev10.pro\/cs\/zasady-ochrany-osobnich-udaju\/\"]}]},{\"@type\":\"BreadcrumbList\",\"@id\":\"https:\/\/cukrowka.dev10.pro\/cs\/zasady-ochrany-osobnich-udaju\/#breadcrumb\",\"itemListElement\":[{\"@type\":\"ListItem\",\"position\":1,\"name\":\"Strona g\u0142\u00f3wna\",\"item\":\"https:\/\/cukrowka.dev10.pro\/cs\/\"},{\"@type\":\"ListItem\",\"position\":2,\"name\":\"Z\u00e1sady ochrany osobn\u00edch \u00fadaj\u016f\"}]},{\"@type\":\"WebSite\",\"@id\":\"https:\/\/cukrowka.dev10.pro\/cs\/#website\",\"url\":\"https:\/\/cukrowka.dev10.pro\/cs\/\",\"name\":\"Wyj\u0105tkowe kr\u00f3wki z nadrukiem\",\"description\":\"reklamowe oraz \u015blubne\",\"publisher\":{\"@id\":\"https:\/\/cukrowka.dev10.pro\/cs\/#organization\"},\"potentialAction\":[{\"@type\":\"SearchAction\",\"target\":{\"@type\":\"EntryPoint\",\"urlTemplate\":\"https:\/\/cukrowka.dev10.pro\/cs\/?s={search_term_string}\"},\"query-input\":{\"@type\":\"PropertyValueSpecification\",\"valueRequired\":true,\"valueName\":\"search_term_string\"}}],\"inLanguage\":\"cs\"},{\"@type\":\"Organization\",\"@id\":\"https:\/\/cukrowka.dev10.pro\/cs\/#organization\",\"name\":\"Wyj\u0105tkowe kr\u00f3wki z nadrukiem\",\"url\":\"https:\/\/cukrowka.dev10.pro\/cs\/\",\"logo\":{\"@type\":\"ImageObject\",\"inLanguage\":\"cs\",\"@id\":\"https:\/\/cukrowka.dev10.pro\/cs\/#\/schema\/logo\/image\/\",\"url\":\"https:\/\/www.cukrowki.pl\/wp-content\/uploads\/2020\/02\/logo.png\",\"contentUrl\":\"https:\/\/www.cukrowki.pl\/wp-content\/uploads\/2020\/02\/logo.png\",\"width\":220,\"height\":169,\"caption\":\"Wyj\u0105tkowe kr\u00f3wki z nadrukiem\"},\"image\":{\"@id\":\"https:\/\/cukrowka.dev10.pro\/cs\/#\/schema\/logo\/image\/\"}}]}<\/script>\n<!-- \/ Yoast SEO plugin. -->","yoast_head_json":{"title":"Unik\u00e1tn\u00ed fond\u00e1n - sladkosti s logem","robots":{"index":"noindex","follow":"nofollow"},"og_locale":"cs_CZ","og_type":"article","og_title":"Unik\u00e1tn\u00ed fond\u00e1n - sladkosti s logem","og_url":"https:\/\/cukrowka.dev10.pro\/cs\/zasady-ochrany-osobnich-udaju\/","og_site_name":"Wyj\u0105tkowe kr\u00f3wki z nadrukiem","article_modified_time":"2024-03-25T16:10:47+00:00","twitter_card":"summary_large_image","twitter_misc":{"Odhadovan\u00e1 doba \u010dten\u00ed":"10 minut"},"schema":{"@context":"https:\/\/schema.org","@graph":[{"@type":"WebPage","@id":"https:\/\/cukrowka.dev10.pro\/cs\/zasady-ochrany-osobnich-udaju\/","url":"https:\/\/cukrowka.dev10.pro\/cs\/zasady-ochrany-osobnich-udaju\/","name":"Unik\u00e1tn\u00ed fond\u00e1n - sladkosti s logem","isPartOf":{"@id":"https:\/\/cukrowka.dev10.pro\/cs\/#website"},"datePublished":"2020-01-20T09:24:07+00:00","dateModified":"2024-03-25T16:10:47+00:00","breadcrumb":{"@id":"https:\/\/cukrowka.dev10.pro\/cs\/zasady-ochrany-osobnich-udaju\/#breadcrumb"},"inLanguage":"cs","potentialAction":[{"@type":"ReadAction","target":["https:\/\/cukrowka.dev10.pro\/cs\/zasady-ochrany-osobnich-udaju\/"]}]},{"@type":"BreadcrumbList","@id":"https:\/\/cukrowka.dev10.pro\/cs\/zasady-ochrany-osobnich-udaju\/#breadcrumb","itemListElement":[{"@type":"ListItem","position":1,"name":"Strona g\u0142\u00f3wna","item":"https:\/\/cukrowka.dev10.pro\/cs\/"},{"@type":"ListItem","position":2,"name":"Z\u00e1sady ochrany osobn\u00edch \u00fadaj\u016f"}]},{"@type":"WebSite","@id":"https:\/\/cukrowka.dev10.pro\/cs\/#website","url":"https:\/\/cukrowka.dev10.pro\/cs\/","name":"Wyj\u0105tkowe kr\u00f3wki z nadrukiem","description":"reklamowe oraz \u015blubne","publisher":{"@id":"https:\/\/cukrowka.dev10.pro\/cs\/#organization"},"potentialAction":[{"@type":"SearchAction","target":{"@type":"EntryPoint","urlTemplate":"https:\/\/cukrowka.dev10.pro\/cs\/?s={search_term_string}"},"query-input":{"@type":"PropertyValueSpecification","valueRequired":true,"valueName":"search_term_string"}}],"inLanguage":"cs"},{"@type":"Organization","@id":"https:\/\/cukrowka.dev10.pro\/cs\/#organization","name":"Wyj\u0105tkowe kr\u00f3wki z nadrukiem","url":"https:\/\/cukrowka.dev10.pro\/cs\/","logo":{"@type":"ImageObject","inLanguage":"cs","@id":"https:\/\/cukrowka.dev10.pro\/cs\/#\/schema\/logo\/image\/","url":"https:\/\/www.cukrowki.pl\/wp-content\/uploads\/2020\/02\/logo.png","contentUrl":"https:\/\/www.cukrowki.pl\/wp-content\/uploads\/2020\/02\/logo.png","width":220,"height":169,"caption":"Wyj\u0105tkowe kr\u00f3wki z nadrukiem"},"image":{"@id":"https:\/\/cukrowka.dev10.pro\/cs\/#\/schema\/logo\/image\/"}}]}},"_links":{"self":[{"href":"https:\/\/cukrowka.dev10.pro\/cs\/wp-json\/wp\/v2\/pages\/156223","targetHints":{"allow":["GET"]}}],"collection":[{"href":"https:\/\/cukrowka.dev10.pro\/cs\/wp-json\/wp\/v2\/pages"}],"about":[{"href":"https:\/\/cukrowka.dev10.pro\/cs\/wp-json\/wp\/v2\/types\/page"}],"author":[{"embeddable":true,"href":"https:\/\/cukrowka.dev10.pro\/cs\/wp-json\/wp\/v2\/users\/1"}],"replies":[{"embeddable":true,"href":"https:\/\/cukrowka.dev10.pro\/cs\/wp-json\/wp\/v2\/comments?post=156223"}],"version-history":[{"count":2,"href":"https:\/\/cukrowka.dev10.pro\/cs\/wp-json\/wp\/v2\/pages\/156223\/revisions"}],"predecessor-version":[{"id":156226,"href":"https:\/\/cukrowka.dev10.pro\/cs\/wp-json\/wp\/v2\/pages\/156223\/revisions\/156226"}],"wp:attachment":[{"href":"https:\/\/cukrowka.dev10.pro\/cs\/wp-json\/wp\/v2\/media?parent=156223"}],"curies":[{"name":"wp","href":"https:\/\/api.w.org\/{rel}","templated":true}]}}